{"id":692,"date":"2019-06-12T14:33:11","date_gmt":"2019-06-12T14:33:11","guid":{"rendered":"https:\/\/one.speedixa.com\/?page_id=692"},"modified":"2026-03-05T13:22:42","modified_gmt":"2026-03-05T13:22:42","slug":"container-transportation","status":"publish","type":"page","link":"https:\/\/one.speedixa.com\/pl\/services\/container-transportation\/","title":{"rendered":"Transport kontener\u00f3w"},"content":{"rendered":"<div class=\"wpb-content-wrapper\"><p>[vc_row full_width=&#8221;stretch_row_content_no_spaces&#8221; el_id=&#8221;intro&#8221; el_class=&#8221;row-with-image-col right-image-bg standart-cargo cargo-services-intro&#8221;][vc_column el_class=&#8221;about-us-col about-us-col-float&#8221; offset=&#8221;vc_col-lg-6 vc_col-md-12 vc_col-xs-12&#8243;][vc_custom_heading text=&#8221;Transport kontener\u00f3w&#8221; font_container=&#8221;tag:h4|text_align:left&#8221; use_theme_fonts=&#8221;yes&#8221; el_class=&#8221;block-title block-left-title&#8221;][vc_column_text el_class=&#8221;about-us-text&#8221;]Nasza firma prowadzi transport kontener\u00f3w na terenie ca\u0142ej europy. Na dzie\u0144 dzisiejszy kontenerowcy s\u0105 do\u015b\u0107 potrzebni, poniewa\u017c maj\u0105 swoje niezaprzeczalne zalety. Nic dziwnego, \u017ce kontenery s\u0105 g\u0142\u00f3wn\u0105 jednostk\u0105 transportow\u0105 transportu multimodalnego.<\/p>\n<p>Jeste\u015bmy gotowi odebra\u0107 kontener z portu, dworca kolejowego i dostarczy\u0107 go do miejsca przeznaczenia lub odwrotnie. Gwarantujemy wysoki poziom bezpiecze\u0144stwa i szybko\u015bci dostawy \u0142adunku.<br \/>\n[\/vc_column_text][vc_btn title=&#8221;Zam\u00f3w us\u0142ug\u0119&#8221; color=&#8221;default&#8221; align=&#8221;center&#8221; el_class=&#8221;main-button blue-button order-service-btn&#8221; link=&#8221;url:%23|||&#8221;][\/vc_column][vc_column el_class=&#8221;col-with-background col-with-background-cover&#8221; offset=&#8221;vc_col-lg-6 vc_col-md-12 vc_col-xs-12&#8243; css=&#8221;.vc_custom_1565363653571{background-image: url(https:\/\/one.speedixa.com\/wp-content\/uploads\/2019\/08\/Conteiner-load.jpg?id=1951) !important;}&#8221;][vc_single_image image=&#8221;2576&#8243; img_size=&#8221;full&#8221; el_class=&#8221;intro-photo&#8221;][\/vc_column][\/vc_row][vc_row full_width=&#8221;stretch_row_content_no_spaces&#8221; el_id=&#8221;cargo-kinds&#8221; el_class=&#8221;cargo-kinds_row&#8221;][vc_column el_class=&#8221;left-blue-col angle-arrows-col&#8221; css=&#8221;.vc_custom_1560954343861{background-color: #FF1100 !important;}&#8221; offset=&#8221;vc_col-lg-6 vc_col-md-12 vc_col-xs-12&#8243;][vc_custom_heading text=&#8221;Rodzaje \u0142adunk\u00f3w&#8221; font_container=&#8221;tag:h4|text_align:left&#8221; use_theme_fonts=&#8221;yes&#8221; el_class=&#8221;block-title block-left-title&#8221;][vc_column_text el_class=&#8221;cargo-kinds_list&#8221;]<\/p>\n<ul>\n<li><em><img decoding=\"async\" src=\"\/wp-content\/uploads\/2019\/04\/09-icon-container.png\" alt=\"\" \/><\/em>materia\u0142y luzem bez opakowania<\/li>\n<li><em><img decoding=\"async\" src=\"\/wp-content\/uploads\/2019\/04\/09-icon-container.png\" alt=\"\" \/><\/em>materia\u0142y budowlane<\/li>\n<li><em><img decoding=\"async\" src=\"\/wp-content\/uploads\/2019\/04\/09-icon-container.png\" alt=\"\" \/><\/em>urz\u0105dzenia przemys\u0142owe<\/li>\n<li><em><img decoding=\"async\" src=\"\/wp-content\/uploads\/2019\/04\/09-icon-container.png\" alt=\"\" \/><\/em>meble i urz\u0105dzenia<\/li>\n<\/ul>\n<p>[\/vc_column_text][\/vc_column][vc_column el_class=&#8221;right-grey-col&#8221; css=&#8221;.vc_custom_1560954356885{background-color: #f2f2f2 !important;}&#8221; offset=&#8221;vc_col-lg-6 vc_col-md-12 vc_col-xs-12&#8243;][vc_custom_heading text=&#8221;G\u0142\u00f3wni klienci&#8221; font_container=&#8221;tag:h4|text_align:left&#8221; use_theme_fonts=&#8221;yes&#8221; el_class=&#8221;block-title block-left-title&#8221;][vc_column_text el_class=&#8221;cargo-kinds_klients&#8221;]<\/p>\n<ul>\n<li><em><img decoding=\"async\" src=\"\/wp-content\/uploads\/2019\/06\/68-list-marker.png\" alt=\"\" \/><\/em>handlowe firmy hurtowe<\/li>\n<li><em><img decoding=\"async\" src=\"\/wp-content\/uploads\/2019\/06\/68-list-marker.png\" alt=\"\" \/><\/em>producenci \u017cywno\u015bci<\/li>\n<li><em><img decoding=\"async\" src=\"\/wp-content\/uploads\/2019\/06\/68-list-marker.png\" alt=\"\" \/><\/em>sieci handlowe (handel detaliczny)<\/li>\n<\/ul>\n<p>[\/vc_column_text][\/vc_column][\/vc_row][vc_row full_width=&#8221;stretch_row&#8221; el_id=&#8221;avto-park&#8221; el_class=&#8221;cargo-services_avtopark&#8221;][vc_column][vc_custom_heading text=&#8221;Tabor mobilny&#8221; font_container=&#8221;tag:h4|text_align:left&#8221; use_theme_fonts=&#8221;yes&#8221; el_class=&#8221;block-title block-left-title&#8221;][vc_column_text el_class=&#8221;about-us-text&#8221;]Dysponujemy taborem mobilnym z platformami kontenerowymi do transportu 20-stopowych i 40-stopowych kontener\u00f3w.[\/vc_column_text][vc_tour][vc_tab tab_id=&#8221;1555942191825-2-489c7-2a02e103-5004&#8243; title=&#8221;3&#8243;][vc_row_inner][vc_column_inner][vc_single_image image=&#8221;6001&#8243; img_size=&#8221;full&#8221; el_class=&#8221;categories&#8221; label=&#8221;&#8221;]<div class=\"porto-u-heading category-title  wpb_custom_95aa9a11c17ad45cfabaf210d84ee7cc porto-u-ad87e2eaf3f9c495180fe0156ddf3eb0 \"><div class=\"porto-u-main-heading\"><h6  >Platforma otwarta<\/h6><\/div><div class=\"porto-u-sub-heading\" style=\"\">(kontenerowiec)<\/div><style>.porto-u-ad87e2eaf3f9c495180fe0156ddf3eb0.porto-u-heading{text-align:left}<\/style><\/div>[vc_column_text el_class=&#8221;park-info-box&#8221;]<\/p>\n<ul>\n<li><span class=\"property\">D\u0142ugo\u015b\u0107 wewn\u0119trzna: <\/span>12,6 m<\/li>\n<li><span class=\"property\">Szeroko\u015b\u0107 wewn\u0119trzna: <\/span>2,5 m<\/li>\n<li><span class=\"property\">\u0141adowno\u015b\u0107: <\/span>25 ton<\/li>\n<\/ul>\n<p>[\/vc_column_text][\/vc_column_inner][\/vc_row_inner][\/vc_tab][\/vc_tour][\/vc_column][\/vc_row][vc_row full_width=&#8221;stretch_row&#8221; el_id=&#8221;order&#8221; el_class=&#8221;services-order-row cargo-services-order main-order-arrow&#8221;][vc_column width=&#8221;1\/2&#8243; el_class=&#8221;content-col&#8221;][vc_custom_heading text=&#8221;Masz pytania<br \/>\nlub chcesz<br \/>\nzam\u00f3wi\u0107 us\u0142ug\u0119?&#8221; use_theme_fonts=&#8221;yes&#8221; el_class=&#8221;order-title&#8221;][\/vc_column][vc_column width=&#8221;1\/2&#8243; el_class=&#8221;call-info-col&#8221;][vc_custom_heading text=&#8221;Zadzwo\u0144 do nas ju\u017c teraz&#8221; font_container=&#8221;tag:h6|text_align:center&#8221; use_theme_fonts=&#8221;yes&#8221;][vc_column_text el_class=&#8221;call-link&#8221;]<a href=\"tel:+48+34+311+12+50\" target=\"_blank\" rel=\"noopener\">+48 34 311 12 50<\/a>[\/vc_column_text][vc_btn title=&#8221;Pozostawi\u0107 zg\u0142oszenie&#8221; color=&#8221;default&#8221; align=&#8221;center&#8221; el_class=&#8221;main-button blue-button order-service-btn&#8221; link=&#8221;url:%23|||&#8221;][\/vc_column][\/vc_row]<\/p>\n<\/div>","protected":false},"excerpt":{"rendered":"<p>[vc_row full_width=&#8221;stretch_row_content_no_spaces&#8221; el_id=&#8221;intro&#8221; el_class=&#8221;row-with-image-col right-image-bg standart-cargo cargo-services-intro&#8221;][vc_column el_class=&#8221;about-us-col about-us-col-float&#8221; offset=&#8221;vc_col-lg-6 vc_col-md-12 vc_col-xs-12&#8243;][vc_custom_heading text=&#8221;Transport kontener\u00f3w&#8221; font_container=&#8221;tag:h4|text_align:left&#8221; use_theme_fonts=&#8221;yes&#8221; el_class=&#8221;block-title block-left-title&#8221;][vc_column_text el_class=&#8221;about-us-text&#8221;]Nasza firma prowadzi transport kontener\u00f3w na terenie ca\u0142ej europy. Na dzie\u0144 dzisiejszy kontenerowcy s\u0105 do\u015b\u0107 potrzebni, poniewa\u017c maj\u0105 swoje niezaprzeczalne zalety. Nic dziwnego, \u017ce kontenery s\u0105 g\u0142\u00f3wn\u0105 jednostk\u0105 transportow\u0105 transportu multimodalnego. Jeste\u015bmy gotowi odebra\u0107 kontener z portu, [&hellip;]<\/p>\n","protected":false},"author":5,"featured_media":2576,"parent":27,"menu_order":28,"comment_status":"closed","ping_status":"closed","template":"","meta":{"footnotes":""},"class_list":["post-692","page","type-page","status-publish","has-post-thumbnail","hentry"],"aioseo_notices":[],"_links":{"self":[{"href":"https:\/\/one.speedixa.com\/pl\/wp-json\/wp\/v2\/pages\/692","targetHints":{"allow":["GET"]}}],"collection":[{"href":"https:\/\/one.speedixa.com\/pl\/wp-json\/wp\/v2\/pages"}],"about":[{"href":"https:\/\/one.speedixa.com\/pl\/wp-json\/wp\/v2\/types\/page"}],"author":[{"embeddable":true,"href":"https:\/\/one.speedixa.com\/pl\/wp-json\/wp\/v2\/users\/5"}],"replies":[{"embeddable":true,"href":"https:\/\/one.speedixa.com\/pl\/wp-json\/wp\/v2\/comments?post=692"}],"version-history":[{"count":1,"href":"https:\/\/one.speedixa.com\/pl\/wp-json\/wp\/v2\/pages\/692\/revisions"}],"predecessor-version":[{"id":15899,"href":"https:\/\/one.speedixa.com\/pl\/wp-json\/wp\/v2\/pages\/692\/revisions\/15899"}],"up":[{"embeddable":true,"href":"https:\/\/one.speedixa.com\/pl\/wp-json\/wp\/v2\/pages\/27"}],"wp:featuredmedia":[{"embeddable":true,"href":"https:\/\/one.speedixa.com\/pl\/wp-json\/wp\/v2\/media\/2576"}],"wp:attachment":[{"href":"https:\/\/one.speedixa.com\/pl\/wp-json\/wp\/v2\/media?parent=692"}],"curies":[{"name":"wp","href":"https:\/\/api.w.org\/{rel}","templated":true}]}}