{"id":676,"date":"2019-06-12T13:54:10","date_gmt":"2019-06-12T13:54:10","guid":{"rendered":"https:\/\/one.speedixa.com\/?page_id=676"},"modified":"2026-03-05T13:22:42","modified_gmt":"2026-03-05T13:22:42","slug":"refrigerated-transportation","status":"publish","type":"page","link":"https:\/\/one.speedixa.com\/pl\/services\/refrigerated-transportation\/","title":{"rendered":"Transport ch\u0142odniczy"},"content":{"rendered":"<div class=\"wpb-content-wrapper\"><p>[vc_row full_width=&#8221;stretch_row_content_no_spaces&#8221; el_id=&#8221;intro&#8221; el_class=&#8221;row-with-image-col right-image-bg standart-cargo cargo-services-intro&#8221;][vc_column el_class=&#8221;about-us-col about-us-col-float&#8221; offset=&#8221;vc_col-lg-6 vc_col-md-12 vc_col-xs-12&#8243;][vc_custom_heading text=&#8221;Transport ch\u0142odniczy&#8221; font_container=&#8221;tag:h4|text_align:left&#8221; use_theme_fonts=&#8221;yes&#8221; el_class=&#8221;block-title block-left-title&#8221;][vc_column_text el_class=&#8221;about-us-text&#8221;]Jeste\u015bmy w stanie pprzetransportowa\u0107 prawie ka\u017cdy \u0142adunek wra\u017cliwy na temperatur\u0119 ddo dowolnego miejsca w europie. Jako klient, mo\u017cesz by\u0107 spokojny, wiedz\u0105c, \u017ce tw\u00f3j towar pozostanie w odpowiednim dla ciebie trybie temperaturowym od momentu za\u0142adowania, a\u017c do momentu, w kt\u00f3rym zostanie roz\u0142adowany w miejscu docelowym.<\/p>\n<p>Rozumiemy znaczenie wra\u017cliwych do czasu, \u0142atwo psuj\u0105cych si\u0119 produkt\u00f3w. Nasi klienci nie mog\u0105 sobie pozwoli\u0107 na przestoje. Rozumiemy to i pracujemy 24 godziny na dob\u0119, 365 dni w roku.<\/p>\n<p>Przewozy realizowane transportem wyposa\u017conym w izotermiczne komory \u0142adunkowe i agregaty ch\u0142odnicze.<\/p>\n<p>Tryby temperaturowe od &#8211; 20 \u00b0 c do + 25 \u00b0 c.<br \/>\n[\/vc_column_text][vc_btn title=&#8221;Zam\u00f3w us\u0142ug\u0119&#8221; color=&#8221;default&#8221; align=&#8221;center&#8221; el_class=&#8221;main-button blue-button order-service-btn&#8221; link=&#8221;url:%23|||&#8221;][\/vc_column][vc_column el_class=&#8221;col-with-background col-with-background-cover&#8221; offset=&#8221;vc_col-lg-6 vc_col-md-12 vc_col-xs-12&#8243; css=&#8221;.vc_custom_1572516827995{background-image: url(https:\/\/one.speedixa.com\/wp-content\/uploads\/2019\/10\/cool-trailer-magistral.jpg?id=2562) !important;}&#8221;][vc_single_image image=&#8221;2562&#8243; img_size=&#8221;full&#8221; el_class=&#8221;intro-photo&#8221;][\/vc_column][\/vc_row][vc_row full_width=&#8221;stretch_row_content_no_spaces&#8221; el_id=&#8221;cargo-kinds&#8221; el_class=&#8221;cargo-kinds_row&#8221;][vc_column el_class=&#8221;left-blue-col angle-arrows-col&#8221; css=&#8221;.vc_custom_1561362466354{background-color: #FF1100 !important;}&#8221; offset=&#8221;vc_col-lg-6 vc_col-md-12 vc_col-xs-12&#8243;][vc_custom_heading text=&#8221;Rodzaje \u0142adunk\u00f3w&#8221; font_container=&#8221;tag:h4|text_align:left&#8221; use_theme_fonts=&#8221;yes&#8221; el_class=&#8221;block-title block-left-title&#8221;][vc_column_text el_class=&#8221;cargo-kinds_list&#8221;]<\/p>\n<ul>\n<li><em><img decoding=\"async\" src=\"\/wp-content\/uploads\/2019\/04\/07-icon-temperature.png\" alt=\"\" \/><\/em>kwiaty i ro\u015bliny \u017cywe<\/li>\n<li><em><img decoding=\"async\" src=\"\/wp-content\/uploads\/2019\/04\/07-icon-temperature.png\" alt=\"\" \/><\/em>kosmetyki<\/li>\n<li><em><img decoding=\"async\" src=\"\/wp-content\/uploads\/2019\/04\/07-icon-temperature.png\" alt=\"\" \/><\/em>leki medyczne i weterynaryjne<\/li>\n<li><em><img decoding=\"async\" src=\"\/wp-content\/uploads\/2019\/04\/07-icon-temperature.png\" alt=\"\" \/><\/em>niekt\u00f3re substancje chemiczne<\/li>\n<\/ul>\n<p>[\/vc_column_text][\/vc_column][vc_column el_class=&#8221;right-grey-col&#8221; css=&#8221;.vc_custom_1561362477021{background-color: #f2f2f2 !important;}&#8221; offset=&#8221;vc_col-lg-6 vc_col-md-12 vc_col-xs-12&#8243;][vc_custom_heading text=&#8221;G\u0142\u00f3wni klienci&#8221; font_container=&#8221;tag:h4|text_align:left&#8221; use_theme_fonts=&#8221;yes&#8221; el_class=&#8221;block-title block-left-title&#8221;][vc_column_text el_class=&#8221;cargo-kinds_klients&#8221;]<\/p>\n<ul>\n<li><em><img decoding=\"async\" src=\"\/wp-content\/uploads\/2019\/06\/68-list-marker.png\" alt=\"\" \/><\/em>handlowe firmy hurtowe<\/li>\n<li><em><img decoding=\"async\" src=\"\/wp-content\/uploads\/2019\/06\/68-list-marker.png\" alt=\"\" \/><\/em>producenci \u017cywno\u015bci<\/li>\n<li><em><img decoding=\"async\" src=\"\/wp-content\/uploads\/2019\/06\/68-list-marker.png\" alt=\"\" \/><\/em>sieci handlowe (handel detaliczny)<\/li>\n<\/ul>\n<p>[\/vc_column_text][\/vc_column][\/vc_row][vc_row full_width=&#8221;stretch_row&#8221; el_id=&#8221;avto-park&#8221; el_class=&#8221;cargo-services_avtopark cargo-services_avtopark__reefer&#8221;][vc_column][vc_custom_heading text=&#8221;Tabor mobilny&#8221; font_container=&#8221;tag:h4|text_align:left&#8221; use_theme_fonts=&#8221;yes&#8221; el_class=&#8221;block-title block-left-title&#8221;][vc_column_text el_class=&#8221;about-us-text&#8221;]Naczepy s\u0105 wyposa\u017cone w izotermiczne komory \u0142adunkowe i agregaty ch\u0142odnicze, kt\u00f3re pozwalaj\u0105 utrzyma\u0107 okre\u015blon\u0105 temperatur\u0119 wewn\u0105trz od -20\u00b0c do +25\u00b0c na ca\u0142ej trasie, niezale\u017cnie od temperatury zewn\u0119trznej.[\/vc_column_text][vc_tour][vc_tab tab_id=&#8221;1555942189849-1-289c7-2a026687-e048&#8243; title=&#8221;2&#8243;][vc_row_inner][vc_column_inner][vc_single_image image=&#8221;6000&#8243; img_size=&#8221;full&#8221; el_class=&#8221;categories&#8221; label=&#8221;&#8221;]<div class=\"porto-u-heading category-title  wpb_custom_95aa9a11c17ad45cfabaf210d84ee7cc porto-u-ad87e2eaf3f9c495180fe0156ddf3eb0 \"><div class=\"porto-u-main-heading\"><h6  >Naczepy ch\u0142odnicze<\/h6><\/div><div class=\"porto-u-sub-heading\" style=\"\">86 m<sup>3<\/sup><\/div><style>.porto-u-ad87e2eaf3f9c495180fe0156ddf3eb0.porto-u-heading{text-align:left}<\/style><\/div>[vc_column_text el_class=&#8221;park-info-box&#8221;]<\/p>\n<ul>\n<li><span class=\"property\">D\u0142ugo\u015b\u0107 wewn\u0119trzna: <\/span>13,6 m<\/li>\n<li><span class=\"property\">Szeroko\u015b\u0107 wewn\u0119trzna: <\/span>2,45 m<\/li>\n<li><span class=\"property\">Wysoko\u015b\u0107 wewn\u0119trzna: <\/span>2,60 m<\/li>\n<li><span class=\"property\">\u0141adowno\u015b\u0107: <\/span>20-22 tony<\/li>\n<li><span class=\"property\">Rodzaje za\u0142adowania: <\/span>tylko tylna<\/li>\n<\/ul>\n<p>[\/vc_column_text][\/vc_column_inner][\/vc_row_inner][\/vc_tab][\/vc_tour][\/vc_column][\/vc_row][vc_row full_width=&#8221;stretch_row&#8221; el_id=&#8221;order&#8221; el_class=&#8221;services-order-row cargo-services-order main-order-arrow&#8221;][vc_column width=&#8221;1\/2&#8243; el_class=&#8221;content-col&#8221;][vc_custom_heading text=&#8221;Masz pytania<br \/>\nlub chcesz<br \/>\nzam\u00f3wi\u0107 us\u0142ug\u0119?&#8221; use_theme_fonts=&#8221;yes&#8221; el_class=&#8221;order-title&#8221;][\/vc_column][vc_column width=&#8221;1\/2&#8243; el_class=&#8221;call-info-col&#8221;][vc_custom_heading text=&#8221;Zadzwo\u0144 do nas ju\u017c teraz&#8221; font_container=&#8221;tag:h6|text_align:center&#8221; use_theme_fonts=&#8221;yes&#8221;][vc_column_text el_class=&#8221;call-link&#8221;]<a href=\"tel:+48+34+311+12+50\" target=\"_blank\" rel=\"noopener\">+48 34 311 12 50<\/a>[\/vc_column_text][vc_btn title=&#8221;Pozostawi\u0107 zg\u0142oszenie&#8221; color=&#8221;default&#8221; align=&#8221;center&#8221; el_class=&#8221;main-button blue-button order-service-btn&#8221; link=&#8221;url:%23|||&#8221;][\/vc_column][\/vc_row]<\/p>\n<\/div>","protected":false},"excerpt":{"rendered":"<p>[vc_row full_width=&#8221;stretch_row_content_no_spaces&#8221; el_id=&#8221;intro&#8221; el_class=&#8221;row-with-image-col right-image-bg standart-cargo cargo-services-intro&#8221;][vc_column el_class=&#8221;about-us-col about-us-col-float&#8221; offset=&#8221;vc_col-lg-6 vc_col-md-12 vc_col-xs-12&#8243;][vc_custom_heading text=&#8221;Transport ch\u0142odniczy&#8221; font_container=&#8221;tag:h4|text_align:left&#8221; use_theme_fonts=&#8221;yes&#8221; el_class=&#8221;block-title block-left-title&#8221;][vc_column_text el_class=&#8221;about-us-text&#8221;]Jeste\u015bmy w stanie pprzetransportowa\u0107 prawie ka\u017cdy \u0142adunek wra\u017cliwy na temperatur\u0119 ddo dowolnego miejsca w europie. Jako klient, mo\u017cesz by\u0107 spokojny, wiedz\u0105c, \u017ce tw\u00f3j towar pozostanie w odpowiednim dla ciebie trybie temperaturowym od momentu za\u0142adowania, a\u017c do momentu, [&hellip;]<\/p>\n","protected":false},"author":5,"featured_media":2562,"parent":27,"menu_order":19,"comment_status":"closed","ping_status":"closed","template":"","meta":{"footnotes":""},"class_list":["post-676","page","type-page","status-publish","has-post-thumbnail","hentry"],"aioseo_notices":[],"_links":{"self":[{"href":"https:\/\/one.speedixa.com\/pl\/wp-json\/wp\/v2\/pages\/676","targetHints":{"allow":["GET"]}}],"collection":[{"href":"https:\/\/one.speedixa.com\/pl\/wp-json\/wp\/v2\/pages"}],"about":[{"href":"https:\/\/one.speedixa.com\/pl\/wp-json\/wp\/v2\/types\/page"}],"author":[{"embeddable":true,"href":"https:\/\/one.speedixa.com\/pl\/wp-json\/wp\/v2\/users\/5"}],"replies":[{"embeddable":true,"href":"https:\/\/one.speedixa.com\/pl\/wp-json\/wp\/v2\/comments?post=676"}],"version-history":[{"count":1,"href":"https:\/\/one.speedixa.com\/pl\/wp-json\/wp\/v2\/pages\/676\/revisions"}],"predecessor-version":[{"id":15897,"href":"https:\/\/one.speedixa.com\/pl\/wp-json\/wp\/v2\/pages\/676\/revisions\/15897"}],"up":[{"embeddable":true,"href":"https:\/\/one.speedixa.com\/pl\/wp-json\/wp\/v2\/pages\/27"}],"wp:featuredmedia":[{"embeddable":true,"href":"https:\/\/one.speedixa.com\/pl\/wp-json\/wp\/v2\/media\/2562"}],"wp:attachment":[{"href":"https:\/\/one.speedixa.com\/pl\/wp-json\/wp\/v2\/media?parent=676"}],"curies":[{"name":"wp","href":"https:\/\/api.w.org\/{rel}","templated":true}]}}