{"id":6047,"date":"2022-07-27T11:56:52","date_gmt":"2022-07-27T11:56:52","guid":{"rendered":"https:\/\/one.speedixa.com\/?page_id=6047"},"modified":"2026-03-05T13:22:42","modified_gmt":"2026-03-05T13:22:42","slug":"railway-transport","status":"publish","type":"page","link":"https:\/\/one.speedixa.com\/pl\/services\/railway-transport\/","title":{"rendered":"Transport kolejowy"},"content":{"rendered":"<div class=\"wpb-content-wrapper\"><p>[vc_row full_width=&#8221;stretch_row_content_no_spaces&#8221; el_id=&#8221;drivers&#8221; el_class=&#8221;drivers-career-page right-image-bg&#8221; css=&#8221;.vc_custom_1659006790361{background-image: url(https:\/\/one.speedixa.com\/wp-content\/uploads\/2022\/07\/2121-scaled.jpg?id=6049) !important;}&#8221;][vc_column width=&#8221;1\/2&#8243; el_class=&#8221;to-drivers-text about-us-col right-image-bg_left-text col-pseudo-el&#8221; offset=&#8221;vc_col-lg-6 vc_col-md-12 vc_col-xs-12&#8243; css=&#8221;.vc_custom_1561969566032{background-color: #FF1100 !important;}&#8221;]<div class=\"porto-u-heading block-title block-left-title block-title_light-pseudo  wpb_custom_95aa9a11c17ad45cfabaf210d84ee7cc porto-u-ad87e2eaf3f9c495180fe0156ddf3eb0 \"><div class=\"porto-u-main-heading\"><h1   style=\"font-weight:400;color:#ffffff;font-size:32px;line-height:normal;\">Transport kolejowy<\/h1><\/div><style>.porto-u-ad87e2eaf3f9c495180fe0156ddf3eb0.porto-u-heading{text-align:left}<\/style><\/div>[vc_column_text el_class=&#8221;hr-tel call-link&#8221;]<a class=\"call-us\" href=\"tel:+48608558009\">+48 608 558 009<\/a>[\/vc_column_text][vc_btn title=&#8221;Wy\u015blij aplikacj\u0119 ju\u017c teraz&#8221; color=&#8221;default&#8221; align=&#8221;center&#8221; el_class=&#8221;main-button blue-button order-service-btn&#8221; link=&#8221;url:%23|||&#8221; el_id=&#8221;resume&#8221;][\/vc_column][vc_column width=&#8221;1\/2&#8243; el_class=&#8221;drive-img-col&#8221; offset=&#8221;vc_col-lg-6 vc_col-md-12 vc_col-xs-12&#8243; css=&#8221;.vc_custom_1658931279261{background-position: center !important;background-repeat: no-repeat !important;background-size: cover !important;}&#8221;][vc_single_image image=&#8221;6049&#8243; img_size=&#8221;full&#8221; alignment=&#8221;right&#8221; el_class=&#8221;drive-img&#8221;][\/vc_column][\/vc_row][vc_row full_width=&#8221;stretch_row&#8221; el_id=&#8221;avto-park&#8221; el_class=&#8221;car-park_tour-row bottom-arrows&#8221;][vc_column width=&#8221;5\/6&#8243;][vc_column_text css=&#8221;.vc_custom_1671550553155{padding-left: 0px !important;}&#8221;]<img decoding=\"async\" class=\"alignnone size-medium wp-image-6060\" style=\"max-width: 100%; height: auto; float: right;\" src=\"https:\/\/one.speedixa.com\/wp-content\/uploads\/2022\/08\/one2-300x143.png\" alt=\"\" width=\"300\" height=\"143\" \/>Jedna inicjatywa rz\u0105du Chin &#8211; One Belt\u201d zwi\u0119kszy\u0142o popularno\u015b\u0107 tego \u015brodka transportu. \u0141adunki, kt\u00f3re wcze\u015bniej by\u0142y dostarczane drog\u0105 morsk\u0105 lub powietrzn\u0105, mo\u017cna teraz op\u0142acalnie dostarcza\u0107 do Europy kolej\u0105.[\/vc_column_text][vc_column_text css=&#8221;.vc_custom_1671550566740{padding-left: 0px !important;}&#8221;]Transport kolejowy ma przewag\u0119 konkurencyjn\u0105 w kr\u00f3tszym czasie dostawy, \u015brednio 10-20 dni, w por\u00f3wnaniu z transportem morskim. Prowadzi to do szybszego obrotu i zwrotu z inwestycji w produkty. Ponadto transport kolejowy minimalizuje wp\u0142yw czynnika ludzkiego, warunk\u00f3w pogodowych i terminowo\u015bci dostaw. Dzi\u0119ki temu mo\u017cesz dok\u0142adniej zaplanowa\u0107 dok\u0142adny czas dostawy swojego towaru.[\/vc_column_text][vc_column_text css=&#8221;.vc_custom_1671550590200{padding-left: 0px !important;}&#8221;]&#8221;Speedixa&#8221; oferuje kompleksowe <a href=\"\/uslugi\/\">us\u0142ugi<\/a> przewoz\u00f3w kolejowych Nowym Jedwabnym Szlakiem na bezpo\u015bredniej trasie Chiny &#8211; Polska (Ma\u0142aszewicze i Warszawa) oraz Niemcy (Duisburg i Hamburg). Oferujemy odbi\u00f3r i dostaw\u0119 towar\u00f3w z g\u0142\u00f3wnych o\u015brodk\u00f3w przemys\u0142owych w Chinach, takich jak Szanghaj, Pekin, Guangzhou, Shenzhen, Tianjin, Dongguan, Hangzhou, Harbin, Chengdu, Chongqing, Nanjing, Suzhou, Zhengzhou, Jinan, Wuhan, Changchun, Xian, Shenyang, Hefei, Xiamen, Taiyuan i Changsha.[\/vc_column_text][vc_column_text css=&#8221;.vc_custom_1671550603648{padding-left: 0px !important;}&#8221;]Dzi\u0119ki temu, \u017ce transport kolejowy jest prawie dwa razy szybszy ni\u017c wysy\u0142ka <a href=\"https:\/\/one.speedixa.com\/en\/uslugi\/sea-cargo-transportation\/\">drog\u0105 morsk\u0105<\/a>, mo\u017cesz planowanie dostaw jest znacznie \u0142atwiejsze, oszcz\u0119dzaj\u0105c czas i pieni\u0105dze.[\/vc_column_text][\/vc_column][vc_column width=&#8221;1\/6&#8243;][\/vc_column][\/vc_row][vc_row full_width=&#8221;stretch_row_content_no_spaces&#8221; el_id=&#8221;cargo-kinds&#8221; el_class=&#8221;cargo-kinds_row&#8221; css=&#8221;.vc_custom_1660306264675{margin-top: 50px !important;margin-bottom: 50px !important;}&#8221;][vc_column el_class=&#8221;left-blue-col angle-arrows-col&#8221; css=&#8221;.vc_custom_1561362838122{background-color: #FF1100 !important;}&#8221; offset=&#8221;vc_col-lg-6 vc_col-md-12 vc_col-xs-12&#8243;][vc_custom_heading text=&#8221;Rodzaje \u0142adunk\u00f3w&#8221; font_container=&#8221;tag:h4|text_align:left&#8221; use_theme_fonts=&#8221;yes&#8221; el_class=&#8221;block-title block-left-title&#8221;][vc_raw_html el_class=&#8221;cargo-kinds_list&#8221;]JTNDdWwlM0UlMEElMjAlMjAlM0NsaSUzRSUzQ2VtJTNFJTNDaW1nJTIwc3JjJTNEJTIyJTJGd3AtY29udGVudCUyRnVwbG9hZHMlMkYyMDIyJTJGMTElMkZ0ZXh0aWxlLnBuZyUyMiUyMGFsdCUzRCUyMiUyMiUyMCUyRiUzRSUzQyUyRmVtJTNFVGthbmluYSUzQyUyRmxpJTNFJTBBJTIwJTIwJTNDbGklM0UlM0NlbSUzRSUzQ2ltZyUyMHNyYyUzRCUyMiUyRndwLWNvbnRlbnQlMkZ1cGxvYWRzJTJGMjAyMiUyRjA4JTJGaWNvbi00LnN2ZyUyMiUyMGFsdCUzRCUyMiUyMiUyMCUyRiUzRSUzQyUyRmVtJTNFQ3olQzQlOTklQzUlOUJjaSUyMHNhbW9jaG9kb3dlJTNDJTJGbGklM0UlMEElMjAlMjAlM0NsaSUzRSUzQ2VtJTNFJTNDaW1nJTIwc3JjJTNEJTIyJTJGd3AtY29udGVudCUyRnVwbG9hZHMlMkYyMDIyJTJGMDglMkZpY29uLTUuc3ZnJTIyJTIwYWx0JTNEJTIyJTIyJTIwJTJGJTNFJTNDJTJGZW0lM0VXeXBvc2ElQzUlQkNlbmllJTIwd3lzdGF3aWVubmljemUlM0MlMkZsaSUzRSUwQSUyMCUyMCUzQ2xpJTNFJTNDZW0lM0UlM0NpbWclMjBzcmMlM0QlMjIlMkZ3cC1jb250ZW50JTJGdXBsb2FkcyUyRjIwMjIlMkYwOCUyRmljb24tMy5zdmclMjIlMjBhbHQlM0QlMjIlMjIlMjAlMkYlM0UlM0MlMkZlbSUzRVNwcnolQzQlOTl0JTIwQUdEJTNDJTJGbGklM0UlMEElM0MlMkZ1bCUzRQ==[\/vc_raw_html][\/vc_column][vc_column el_class=&#8221;right-grey-col&#8221; css=&#8221;.vc_custom_1561362849878{background-color: #f2f2f2 !important;}&#8221; offset=&#8221;vc_col-lg-6 vc_col-md-12 vc_col-xs-12&#8243;][vc_custom_heading text=&#8221;G\u0142\u00f3wni klienci&#8221; font_container=&#8221;tag:h4|text_align:left&#8221; use_theme_fonts=&#8221;yes&#8221; el_class=&#8221;block-title block-left-title&#8221;][vc_column_text el_class=&#8221;cargo-kinds_klients&#8221;]<\/p>\n<ul>\n<li><em><img decoding=\"async\" src=\"\/wp-content\/uploads\/2019\/06\/68-list-marker.png\" alt=\"\" \/><\/em>Handel hurtowy<\/li>\n<li><em><img decoding=\"async\" src=\"\/wp-content\/uploads\/2019\/06\/68-list-marker.png\" alt=\"\" \/><\/em>Producenci<\/li>\n<li><em><img decoding=\"async\" src=\"\/wp-content\/uploads\/2019\/06\/68-list-marker.png\" alt=\"\" \/><\/em>Sieci handlowe<\/li>\n<li><em><img decoding=\"async\" src=\"\/wp-content\/uploads\/2019\/06\/68-list-marker.png\" alt=\"\" \/><\/em>Sklepy<\/li>\n<\/ul>\n<p>[\/vc_column_text][\/vc_column][\/vc_row][vc_row full_width=&#8221;stretch_row&#8221; el_id=&#8221;order&#8221; el_class=&#8221;career-order_row main-order-arrow&#8221;][vc_column width=&#8221;1\/2&#8243; el_class=&#8221;content-col content-col__career&#8221;][vc_custom_heading text=&#8221;Nasze rozwi\u0105zania transportowe indywidualnie<br \/>\nzaprojektowane z my\u015bl\u0105 o Pa\u0144stwa potrzebach&#8221; use_theme_fonts=&#8221;yes&#8221; el_class=&#8221;order-title career__order-title&#8221;][\/vc_column][vc_column width=&#8221;1\/2&#8243; el_class=&#8221;call-info-col order__link-col&#8221;][vc_custom_heading text=&#8221;W sprawach dotycz\u0105cych transportu kolejowego&#8221; font_container=&#8221;tag:h6|text_align:left&#8221; use_theme_fonts=&#8221;yes&#8221;][vc_column_text el_class=&#8221;call-link&#8221;]<a class=\"call-us\" href=\"tel:+48608558009\">+48 608 558 009<\/a>[\/vc_column_text][vc_column_text el_class=&#8221;mail-link&#8221;]<a href=\"mailto:info@one.speedixa.com\">info@one.speedixa.com<\/a>[\/vc_column_text][vc_btn title=&#8221;Z\u0142o\u017cy\u0107 wniosek&#8221; color=&#8221;default&#8221; align=&#8221;center&#8221; el_class=&#8221;main-button blue-button order-service-btn&#8221; link=&#8221;url:%23|||&#8221;][\/vc_column][\/vc_row]<\/p>\n<\/div>","protected":false},"excerpt":{"rendered":"<p>[vc_row full_width=&#8221;stretch_row_content_no_spaces&#8221; el_id=&#8221;drivers&#8221; el_class=&#8221;drivers-career-page right-image-bg&#8221; css=&#8221;.vc_custom_1659006790361{background-image: url(https:\/\/one.speedixa.com\/wp-content\/uploads\/2022\/07\/2121-scaled.jpg?id=6049) !important;}&#8221;][vc_column width=&#8221;1\/2&#8243; el_class=&#8221;to-drivers-text about-us-col right-image-bg_left-text col-pseudo-el&#8221; offset=&#8221;vc_col-lg-6 vc_col-md-12 vc_col-xs-12&#8243; css=&#8221;.vc_custom_1561969566032{background-color: #FF1100 !important;}&#8221;][vc_column_text el_class=&#8221;hr-tel call-link&#8221;]+48 608 558 009[\/vc_column_text][vc_btn title=&#8221;Wy\u015blij aplikacj\u0119 ju\u017c teraz&#8221; color=&#8221;default&#8221; align=&#8221;center&#8221; el_class=&#8221;main-button blue-button order-service-btn&#8221; link=&#8221;url:%23|||&#8221; el_id=&#8221;resume&#8221;][\/vc_column][vc_column width=&#8221;1\/2&#8243; el_class=&#8221;drive-img-col&#8221; offset=&#8221;vc_col-lg-6 vc_col-md-12 vc_col-xs-12&#8243; css=&#8221;.vc_custom_1658931279261{background-position: center !important;background-repeat: no-repeat !important;background-size: cover !important;}&#8221;][vc_single_image image=&#8221;6049&#8243; img_size=&#8221;full&#8221; alignment=&#8221;right&#8221; el_class=&#8221;drive-img&#8221;][\/vc_column][\/vc_row][vc_row full_width=&#8221;stretch_row&#8221; el_id=&#8221;avto-park&#8221; el_class=&#8221;car-park_tour-row bottom-arrows&#8221;][vc_column [&hellip;]<\/p>\n","protected":false},"author":5,"featured_media":6049,"parent":27,"menu_order":42,"comment_status":"closed","ping_status":"closed","template":"","meta":{"footnotes":""},"class_list":["post-6047","page","type-page","status-publish","has-post-thumbnail","hentry"],"aioseo_notices":[],"_links":{"self":[{"href":"https:\/\/one.speedixa.com\/pl\/wp-json\/wp\/v2\/pages\/6047","targetHints":{"allow":["GET"]}}],"collection":[{"href":"https:\/\/one.speedixa.com\/pl\/wp-json\/wp\/v2\/pages"}],"about":[{"href":"https:\/\/one.speedixa.com\/pl\/wp-json\/wp\/v2\/types\/page"}],"author":[{"embeddable":true,"href":"https:\/\/one.speedixa.com\/pl\/wp-json\/wp\/v2\/users\/5"}],"replies":[{"embeddable":true,"href":"https:\/\/one.speedixa.com\/pl\/wp-json\/wp\/v2\/comments?post=6047"}],"version-history":[{"count":1,"href":"https:\/\/one.speedixa.com\/pl\/wp-json\/wp\/v2\/pages\/6047\/revisions"}],"predecessor-version":[{"id":15902,"href":"https:\/\/one.speedixa.com\/pl\/wp-json\/wp\/v2\/pages\/6047\/revisions\/15902"}],"up":[{"embeddable":true,"href":"https:\/\/one.speedixa.com\/pl\/wp-json\/wp\/v2\/pages\/27"}],"wp:featuredmedia":[{"embeddable":true,"href":"https:\/\/one.speedixa.com\/pl\/wp-json\/wp\/v2\/media\/6049"}],"wp:attachment":[{"href":"https:\/\/one.speedixa.com\/pl\/wp-json\/wp\/v2\/media?parent=6047"}],"curies":[{"name":"wp","href":"https:\/\/api.w.org\/{rel}","templated":true}]}}