{"id":5736,"date":"2022-04-13T13:59:08","date_gmt":"2022-04-13T13:59:08","guid":{"rendered":"https:\/\/one.speedixa.com\/?page_id=5736"},"modified":"2026-03-05T13:22:42","modified_gmt":"2026-03-05T13:22:42","slug":"warehousing","status":"publish","type":"page","link":"https:\/\/one.speedixa.com\/pl\/services\/warehousing\/","title":{"rendered":"Logistyka magazynowa"},"content":{"rendered":"<div class=\"wpb-content-wrapper\"><p>[vc_row full_width=&#8221;stretch_row_content_no_spaces&#8221; el_id=&#8221;drivers&#8221; el_class=&#8221;drivers-career-page right-image-bg&#8221; css=&#8221;.vc_custom_1669803889199{background-image: url(https:\/\/one.speedixa.com\/wp-content\/uploads\/2022\/11\/Warehouse.jpg?id=6473) !important;}&#8221;][vc_column width=&#8221;1\/2&#8243; el_class=&#8221;to-drivers-text about-us-col right-image-bg_left-text col-pseudo-el&#8221; offset=&#8221;vc_col-lg-6 vc_col-md-12 vc_col-xs-12&#8243; css=&#8221;.vc_custom_1561969566032{background-color: #FF1100 !important;}&#8221;]<div class=\"porto-u-heading block-title block-left-title block-title_light-pseudo  wpb_custom_95aa9a11c17ad45cfabaf210d84ee7cc porto-u-ad87e2eaf3f9c495180fe0156ddf3eb0 \"><div class=\"porto-u-main-heading\"><h1   style=\"font-weight:400;color:#ffffff;font-size:32px;line-height:normal;\">Logistyka magazynowa<\/h1><\/div><style>.porto-u-ad87e2eaf3f9c495180fe0156ddf3eb0.porto-u-heading{text-align:left}<\/style><\/div>[vc_column_text el_class=&#8221;about-us-text&#8221;]<\/p>\n<p style=\"text-align: left; font-size: 17px; color: #fff;\">Jednym z kierunk\u00f3w Speedixa, opr\u00f3cz przewoz\u00f3w towarowych, jest \u015bwiadczenie us\u0142ug logistyki magazynowej w USA, Chinach, Izraelu, Zjednoczonych Emiratach Arabskich, \u0141otwie, Polsce, Ukrainie i Bia\u0142orusi.<\/p>\n<p>[\/vc_column_text][vc_column_text el_class=&#8221;hr-tel call-link&#8221;]<a class=\"call-us\" href=\"tel:+48608558009\">+48 608 558 009<\/a>[\/vc_column_text][vc_btn title=&#8221;Z\u0142\u00f3\u017c wniosek ju\u017c teraz&#8221; color=&#8221;default&#8221; align=&#8221;center&#8221; el_class=&#8221;main-button blue-button order-service-btn&#8221; link=&#8221;url:%23|||&#8221;][\/vc_column][vc_column width=&#8221;1\/2&#8243; el_class=&#8221;drive-img-col&#8221; offset=&#8221;vc_col-lg-6 vc_col-md-12 vc_col-xs-12&#8243;][vc_single_image image=&#8221;6473&#8243; img_size=&#8221;full&#8221; alignment=&#8221;right&#8221; el_class=&#8221;drive-img&#8221;][\/vc_column][\/vc_row][vc_row full_width=&#8221;stretch_row&#8221; el_id=&#8221;avto-park-galary&#8221; el_class=&#8221;park-galary_row&#8221; css=&#8221;.vc_custom_1649935923811{margin-top: -50px !important;}&#8221;][vc_column width=&#8221;1\/4&#8243; is_sticky=&#8221;yes&#8221; sticky_container_selector=&#8221;&#8221; sticky_min_width=&#8221;767&#8243; sticky_top=&#8221;150px&#8221; sticky_bottom=&#8221;&#8221; el_class=&#8221;col-lg-0&#8243;][vc_column_text el_class=&#8221;fixed-linked-block&#8221;]<\/p>\n<ul>\n<li class=\"ultitle\">Magazyny w Europie<\/li>\n<li><a href=\"\/uslugi\/warehousing\/chelm\/\">Polska, Che\u0142m<\/a><\/li>\n<li><a href=\"\/uslugi\/warehousing\/barcelona\/\">Hiszpania, Barcelona<\/a><\/li>\n<li><a href=\"\/uslugi\/warehousing\/riga\/\">\u0141otwa, Ryga<\/a><\/li>\n<li class=\"ultitle\">Magazyny w LPG<\/li>\n<li><a href=\"\/uslugi\/warehousing\/kiev\/\">Ukraina, Kij\u00f3w<\/a><\/li>\n<li><a href=\"\/uslugi\/warehousing\/minsk\/\">Bia\u0142oru\u015b, Mi\u0144sk<\/a><\/li>\n<li class=\"ultitle\">Magazyny na Bliskim Wschodzie<\/li>\n<li><a href=\"\/uslugi\/warehousing\/dubai\/\">Zjednoczone Emiraty Arabskie, Dubaj<\/a><\/li>\n<li><a href=\"\/uslugi\/warehousing\/tel-aviv\/\">Izrael, Tel Awiw<\/a><\/li>\n<li class=\"ultitle\">Magazyn w Azji<\/li>\n<li><a href=\"\/uslugi\/warehousing\/guangzhou\/\">Chiny, Guangzhou<\/a><\/li>\n<li class=\"ultitle\">Magazyn w Ameryce<\/li>\n<li><a href=\"\/uslugi\/warehousing\/new-jersey\/\">USA, New Jersey<\/a><\/li>\n<\/ul>\n<p>[\/vc_column_text][\/vc_column][vc_column width=&#8221;3\/4&#8243;][vc_row_inner][vc_column_inner][vc_column_text]<\/p>\n<p style=\"text-align: left; font-size: 18px;\">Nasze us\u0142ugi logistyczne w po\u0142\u0105czeniu z naszymi us\u0142ugami transportowymi s\u0105 idealnym rozwi\u0105zaniem dla klient\u00f3w, kt\u00f3rzy potrzebuj\u0105 mi\u0119dzy innymi prze\u0142adunku, konsolidacji, kr\u00f3tko \u2013 lub d\u0142ugoterminowego przechowywania i dekonsolidacji towar\u00f3w.<\/p>\n<p>[\/vc_column_text][vc_column_text]<\/p>\n<p style=\"text-align: left; font-size: 18px;\">Magazyny znajduj\u0105 si\u0119 w strategicznych miejscach, w pobli\u017cu terminali lotniczych, port\u00f3w morskich i g\u0142\u00f3wnych szlak\u00f3w transportowych.<\/p>\n<p>[\/vc_column_text][vc_column_text]<\/p>\n<p style=\"text-align: left; font-size: 18px;\">Oferujemy dostosowane do potrzeb klienta rozwi\u0105zania logistyczne, koncentruj\u0105c si\u0119 na potrzebach klienta w zakresie magazynowania, transportu i innych us\u0142ug o warto\u015bci dodanej dla zautomatyzowanego \u0142a\u0144cucha dostaw towar\u00f3w i \u0142adunk\u00f3w zar\u00f3wno z Azji, jak i USA do UE i WNP i odwrotnie.<\/p>\n<p>[\/vc_column_text][vc_custom_heading text=&#8221;Nasze magazyny&#8221; font_container=&#8221;tag:h5|text_align:left&#8221; use_theme_fonts=&#8221;yes&#8221; el_class=&#8221;block-title block-left-title&#8221; css=&#8221;.vc_custom_1670317405785{margin-top: 50px !important;}&#8221;][vc_raw_html css=&#8221;.vc_custom_1669909067451{margin-top: 50px !important;margin-bottom: 50px !important;}&#8221;]JTVCZGlzcGxheS1tYXAlMjBpZCUzRCUyNzY1MDElMjclNUQ=[\/vc_raw_html][\/vc_column_inner][\/vc_row_inner][\/vc_column][\/vc_row][vc_row full_width=&#8221;stretch_row&#8221; el_id=&#8221;order&#8221; el_class=&#8221;order-row_vacancies main-order-arrow&#8221;][vc_column width=&#8221;1\/4&#8243; el_class=&#8221;col-lg-0&#8243;][\/vc_column][vc_column width=&#8221;3\/4&#8243; el_class=&#8221;content-col call-info-col order__link-col order-col__vacancies&#8221;][vc_custom_heading text=&#8221;TW\u00d3J BIZNES<br \/>\nWYJ\u0104TKOWY DLA NAS!<br \/>\nNASZE US\u0141UGI LOGISTYCZNE<br \/>\nBEZ OGRANICZE\u0143 DLA CIEBIE!&#8221; font_container=&#8221;tag:h3|font_size:27|text_align:left|color:%23ffffff&#8221; use_theme_fonts=&#8221;yes&#8221; el_class=&#8221;order-undertitle&#8221; css=&#8221;.vc_custom_1670317427464{margin-top: -20px !important;}&#8221;][vc_custom_heading text=&#8221;SKONTAKTUJ SI\u0118 Z NAMI&#8221; font_container=&#8221;tag:h6|text_align:left&#8221; use_theme_fonts=&#8221;yes&#8221;][vc_column_text el_class=&#8221;call-link&#8221; css=&#8221;.vc_custom_1649936856486{margin-top: -2px !important;margin-bottom: -2px !important;}&#8221;]<a class=\"call-us\" href=\"tel:+48608558009\">+48 608 558 009<\/a>[\/vc_column_text][vc_column_text el_class=&#8221;mail-link&#8221; css=&#8221;.vc_custom_1649936630455{margin-top: -5px !important;}&#8221;]<a href=\"mailto:info@one.speedixa.com\">info@one.speedixa.com <\/a>[\/vc_column_text][vc_btn title=&#8221;Zostaw zg\u0142oszenie&#8221; color=&#8221;default&#8221; align=&#8221;center&#8221; el_class=&#8221;main-button blue-button order-service-btn&#8221; link=&#8221;url:%23|||&#8221;][\/vc_column][\/vc_row]<\/p>\n<\/div>","protected":false},"excerpt":{"rendered":"<p>[vc_row full_width=&#8221;stretch_row_content_no_spaces&#8221; el_id=&#8221;drivers&#8221; el_class=&#8221;drivers-career-page right-image-bg&#8221; css=&#8221;.vc_custom_1669803889199{background-image: url(https:\/\/one.speedixa.com\/wp-content\/uploads\/2022\/11\/Warehouse.jpg?id=6473) !important;}&#8221;][vc_column width=&#8221;1\/2&#8243; el_class=&#8221;to-drivers-text about-us-col right-image-bg_left-text col-pseudo-el&#8221; offset=&#8221;vc_col-lg-6 vc_col-md-12 vc_col-xs-12&#8243; css=&#8221;.vc_custom_1561969566032{background-color: #FF1100 !important;}&#8221;][vc_column_text el_class=&#8221;about-us-text&#8221;] Jednym z kierunk\u00f3w Speedixa, opr\u00f3cz przewoz\u00f3w towarowych, jest \u015bwiadczenie us\u0142ug logistyki magazynowej w USA, Chinach, Izraelu, Zjednoczonych Emiratach Arabskich, \u0141otwie, Polsce, Ukrainie i Bia\u0142orusi. [\/vc_column_text][vc_column_text el_class=&#8221;hr-tel call-link&#8221;]+48 608 558 009[\/vc_column_text][vc_btn title=&#8221;Z\u0142\u00f3\u017c wniosek ju\u017c teraz&#8221; color=&#8221;default&#8221; [&hellip;]<\/p>\n","protected":false},"author":5,"featured_media":6473,"parent":27,"menu_order":48,"comment_status":"closed","ping_status":"closed","template":"","meta":{"footnotes":""},"class_list":["post-5736","page","type-page","status-publish","has-post-thumbnail","hentry"],"aioseo_notices":[],"_links":{"self":[{"href":"https:\/\/one.speedixa.com\/pl\/wp-json\/wp\/v2\/pages\/5736","targetHints":{"allow":["GET"]}}],"collection":[{"href":"https:\/\/one.speedixa.com\/pl\/wp-json\/wp\/v2\/pages"}],"about":[{"href":"https:\/\/one.speedixa.com\/pl\/wp-json\/wp\/v2\/types\/page"}],"author":[{"embeddable":true,"href":"https:\/\/one.speedixa.com\/pl\/wp-json\/wp\/v2\/users\/5"}],"replies":[{"embeddable":true,"href":"https:\/\/one.speedixa.com\/pl\/wp-json\/wp\/v2\/comments?post=5736"}],"version-history":[{"count":1,"href":"https:\/\/one.speedixa.com\/pl\/wp-json\/wp\/v2\/pages\/5736\/revisions"}],"predecessor-version":[{"id":15904,"href":"https:\/\/one.speedixa.com\/pl\/wp-json\/wp\/v2\/pages\/5736\/revisions\/15904"}],"up":[{"embeddable":true,"href":"https:\/\/one.speedixa.com\/pl\/wp-json\/wp\/v2\/pages\/27"}],"wp:featuredmedia":[{"embeddable":true,"href":"https:\/\/one.speedixa.com\/pl\/wp-json\/wp\/v2\/media\/6473"}],"wp:attachment":[{"href":"https:\/\/one.speedixa.com\/pl\/wp-json\/wp\/v2\/media?parent=5736"}],"curies":[{"name":"wp","href":"https:\/\/api.w.org\/{rel}","templated":true}]}}