{"id":4301,"date":"2021-10-06T12:06:59","date_gmt":"2021-10-06T12:06:59","guid":{"rendered":"https:\/\/one.speedixa.com\/?page_id=4301"},"modified":"2026-03-05T13:22:43","modified_gmt":"2026-03-05T13:22:43","slug":"eu-fines-accidents","status":"publish","type":"page","link":"https:\/\/one.speedixa.com\/pl\/carriers\/eu-fines-accidents\/","title":{"rendered":"Pomoc przy mandatach i wypadkach"},"content":{"rendered":"<div class=\"wpb-content-wrapper\"><p>[vc_row full_width=&#8221;stretch_row_content_no_spaces&#8221; el_id=&#8221;drivers&#8221; el_class=&#8221;drivers-career-page right-image-bg&#8221;][vc_column width=&#8221;1\/2&#8243; el_class=&#8221;to-drivers-text about-us-col right-image-bg_left-text col-pseudo-el&#8221; offset=&#8221;vc_col-lg-6 vc_col-md-12 vc_col-xs-12&#8243; css=&#8221;.vc_custom_1561969566032{background-color: #FF1100 !important;}&#8221;]<div class=\"porto-u-heading block-title block-left-title block-title_light-pseudo  wpb_custom_95aa9a11c17ad45cfabaf210d84ee7cc porto-u-ad87e2eaf3f9c495180fe0156ddf3eb0 \"><div class=\"porto-u-main-heading\"><h1   style=\"font-weight:400;color:#ffffff;font-size:32px;line-height:normal;\">Pomoc przy mandatach i wypadkach<\/h1><\/div><div class=\"porto-u-sub-heading\" style=\"\">\n<h6 style=\"text-align: left; color: #fff;\">Ochrona przewo\u017anik\u00f3w mi\u0119dzynarodowych<\/h6>\n<p><\/div><style>.porto-u-ad87e2eaf3f9c495180fe0156ddf3eb0.porto-u-heading{text-align:left}<\/style><\/div>[vc_column_text el_class=&#8221;hr-tel call-link&#8221;]<a class=\"call-us\" href=\"tel:+48608558009\">+48 608 558 009<\/a>[\/vc_column_text][vc_btn title=&#8221;Z\u0142\u00f3\u017c wniosek ju\u017c teraz&#8221; color=&#8221;default&#8221; align=&#8221;center&#8221; el_class=&#8221;main-button blue-button order-service-btn&#8221; link=&#8221;url:%23|||&#8221;][\/vc_column][vc_column width=&#8221;1\/2&#8243; el_class=&#8221;drive-img-col&#8221; offset=&#8221;vc_col-lg-6 vc_col-md-12 vc_col-xs-12&#8243; css=&#8221;.vc_custom_1633597489422{background-image: url(https:\/\/one.speedixa.com\/wp-content\/uploads\/2021\/10\/6.jpg?id=4372) !important;}&#8221;][vc_single_image image=&#8221;4372&#8243; img_size=&#8221;full&#8221; alignment=&#8221;right&#8221; el_class=&#8221;drive-img&#8221;][\/vc_column][\/vc_row][vc_row full_width=&#8221;stretch_row&#8221; css=&#8221;.vc_custom_1633591070139{padding-top: 40px !important;}&#8221;][vc_column][vc_column_text el_class=&#8221;about-us-text&#8221;]<\/p>\n<p class=\"park-text\" style=\"font-size: 17px;\">Pomagamy kierowcom i przewo\u017anikom w kontrolowaniu i odwo\u0142ywaniu si\u0119 od kar, a tak\u017ce w zwrocie koszt\u00f3w zwi\u0105zanych z wyrz\u0105dzeniem szkody w wyniku wypadku. Wsp\u00f3\u0142pracuj\u0105c z nami b\u0119dziesz mia\u0142 mo\u017cliwo\u015b\u0107 znacznego obni\u017cenia koszt\u00f3w zwi\u0105zanych z grzywnami, wypadkami drogowymi i aresztowaniem pojazd\u00f3w w Europie.<\/p>\n<p>[\/vc_column_text][\/vc_column][\/vc_row][vc_row full_width=&#8221;stretch_row&#8221; el_id=&#8221;advantages-row&#8221; el_class=&#8221;sales-advantages-row&#8221;][vc_column][vc_custom_heading text=&#8221;Us\u0142ugi:&#8221; font_container=&#8221;tag:h4|text_align:center&#8221; use_theme_fonts=&#8221;yes&#8221; el_class=&#8221;block-title&#8221;][vc_row_inner][vc_column_inner width=&#8221;1\/3&#8243;][vc_single_image image=&#8221;4333&#8243; img_size=&#8221;60&#215;60&#8243; alignment=&#8221;center&#8221; animation_type=&#8221;shake&#8221; el_class=&#8221;advantage-icon&#8221;][vc_column_text el_class=&#8221;advantage-text&#8221; css=&#8221;.vc_custom_1646908193927{padding-top: 10px !important;}&#8221;]<\/p>\n<p class=\"advantages\" style=\"text-align: center;\">Odwo\u0142ywanie si\u0119 od kar<\/p>\n<p>[\/vc_column_text][\/vc_column_inner][vc_column_inner width=&#8221;1\/3&#8243;][vc_single_image image=&#8221;4338&#8243; img_size=&#8221;60&#215;60&#8243; alignment=&#8221;center&#8221; animation_type=&#8221;shake&#8221; el_class=&#8221;advantage-icon&#8221;][vc_column_text el_class=&#8221;advantage-text&#8221; css=&#8221;.vc_custom_1646908213121{padding-top: 10px !important;}&#8221;]<\/p>\n<p class=\"advantages\" style=\"text-align: center;\">Organizacja pomocy w sprawach ubezpieczeniowych<\/p>\n<p>[\/vc_column_text][\/vc_column_inner][vc_column_inner width=&#8221;1\/3&#8243;][vc_single_image image=&#8221;4337&#8243; img_size=&#8221;60&#215;60&#8243; alignment=&#8221;center&#8221; animation_type=&#8221;shake&#8221; el_class=&#8221;advantage-icon relation-icon&#8221;][vc_column_text el_class=&#8221;advantage-text&#8221; css=&#8221;.vc_custom_1646908231893{padding-top: 10px !important;}&#8221;]<\/p>\n<p class=\"advantages\" style=\"text-align: center;\">Windykacja odszkodowa\u0144 powypadkowych<\/p>\n<p>[\/vc_column_text][\/vc_column_inner][\/vc_row_inner][vc_row_inner][vc_column_inner width=&#8221;1\/3&#8243;][vc_single_image image=&#8221;594&#8243; img_size=&#8221;60&#215;60&#8243; alignment=&#8221;center&#8221; animation_type=&#8221;shake&#8221; el_class=&#8221;advantage-icon&#8221;][vc_column_text el_class=&#8221;advantage-text&#8221; css=&#8221;.vc_custom_1646908256742{padding-top: 10px !important;}&#8221;]<\/p>\n<p class=\"advantages\" style=\"text-align: center;\">Wycena szk\u00f3d<\/p>\n<p>[\/vc_column_text][\/vc_column_inner][vc_column_inner width=&#8221;1\/3&#8243;][vc_single_image image=&#8221;4339&#8243; img_size=&#8221;60&#215;60&#8243; alignment=&#8221;center&#8221; animation_type=&#8221;shake&#8221; el_class=&#8221;advantage-icon&#8221;][vc_column_text el_class=&#8221;advantage-text&#8221; css=&#8221;.vc_custom_1646908275770{padding-top: 10px !important;}&#8221;]<\/p>\n<p class=\"advantages\" style=\"text-align: center;\">Zwolnienie TS z aresztu<\/p>\n<p>[\/vc_column_text][\/vc_column_inner][vc_column_inner width=&#8221;1\/3&#8243;][vc_single_image image=&#8221;595&#8243; img_size=&#8221;60&#215;60&#8243; alignment=&#8221;center&#8221; animation_type=&#8221;shake&#8221; el_class=&#8221;advantage-icon relation-icon&#8221;][vc_column_text el_class=&#8221;advantage-text&#8221; css=&#8221;.vc_custom_1646908297574{padding-top: 10px !important;}&#8221;]<\/p>\n<p class=\"advantages\" style=\"text-align: center;\">Ewakuacja i naprawa<\/p>\n<p>[\/vc_column_text][\/vc_column_inner][\/vc_row_inner][\/vc_column][\/vc_row][vc_row full_width=&#8221;stretch_row&#8221; el_id=&#8221;order&#8221; el_class=&#8221;career-order_row main-order-arrow&#8221;][vc_column width=&#8221;1\/2&#8243; el_class=&#8221;content-col content-col__career&#8221;][vc_custom_heading text=&#8221;NIE CZEKAJ!&#8221; use_theme_fonts=&#8221;yes&#8221; el_class=&#8221;order-title career__order-title&#8221;][vc_custom_heading text=&#8221;DO\u0141\u0104CZ DO NAS JU\u017b DZI\u015a!<br \/>\nWSP\u00d3\u0141PRACA Z NAMI TO ZAWSZE SUKCES!&#8221; font_container=&#8221;tag:h3|text_align:left&#8221; use_theme_fonts=&#8221;yes&#8221; el_class=&#8221;order-undertitle&#8221;][\/vc_column][vc_column width=&#8221;1\/2&#8243; el_class=&#8221;call-info-col order__link-col&#8221;][vc_custom_heading text=&#8221;DZIA\u0141 DORADZTWA&#8221; font_container=&#8221;tag:h6|text_align:left&#8221; use_theme_fonts=&#8221;yes&#8221;][vc_column_text el_class=&#8221;call-link&#8221;]<a class=\"call-us\" href=\"tel:+48608558009\">+48 608 558 009<\/a>[\/vc_column_text][vc_column_text el_class=&#8221;mail-link&#8221;]<a href=\"mailto:info@one.speedixa.com\">info@one.speedixa.com<\/a>[\/vc_column_text][vc_btn title=&#8221;Z\u0142\u00f3\u017c wniosek&#8221; color=&#8221;default&#8221; align=&#8221;center&#8221; el_class=&#8221;main-button blue-button order-service-btn&#8221; link=&#8221;url:%23|||&#8221;][\/vc_column][\/vc_row]<\/p>\n<\/div>","protected":false},"excerpt":{"rendered":"<p>[vc_row full_width=&#8221;stretch_row_content_no_spaces&#8221; el_id=&#8221;drivers&#8221; el_class=&#8221;drivers-career-page right-image-bg&#8221;][vc_column width=&#8221;1\/2&#8243; el_class=&#8221;to-drivers-text about-us-col right-image-bg_left-text col-pseudo-el&#8221; offset=&#8221;vc_col-lg-6 vc_col-md-12 vc_col-xs-12&#8243; css=&#8221;.vc_custom_1561969566032{background-color: #FF1100 !important;}&#8221;][vc_column_text el_class=&#8221;hr-tel call-link&#8221;]+48 608 558 009[\/vc_column_text][vc_btn title=&#8221;Z\u0142\u00f3\u017c wniosek ju\u017c teraz&#8221; color=&#8221;default&#8221; align=&#8221;center&#8221; el_class=&#8221;main-button blue-button order-service-btn&#8221; link=&#8221;url:%23|||&#8221;][\/vc_column][vc_column width=&#8221;1\/2&#8243; el_class=&#8221;drive-img-col&#8221; offset=&#8221;vc_col-lg-6 vc_col-md-12 vc_col-xs-12&#8243; css=&#8221;.vc_custom_1633597489422{background-image: url(https:\/\/one.speedixa.com\/wp-content\/uploads\/2021\/10\/6.jpg?id=4372) !important;}&#8221;][vc_single_image image=&#8221;4372&#8243; img_size=&#8221;full&#8221; alignment=&#8221;right&#8221; el_class=&#8221;drive-img&#8221;][\/vc_column][\/vc_row][vc_row full_width=&#8221;stretch_row&#8221; css=&#8221;.vc_custom_1633591070139{padding-top: 40px !important;}&#8221;][vc_column][vc_column_text el_class=&#8221;about-us-text&#8221;] Pomagamy kierowcom i przewo\u017anikom w kontrolowaniu i [&hellip;]<\/p>\n","protected":false},"author":5,"featured_media":4318,"parent":3731,"menu_order":5,"comment_status":"closed","ping_status":"closed","template":"","meta":{"footnotes":""},"class_list":["post-4301","page","type-page","status-publish","has-post-thumbnail","hentry"],"aioseo_notices":[],"_links":{"self":[{"href":"https:\/\/one.speedixa.com\/pl\/wp-json\/wp\/v2\/pages\/4301","targetHints":{"allow":["GET"]}}],"collection":[{"href":"https:\/\/one.speedixa.com\/pl\/wp-json\/wp\/v2\/pages"}],"about":[{"href":"https:\/\/one.speedixa.com\/pl\/wp-json\/wp\/v2\/types\/page"}],"author":[{"embeddable":true,"href":"https:\/\/one.speedixa.com\/pl\/wp-json\/wp\/v2\/users\/5"}],"replies":[{"embeddable":true,"href":"https:\/\/one.speedixa.com\/pl\/wp-json\/wp\/v2\/comments?post=4301"}],"version-history":[{"count":1,"href":"https:\/\/one.speedixa.com\/pl\/wp-json\/wp\/v2\/pages\/4301\/revisions"}],"predecessor-version":[{"id":15935,"href":"https:\/\/one.speedixa.com\/pl\/wp-json\/wp\/v2\/pages\/4301\/revisions\/15935"}],"up":[{"embeddable":true,"href":"https:\/\/one.speedixa.com\/pl\/wp-json\/wp\/v2\/pages\/3731"}],"wp:featuredmedia":[{"embeddable":true,"href":"https:\/\/one.speedixa.com\/pl\/wp-json\/wp\/v2\/media\/4318"}],"wp:attachment":[{"href":"https:\/\/one.speedixa.com\/pl\/wp-json\/wp\/v2\/media?parent=4301"}],"curies":[{"name":"wp","href":"https:\/\/api.w.org\/{rel}","templated":true}]}}