{"id":4252,"date":"2021-10-06T07:53:55","date_gmt":"2021-10-06T07:53:55","guid":{"rendered":"https:\/\/one.speedixa.com\/?page_id=4252"},"modified":"2026-03-05T13:22:43","modified_gmt":"2026-03-05T13:22:43","slug":"truck-rental","status":"publish","type":"page","link":"https:\/\/one.speedixa.com\/pl\/carriers\/truck-rental\/","title":{"rendered":"Samochody ci\u0119\u017carowe do wynaj\u0119cia"},"content":{"rendered":"<div class=\"wpb-content-wrapper\"><p><\/p>\n<p>[vc_row full_width=&#8221;stretch_row_content_no_spaces&#8221; el_id=&#8221;drivers&#8221; el_class=&#8221;drivers-career-page right-image-bg&#8221;][vc_column width=&#8221;1\/2&#8243; el_class=&#8221;to-drivers-text about-us-col right-image-bg_left-text col-pseudo-el&#8221; offset=&#8221;vc_col-lg-6 vc_col-md-12 vc_col-xs-12&#8243; css=&#8221;.vc_custom_1561969566032{background-color: #FF1100 !important;}&#8221;]<div class=\"porto-u-heading block-title block-left-title block-title_light-pseudo  wpb_custom_95aa9a11c17ad45cfabaf210d84ee7cc porto-u-ad87e2eaf3f9c495180fe0156ddf3eb0 \"><div class=\"porto-u-main-heading\"><h1   style=\"font-weight:400;color:#ffffff;font-size:32px;line-height:normal;\">Ci\u0119\u017car\u00f3wki do wynaj\u0119cia<\/h1><\/div><div class=\"porto-u-sub-heading\" style=\"\">z prawem wykupu<\/div><style>.porto-u-ad87e2eaf3f9c495180fe0156ddf3eb0.porto-u-heading{text-align:left}<\/style><\/div>[vc_column_text el_class=&#8221;drivers-under-title career-under-title&#8221;]Z nami Masz mo\u017cliwo\u015b\u0107 dynamicznego powi\u0119kszania floty transportowej bez wi\u0119kszych inwestycji pocz\u0105tkowych[\/vc_column_text][vc_column_text el_class=&#8221;hr-tel call-link&#8221;]<a class=\"call-us\" href=\"tel:+48608558009\">+48 608 558 009<\/a>[\/vc_column_text][vc_btn title=&#8221;Zostaw zg\u0142oszenie ju\u017c teraz&#8221; color=&#8221;default&#8221; align=&#8221;center&#8221; el_class=&#8221;transparent main-button resume-form_btn&#8221; link=&#8221;url:%23|||&#8221;][\/vc_column][vc_column width=&#8221;1\/2&#8243; el_class=&#8221;drive-img-col&#8221; offset=&#8221;vc_col-lg-6 vc_col-md-12 vc_col-xs-12&#8243; css=&#8221;.vc_custom_1633528555816{background-image: url(https:\/\/one.speedixa.com\/wp-content\/uploads\/2021\/10\/71.webp?id=4322) !important;}&#8221;][vc_single_image image=&#8221;4322&#8243; img_size=&#8221;full&#8221; alignment=&#8221;right&#8221; el_class=&#8221;drive-img&#8221;][\/vc_column][\/vc_row][vc_row full_width=&#8221;stretch_row&#8221; el_id=&#8221;avto-park-galary&#8221; el_class=&#8221;park-galary_row&#8221;][vc_column width=&#8221;1\/4&#8243; is_sticky=&#8221;yes&#8221; sticky_container_selector=&#8221;&#8221; sticky_min_width=&#8221;767&#8243; sticky_top=&#8221;110&#8243; sticky_bottom=&#8221;0&#8243; el_class=&#8221;col-lg-0&#8243;][vc_column_text el_class=&#8221;fixed-linked-block&#8221;]<\/p>\n<ul>\n<li><a href=\"\/pl\/carriers\/cooperation\/\">Wsp\u00f3\u0142praca<\/a><\/li>\n<li><a href=\"\/pl\/carriers\/arenda-tyagachej\/\">Wynajem ci\u0119\u017car\u00f3wek<\/a><\/li>\n<li><a href=\"\/pl\/carriers\/toplivnye-karty\/\">Karty paliwowe<\/a><\/li>\n<li><a href=\"\/pl\/carriers\/transportnyj-konsalting\/\">Doradztwo transportowe<\/a><\/li>\n<li><a href=\"\/pl\/carriers\/pomoshh-pri-shtrafah-i-dtp\/\">Pomoc przy mandatach i wypadkach<\/a><\/li>\n<\/ul>\n<p>[\/vc_column_text][\/vc_column][vc_column width=&#8221;3\/4&#8243;][vc_column_text css=&#8221;.vc_custom_1639738651637{padding-bottom: 10px !important;}&#8221;]<\/p>\n<p style=\"text-align: left; font-size: 18px;\">G\u0142\u00f3wn\u0105 zalet\u0105 wynajmu ci\u0105gnik\u00f3w siod\u0142owych, a nast\u0119pnie zakupu przed zwyk\u0142ym kredytem samochodowym lub leasingiem, jest prostsza i szybsza rejestracja, kt\u00f3ra nie wymaga du\u017cych koszt\u00f3w pocz\u0105tkowych. W przypadku <strong>leasingu z prawem wykupu <\/strong> nie musisz przedstawia\u0107 dokument\u00f3w dotycz\u0105cych rentowno\u015bci swojej firmy, nie musisz dostarcza\u0107 dokument\u00f3w finansowych i rocznych bilans\u00f3w przedsi\u0119biorstwa, potwierdza\u0107 idealnej historii kredytowej itp.<\/p>\n<p style=\"text-align: left; font-size: 18px;\">Kolejn\u0105 wa\u017cn\u0105 zalet\u0105 jest to, \u017ce mo\u017cesz wynaj\u0105\u0107 nie jeden, ale kilka ci\u0105gnik\u00f3w jednocze\u015bnie i przez pewien czas mo\u017cesz wynaj\u0105\u0107 wi\u0119cej ci\u0105gnik\u00f3w i naczep, dzi\u0119ki czemu bardzo szybko zwi\u0119kszysz swoj\u0105 flot\u0119 transportow\u0105 i zyski swojej firmy. Co jest prawie niemo\u017cliwe w przypadku zwyk\u0142ego leasingu lub kredytu samochodowego.<\/p>\n<p style=\"text-align: left; font-size: 18px;\">Z nami mo\u017cesz mie\u0107 pewno\u015b\u0107, \u017ce otrzymasz now\u0105, wyposa\u017con\u0105 we wszystko, czego potrzebujesz ci\u0119\u017car\u00f3wk\u0119 z najnowszym oprogramowaniem i telematyk\u0105. Kr\u00f3tko m\u00f3wi\u0105c, ci\u0119\u017car\u00f3wka, kt\u00f3ra z pozytywnej strony b\u0119dzie reprezentowa\u0107 Ciebie i twoj\u0105 firm\u0119.<\/p>\n<p>[\/vc_column_text][vc_custom_heading text=&#8221;opcje ci\u0105gnik\u00f3w do wynaj\u0119cia z prawem odkupu&#8221; font_container=&#8221;tag:h4|text_align:left&#8221; use_theme_fonts=&#8221;yes&#8221; el_class=&#8221;block-title block-left-title&#8221;]<div class=\"porto-carousel owl-carousel has-ccols has-ccols-spacing ccols-xl-4 ccols-lg-4 ccols-md-2 ccols-sm-1 ccols-1 teem-imgs driver-reviews_slider wpb_custom_16b29c4c97bd4b224dbf284cfd94279c nav-pos-outside nav-style-1\" data-plugin-options=\"{&quot;themeConfig&quot;:true,&quot;stagePadding&quot;:0,&quot;margin&quot;:40,&quot;autoplay&quot;:false,&quot;mouseDrag&quot;:true,&quot;touchDrag&quot;:true,&quot;autoplayTimeout&quot;:5000,&quot;autoplayHoverPause&quot;:false,&quot;items&quot;:4,&quot;xl&quot;:4,&quot;lg&quot;:4,&quot;md&quot;:2,&quot;sm&quot;:1,&quot;xs&quot;:1,&quot;nav&quot;:&quot;yes&quot;,&quot;dots&quot;:false,&quot;animateIn&quot;:&quot;&quot;,&quot;animateOut&quot;:&quot;&quot;,&quot;loop&quot;:false,&quot;center&quot;:false,&quot;video&quot;:false,&quot;lazyLoad&quot;:false,&quot;fullscreen&quot;:false}\">[vc_row_inner][vc_column_inner][vc_single_image image=&#8221;4280&#8243; img_size=&#8221;full&#8221; alignment=&#8221;center&#8221; onclick=&#8221;custom_link&#8221; el_class=&#8221;member&#8221; link=&#8221;https:\/\/one.speedixa.com\/ru\/product\/rent-mercedes-benz-actros-1845-2021\/&#8221;][vc_column_text el_class=&#8221;office-post&#8221;]<a href=\"https:\/\/one.speedixa.com\/ru\/product\/rent-mercedes-benz-actros-1845-2021\/\"><strong>Mercedes Benz<\/strong><\/a>[\/vc_column_text][vc_custom_heading text=&#8221;actros 1845&#8243; font_container=&#8221;tag:h6|font_size:14|text_align:right&#8221; use_theme_fonts=&#8221;yes&#8221; el_class=&#8221;titless&#8221; el_id=&#8221;titless&#8221; link=&#8221;url:https%3A%2F%2Fone.speedixa.com%2Fru%2Fproduct%2Frent-mercedes-benz-actros-1845-2021%2F&#8221;][\/vc_column_inner][\/vc_row_inner][vc_row_inner][vc_column_inner][vc_single_image image=&#8221;4277&#8243; img_size=&#8221;full&#8221; alignment=&#8221;center&#8221; onclick=&#8221;custom_link&#8221; el_class=&#8221;member&#8221; link=&#8221;https:\/\/one.speedixa.com\/ru\/product\/ru-man-tgx-18-500\/&#8221;][vc_column_text el_class=&#8221;office-post&#8221;]<a href=\"https:\/\/one.speedixa.com\/ru\/product\/ru-man-tgx-18-500\/\"><strong>MAN<\/strong><\/a>[\/vc_column_text][vc_custom_heading text=&#8221;TGX 18.500&#8243; font_container=&#8221;tag:h6|font_size:14|text_align:right&#8221; use_theme_fonts=&#8221;yes&#8221; el_class=&#8221;titless&#8221; link=&#8221;url:https%3A%2F%2Fone.speedixa.com%2Fru%2Fproduct%2Fru-man-tgx-18-500%2F&#8221;][\/vc_column_inner][\/vc_row_inner][vc_row_inner][vc_column_inner][vc_single_image image=&#8221;4279&#8243; img_size=&#8221;full&#8221; alignment=&#8221;center&#8221; el_class=&#8221;member&#8221;][vc_column_text el_class=&#8221;office-post&#8221;]<strong>VOLVO<\/strong>[\/vc_column_text][vc_custom_heading text=&#8221;FH 460&#8243; font_container=&#8221;tag:h6|font_size:14|text_align:right&#8221; use_theme_fonts=&#8221;yes&#8221; el_class=&#8221;titless&#8221; el_id=&#8221;titless&#8221;][\/vc_column_inner][\/vc_row_inner][vc_row_inner][vc_column_inner][vc_single_image image=&#8221;4278&#8243; img_size=&#8221;full&#8221; alignment=&#8221;center&#8221; el_class=&#8221;member&#8221;][vc_column_text el_class=&#8221;office-post&#8221;]<strong>DAF<\/strong>[\/vc_column_text][vc_custom_heading text=&#8221;XF 530&#8243; font_container=&#8221;tag:h6|font_size:14|text_align:right&#8221; use_theme_fonts=&#8221;yes&#8221; el_class=&#8221;titless&#8221; el_id=&#8221;titless&#8221;][\/vc_column_inner][\/vc_row_inner]<\/div>[vc_row_inner][vc_column_inner][vc_custom_heading text=&#8221;Warunki najmu z prawem odkupienia&#8221; font_container=&#8221;tag:h4|text_align:left&#8221; use_theme_fonts=&#8221;yes&#8221; el_class=&#8221;block-title block-left-title&#8221;][vc_column_text el_class=&#8221;opportunities-list opportunities-list-fordrevers&#8221;]<\/p>\n<p style=\"text-align: left; font-size: 18px;\">Wynajem z prawem odkupu nowych, BEZ PRZEBIEGU ci\u0105gnik\u00f3w <strong> Mercedes-Benz <\/strong> ACTROS, <strong>MAN <\/strong> TGX, <strong> DAF<\/strong> oraz<strong> VOLVO <\/strong> z 3-letni\u0105 gwarancj\u0105 producenta.<\/p>\n<p style=\"text-align: left; font-size: 18px;\">Umowa na<strong> 60 miesi\u0119cy <\/strong>, w danym okresie mo\u017cna w ka\u017cdej chwili wykupi\u0107 ci\u0105gnik siod\u0142owy po warto\u015bci rezydualnej.<\/p>\n<p style=\"text-align: left; font-size: 18px;\">Wysoko\u015b\u0107 miesi\u0119cznej p\u0142atno\u015bci wynosi <strong>1460 &#8211; 1500 euro miesi\u0119cznie<\/strong> (w zale\u017cno\u015bci od marki i wyposa\u017cenia).<\/p>\n<p style=\"text-align: left; font-size: 18px;\">Wynajem z prawem odkupu jest mo\u017cliwy dla firm zarejestrowanych w Polsce. Je\u015bli nie masz zarejestrowanej firmy, nasz <strong> dzia\u0142 doradztwa transportowego<\/strong> pomo\u017ce Ci w rejestracji firmy transportowej i uzyskaniu licencji na transport w UE.<\/p>\n<p style=\"text-align: left; font-size: 18px;\">Oferujemy wszystko, czego potrzebujesz w jednym miejscu!<\/p>\n<p>[\/vc_column_text][\/vc_column_inner][\/vc_row_inner][\/vc_column][\/vc_row][vc_row full_width=&#8221;stretch_row&#8221; css=&#8221;.vc_custom_1563279305759{background-color: #f2f2f2 !important;}&#8221; el_class=&#8221;bottom-arrows career-opportunities_row drivers-career-opportunities&#8221;][vc_column][vc_row_inner el_id=&#8221;career-opportunities&#8221;][vc_column_inner el_class=&#8221;col-lg-0&#8243; width=&#8221;1\/4&#8243;][\/vc_column_inner][vc_column_inner width=&#8221;1\/2&#8243;][vc_custom_heading text=&#8221;Przegl\u0105d korzy\u015bci:&#8221; font_container=&#8221;tag:h4|text_align:left&#8221; use_theme_fonts=&#8221;yes&#8221; el_id=&#8221;block-title block-left-title&#8221; el_class=&#8221;block-title block-left-title&#8221;][vc_column_text el_class=&#8221;opportunities-list opportunities-list-fordrevers&#8221;]<\/p>\n<ul>\n<li>Czynsz bez kaucji;<\/li>\n<li>Minimum biurokracji: nie ma potrzeby dokument\u00f3w finansowych;<\/li>\n<li>Mo\u017cliwo\u015b\u0107 wynaj\u0119cia z prawem odkupu nowych ci\u0105gnik\u00f3w siod\u0142owych bez przebiegu;<\/li>\n<li>Nowoczesne ci\u0105gniki siod\u0142owe r\u00f3\u017cnych marek<\/li>\n<li>Wysoka elastyczno\u015b\u0107: szybka rozbudowa floty bez wi\u0119kszych inwestycji.<\/li>\n<\/ul>\n<p>[\/vc_column_text][\/vc_column_inner][vc_column_inner width=&#8221;1\/4&#8243;][\/vc_column_inner][\/vc_row_inner][\/vc_column][\/vc_row][vc_row][vc_column width=&#8221;1\/4&#8243;][\/vc_column][vc_column width=&#8221;3\/4&#8243; el_id=&#8221;Elementids&#8221; el_class=&#8221;Elementids&#8221;][vc_row_inner][vc_column_inner][vc_column_text el_class=&#8221;career-text&#8221; css=&#8221;.vc_custom_1639738000320{padding-bottom: 20px !important;padding-left: 0px !important;}&#8221;]<\/p>\n<p style=\"text-align: left; font-size: 18px;\">Najcz\u0119\u015bciej Leasing Z p\u00f3\u017aniejszym wykupem jest u\u017cywany w przypadkach, gdy ci\u0105gnik jest teraz potrzebny, ale nie ma mo\u017cliwo\u015bci leasingu ci\u0105gnika lub zap\u0142aty pe\u0142nej jego warto\u015bci.<\/p>\n<p style=\"text-align: left; font-size: 18px;\">Oto kilka przyk\u0142adowych przyk\u0142ad\u00f3w, kiedy nasi klienci brali Ci\u0105gniki do wykupu:<\/p>\n<p>[\/vc_column_text][\/vc_column_inner][\/vc_row_inner][vc_row_inner][vc_column_inner el_class=&#8221;blueblock&#8221; width=&#8221;1\/2&#8243; el_id=&#8221;blueblock&#8221;][vc_column_text el_class=&#8221;career-text&#8221; css=&#8221;.vc_custom_1639738033301{padding-top: 0px !important;padding-right: 0px !important;padding-bottom: 20px !important;padding-left: 0px !important;}&#8221;]<img decoding=\"async\" class=\"aligncleft\" style=\"float: left; min-height: 100%; max-height: 100%; max-width: 35px; margin-right: 15px; height: 100% !important;\" src=\"https:\/\/one.speedixa.com\/wp-content\/uploads\/2025\/12\/SVG-14-2.svg\" alt=\"Speedixa\" width=\"70\" \/><\/p>\n<p style=\"text-align: left; font-size: 18px;\">Klient otworzy\u0142 firm\u0119 transportow\u0105, ale ze wzgl\u0119du na fakt, \u017ce firma jest nowa i nie ma historii finansowej, odm\u00f3wiono mu leasingu i wzi\u0105\u0142 2 ci\u0105gniki z naczepami do wynaj\u0119cia z prawem wykupu na 60 miesi\u0119cy.<\/p>\n<p>[\/vc_column_text][\/vc_column_inner][vc_column_inner width=&#8221;1\/2&#8243; css=&#8221;.vc_custom_1634031115477{background-color: #ffffff !important;}&#8221;][vc_column_text el_class=&#8221;career-text&#8221; css=&#8221;.vc_custom_1639738051783{padding-top: 0px !important;padding-right: 0px !important;padding-bottom: 20px !important;padding-left: 0px !important;}&#8221;]<img decoding=\"async\" class=\"aligncleft\" style=\"float: left; min-height: 100%; max-height: 100%; max-width: 35px; margin-right: 15px; height: 100% !important;\" src=\"https:\/\/one.speedixa.com\/wp-content\/uploads\/2025\/12\/SVG-14-2.svg\" alt=\"Speedixa\" width=\"70\" \/><\/p>\n<p style=\"text-align: left; font-size: 18px;\">Klient otworzy\u0142 firm\u0119 transportow\u0105 i sam pracowa\u0142 nad swoim samochodem, ale rozszerzy\u0142 si\u0119 i zatrudni\u0142 innego kierowc\u0119 \u2013 potrzebny by\u0142 dodatkowy ci\u0105gnik siod\u0142owy.<\/p>\n<p>[\/vc_column_text][\/vc_column_inner][\/vc_row_inner][vc_row_inner][vc_column_inner width=&#8221;1\/2&#8243; css=&#8221;.vc_custom_1634031102408{background-color: #ffffff !important;}&#8221;][vc_column_text el_class=&#8221;career-text&#8221; css=&#8221;.vc_custom_1639738071144{padding-top: 0px !important;padding-right: 0px !important;padding-bottom: 20px !important;padding-left: 0px !important;}&#8221;]<img decoding=\"async\" class=\"aligncleft\" style=\"float: left; min-height: 100%; max-height: 100%; max-width: 35px; margin-right: 15px; height: 100% !important;\" src=\"https:\/\/one.speedixa.com\/wp-content\/uploads\/2025\/12\/SVG-14-2.svg\" alt=\"Speedixa\" width=\"70\" \/><\/p>\n<p style=\"text-align: left; font-size: 18px;\">Klient wcze\u015bniej pracowa\u0142 jako kierowca mi\u0119dzynarodowy w polskiej firmie transportowej mia\u0142 imponuj\u0105ce do\u015bwiadczenie i postanowi\u0142 otworzy\u0107 swoj\u0105 dzia\u0142alno\u015b\u0107. Nie mia\u0142 na to pe\u0142nej kwoty, wi\u0119c postanowi\u0142 wynaj\u0105\u0107 ci\u0105gnik siod\u0142owy i naczep\u0119 z prawem wykupu na 48 miesi\u0119cy.<\/p>\n<p>[\/vc_column_text][\/vc_column_inner][vc_column_inner el_class=&#8221;blueblock&#8221; width=&#8221;1\/2&#8243; el_id=&#8221;blueblock&#8221;][vc_column_text el_class=&#8221;career-text&#8221; css=&#8221;.vc_custom_1639738090975{padding-top: 0px !important;padding-right: 0px !important;padding-bottom: 20px !important;padding-left: 0px !important;}&#8221;]<img decoding=\"async\" class=\"aligncleft\" style=\"float: left; min-height: 100%; max-height: 100%; max-width: 35px; margin-right: 15px; height: 100% !important;\" src=\"https:\/\/one.speedixa.com\/wp-content\/uploads\/2025\/12\/SVG-14-2.svg\" alt=\"Speedixa\" width=\"70\" \/><\/p>\n<p style=\"text-align: left; font-size: 18px;\">W\u0142a\u015bciciel ma\u0142ej firmy transportowej postanowi\u0142 zwi\u0119kszy\u0107 swoj\u0105 flot\u0119 transportow\u0105 w zwi\u0105zku ze wzrostem liczby zam\u00f3wie\u0144. Natychmiast nie by\u0142 gotowy zainwestowa\u0107 znacznej kwoty w zakup nowego sprz\u0119tu, wi\u0119c wynaj\u0105\u0142 Ci\u0105gniki z wykupem i p\u00f3\u017aniej przeni\u00f3s\u0142 je na leasing.<\/p>\n<p>[\/vc_column_text][\/vc_column_inner][\/vc_row_inner][\/vc_column][\/vc_row][vc_row full_width=&#8221;stretch_row&#8221; el_id=&#8221;order&#8221; el_class=&#8221;order-row_vacancies main-order-arrow&#8221;][vc_column width=&#8221;1\/4&#8243; el_class=&#8221;col-lg-0&#8243;][\/vc_column][vc_column width=&#8221;3\/4&#8243; el_class=&#8221;content-col call-info-col order__link-col order-col__vacancies&#8221;][vc_custom_heading text=&#8221;JE\u015aLI MASZ JAKIE\u015a PYTANIA<br \/>\nLUB CHCESZ UZYSKA\u0106 DODATKOWE<br \/>\nINFORMACJE, NIE WAHAJ SI\u0118 ZADZWONI\u0106 LUB NAPISA\u0106.&#8221; font_container=&#8221;tag:h3|text_align:left&#8221; use_theme_fonts=&#8221;yes&#8221; el_class=&#8221;order-undertitle&#8221;][vc_custom_heading text=&#8221;DZIA\u0141 TRANSPORTU&#8221; font_container=&#8221;tag:h6|text_align:left&#8221; use_theme_fonts=&#8221;yes&#8221;][vc_column_text el_class=&#8221;call-link&#8221;]<a class=\"call-us\" href=\"tel:+48608558009\">+48 608 558 009<\/a>[\/vc_column_text][vc_column_text el_class=&#8221;mail-link&#8221;]<a href=\"mailto:info@one.speedixa.com\">info@one.speedixa.com <\/a>[\/vc_column_text][vc_btn title=&#8221;Zostaw zg\u0142oszenie&#8221; color=&#8221;default&#8221; align=&#8221;center&#8221; el_class=&#8221;main-button blue-button resume-form_btn&#8221; link=&#8221;url:%23|||&#8221; css=&#8221;.vc_custom_1639738956853{padding-top: 20px !important;}&#8221;][\/vc_column][\/vc_row]<\/p>\n<p><\/p>\n<\/div>","protected":false},"excerpt":{"rendered":"<p>[vc_row full_width=&#8221;stretch_row_content_no_spaces&#8221; el_id=&#8221;drivers&#8221; el_class=&#8221;drivers-career-page right-image-bg&#8221;][vc_column width=&#8221;1\/2&#8243; el_class=&#8221;to-drivers-text about-us-col right-image-bg_left-text col-pseudo-el&#8221; offset=&#8221;vc_col-lg-6 vc_col-md-12 vc_col-xs-12&#8243; css=&#8221;.vc_custom_1561969566032{background-color: #FF1100 !important;}&#8221;][vc_column_text el_class=&#8221;drivers-under-title career-under-title&#8221;]Z nami Masz mo\u017cliwo\u015b\u0107 dynamicznego powi\u0119kszania floty transportowej bez wi\u0119kszych inwestycji pocz\u0105tkowych[\/vc_column_text][vc_column_text el_class=&#8221;hr-tel call-link&#8221;]+48 608 558 009[\/vc_column_text][vc_btn title=&#8221;Zostaw zg\u0142oszenie ju\u017c teraz&#8221; color=&#8221;default&#8221; align=&#8221;center&#8221; el_class=&#8221;transparent main-button resume-form_btn&#8221; link=&#8221;url:%23|||&#8221;][\/vc_column][vc_column width=&#8221;1\/2&#8243; el_class=&#8221;drive-img-col&#8221; offset=&#8221;vc_col-lg-6 vc_col-md-12 vc_col-xs-12&#8243; css=&#8221;.vc_custom_1633528555816{background-image: url(https:\/\/one.speedixa.com\/wp-content\/uploads\/2021\/10\/71.webp?id=4322) !important;}&#8221;][vc_single_image image=&#8221;4322&#8243; img_size=&#8221;full&#8221; alignment=&#8221;right&#8221; [&hellip;]<\/p>\n","protected":false},"author":5,"featured_media":4364,"parent":3731,"menu_order":1,"comment_status":"closed","ping_status":"closed","template":"","meta":{"footnotes":""},"class_list":["post-4252","page","type-page","status-publish","has-post-thumbnail","hentry"],"aioseo_notices":[],"_links":{"self":[{"href":"https:\/\/one.speedixa.com\/pl\/wp-json\/wp\/v2\/pages\/4252","targetHints":{"allow":["GET"]}}],"collection":[{"href":"https:\/\/one.speedixa.com\/pl\/wp-json\/wp\/v2\/pages"}],"about":[{"href":"https:\/\/one.speedixa.com\/pl\/wp-json\/wp\/v2\/types\/page"}],"author":[{"embeddable":true,"href":"https:\/\/one.speedixa.com\/pl\/wp-json\/wp\/v2\/users\/5"}],"replies":[{"embeddable":true,"href":"https:\/\/one.speedixa.com\/pl\/wp-json\/wp\/v2\/comments?post=4252"}],"version-history":[{"count":1,"href":"https:\/\/one.speedixa.com\/pl\/wp-json\/wp\/v2\/pages\/4252\/revisions"}],"predecessor-version":[{"id":15934,"href":"https:\/\/one.speedixa.com\/pl\/wp-json\/wp\/v2\/pages\/4252\/revisions\/15934"}],"up":[{"embeddable":true,"href":"https:\/\/one.speedixa.com\/pl\/wp-json\/wp\/v2\/pages\/3731"}],"wp:featuredmedia":[{"embeddable":true,"href":"https:\/\/one.speedixa.com\/pl\/wp-json\/wp\/v2\/media\/4364"}],"wp:attachment":[{"href":"https:\/\/one.speedixa.com\/pl\/wp-json\/wp\/v2\/media?parent=4252"}],"curies":[{"name":"wp","href":"https:\/\/api.w.org\/{rel}","templated":true}]}}