{"id":4171,"date":"2021-10-04T17:38:09","date_gmt":"2021-10-04T17:38:09","guid":{"rendered":"https:\/\/one.speedixa.com\/?page_id=4171"},"modified":"2026-03-05T13:22:43","modified_gmt":"2026-03-05T13:22:43","slug":"fuel-cards","status":"publish","type":"page","link":"https:\/\/one.speedixa.com\/pl\/carriers\/fuel-cards\/","title":{"rendered":"Karty paliwowe"},"content":{"rendered":"<div class=\"wpb-content-wrapper\"><p>[vc_row full_width=&#8221;stretch_row_content_no_spaces&#8221; el_id=&#8221;drivers&#8221; el_class=&#8221;drivers-career-page right-image-bg&#8221;][vc_column width=&#8221;1\/2&#8243; el_class=&#8221;to-drivers-text about-us-col right-image-bg_left-text col-pseudo-el&#8221; offset=&#8221;vc_col-lg-6 vc_col-md-12 vc_col-xs-12&#8243; css=&#8221;.vc_custom_1561969566032{background-color: #FF1100 !important;}&#8221;]<div class=\"porto-u-heading block-title block-left-title block-title_light-pseudo  wpb_custom_95aa9a11c17ad45cfabaf210d84ee7cc porto-u-ad87e2eaf3f9c495180fe0156ddf3eb0 \"><div class=\"porto-u-main-heading\"><h1   style=\"font-weight:400;color:#ffffff;font-size:32px;line-height:normal;\">Karty paliwowe dla Partner\u00f3w<\/h1><\/div><div class=\"porto-u-sub-heading\" style=\"\">Speedixa<\/div><style>.porto-u-ad87e2eaf3f9c495180fe0156ddf3eb0.porto-u-heading{text-align:left}<\/style><\/div>[vc_column_text el_class=&#8221;drivers-under-title career-under-title&#8221;]<\/p>\n<p style=\"text-align: left;\">Nasi partnerzy maj\u0105 mo\u017cliwo\u015b\u0107 otrzymania kart paliwowych na preferencyjnych warunkach do tankowania paliwa i uiszczania op\u0142at drogowych w UE<\/p>\n<p>[\/vc_column_text][vc_column_text el_class=&#8221;hr-tel call-link&#8221;]<a class=\"call-us\" href=\"tel:+48608558009\">+48 608 558 009<\/a>[\/vc_column_text][vc_btn title=&#8221;Wy\u015blij zg\u0142oszenie ju\u017c teraz&#8221; color=&#8221;default&#8221; align=&#8221;center&#8221; el_class=&#8221;main-button blue-button order-service-btn&#8221; link=&#8221;url:%23|||&#8221; el_id=&#8221;resume&#8221;][\/vc_column][vc_column width=&#8221;1\/2&#8243; el_class=&#8221;drive-img-col&#8221; offset=&#8221;vc_col-lg-6 vc_col-md-12 vc_col-xs-12&#8243; css=&#8221;.vc_custom_1633597611145{background-image: url(https:\/\/one.speedixa.com\/wp-content\/uploads\/2021\/10\/5.jpg?id=4375) !important;background-position: center !important;background-repeat: no-repeat !important;background-size: cover !important;}&#8221;][vc_single_image image=&#8221;4375&#8243; img_size=&#8221;full&#8221; alignment=&#8221;right&#8221; el_class=&#8221;drive-img&#8221;][\/vc_column][\/vc_row][vc_row][vc_column][vc_column_text el_class=&#8221;career-text&#8221; css=&#8221;.vc_custom_1639747580205{padding-left: 0px !important;}&#8221;]<img decoding=\"async\" class=\"aligncleft\" style=\"float: left; min-height: 100%; max-height: 100%; max-width: 60px; margin-right: 15px; height: 100% !important;\" src=\"https:\/\/one.speedixa.com\/wp-content\/uploads\/2021\/12\/left2.svg\" alt=\"Speedixa\" width=\"70\" \/><\/p>\n<p style=\"text-align: left; font-size: 18px;\">Karta paliwowa jest niezb\u0119dnym narz\u0119dziem w zarz\u0105dzaniu pojazdami komercyjnymi. Karty paliwowe s\u0105 cz\u0119\u015bci\u0105 profesjonalnego i kompetentnego zarz\u0105dzania kosztami paliwa.<\/p>\n<p style=\"text-align: left; font-size: 18px;\">Speedixa oferuje partnerom mo\u017cliwo\u015b\u0107 bezgot\u00f3wkowego tankowania paliwa, a tak\u017ce mo\u017cliwo\u015b\u0107 p\u0142acenia op\u0142at drogowych w ca\u0142ej UE za pomoc\u0105 specjalnych kart inteligentnych. Speedixa zapewnia wszystkim uczestnikom mi\u0119dzynarodowego rynku transportu komercyjnego wysokiej jako\u015bci, wydajny i nowoczesny system kontroli koszt\u00f3w paliwa, z odroczeniem p\u0142atno\u015bci.<\/p>\n<p style=\"text-align: left; font-size: 18px;\">Karta inteligentna jest akceptowana w ca\u0142ej Europie. W przeciwie\u0144stwie do kart paliwowych innych dostawc\u00f3w, kierowcy nie b\u0119d\u0105 musieli zbacza\u0107 z trasy, aby znale\u017a\u0107 stacj\u0119, kt\u00f3ra akceptuje kart\u0119 paliwow\u0105!<\/p>\n<p>[\/vc_column_text][\/vc_column][\/vc_row][vc_row full_width=&#8221;stretch_row&#8221; css=&#8221;.vc_custom_1563266700731{background-color: #f2f2f2 !important;}&#8221; el_class=&#8221;bottom-arrows career-opportunities_row&#8221;][vc_column][vc_row_inner el_id=&#8221;career-opportunities&#8221;][vc_column_inner][vc_custom_heading text=&#8221;Korzy\u015bci dla Ciebie i twoich kierowc\u00f3w&#8221; font_container=&#8221;tag:h4|text_align:left&#8221; use_theme_fonts=&#8221;yes&#8221; el_class=&#8221;block-title block-left-title&#8221;][vc_column_text el_class=&#8221;opportunities-list&#8221;]<\/p>\n<ul>\n<li>Najlepsze ceny paliw<\/li>\n<li>Odroczenie p\u0142atno\u015bci<\/li>\n<li>Ponad 5300 stacji benzynowych w ca\u0142ej Europie<\/li>\n<li>Us\u0142ugi tankowania w 25 krajach Europy<\/li>\n<li>Rozliczenia za paliwo w Euro<\/li>\n<li>Ustawianie limit\u00f3w dziennych<\/li>\n<li>Mo\u017cliwo\u015b\u0107 p\u0142atno\u015bci kart\u0105 CARDLESS<\/li>\n<li>Kontrola transakcji online w czasie rzeczywistym<\/li>\n<li>B\u0142yskawiczna blokada kart<\/li>\n<li>Jedna faktura na wszystkie karty za wszystkie towary i us\u0142ugi<\/li>\n<li>Szybki zwrot podatku VAT<\/li>\n<li>Obs\u0142uga klienta w j\u0119zyku polskim.<\/li>\n<\/ul>\n<p>[\/vc_column_text][\/vc_column_inner][\/vc_row_inner][\/vc_column][\/vc_row][vc_row full_width=&#8221;stretch_row&#8221; el_class=&#8221;bloksctf&#8221; css=&#8221;.vc_custom_1639749328669{margin-top: 150px !important;margin-bottom: 150px !important;padding-top: 0px !important;padding-bottom: 0px !important;background-color: #FF1100 !important;}&#8221; el_id=&#8221;bloksctf&#8221;][vc_column el_id=&#8221;blockctf&#8221; el_class=&#8221;blockctf&#8221;][vc_row_inner][vc_column_inner el_class=&#8221;textctf&#8221; width=&#8221;2\/3&#8243; el_id=&#8221;textctf&#8221;]<div class=\"porto-u-heading block-title block-left-title block-title_light-pseudo  wpb_custom_95aa9a11c17ad45cfabaf210d84ee7cc porto-u-ad87e2eaf3f9c495180fe0156ddf3eb0 \" data-appear-animation=\"bounceInLeft\" data-appear-animation-delay=\"200\"><div class=\"porto-u-main-heading\"><h2  >Sprzeda\u017c hurtowa oleju nap\u0119dowego<\/h2><\/div><style>.porto-u-ad87e2eaf3f9c495180fe0156ddf3eb0.porto-u-heading{text-align:left}<\/style><\/div>[vc_column_text el_class=&#8221;career-text text-witharrows&#8221; css=&#8221;.vc_custom_1639747774095{padding-top: 90px !important;}&#8221;]<\/p>\n<p style=\"text-align: left; font-size: 18px;\">Mo\u017cesz kupi\u0107 olej nap\u0119dowy luzem z dostaw\u0105 do prawie ka\u017cdego regionu. Szybki system logistyczny i posiadanie du\u017cej floty pojazd\u00f3w daje nam mo\u017cliwo\u015b\u0107 udanej obs\u0142ugi klient\u00f3w i transportu paliwa w dowolnej ilo\u015bci potrzebnej Kupuj\u0105cemu i bez op\u00f3\u017anie\u0144.<\/p>\n<p>[\/vc_column_text][\/vc_column_inner][vc_column_inner width=&#8221;1\/3&#8243; css=&#8221;.vc_custom_1633512487027{margin-top: 50px !important;}&#8221;][vc_single_image image=&#8221;4376&#8243; img_size=&#8221;full&#8221; alignment=&#8221;right&#8221; hover_effect=&#8221;yes&#8221; el_id=&#8221;imgctf&#8221; el_class=&#8221;imgctf&#8221; animation_type=&#8221;bounceInRight&#8221;][\/vc_column_inner][\/vc_row_inner][\/vc_column][\/vc_row][vc_row full_width=&#8221;stretch_row&#8221; el_id=&#8221;order&#8221; el_class=&#8221;career-order_row main-order-arrow&#8221;][vc_column width=&#8221;1\/2&#8243; el_class=&#8221;content-col content-col__career&#8221;][vc_custom_heading text=&#8221;Nie czekaj!<br \/>\nDo\u0142\u0105cz do nas ju\u017c dzi\u015b!&#8221; use_theme_fonts=&#8221;yes&#8221; el_class=&#8221;order-title career__order-title&#8221;][vc_custom_heading text=&#8221;Wsp\u00f3\u0142praca z nami-korzy\u015bci dla ciebie!&#8221; font_container=&#8221;tag:h3|text_align:left&#8221; use_theme_fonts=&#8221;yes&#8221; el_class=&#8221;order-undertitle&#8221;][\/vc_column][vc_column width=&#8221;1\/2&#8243; el_class=&#8221;call-info-col order__link-col&#8221;][vc_custom_heading text=&#8221;DZIA\u0141 TRANSPORTU&#8221; font_container=&#8221;tag:h6|text_align:left&#8221; use_theme_fonts=&#8221;yes&#8221;][vc_column_text el_class=&#8221;call-link&#8221;]<a class=\"call-us\" href=\"tel:+48608558009\">+48 608 558 009<\/a>[\/vc_column_text][vc_column_text el_class=&#8221;mail-link&#8221;]<a href=\"mailto:info@one.speedixa.com\">info@one.speedixa.com<\/a>[\/vc_column_text][vc_btn title=&#8221;Z\u0142\u00f3\u017c wniosek&#8221; color=&#8221;default&#8221; align=&#8221;center&#8221; el_class=&#8221;main-button blue-button order-service-btn&#8221; link=&#8221;url:%23|||&#8221;][\/vc_column][\/vc_row]<\/p>\n<\/div>","protected":false},"excerpt":{"rendered":"<p>[vc_row full_width=&#8221;stretch_row_content_no_spaces&#8221; el_id=&#8221;drivers&#8221; el_class=&#8221;drivers-career-page right-image-bg&#8221;][vc_column width=&#8221;1\/2&#8243; el_class=&#8221;to-drivers-text about-us-col right-image-bg_left-text col-pseudo-el&#8221; offset=&#8221;vc_col-lg-6 vc_col-md-12 vc_col-xs-12&#8243; css=&#8221;.vc_custom_1561969566032{background-color: #FF1100 !important;}&#8221;][vc_column_text el_class=&#8221;drivers-under-title career-under-title&#8221;] Nasi partnerzy maj\u0105 mo\u017cliwo\u015b\u0107 otrzymania kart paliwowych na preferencyjnych warunkach do tankowania paliwa i uiszczania op\u0142at drogowych w UE [\/vc_column_text][vc_column_text el_class=&#8221;hr-tel call-link&#8221;]+48 608 558 009[\/vc_column_text][vc_btn title=&#8221;Wy\u015blij zg\u0142oszenie ju\u017c teraz&#8221; color=&#8221;default&#8221; align=&#8221;center&#8221; el_class=&#8221;main-button blue-button order-service-btn&#8221; link=&#8221;url:%23|||&#8221; el_id=&#8221;resume&#8221;][\/vc_column][vc_column width=&#8221;1\/2&#8243; [&hellip;]<\/p>\n","protected":false},"author":5,"featured_media":4375,"parent":3731,"menu_order":7,"comment_status":"closed","ping_status":"closed","template":"","meta":{"footnotes":""},"class_list":["post-4171","page","type-page","status-publish","has-post-thumbnail","hentry"],"aioseo_notices":[],"_links":{"self":[{"href":"https:\/\/one.speedixa.com\/pl\/wp-json\/wp\/v2\/pages\/4171","targetHints":{"allow":["GET"]}}],"collection":[{"href":"https:\/\/one.speedixa.com\/pl\/wp-json\/wp\/v2\/pages"}],"about":[{"href":"https:\/\/one.speedixa.com\/pl\/wp-json\/wp\/v2\/types\/page"}],"author":[{"embeddable":true,"href":"https:\/\/one.speedixa.com\/pl\/wp-json\/wp\/v2\/users\/5"}],"replies":[{"embeddable":true,"href":"https:\/\/one.speedixa.com\/pl\/wp-json\/wp\/v2\/comments?post=4171"}],"version-history":[{"count":1,"href":"https:\/\/one.speedixa.com\/pl\/wp-json\/wp\/v2\/pages\/4171\/revisions"}],"predecessor-version":[{"id":15937,"href":"https:\/\/one.speedixa.com\/pl\/wp-json\/wp\/v2\/pages\/4171\/revisions\/15937"}],"up":[{"embeddable":true,"href":"https:\/\/one.speedixa.com\/pl\/wp-json\/wp\/v2\/pages\/3731"}],"wp:featuredmedia":[{"embeddable":true,"href":"https:\/\/one.speedixa.com\/pl\/wp-json\/wp\/v2\/media\/4375"}],"wp:attachment":[{"href":"https:\/\/one.speedixa.com\/pl\/wp-json\/wp\/v2\/media?parent=4171"}],"curies":[{"name":"wp","href":"https:\/\/api.w.org\/{rel}","templated":true}]}}