{"id":4057,"date":"2021-09-23T08:58:31","date_gmt":"2021-09-23T08:58:31","guid":{"rendered":"https:\/\/one.speedixa.com\/?page_id=4057"},"modified":"2026-03-05T13:22:43","modified_gmt":"2026-03-05T13:22:43","slug":"cooperation","status":"publish","type":"page","link":"https:\/\/one.speedixa.com\/pl\/carriers\/cooperation\/","title":{"rendered":"Wsp\u00f3\u0142praca z Speedixa"},"content":{"rendered":"<div class=\"wpb-content-wrapper\"><p>[vc_row full_width=&#8221;stretch_row_content_no_spaces&#8221; el_id=&#8221;drivers&#8221; el_class=&#8221;drivers-career-page right-image-bg&#8221;][vc_column width=&#8221;1\/2&#8243; el_class=&#8221;to-drivers-text about-us-col right-image-bg_left-text col-pseudo-el&#8221; offset=&#8221;vc_col-lg-6 vc_col-md-12 vc_col-xs-12&#8243; css=&#8221;.vc_custom_1561969566032{background-color: #FF1100 !important;}&#8221;]<div class=\"porto-u-heading block-title block-left-title block-title_light-pseudo  wpb_custom_95aa9a11c17ad45cfabaf210d84ee7cc porto-u-ad87e2eaf3f9c495180fe0156ddf3eb0 \"><div class=\"porto-u-main-heading\"><h1   style=\"font-weight:400;color:#ffffff;font-size:32px;line-height:normal;\">Wsp\u00f3\u0142praca z<\/h1><\/div><div class=\"porto-u-sub-heading\" style=\"\">Speedixa<\/div><style>.porto-u-ad87e2eaf3f9c495180fe0156ddf3eb0.porto-u-heading{text-align:left}<\/style><\/div>[vc_column_text el_class=&#8221;drivers-under-title career-under-title&#8221;]Zapraszamy do wsp\u00f3\u0142pracy przewo\u017anik\u00f3w posiadaj\u0105cych Samochody Dostawcze DMC 3,5 t. oraz przewo\u017anik\u00f3w z poci\u0105gami 13,6m \/ 24t. (ref., tent).[\/vc_column_text][vc_column_text el_class=&#8221;hr-tel call-link&#8221;]<a class=\"call-us\" href=\"tel:+48608558009\">+48 608 558 009<\/a>[\/vc_column_text][vc_btn title=&#8221;Z\u0142\u00f3\u017c wniosek ju\u017c teraz&#8221; color=&#8221;default&#8221; align=&#8221;center&#8221; el_class=&#8221;main-button blue-button order-service-btn&#8221; link=&#8221;url:%23|||&#8221;][\/vc_column][vc_column width=&#8221;1\/2&#8243; el_class=&#8221;drive-img-col&#8221; offset=&#8221;vc_col-lg-6 vc_col-md-12 vc_col-xs-12&#8243; css=&#8221;.vc_custom_1633597547245{background-image: url(https:\/\/one.speedixa.com\/wp-content\/uploads\/2021\/10\/8.jpg?id=4371) !important;}&#8221;][vc_single_image image=&#8221;4371&#8243; img_size=&#8221;full&#8221; alignment=&#8221;right&#8221; el_class=&#8221;drive-img&#8221;][\/vc_column][\/vc_row][vc_row full_width=&#8221;stretch_row&#8221; el_id=&#8221;avto-park&#8221; el_class=&#8221;for-drivers-text&#8221; css=&#8221;.vc_custom_1633349044726{margin-bottom: -100px !important;}&#8221;][vc_column width=&#8221;1\/4&#8243; is_sticky=&#8221;yes&#8221; sticky_container_selector=&#8221;&#8221; sticky_min_width=&#8221;767&#8243; sticky_top=&#8221;110&#8243; sticky_bottom=&#8221;0&#8243; el_id=&#8221;zindex&#8221; el_class=&#8221;zindex&#8221;][vc_column_text el_class=&#8221;fixed-linked-block&#8221;]<\/p>\n<ul>\n<li><a href=\"\/pl\/carriers\/cooperation\/\">Wsp\u00f3\u0142praca<\/a><\/li>\n<li><a href=\"\/pl\/carriers\/arenda-tyagachej\/\">Wynajem ci\u0119\u017car\u00f3wek<\/a><\/li>\n<li><a href=\"\/pl\/carriers\/toplivnye-karty\/\">Karty paliwowe<\/a><\/li>\n<li><a href=\"\/pl\/carriers\/transportnyj-konsalting\/\">Doradztwo transportowe<\/a><\/li>\n<li><a href=\"\/pl\/carriers\/pomoshh-pri-shtrafah-i-dtp\/\">Pomoc przy mandatach i wypadkach<\/a><\/li>\n<\/ul>\n<p>[\/vc_column_text][\/vc_column][vc_column width=&#8221;3\/4&#8243; el_class=&#8221;text-for-drivers__col&#8221;][vc_custom_heading text=&#8221;MASZ SAMOCH\u00d3D CI\u0118\u017bAROWY. MAMY &#8211; \u0141ADUJ!&#8221; font_container=&#8221;tag:h4|text_align:left&#8221; use_theme_fonts=&#8221;yes&#8221; el_class=&#8221;block-title block-left-title&#8221; css=&#8221;.vc_custom_1684677541013{margin-bottom: 0px !important;}&#8221;][vc_column_text el_class=&#8221;career-text&#8221; css=&#8221;.vc_custom_1639667963665{margin-bottom: 50px !important;}&#8221;]<\/p>\n<p style=\"text-align: left; font-size: 18px;\">Staramy si\u0119 rozwija\u0107 otwart\u0105, bezpo\u015bredni\u0105 komunikacj\u0119 i koncentrujemy si\u0119 na zaufanych i d\u0142ugoterminowych relacjach biznesowych z naszymi przewo\u017anikami<\/p>\n<p style=\"text-align: left; font-size: 18px;\">Jako partner Speedixa czerpiesz korzy\u015bci ze wsp\u00f3\u0142pracy z odnosz\u0105c\u0105 sukcesy firm\u0105 logistyczn\u0105, kt\u00f3ra ma za sob\u0105 wieloletnie do\u015bwiadczenie i nowoczesne podej\u015bcie.<\/p>\n<p>[\/vc_column_text][\/vc_column][\/vc_row][vc_row full_width=&#8221;stretch_row&#8221; el_class=&#8221;for-drivers-text&#8221; css=&#8221;.vc_custom_1633349044726{margin-bottom: -100px !important;}&#8221;][vc_column width=&#8221;1\/4&#8243; el_class=&#8221;zindex&#8221;][\/vc_column][vc_column width=&#8221;3\/4&#8243; el_class=&#8221;text-for-drivers__col&#8221;][vc_custom_heading text=&#8221;Otrzymujesz ogromn\u0105 liczb\u0119 korzy\u015bci dla Ciebie i Twoich kierowc\u00f3w&#8221; font_container=&#8221;tag:h4|text_align:left&#8221; use_theme_fonts=&#8221;yes&#8221; el_class=&#8221;block-title block-left-title&#8221;][vc_column_text el_class=&#8221;opportunities-list&#8221;]<\/p>\n<ul>\n<li>wsp\u00f3\u0142praca na bie\u017c\u0105co, zam\u00f3wienia przez ca\u0142y rok;<\/li>\n<li>dostosowane do wszystkich rodzaj\u00f3w pojazd\u00f3w ci\u0119\u017carowych;<\/li>\n<li>konkurencyjne stawki frachtu-ustalane i negocjowane indywidualnie;<\/li>\n<li>p\u0142atno\u015b\u0107 za ka\u017cdy kilometr<\/li>\n<li>terminowe i szybkie p\u0142atno\u015bci (w tym mo\u017cliwo\u015b\u0107 zap\u0142aty w ci\u0105gu 24 godzin od otrzymania pe\u0142nego kompletu dokument\u00f3w);<\/li>\n<li>wsp\u00f3\u0142pracuj z do\u015bwiadczonymi i wykwalifikowanymi spedytorami, kt\u00f3rzy pomog\u0105 Ci w ka\u017cdym problemie transportowym;<\/li>\n<li>gwarancja ci\u0105g\u0142o\u015bci pracy;<\/li>\n<li>us\u0142ugi serwisowe i warsztatowe w preferencyjnych cenach;<\/li>\n<li>mo\u017cliwo\u015b\u0107 wsp\u00f3\u0142pracy na podstawie umowy lub na wniosek.<\/li>\n<\/ul>\n<p>[\/vc_column_text][\/vc_column][\/vc_row][vc_row][vc_column width=&#8221;1\/4&#8243;][\/vc_column][vc_column width=&#8221;3\/4&#8243;][\/vc_column][\/vc_row][vc_row full_width=&#8221;stretch_row&#8221; el_class=&#8221;bloksctf&#8221; css=&#8221;.vc_custom_1633435085847{margin-top: 50px !important;margin-bottom: 50px !important;background-image: url(https:\/\/one.speedixa.com\/wp-content\/uploads\/2021\/10\/bggggggctf.png?id=4218) !important;}&#8221; el_id=&#8221;bloksctf&#8221;][vc_column el_id=&#8221;ctf&#8221; el_class=&#8221;ctf&#8221;][vc_row_inner][vc_column_inner el_class=&#8221;ctfblok1&#8243; width=&#8221;1\/4&#8243; el_id=&#8221;ctfblok1&#8243;][\/vc_column_inner][vc_column_inner el_class=&#8221;ctfblok2&#8243; width=&#8221;1\/2&#8243; el_id=&#8221;ctfblok2&#8243;]<div class=\"porto-u-heading block-title block-left-title block-title_light-pseudo ctftirles  wpb_custom_95aa9a11c17ad45cfabaf210d84ee7cc porto-u-ad87e2eaf3f9c495180fe0156ddf3eb0 \"><div class=\"porto-u-main-heading\"><h2  >Certyfikat TCF Elite<\/h2><\/div><style>.porto-u-ad87e2eaf3f9c495180fe0156ddf3eb0.porto-u-heading{text-align:left}<\/style><\/div>[vc_column_text el_class=&#8221;career-text text-witharrows&#8221;]<\/p>\n<p style=\"text-align: left;\">Speedixa posiada certyfikat TCF, kt\u00f3ry jest wyr\u00f3\u017cnieniem dla najlepszych firm spedycyjnych. Jest to sygna\u0142 dla przewo\u017anik\u00f3w i spedytor\u00f3w, \u017ce pomy\u015blnie przeszli\u015bmy audyt certyfikacyjny, uwzgl\u0119dnili\u015bmy wszystkie aspekty operacji spedycyjnych i obiektywnie potwierdzili\u015bmy wysok\u0105 jako\u015b\u0107 naszych us\u0142ug.<\/p>\n<p>[\/vc_column_text][\/vc_column_inner][vc_column_inner el_class=&#8221;ctfblok3&#8243; width=&#8221;1\/4&#8243; el_id=&#8221;ctfblok3&#8243;][vc_single_image image=&#8221;4059&#8243; img_size=&#8221;large&#8221; alignment=&#8221;center&#8221; el_id=&#8221;imgctf&#8221; el_class=&#8221;imgctf&#8221;][\/vc_column_inner][\/vc_row_inner][\/vc_column][\/vc_row][vc_row full_width=&#8221;stretch_row&#8221; el_id=&#8221;order&#8221; el_class=&#8221;order-row_vacancies main-order-arrow&#8221;][vc_column width=&#8221;1\/4&#8243; el_class=&#8221;col-lg-0&#8243;][\/vc_column][vc_column width=&#8221;3\/4&#8243; el_class=&#8221;content-col call-info-col order__link-col order-col__vacancies&#8221;][vc_custom_heading text=&#8221;Nie czekaj!&#8221; use_theme_fonts=&#8221;yes&#8221; el_class=&#8221;order-title career__order-title career__order-title_drivers&#8221;][vc_custom_heading text=&#8221;Do\u0142\u0105cz do nas ju\u017c dzi\u015b!<br \/>\nWsp\u00f3\u0142praca z nami to zawsze sukces!&#8221; font_container=&#8221;tag:h3|text_align:left&#8221; use_theme_fonts=&#8221;yes&#8221; el_class=&#8221;order-undertitle&#8221;][vc_custom_heading text=&#8221;Dzia\u0142 Ekspedycji&#8221; font_container=&#8221;tag:h6|text_align:left&#8221; use_theme_fonts=&#8221;yes&#8221;][vc_column_text el_class=&#8221;call-link&#8221;]<a class=\"call-us\" href=\"tel:+48608558009\">+48 608 558 009<\/a>[\/vc_column_text][vc_column_text el_class=&#8221;mail-link&#8221;]<a href=\"mailto:info@one.speedixa.com\">info@one.speedixa.com <\/a>[\/vc_column_text][vc_btn title=&#8221;Z\u0142\u00f3\u017c wniosek&#8221; color=&#8221;default&#8221; align=&#8221;center&#8221; el_class=&#8221;main-button blue-button order-service-btn&#8221; link=&#8221;url:%23|||&#8221; css=&#8221;.vc_custom_1639668363445{padding-top: 10px !important;}&#8221;][\/vc_column][\/vc_row]<\/p>\n<\/div>","protected":false},"excerpt":{"rendered":"<p>[vc_row full_width=&#8221;stretch_row_content_no_spaces&#8221; el_id=&#8221;drivers&#8221; el_class=&#8221;drivers-career-page right-image-bg&#8221;][vc_column width=&#8221;1\/2&#8243; el_class=&#8221;to-drivers-text about-us-col right-image-bg_left-text col-pseudo-el&#8221; offset=&#8221;vc_col-lg-6 vc_col-md-12 vc_col-xs-12&#8243; css=&#8221;.vc_custom_1561969566032{background-color: #FF1100 !important;}&#8221;][vc_column_text el_class=&#8221;drivers-under-title career-under-title&#8221;]Zapraszamy do wsp\u00f3\u0142pracy przewo\u017anik\u00f3w posiadaj\u0105cych Samochody Dostawcze DMC 3,5 t. oraz przewo\u017anik\u00f3w z poci\u0105gami 13,6m \/ 24t. (ref., tent).[\/vc_column_text][vc_column_text el_class=&#8221;hr-tel call-link&#8221;]+48 608 558 009[\/vc_column_text][vc_btn title=&#8221;Z\u0142\u00f3\u017c wniosek ju\u017c teraz&#8221; color=&#8221;default&#8221; align=&#8221;center&#8221; el_class=&#8221;main-button blue-button order-service-btn&#8221; link=&#8221;url:%23|||&#8221;][\/vc_column][vc_column width=&#8221;1\/2&#8243; el_class=&#8221;drive-img-col&#8221; offset=&#8221;vc_col-lg-6 vc_col-md-12 [&hellip;]<\/p>\n","protected":false},"author":5,"featured_media":4371,"parent":3731,"menu_order":6,"comment_status":"closed","ping_status":"closed","template":"","meta":{"footnotes":""},"class_list":["post-4057","page","type-page","status-publish","has-post-thumbnail","hentry"],"aioseo_notices":[],"_links":{"self":[{"href":"https:\/\/one.speedixa.com\/pl\/wp-json\/wp\/v2\/pages\/4057","targetHints":{"allow":["GET"]}}],"collection":[{"href":"https:\/\/one.speedixa.com\/pl\/wp-json\/wp\/v2\/pages"}],"about":[{"href":"https:\/\/one.speedixa.com\/pl\/wp-json\/wp\/v2\/types\/page"}],"author":[{"embeddable":true,"href":"https:\/\/one.speedixa.com\/pl\/wp-json\/wp\/v2\/users\/5"}],"replies":[{"embeddable":true,"href":"https:\/\/one.speedixa.com\/pl\/wp-json\/wp\/v2\/comments?post=4057"}],"version-history":[{"count":1,"href":"https:\/\/one.speedixa.com\/pl\/wp-json\/wp\/v2\/pages\/4057\/revisions"}],"predecessor-version":[{"id":15936,"href":"https:\/\/one.speedixa.com\/pl\/wp-json\/wp\/v2\/pages\/4057\/revisions\/15936"}],"up":[{"embeddable":true,"href":"https:\/\/one.speedixa.com\/pl\/wp-json\/wp\/v2\/pages\/3731"}],"wp:featuredmedia":[{"embeddable":true,"href":"https:\/\/one.speedixa.com\/pl\/wp-json\/wp\/v2\/media\/4371"}],"wp:attachment":[{"href":"https:\/\/one.speedixa.com\/pl\/wp-json\/wp\/v2\/media?parent=4057"}],"curies":[{"name":"wp","href":"https:\/\/api.w.org\/{rel}","templated":true}]}}