{"id":3845,"date":"2021-09-16T14:52:08","date_gmt":"2021-09-16T14:52:08","guid":{"rendered":"https:\/\/one.speedixa.com\/?page_id=3845"},"modified":"2026-03-05T13:22:43","modified_gmt":"2026-03-05T13:22:43","slug":"academy","status":"publish","type":"page","link":"https:\/\/one.speedixa.com\/pl\/career\/academy\/","title":{"rendered":"Akademia Sprzeda\u017cy Magistral"},"content":{"rendered":"<div class=\"wpb-content-wrapper\"><p>[vc_row full_width=&#8221;stretch_row_content_no_spaces&#8221; el_id=&#8221;drivers&#8221; el_class=&#8221;drivers-career-page right-image-bg&#8221;][vc_column width=&#8221;1\/2&#8243; el_class=&#8221;to-drivers-text about-us-col right-image-bg_left-text col-pseudo-el&#8221; offset=&#8221;vc_col-lg-6 vc_col-md-12 vc_col-xs-12&#8243; css=&#8221;.vc_custom_1561969566032{background-color: #FF1100 !important;}&#8221;]<div class=\"porto-u-heading block-title block-left-title block-title_light-pseudo  wpb_custom_95aa9a11c17ad45cfabaf210d84ee7cc porto-u-ad87e2eaf3f9c495180fe0156ddf3eb0 \"><div class=\"porto-u-main-heading\"><h2  >Akademia Sprzeda\u017cy<\/h2><\/div><div class=\"porto-u-sub-heading\" style=\"\">Speedixa<\/div><style>.porto-u-ad87e2eaf3f9c495180fe0156ddf3eb0.porto-u-heading{text-align:left}<\/style><\/div>[vc_column_text el_class=&#8221;drivers-under-title career-under-title&#8221;]Akademia Speedixa powsta\u0142a z my\u015bl\u0105 o kandydatach rozpoczynaj\u0105cych karier\u0119 zawodow\u0105.[\/vc_column_text][vc_column_text el_class=&#8221;hr-tel call-link&#8221;]<a class=\"call-us\" href=\"tel:+48660517489\">+48 660 517 489<\/a>[\/vc_column_text][vc_btn title=&#8221;Z\u0142\u00f3\u017c wniosek ju\u017c teraz&#8221; color=&#8221;default&#8221; align=&#8221;center&#8221; el_class=&#8221;transparent main-button resume-form_btn&#8221; link=&#8221;url:%23|||&#8221; el_id=&#8221;resume&#8221;][\/vc_column][vc_column width=&#8221;1\/2&#8243; el_class=&#8221;drive-img-col&#8221; offset=&#8221;vc_col-lg-6 vc_col-md-12 vc_col-xs-12&#8243; css=&#8221;.vc_custom_1634030132977{background-image: url(https:\/\/one.speedixa.com\/wp-content\/uploads\/2021\/10\/akadem.jpg?id=4398) !important;background-position: center !important;background-repeat: no-repeat !important;background-size: cover !important;}&#8221;][vc_single_image image=&#8221;4398&#8243; img_size=&#8221;full&#8221; alignment=&#8221;right&#8221; el_class=&#8221;drive-img&#8221;][\/vc_column][\/vc_row][vc_row][vc_column][vc_column_text el_class=&#8221;career-text&#8221;]<\/p>\n<p style=\"text-align: left;\">Nasz program szkoleniowy skierowany jest do m\u0142odych ludzi \u0142\u0105cz\u0105cych swoj\u0105 przysz\u0142o\u015b\u0107 z bran\u017c\u0105 TSL (Transport, Spedycja, Logistyka). Otwieramy nasze drzwi przed wszystkimi, kt\u00f3rzy chc\u0105 si\u0119 uczy\u0107 zorientowani na ci\u0105g\u0142y rozw\u00f3j swoich umiej\u0119tno\u015bci, otwarci na nowe wyzwania i nastawieni na prac\u0119 i osi\u0105ganie rezultat\u00f3w.<\/p>\n<p style=\"text-align: left;\">Dajemy Ci mo\u017cliwo\u015b\u0107 zdobycia prawdziwego do\u015bwiadczenia, nawi\u0105zania kontakt\u00f3w z prawdziwymi klientami pod okiem do\u015bwiadczonego mentora. Akademia MAGISTRAL to szansa na wyj\u015bcie na pe\u0142ne morze logistyki bez ryzyka!<\/p>\n<p style=\"text-align: left;\"><strong><span style=\"font-size: 11.5pt; font-family: Helvetica; color: #2c3137; letter-spacing: -.25pt;\">Wcze\u015bniejsze do\u015bwiadczenie w bran\u017cy TSL nie jest warunkiem wst\u0119pnym. Program ma charakter sta\u0142y-zapraszamy kandydat\u00f3w do sk\u0142adania wniosk\u00f3w przez ca\u0142y rok!<\/span><\/strong><\/p>\n<p>[\/vc_column_text][\/vc_column][\/vc_row][vc_row full_width=&#8221;stretch_row&#8221; el_id=&#8221;order&#8221; el_class=&#8221;career-order_row main-order-arrow&#8221;][vc_column width=&#8221;1\/2&#8243; el_class=&#8221;content-col content-col__career&#8221;][vc_custom_heading text=&#8221;Chcesz osi\u0105gn\u0105\u0107<br \/>\nsukces zawodowy?&#8221; use_theme_fonts=&#8221;yes&#8221; el_class=&#8221;order-title career__order-title&#8221;][vc_custom_heading text=&#8221;Zadbaj o to, aby kierowa\u0107<br \/>\nswoj\u0105 karier\u0119 we w\u0142a\u015bciwym kierunku!&#8221; font_container=&#8221;tag:h3|text_align:left&#8221; use_theme_fonts=&#8221;yes&#8221; el_class=&#8221;order-undertitle&#8221;][\/vc_column][vc_column width=&#8221;1\/2&#8243; el_class=&#8221;call-info-col order__link-col&#8221;][vc_custom_heading text=&#8221;Dzia\u0142 kadr&#8221; font_container=&#8221;tag:h6|text_align:left&#8221; use_theme_fonts=&#8221;yes&#8221;][vc_column_text el_class=&#8221;call-link&#8221;]<a class=\"call-us\" href=\"tel:+48660517489\">+48 660 517 489<\/a>[\/vc_column_text][vc_column_text el_class=&#8221;mail-link&#8221;]<a href=\"mailto:HR@one.speedixa.com\">HR@one.speedixa.com<\/a>[\/vc_column_text][vc_btn title=&#8221;Zostaw zg\u0142oszenie&#8221; color=&#8221;default&#8221; align=&#8221;center&#8221; el_class=&#8221;main-button blue-button resume-form_btn&#8221; link=&#8221;url:%23|||&#8221;][\/vc_column][\/vc_row][vc_row el_id=&#8221;faq-row&#8221;][vc_column][vc_custom_heading text=&#8221;FAQ&#8221; font_container=&#8221;tag:h4|text_align:left&#8221; use_theme_fonts=&#8221;yes&#8221; el_class=&#8221;block-title block-left-title&#8221;][vc_tta_accordion style=&#8221;flat&#8221; shape=&#8221;square&#8221; c_icon=&#8221;chevron&#8221; c_position=&#8221;right&#8221; active_section=&#8221;1&#8243; el_class=&#8221;faq-section&#8221;][vc_tta_section title=&#8221;Jakie j\u0119zyki powinienem zna\u0107?&#8221; tab_id=&#8221;1557841898160-96ac22da-b4fe93e4-e1fe6e57-50c2&#8243; el_class=&#8221;faq-section__item&#8221;][vc_column_text el_class=&#8221;faq-item-text&#8221;]Rosyjski + dowolny inny j\u0119zyk obcy na poziomie komunikatywnym[\/vc_column_text][\/vc_tta_section][vc_tta_section title=&#8221;Jaki jest termin szkolenia?&#8221; tab_id=&#8221;1557842101457-7e6cfe2d-341093e4-e1fe6e57-50c2&#8243; el_class=&#8221;faq-section__item&#8221;][vc_column_text el_class=&#8221;faq-item-text&#8221;]Termin szkolenia jest indywidualny. Kto\u015b potrzebuje tygodnia, a kto\u015b miesi\u0105ca. Wszystko zale\u017cy od ciebie![\/vc_column_text][\/vc_tta_section][vc_tta_section title=&#8221;Cz\u0119sto zadawane pytanie&#8221; tab_id=&#8221;1640087168603-7025031a-d1cf6e57-50c2&#8243; el_class=&#8221;faq-section__item&#8221;][vc_column_text el_class=&#8221;faq-item-text&#8221;]Termin szkolenia jest indywidualny. Kto\u015b potrzebuje tygodnia, a kto\u015b miesi\u0105ca. Wszystko zale\u017cy od ciebie![\/vc_column_text][\/vc_tta_section][vc_tta_section title=&#8221;Je\u015bli nie mam odpowiedniego wykszta\u0142cenia i do\u015bwiadczenia?&#8221; tab_id=&#8221;1557842101221-773c65e3-ecfb93e4-e1fe6e57-50c2&#8243; el_class=&#8221;faq-section__item&#8221;][vc_column_text el_class=&#8221;faq-item-text&#8221;]Do\u015bwiadczenie i wykszta\u0142cenie w logistyce nie jest wymagane[\/vc_column_text][\/vc_tta_section][\/vc_tta_accordion][\/vc_column][\/vc_row]<\/p>\n<\/div>","protected":false},"excerpt":{"rendered":"<p>[vc_row full_width=&#8221;stretch_row_content_no_spaces&#8221; el_id=&#8221;drivers&#8221; el_class=&#8221;drivers-career-page right-image-bg&#8221;][vc_column width=&#8221;1\/2&#8243; el_class=&#8221;to-drivers-text about-us-col right-image-bg_left-text col-pseudo-el&#8221; offset=&#8221;vc_col-lg-6 vc_col-md-12 vc_col-xs-12&#8243; css=&#8221;.vc_custom_1561969566032{background-color: #FF1100 !important;}&#8221;][vc_column_text el_class=&#8221;drivers-under-title career-under-title&#8221;]Akademia Speedixa powsta\u0142a z my\u015bl\u0105 o kandydatach rozpoczynaj\u0105cych karier\u0119 zawodow\u0105.[\/vc_column_text][vc_column_text el_class=&#8221;hr-tel call-link&#8221;]+48 660 517 489[\/vc_column_text][vc_btn title=&#8221;Z\u0142\u00f3\u017c wniosek ju\u017c teraz&#8221; color=&#8221;default&#8221; align=&#8221;center&#8221; el_class=&#8221;transparent main-button resume-form_btn&#8221; link=&#8221;url:%23|||&#8221; el_id=&#8221;resume&#8221;][\/vc_column][vc_column width=&#8221;1\/2&#8243; el_class=&#8221;drive-img-col&#8221; offset=&#8221;vc_col-lg-6 vc_col-md-12 vc_col-xs-12&#8243; css=&#8221;.vc_custom_1634030132977{background-image: url(https:\/\/one.speedixa.com\/wp-content\/uploads\/2021\/10\/akadem.jpg?id=4398) !important;background-position: center !important;background-repeat: no-repeat !important;background-size: [&hellip;]<\/p>\n","protected":false},"author":5,"featured_media":4398,"parent":15807,"menu_order":53,"comment_status":"closed","ping_status":"closed","template":"","meta":{"footnotes":""},"class_list":["post-3845","page","type-page","status-publish","has-post-thumbnail","hentry"],"aioseo_notices":[],"_links":{"self":[{"href":"https:\/\/one.speedixa.com\/pl\/wp-json\/wp\/v2\/pages\/3845","targetHints":{"allow":["GET"]}}],"collection":[{"href":"https:\/\/one.speedixa.com\/pl\/wp-json\/wp\/v2\/pages"}],"about":[{"href":"https:\/\/one.speedixa.com\/pl\/wp-json\/wp\/v2\/types\/page"}],"author":[{"embeddable":true,"href":"https:\/\/one.speedixa.com\/pl\/wp-json\/wp\/v2\/users\/5"}],"replies":[{"embeddable":true,"href":"https:\/\/one.speedixa.com\/pl\/wp-json\/wp\/v2\/comments?post=3845"}],"version-history":[{"count":1,"href":"https:\/\/one.speedixa.com\/pl\/wp-json\/wp\/v2\/pages\/3845\/revisions"}],"predecessor-version":[{"id":15924,"href":"https:\/\/one.speedixa.com\/pl\/wp-json\/wp\/v2\/pages\/3845\/revisions\/15924"}],"up":[{"embeddable":true,"href":"https:\/\/one.speedixa.com\/pl\/wp-json\/wp\/v2\/pages\/15807"}],"wp:featuredmedia":[{"embeddable":true,"href":"https:\/\/one.speedixa.com\/pl\/wp-json\/wp\/v2\/media\/4398"}],"wp:attachment":[{"href":"https:\/\/one.speedixa.com\/pl\/wp-json\/wp\/v2\/media?parent=3845"}],"curies":[{"name":"wp","href":"https:\/\/api.w.org\/{rel}","templated":true}]}}