{"id":3731,"date":"2021-09-15T10:02:41","date_gmt":"2021-09-15T10:02:41","guid":{"rendered":"https:\/\/one.speedixa.com\/?page_id=3731"},"modified":"2026-03-05T13:22:43","modified_gmt":"2026-03-05T13:22:43","slug":"carriers","status":"publish","type":"page","link":"https:\/\/one.speedixa.com\/pl\/carriers\/","title":{"rendered":"Dla przewo\u017anik\u00f3w"},"content":{"rendered":"<div class=\"wpb-content-wrapper\"><p>[vc_row el_class=&#8221;services-title&#8221;][vc_column][vc_custom_heading text=&#8221;Dla przewo\u017anik\u00f3w&#8221; font_container=&#8221;tag:h4|text_align:center&#8221; use_theme_fonts=&#8221;yes&#8221; el_class=&#8221;block-title&#8221;][\/vc_column][\/vc_row][vc_row el_class=&#8221;service-previews&#8221;][vc_column el_class=&#8221;service-previews_block&#8221; offset=&#8221;vc_col-lg-6 vc_col-md-12 vc_col-xs-12&#8243;][vc_empty_space height=&#8221;290px&#8221; el_class=&#8221;service-previews_block-img&#8221; css=&#8221;.vc_custom_1646640012733{background-image: url(https:\/\/one.speedixa.com\/wp-content\/uploads\/2021\/10\/8.jpg?id=4371) !important;background-position: center !important;background-repeat: no-repeat !important;background-size: cover !important;}&#8221;][vc_custom_heading text=&#8221;Wsp\u00f3\u0142praca&#8221; font_container=&#8221;tag:h6|text_align:left&#8221; use_theme_fonts=&#8221;yes&#8221; el_class=&#8221;service-previews_block-title&#8221; link=&#8221;url:%2Fcarriers%2Fcooperation%2F&#8221;]<div class=\"porto-just-icon-wrapper porto-sicon-img porto-icon-pos-left service-previews_block-icon porto-icon-739599a1f586473197e4d01c03c680cb\" style=\"font-size: 42px;\"><img decoding=\"async\" class=\"img-icon\" alt=\"\" src=\"https:\/\/one.speedixa.com\/wp-content\/uploads\/2022\/03\/handshake.png\" width=\"100\" height=\"100\" \/><\/div>[vc_column_text el_class=&#8221;service-previews_block-list textsline&#8221;]Zapraszamy do wsp\u00f3\u0142pracy przewo\u017anik\u00f3w posiadaj\u0105cych Samochody Dostawcze DMC 3,5 t. oraz przewo\u017anik\u00f3w z poci\u0105gami 13,6 m \/ 24 T. (ref., tent).[\/vc_column_text][\/vc_column][vc_column el_class=&#8221;service-previews_block&#8221; offset=&#8221;vc_col-lg-6 vc_col-md-12 vc_col-xs-12&#8243;][vc_empty_space height=&#8221;290px&#8221; el_class=&#8221;service-previews_block-img&#8221; css=&#8221;.vc_custom_1646641479688{background-image: url(https:\/\/one.speedixa.com\/wp-content\/uploads\/2021\/10\/71.jpg?id=4364) !important;background-position: center !important;background-repeat: no-repeat !important;background-size: cover !important;}&#8221;][vc_custom_heading text=&#8221;Wynajem ci\u0105gnik\u00f3w siod\u0142owych&#8221; font_container=&#8221;tag:h6|text_align:left&#8221; use_theme_fonts=&#8221;yes&#8221; el_class=&#8221;service-previews_block-title&#8221; link=&#8221;url:%2Fcarriers%2Farenda-tyagachej%2F&#8221;]<div class=\"porto-just-icon-wrapper porto-sicon-img porto-icon-pos-left service-previews_block-icon porto-icon-739599a1f586473197e4d01c03c680cb\" style=\"font-size: 35px;\"><img decoding=\"async\" class=\"img-icon\" alt=\"\" src=\"https:\/\/one.speedixa.com\/wp-content\/uploads\/2022\/03\/key.png\" width=\"100\" height=\"100\" \/><\/div>[vc_column_text el_class=&#8221;service-previews_block-list textsline&#8221;]Z nami Masz mo\u017cliwo\u015b\u0107 dynamicznego powi\u0119kszania floty transportowej bez wi\u0119kszych inwestycji pocz\u0105tkowych[\/vc_column_text][\/vc_column][\/vc_row][vc_row el_class=&#8221;service-previews&#8221;][vc_column el_class=&#8221;service-previews_block&#8221; offset=&#8221;vc_col-lg-6 vc_col-md-12 vc_col-xs-12&#8243;][vc_empty_space height=&#8221;290px&#8221; el_class=&#8221;service-previews_block-img&#8221; css=&#8221;.vc_custom_1646642789508{background-image: url(https:\/\/one.speedixa.com\/wp-content\/uploads\/2021\/10\/5.jpg?id=4375) !important;background-position: center !important;background-repeat: no-repeat !important;background-size: cover !important;}&#8221;][vc_custom_heading text=&#8221;KARTY PALIWOWE DLA PARTNER\u00d3W&#8221; font_container=&#8221;tag:h6|text_align:left&#8221; use_theme_fonts=&#8221;yes&#8221; el_class=&#8221;service-previews_block-title&#8221; link=&#8221;url:%2Fcarriers%2Ftoplivnye-karty%2F&#8221;]<div class=\"porto-just-icon-wrapper porto-sicon-img porto-icon-pos-left service-previews_block-icon porto-icon-739599a1f586473197e4d01c03c680cb\" style=\"font-size: 42px;\"><img decoding=\"async\" class=\"img-icon\" alt=\"\" src=\"https:\/\/one.speedixa.com\/wp-content\/uploads\/2022\/03\/refuel.png\" width=\"100\" height=\"100\" \/><\/div>[vc_column_text el_class=&#8221;service-previews_block-list textsline&#8221;]Nasi partnerzy maj\u0105 mo\u017cliwo\u015b\u0107 otrzymania kart paliwowych na preferencyjnych warunkach do tankowania paliwa i uiszczania op\u0142at drogowych w UE[\/vc_column_text][\/vc_column][vc_column el_class=&#8221;service-previews_block&#8221; offset=&#8221;vc_col-lg-6 vc_col-md-12 vc_col-xs-12&#8243;][vc_empty_space height=&#8221;290px&#8221; el_class=&#8221;service-previews_block-img&#8221; css=&#8221;.vc_custom_1646643124758{background-image: url(https:\/\/one.speedixa.com\/wp-content\/uploads\/2021\/10\/cons2.jpg?id=4402) !important;background-position: center !important;background-repeat: no-repeat !important;background-size: cover !important;}&#8221;][vc_custom_heading text=&#8221;Doradztwo transportowe dla TSL w Europie&#8221; font_container=&#8221;tag:h6|text_align:left&#8221; use_theme_fonts=&#8221;yes&#8221; el_class=&#8221;service-previews_block-title&#8221; link=&#8221;url:%2Fcarriers%2Ftransportnyj-konsalting%2F&#8221;]<div class=\"porto-just-icon-wrapper porto-sicon-img porto-icon-pos-left service-previews_block-icon porto-icon-739599a1f586473197e4d01c03c680cb\" style=\"font-size: 42px;\"><img decoding=\"async\" class=\"img-icon\" alt=\"\" src=\"https:\/\/one.speedixa.com\/wp-content\/uploads\/2022\/03\/consultation.png\" width=\"100\" height=\"100\" \/><\/div>[vc_column_text el_class=&#8221;service-previews_block-list textsline&#8221;]Pomo\u017cemy Ci stworzy\u0107 przewag\u0119 konkurencyjn\u0105 i zwi\u0119kszy\u0107 efektywno\u015b\u0107 Twojej firmy[\/vc_column_text][\/vc_column][\/vc_row][vc_row el_class=&#8221;service-previews&#8221;][vc_column el_class=&#8221;service-previews_block&#8221; offset=&#8221;vc_col-lg-6 vc_col-md-12 vc_col-xs-12&#8243;][vc_empty_space height=&#8221;290px&#8221; el_class=&#8221;service-previews_block-img&#8221; css=&#8221;.vc_custom_1646644481660{background-image: url(https:\/\/one.speedixa.com\/wp-content\/uploads\/2021\/10\/6.jpg?id=4372) !important;background-position: center !important;background-repeat: no-repeat !important;background-size: cover !important;}&#8221;][vc_custom_heading text=&#8221;POMOC PRZY MANDATACH I WYPADKACH&#8221; font_container=&#8221;tag:h6|text_align:left&#8221; use_theme_fonts=&#8221;yes&#8221; el_class=&#8221;service-previews_block-title&#8221; link=&#8221;url:%2Fcarriers%2Fpomoshh-pri-shtrafah-i-dtp%2F&#8221;]<div class=\"porto-just-icon-wrapper porto-sicon-img porto-icon-pos-left service-previews_block-icon porto-icon-739599a1f586473197e4d01c03c680cb\" style=\"font-size: 42px;\"><img decoding=\"async\" class=\"img-icon\" alt=\"\" src=\"https:\/\/one.speedixa.com\/wp-content\/uploads\/2022\/03\/accident.png\" width=\"100\" height=\"100\" \/><\/div>[vc_column_text el_class=&#8221;service-previews_block-list textsline&#8221;]Wsp\u00f3\u0142pracuj\u0105c z nami b\u0119dziesz mia\u0142 mo\u017cliwo\u015b\u0107 znacznego obni\u017cenia koszt\u00f3w zwi\u0105zanych z grzywnami, wypadkami drogowymi i aresztowaniem pojazd\u00f3w w Europie.[\/vc_column_text][\/vc_column][vc_column el_class=&#8221;service-previews_block&#8221; offset=&#8221;vc_col-lg-6 vc_col-md-12 vc_col-xs-12&#8243;][vc_empty_space height=&#8221;290px&#8221; el_class=&#8221;service-previews_block-img&#8221; css=&#8221;.vc_custom_1646645810344{background-image: url(https:\/\/one.speedixa.com\/wp-content\/uploads\/2021\/12\/Parkplatz2.jpg?id=5261) !important;background-position: center !important;background-repeat: no-repeat !important;background-size: cover !important;}&#8221;][vc_custom_heading text=&#8221;TIR parking dla Partner\u00f3w&#8221; font_container=&#8221;tag:h6|text_align:left&#8221; use_theme_fonts=&#8221;yes&#8221; el_class=&#8221;service-previews_block-title&#8221; link=&#8221;url:%2Fcarriers%2Fparking%2F&#8221;]<div class=\"porto-just-icon-wrapper porto-sicon-img porto-icon-pos-left service-previews_block-icon porto-icon-739599a1f586473197e4d01c03c680cb\" style=\"font-size: 42px;\"><img decoding=\"async\" class=\"img-icon\" alt=\"\" src=\"https:\/\/one.speedixa.com\/wp-content\/uploads\/2022\/03\/parking.png\" width=\"100\" height=\"100\" \/><\/div>[vc_column_text el_class=&#8221;service-previews_block-list textsline&#8221;]Nasi klienci i Partnerzy maj\u0105 dost\u0119p do bezpiecznego parkingu w Cz\u0119stochowie dla pojazd\u00f3w ci\u0119\u017carowych.[\/vc_column_text][\/vc_column][\/vc_row][vc_row full_width=&#8221;stretch_row&#8221; el_id=&#8221;order&#8221; el_class=&#8221;services-order-row main-order-arrow&#8221;][vc_column width=&#8221;1\/2&#8243; el_class=&#8221;content-col&#8221;][vc_custom_heading text=&#8221;Masz pytania<br \/>\nlub chcesz<br \/>\nwsp\u00f3\u0142pracowa\u0107 z nami?&#8221; use_theme_fonts=&#8221;yes&#8221; el_class=&#8221;order-title&#8221;][\/vc_column][vc_column width=&#8221;1\/2&#8243; el_class=&#8221;call-info-col&#8221;][vc_custom_heading text=&#8221;Zadzwo\u0144 do nas teraz&#8221; font_container=&#8221;tag:h6|text_align:center&#8221; use_theme_fonts=&#8221;yes&#8221;][vc_column_text el_class=&#8221;call-link&#8221;]<a href=\"tel:+48+34+311+12+50\" target=\"_blank\" rel=\"noopener\">+48 34 311 12 50<\/a><\/p>\n<p>[\/vc_column_text][vc_btn title=&#8221;Zostaw zg\u0142oszenie&#8221; color=&#8221;default&#8221; align=&#8221;center&#8221; el_class=&#8221;main-button blue-button order-service-btn&#8221; link=&#8221;url:%23|||&#8221;][\/vc_column][\/vc_row]<\/p>\n<\/div>","protected":false},"excerpt":{"rendered":"<p>[vc_row el_class=&#8221;services-title&#8221;][vc_column][vc_custom_heading text=&#8221;Dla przewo\u017anik\u00f3w&#8221; font_container=&#8221;tag:h4|text_align:center&#8221; use_theme_fonts=&#8221;yes&#8221; el_class=&#8221;block-title&#8221;][\/vc_column][\/vc_row][vc_row el_class=&#8221;service-previews&#8221;][vc_column el_class=&#8221;service-previews_block&#8221; offset=&#8221;vc_col-lg-6 vc_col-md-12 vc_col-xs-12&#8243;][vc_empty_space height=&#8221;290px&#8221; el_class=&#8221;service-previews_block-img&#8221; css=&#8221;.vc_custom_1646640012733{background-image: url(https:\/\/one.speedixa.com\/wp-content\/uploads\/2021\/10\/8.jpg?id=4371) !important;background-position: center !important;background-repeat: no-repeat !important;background-size: cover !important;}&#8221;][vc_custom_heading text=&#8221;Wsp\u00f3\u0142praca&#8221; font_container=&#8221;tag:h6|text_align:left&#8221; use_theme_fonts=&#8221;yes&#8221; el_class=&#8221;service-previews_block-title&#8221; link=&#8221;url:%2Fcarriers%2Fcooperation%2F&#8221;][vc_column_text el_class=&#8221;service-previews_block-list textsline&#8221;]Zapraszamy do wsp\u00f3\u0142pracy przewo\u017anik\u00f3w posiadaj\u0105cych Samochody Dostawcze DMC 3,5 t. oraz przewo\u017anik\u00f3w z poci\u0105gami 13,6 m \/ 24 T. (ref., tent).[\/vc_column_text][\/vc_column][vc_column el_class=&#8221;service-previews_block&#8221; offset=&#8221;vc_col-lg-6 vc_col-md-12 vc_col-xs-12&#8243;][vc_empty_space height=&#8221;290px&#8221; [&hellip;]<\/p>\n","protected":false},"author":5,"featured_media":2772,"parent":0,"menu_order":4,"comment_status":"closed","ping_status":"closed","template":"","meta":{"footnotes":""},"class_list":["post-3731","page","type-page","status-publish","has-post-thumbnail","hentry"],"aioseo_notices":[],"_links":{"self":[{"href":"https:\/\/one.speedixa.com\/pl\/wp-json\/wp\/v2\/pages\/3731","targetHints":{"allow":["GET"]}}],"collection":[{"href":"https:\/\/one.speedixa.com\/pl\/wp-json\/wp\/v2\/pages"}],"about":[{"href":"https:\/\/one.speedixa.com\/pl\/wp-json\/wp\/v2\/types\/page"}],"author":[{"embeddable":true,"href":"https:\/\/one.speedixa.com\/pl\/wp-json\/wp\/v2\/users\/5"}],"replies":[{"embeddable":true,"href":"https:\/\/one.speedixa.com\/pl\/wp-json\/wp\/v2\/comments?post=3731"}],"version-history":[{"count":1,"href":"https:\/\/one.speedixa.com\/pl\/wp-json\/wp\/v2\/pages\/3731\/revisions"}],"predecessor-version":[{"id":15868,"href":"https:\/\/one.speedixa.com\/pl\/wp-json\/wp\/v2\/pages\/3731\/revisions\/15868"}],"wp:featuredmedia":[{"embeddable":true,"href":"https:\/\/one.speedixa.com\/pl\/wp-json\/wp\/v2\/media\/2772"}],"wp:attachment":[{"href":"https:\/\/one.speedixa.com\/pl\/wp-json\/wp\/v2\/media?parent=3731"}],"curies":[{"name":"wp","href":"https:\/\/api.w.org\/{rel}","templated":true}]}}