{"id":3373,"date":"2020-08-27T14:58:45","date_gmt":"2020-08-27T14:58:45","guid":{"rendered":"https:\/\/one.speedixa.com\/?page_id=3373"},"modified":"2026-03-05T13:22:42","modified_gmt":"2026-03-05T13:22:42","slug":"express-delivery-up-to-3-5t","status":"publish","type":"page","link":"https:\/\/one.speedixa.com\/pl\/services\/express-delivery-up-to-3-5t\/","title":{"rendered":"Busy o DMC do 3,5 t"},"content":{"rendered":"<div class=\"wpb-content-wrapper\"><p>[vc_row full_width=&#8221;stretch_row_content_no_spaces&#8221; el_id=&#8221;intro&#8221; el_class=&#8221;row-with-image-col right-image-bg standart-cargo cargo-services-intro&#8221;][vc_column el_class=&#8221;about-us-col about-us-col-float&#8221; offset=&#8221;vc_col-lg-6 vc_col-md-12 vc_col-xs-12&#8243;][vc_custom_heading text=&#8221;EKSPRESOWA WYSY\u0141KA<br \/>\nBusy o DMC do 3,5 t&#8221; font_container=&#8221;tag:h4|text_align:left&#8221; use_theme_fonts=&#8221;yes&#8221; el_class=&#8221;block-title block-left-title&#8221;][vc_column_text el_class=&#8221;about-us-text&#8221;]Jednym z kierunk\u00f3w naszej firmy jest mi\u0119dzynarodowy transport ekspresowy ci\u0119\u017car\u00f3wkami o \u0142adowno\u015bci do 3,5 tony. Ta us\u0142uga zosta\u0142a stworzona, aby pom\u00f3c naszym klientom w dostarczaniu ich \u0142adunk\u00f3w jeszcze szybciej, poniewa\u017c furgonetki mog\u0105 pokonywa\u0107 dystans 1000 km w 8 godzin, a tak\u017ce nie ma ogranicze\u0144 w transporcie w weekendy i \u015bwi\u0119ta.<\/p>\n<p>Oferujemy szeroki zakres us\u0142ug, takich jak: Kabota\u017c, Drop Shipping, Transport cz\u0119\u015bciowy, transport kontrolowany temperatur\u0105, transport towar\u00f3w niebezpiecznych (ADR).<\/p>\n<p>Ca\u0142y proces dostawy jest kontrolowany przez mened\u017cer\u00f3w, kt\u00f3rzy w czasie rzeczywistym widz\u0105 wszystkie samochody i przewo\u017cone w nich \u0142adunki.[\/vc_column_text][vc_btn title=&#8221;ZAM\u00d3W TRANSPORT&#8221; color=&#8221;default&#8221; align=&#8221;center&#8221; el_class=&#8221;main-button blue-button order-service-btn&#8221; link=&#8221;url:%23|||&#8221;][\/vc_column][vc_column el_class=&#8221;col-with-background col-with-background-cover&#8221; offset=&#8221;vc_col-lg-6 vc_col-md-12 vc_col-xs-12&#8243; css=&#8221;.vc_custom_1598890012303{background-image: url(https:\/\/one.speedixa.com\/wp-content\/uploads\/2020\/08\/Magistral-transport-logo-sprinter.jpg?id=3437) !important;}&#8221;][vc_single_image image=&#8221;3437&#8243; img_size=&#8221;full&#8221; el_class=&#8221;intro-photo&#8221;][\/vc_column][\/vc_row][vc_row full_width=&#8221;stretch_row_content_no_spaces&#8221; el_id=&#8221;cargo-kinds&#8221; el_class=&#8221;cargo-kinds_row&#8221;][vc_column el_class=&#8221;left-blue-col angle-arrows-col&#8221; css=&#8221;.vc_custom_1561362838122{background-color: #FF1100 !important;}&#8221; offset=&#8221;vc_col-lg-6 vc_col-md-12 vc_col-xs-12&#8243;][vc_custom_heading text=&#8221;Rodzaje \u0142adunk\u00f3w&#8221; font_container=&#8221;tag:h4|text_align:left&#8221; use_theme_fonts=&#8221;yes&#8221; el_class=&#8221;block-title block-left-title&#8221;][vc_column_text el_class=&#8221;cargo-kinds_list&#8221;]<\/p>\n<ul>\n<li><em><img decoding=\"async\" src=\"\/wp-content\/uploads\/2019\/04\/06-icon-builds.png\" alt=\"\" \/><\/em>Towary o wysokiej warto\u015bci<\/li>\n<li><em><img decoding=\"async\" src=\"\/wp-content\/uploads\/2019\/04\/06-icon-builds.png\" alt=\"\" \/><\/em>Farmaceutyka<\/li>\n<li><em><img decoding=\"async\" src=\"\/wp-content\/uploads\/2019\/04\/06-icon-builds.png\" alt=\"\" \/><\/em>Dobra niebezpieczne (ADR)<\/li>\n<li><em><img decoding=\"async\" src=\"\/wp-content\/uploads\/2019\/04\/06-icon-builds.png\" alt=\"\" \/><\/em>Paczki (pocztowe)<\/li>\n<li><em><img decoding=\"async\" src=\"\/wp-content\/uploads\/2019\/04\/06-icon-builds.png\" alt=\"\" \/><\/em>Cz\u0119\u015bci do samolot\u00f3w<\/li>\n<li><em><img decoding=\"async\" src=\"\/wp-content\/uploads\/2019\/04\/06-icon-builds.png\" alt=\"\" \/><\/em>Firmy motoryzacyjne<\/li>\n<\/ul>\n<p>[\/vc_column_text][\/vc_column][vc_column el_class=&#8221;right-grey-col&#8221; css=&#8221;.vc_custom_1561362849878{background-color: #f2f2f2 !important;}&#8221; offset=&#8221;vc_col-lg-6 vc_col-md-12 vc_col-xs-12&#8243;][vc_custom_heading text=&#8221;g\u0142\u00f3wni klienci&#8221; font_container=&#8221;tag:h4|text_align:left&#8221; use_theme_fonts=&#8221;yes&#8221; el_class=&#8221;block-title block-left-title&#8221;][vc_column_text el_class=&#8221;cargo-kinds_klients&#8221;]<\/p>\n<ul>\n<li><em><img decoding=\"async\" src=\"\/wp-content\/uploads\/2019\/06\/68-list-marker.png\" alt=\"\" \/><\/em>Firmy handlowe<\/li>\n<li><em><img decoding=\"async\" src=\"\/wp-content\/uploads\/2019\/06\/68-list-marker.png\" alt=\"\" \/><\/em>Producenci \u017cywno\u015bci<\/li>\n<li><em><img decoding=\"async\" src=\"\/wp-content\/uploads\/2019\/06\/68-list-marker.png\" alt=\"\" \/><\/em>Firmy farmaceutyczne<\/li>\n<li><em><img decoding=\"async\" src=\"\/wp-content\/uploads\/2019\/06\/68-list-marker.png\" alt=\"\" \/><\/em>E-Commerce<\/li>\n<\/ul>\n<p>[\/vc_column_text][\/vc_column][\/vc_row][vc_row full_width=&#8221;stretch_row&#8221; el_id=&#8221;avto-park&#8221; el_class=&#8221;cargo-services_avtopark&#8221;][vc_column][vc_row_inner content_placement=&#8221;middle&#8221; el_id=&#8221;idlistinfo&#8221; el_class=&#8221;clasinfolist&#8221; css=&#8221;.vc_custom_1657025382737{margin-bottom: 20px !important;}&#8221;][vc_column_inner width=&#8221;1\/2&#8243;][vc_custom_heading text=&#8221;Zapewniamy:&#8221; font_container=&#8221;tag:h4|text_align:left&#8221; use_theme_fonts=&#8221;yes&#8221; el_class=&#8221;block-title block-left-title&#8221;][vc_raw_html el_id=&#8221;listifno&#8221; el_class=&#8221;listtable&#8221;]JTNDdWwlMjBjbGFzcyUzRCUyMmxpc3RpbmZvc3MlMjIlM0UlMEElMjAlMjAlMjAlM0NsaSUzRVBvamF6ZCUyMHNwZWNqYWxueSUzQyUyRmxpJTNFJTBBJTIwJTIwJTIwJTNDbGklM0VEbyVDNSU5QndpYWRjem9ueSUyMGtpZXJvd2NhJTNDJTJGbGklM0UlMEElMjAlMjAlMjAlM0NsaSUzRTE1MDAlMjBrbSUyMHclMjAyNCUyMGdvZHppbnklMjAlRTIlODAlOTMlMjBnd2FyYW50b3dhbmUlM0MlMkZsaSUzRSUwQSUyMCUyMCUyMCUzQ2xpJTNFJUM1JTgxYWRvd2FuaWUlMjBkbyUyMG5pZW1hbCUyMGRvd29sbmVnbyUyMG1pZWpzY2ElMjB3JTIwRXVyb3BpZSUyMHclMjBjaSVDNCU4NWd1JTIwMiUyMGdvZHppbiUzQyUyRmxpJTNFJTBBJTIwJTIwJTIwJTNDbGklM0UyNC1nb2R6aW5uYSUyMGtvbXVuaWthY2phJTIwemUlMjBzcGVkeXRvcmVtJTNDJTJGbGklM0UlMEElMjAlMjAlMjAlM0NsaSUzRVN5c3RlbSUyMCVDNSU5QmxlZHplbmlhJTIwR1BTJTIwaSUyMGNpJUM0JTg1ZyVDNSU4MnklMjBtb25pdG9yaW5nJTNDJTJGbGklM0UlMEElM0MlMkZ1bCUzRQ==[\/vc_raw_html][\/vc_column_inner][vc_column_inner width=&#8221;1\/2&#8243;][vc_single_image image=&#8221;5972&#8243; img_size=&#8221;full&#8221;][\/vc_column_inner][\/vc_row_inner][vc_custom_heading text=&#8221;Flota&#8221; font_container=&#8221;tag:h4|text_align:left&#8221; use_theme_fonts=&#8221;yes&#8221; el_class=&#8221;block-title block-left-title&#8221;][vc_column_text el_class=&#8221;about-us-text&#8221;]<\/p>\n<p class=\"park-text\">W ka\u017cdym poje\u017adzie jest:<\/p>\n<p class=\"park-text\"><em><img decoding=\"async\" src=\"\/wp-content\/uploads\/2019\/06\/68-list-marker.png\" alt=\"\" \/>\u00a0<\/em>zestaw ADR,\u00a0\u00a0<em><img decoding=\"async\" src=\"\/wp-content\/uploads\/2019\/06\/68-list-marker.png\" alt=\"\" \/>\u00a0<\/em>8 pas\u00f3w mocuj\u0105cych towar,\u00a0\u00a0<em><img decoding=\"async\" src=\"\/wp-content\/uploads\/2019\/06\/68-list-marker.png\" alt=\"\" \/>\u00a0<\/em>maty antypo\u015blizgowe,\u00a0\u00a0<em><img decoding=\"async\" src=\"\/wp-content\/uploads\/2019\/06\/68-list-marker.png\" alt=\"\" \/>\u00a0<\/em>k\u0105towniki \/ naro\u017cniki,\u00a0\u00a0<em><img decoding=\"async\" src=\"\/wp-content\/uploads\/2019\/06\/68-list-marker.png\" alt=\"\" \/>\u00a0<\/em>\u0142a\u0144cuchy zimowe,\u00a0\u00a0<em><img decoding=\"async\" src=\"\/wp-content\/uploads\/2019\/06\/68-list-marker.png\" alt=\"\" \/>\u00a0<\/em>system monitorowania GPS<\/p>\n<p>Dzi\u0119ki temu \u015bwiadczone przez nas us\u0142ugi transportowe s\u0105 zawsze bezpieczne, najwy\u017cszej jako\u015bci i dostosowane do wszelkich potrzeb klient\u00f3w, a towary i \u0142adunki s\u0105 dostarczane do miejsca przeznaczenia bez uszkodze\u0144.[\/vc_column_text][vc_tour][vc_tab show_icon=&#8221;yes&#8221; icon_type=&#8221;image&#8221; tab_id=&#8221;f0b14716-2778-389c7-2a02028d-5e12d41f-c441&#8243; icon_image=&#8221;55&#8243; title=&#8221;1&#8243;][vc_row_inner][vc_column_inner][vc_single_image image=&#8221;3383&#8243; img_size=&#8221;full&#8221; el_class=&#8221;categories&#8221;]<div class=\"porto-u-heading category-title  wpb_custom_95aa9a11c17ad45cfabaf210d84ee7cc porto-u-ad87e2eaf3f9c495180fe0156ddf3eb0 \"><div class=\"porto-u-main-heading\"><h6  >MERCEDES-BENZ SPRINTER<\/h6><\/div><div class=\"porto-u-sub-heading\" style=\"\">5 PALET<\/div><style>.porto-u-ad87e2eaf3f9c495180fe0156ddf3eb0.porto-u-heading{text-align:left}<\/style><\/div>[vc_column_text el_class=&#8221;park-info-box&#8221;]<\/p>\n<ul>\n<li><span class=\"property\">D\u0142ugo\u015b\u0107 wewn\u0119trzna:<\/span>4,3 m<\/li>\n<li><span class=\"property\">Szeroko\u015b\u0107 wewn\u0119trzna:<\/span>1,75 m<\/li>\n<li><span class=\"property\">Wysoko\u015b\u0107 wewn\u0119trzna:<\/span>2 m<\/li>\n<li><span class=\"property\">Ud\u017awig:<\/span>1250 kg<\/li>\n<li><span class=\"property\">Powierzchnia pod\u0142ogi:<\/span>6,9 m2<\/li>\n<li><span class=\"property\">Kubatura:<\/span>14 m3<\/li>\n<li><span class=\"property\">Rodzaje pobra\u0144:<\/span>tylne, boczne<\/li>\n<\/ul>\n<p>[\/vc_column_text][\/vc_column_inner][\/vc_row_inner][vc_row_inner][vc_column_inner][vc_single_image image=&#8221;3384&#8243; img_size=&#8221;full&#8221; el_class=&#8221;categories&#8221;]<div class=\"porto-u-heading category-title  wpb_custom_95aa9a11c17ad45cfabaf210d84ee7cc porto-u-ad87e2eaf3f9c495180fe0156ddf3eb0 \"><div class=\"porto-u-main-heading\"><h6  >MERCEDES-BENZ SPRINTER<\/h6><\/div><div class=\"porto-u-sub-heading\" style=\"\">8 PALET<\/div><style>.porto-u-ad87e2eaf3f9c495180fe0156ddf3eb0.porto-u-heading{text-align:left}<\/style><\/div>[vc_column_text el_class=&#8221;park-info-box&#8221;]<\/p>\n<ul>\n<li><span class=\"property\">D\u0142ugo\u015b\u0107 wewn\u0119trzna:<\/span>4,8 m<\/li>\n<li><span class=\"property\">Szeroko\u015b\u0107 wewn\u0119trzna:<\/span>2,15 m<\/li>\n<li><span class=\"property\">Wysoko\u015b\u0107 wewn\u0119trzna:<\/span>2,3 m<\/li>\n<li><span class=\"property\">Ud\u017awig:<\/span>1000 kg<\/li>\n<li><span class=\"property\">Powierzchnia pod\u0142ogi:<\/span>10 m2<\/li>\n<li><span class=\"property\">Kubatura:<\/span>20 m3<\/li>\n<li><span class=\"property\">Rodzaje pobra\u0144:<\/span>tylne<\/li>\n<\/ul>\n<p>[\/vc_column_text][\/vc_column_inner][\/vc_row_inner][\/vc_tab][vc_tab show_icon=&#8221;yes&#8221; icon_type=&#8221;image&#8221; tab_id=&#8221;1598543470205-2-2d41f-c441&#8243; title=&#8221;2&#8243;][\/vc_tab][\/vc_tour][\/vc_column][\/vc_row][vc_row full_width=&#8221;stretch_row&#8221; el_id=&#8221;order&#8221; el_class=&#8221;services-order-row cargo-services-order main-order-arrow&#8221;][vc_column width=&#8221;1\/2&#8243; el_class=&#8221;content-col&#8221;][vc_custom_heading text=&#8221;MASZ PYTANIA<br \/>\nLUB CHCESZ<br \/>\nZAM\u00d3WI\u0106 US\u0141UG\u0118?&#8221; use_theme_fonts=&#8221;yes&#8221; el_class=&#8221;order-title&#8221;][\/vc_column][vc_column width=&#8221;1\/2&#8243; el_class=&#8221;call-info-col&#8221;][vc_custom_heading text=&#8221;ZADZWO\u0143 DO NAS JU\u017b TERAZ&#8221; font_container=&#8221;tag:h6|text_align:center&#8221; use_theme_fonts=&#8221;yes&#8221;][vc_column_text el_class=&#8221;call-link&#8221;]<a href=\"tel:+48538555560\" target=\"_blank\" rel=\"noopener\">+48 538 555 560<\/a>[\/vc_column_text][vc_btn title=&#8221;Pozostawic zg\u0142oszenie&#8221; color=&#8221;default&#8221; align=&#8221;center&#8221; el_class=&#8221;main-button blue-button order-service-btn&#8221; link=&#8221;url:%23|||&#8221;][\/vc_column][\/vc_row][vc_row full_width=&#8221;stretch_row_content_no_spaces&#8221; disable_element=&#8221;yes&#8221; css=&#8221;.vc_custom_1598636601122{background-color: #FF1100 !important;}&#8221; el_id=&#8221;sales-text-cargo&#8221; el_class=&#8221;sales-text_row left-image-bg&#8221;][vc_column el_class=&#8221;drive-img-col drive-img-col__right-arrows&#8221; offset=&#8221;vc_col-lg-6 vc_col-md-12 vc_col-xs-12&#8243; css=&#8221;.vc_custom_1561365860386{background-image: url(https:\/\/one.speedixa.com\/wp-content\/uploads\/2019\/05\/46-avtopark-sidephoto.jpg?id=434) !important;background-position: center !important;background-repeat: no-repeat !important;background-size: cover !important;}&#8221;][vc_single_image image=&#8221;434&#8243; img_size=&#8221;full&#8221; alignment=&#8221;right&#8221; el_class=&#8221;drive-img&#8221;][\/vc_column][vc_column el_class=&#8221;to-drivers-text left-image-bg_col&#8221; offset=&#8221;vc_col-lg-6 vc_col-md-12 vc_col-xs-12&#8243;]<div class=\"porto-u-heading block-title block-left-title block-title_light-pseudo  wpb_custom_95aa9a11c17ad45cfabaf210d84ee7cc porto-u-ad87e2eaf3f9c495180fe0156ddf3eb0 \"><div class=\"porto-u-main-heading\"><h2  >\u041f\u0440\u043e\u0434\u0430\u0436\u0430 \u0442\u044f\u0433\u0430\u0447\u0435\u0439 \u0438 \u043f\u043e\u043b\u0443\u043f\u0440\u0438\u0446\u0435\u043f\u043e\u0432<\/h2><\/div><style>.porto-u-ad87e2eaf3f9c495180fe0156ddf3eb0.porto-u-heading{text-align:left}<\/style><\/div>[vc_column_text el_class=&#8221;drivers-under-title&#8221;]\u0412\u0441\u044f \u043d\u0430\u0448\u0430 \u0442\u0435\u0445\u043d\u0438\u043a\u0430 \u043f\u0440\u0438\u043e\u0431\u0440\u0435\u0442\u0430\u0435\u0442\u0441\u044f \u043d\u0430 \u0437\u0430\u0432\u043e\u0434\u0430\u0445 \u043f\u0440\u043e\u0438\u0437\u0432\u043e\u0434\u0438\u0442\u0435\u043b\u044f \u0438 \u043d\u0430 \u043f\u0440\u043e\u0442\u044f\u0436\u0435\u043d\u0438\u0438 \u0432\u0441\u0435\u0433\u043e \u0441\u0440\u043e\u043a\u0430 \u0441\u043b\u0443\u0436\u0431\u044b \u0440\u0435\u0433\u0443\u043b\u044f\u0440\u043d\u043e \u043f\u0440\u043e\u0432\u043e\u0434\u0438\u0442\u0441\u044f \u0442\u0435\u0445\u043d\u0438\u0447\u0435\u0441\u043a\u043e\u0435 \u043e\u0431\u0441\u043b\u0443\u0436\u0438\u0432\u0430\u043d\u0438\u0435 \u0441 \u0438\u0441\u043f\u043e\u043b\u044c\u0437\u043e\u0432\u0430\u043d\u0438\u0435\u043c \u0442\u043e\u043b\u044c\u043a\u043e \u043e\u0440\u0438\u0433\u0438\u043d\u0430\u043b\u044c\u043d\u044b\u0445 \u0437\u0430\u043f\u0447\u0430\u0441\u0442\u0435\u0439 \u0438 \u0440\u0430\u0441\u0445\u043e\u0434\u043d\u044b\u0445 \u043c\u0430\u0442\u0435\u0440\u0438\u0430\u043b\u043e\u0432.[\/vc_column_text][vc_btn title=&#8221;\u041f\u0440\u043e\u0434\u0430\u0436\u0430 \u0442\u044f\u0433\u0430\u0447\u0435\u0439&#8221; color=&#8221;default&#8221; align=&#8221;center&#8221; el_class=&#8221;transparent main-button sale-of-tractors&#8221; link=&#8221;url:%2Fproduct-category%2Fprodazha-tyagachej%2F|||&#8221; el_id=&#8221;resume&#8221;][vc_btn title=&#8221;\u041f\u0440\u043e\u0434\u0430\u0436\u0430 \u043f\u0440\u0438\u0446\u0435\u043f\u043e\u0432&#8221; color=&#8221;default&#8221; align=&#8221;center&#8221; el_class=&#8221;transparent main-button trailers-for-sale&#8221; link=&#8221;url:%2Fproduct-category%2Fprodazha-polupritsepov%2F|||&#8221; el_id=&#8221;vacancy&#8221;][\/vc_column][\/vc_row]<\/p>\n<\/div>","protected":false},"excerpt":{"rendered":"<p>[vc_row full_width=&#8221;stretch_row_content_no_spaces&#8221; el_id=&#8221;intro&#8221; el_class=&#8221;row-with-image-col right-image-bg standart-cargo cargo-services-intro&#8221;][vc_column el_class=&#8221;about-us-col about-us-col-float&#8221; offset=&#8221;vc_col-lg-6 vc_col-md-12 vc_col-xs-12&#8243;][vc_custom_heading text=&#8221;EKSPRESOWA WYSY\u0141KA Busy o DMC do 3,5 t&#8221; font_container=&#8221;tag:h4|text_align:left&#8221; use_theme_fonts=&#8221;yes&#8221; el_class=&#8221;block-title block-left-title&#8221;][vc_column_text el_class=&#8221;about-us-text&#8221;]Jednym z kierunk\u00f3w naszej firmy jest mi\u0119dzynarodowy transport ekspresowy ci\u0119\u017car\u00f3wkami o \u0142adowno\u015bci do 3,5 tony. Ta us\u0142uga zosta\u0142a stworzona, aby pom\u00f3c naszym klientom w dostarczaniu ich \u0142adunk\u00f3w jeszcze szybciej, poniewa\u017c furgonetki [&hellip;]<\/p>\n","protected":false},"author":5,"featured_media":3437,"parent":27,"menu_order":32,"comment_status":"closed","ping_status":"closed","template":"","meta":{"footnotes":""},"class_list":["post-3373","page","type-page","status-publish","has-post-thumbnail","hentry"],"aioseo_notices":[],"_links":{"self":[{"href":"https:\/\/one.speedixa.com\/pl\/wp-json\/wp\/v2\/pages\/3373","targetHints":{"allow":["GET"]}}],"collection":[{"href":"https:\/\/one.speedixa.com\/pl\/wp-json\/wp\/v2\/pages"}],"about":[{"href":"https:\/\/one.speedixa.com\/pl\/wp-json\/wp\/v2\/types\/page"}],"author":[{"embeddable":true,"href":"https:\/\/one.speedixa.com\/pl\/wp-json\/wp\/v2\/users\/5"}],"replies":[{"embeddable":true,"href":"https:\/\/one.speedixa.com\/pl\/wp-json\/wp\/v2\/comments?post=3373"}],"version-history":[{"count":1,"href":"https:\/\/one.speedixa.com\/pl\/wp-json\/wp\/v2\/pages\/3373\/revisions"}],"predecessor-version":[{"id":15900,"href":"https:\/\/one.speedixa.com\/pl\/wp-json\/wp\/v2\/pages\/3373\/revisions\/15900"}],"up":[{"embeddable":true,"href":"https:\/\/one.speedixa.com\/pl\/wp-json\/wp\/v2\/pages\/27"}],"wp:featuredmedia":[{"embeddable":true,"href":"https:\/\/one.speedixa.com\/pl\/wp-json\/wp\/v2\/media\/3437"}],"wp:attachment":[{"href":"https:\/\/one.speedixa.com\/pl\/wp-json\/wp\/v2\/media?parent=3373"}],"curies":[{"name":"wp","href":"https:\/\/api.w.org\/{rel}","templated":true}]}}