{"id":27,"date":"2019-04-11T08:36:33","date_gmt":"2019-04-11T08:36:33","guid":{"rendered":"https:\/\/one.speedixa.com\/?page_id=27"},"modified":"2026-03-05T13:22:42","modified_gmt":"2026-03-05T13:22:42","slug":"services","status":"publish","type":"page","link":"https:\/\/one.speedixa.com\/pl\/services\/","title":{"rendered":"Us\u0142ugi"},"content":{"rendered":"<div class=\"wpb-content-wrapper\"><p>[vc_row el_class=&#8221;services-title&#8221;][vc_column][vc_custom_heading text=&#8221;Us\u0142ugi&#8221; font_container=&#8221;tag:h4|text_align:center&#8221; use_theme_fonts=&#8221;yes&#8221; el_class=&#8221;block-title&#8221;][\/vc_column][\/vc_row][vc_row el_class=&#8221;service-previews&#8221;][vc_column el_class=&#8221;service-previews_block&#8221; offset=&#8221;vc_col-lg-6 vc_col-md-12 vc_col-xs-12&#8243;][vc_empty_space height=&#8221;290px&#8221; el_class=&#8221;service-previews_block-img&#8221; css=&#8221;.vc_custom_1560258791342{background-image: url(https:\/\/one.speedixa.com\/wp-content\/uploads\/2019\/05\/52-blog-image.jpg?id=529) !important;background-position: center !important;background-repeat: no-repeat !important;background-size: cover !important;}&#8221;][vc_custom_heading text=&#8221;DOSTAWA \u0141ADUNK\u00d3W STANDARDOWYCH&#8221; font_container=&#8221;tag:h6|text_align:left&#8221; use_theme_fonts=&#8221;yes&#8221; el_class=&#8221;service-previews_block-title&#8221; link=&#8221;url:%2Fuslugi%2Fdostavka-standartnyh-gruzov%2F|||&#8221;]<a href = \"\/uslugi\/dostavka-standartnyh-gruzov\/\"   ><div class=\"porto-just-icon-wrapper porto-sicon-img porto-icon-pos-left service-previews_block-icon porto-icon-739599a1f586473197e4d01c03c680cb\" style=\"font-size: 42px;\"><img decoding=\"async\" class=\"img-icon\" alt=\"\" src=\"https:\/\/one.speedixa.com\/wp-content\/uploads\/2019\/04\/06-icon-builds.png\" width=\"50\" height=\"50\" \/><\/div><\/a>[vc_column_text el_class=&#8221;service-previews_block-list&#8221;]<strong>Rodzaje \u0142adunk\u00f3w<\/strong><\/p>\n<ul>\n<li>\u017cywno\u015b\u0107<\/li>\n<li>cz\u0119\u015bci samochodowe<\/li>\n<li>sprz\u0119t wystawowy<\/li>\n<li>agd<\/li>\n<\/ul>\n<p>[\/vc_column_text][\/vc_column][vc_column el_class=&#8221;service-previews_block&#8221; offset=&#8221;vc_col-lg-6 vc_col-md-12 vc_col-xs-12&#8243;][vc_empty_space height=&#8221;290px&#8221; el_class=&#8221;service-previews_block-img&#8221; css=&#8221;.vc_custom_1571156516270{background-image: url(https:\/\/one.speedixa.com\/wp-content\/uploads\/2019\/10\/ref-mig.jpg?id=2472) !important;background-position: center !important;background-repeat: no-repeat !important;background-size: cover !important;}&#8221;][vc_custom_heading text=&#8221;TRANSPORT CH\u0141ODNICZY&#8221; font_container=&#8221;tag:h6|text_align:left&#8221; use_theme_fonts=&#8221;yes&#8221; el_class=&#8221;service-previews_block-title&#8221; link=&#8221;url:%2Fuslugi%2Frefrizheratornye-perevozki%2F|||&#8221;]<a href = \"\/uslugi\/refrizheratornye-perevozki\/\"   ><div class=\"porto-just-icon-wrapper porto-sicon-img porto-icon-pos-left service-previews_block-icon porto-icon-739599a1f586473197e4d01c03c680cb\" style=\"font-size: 35px;\"><img decoding=\"async\" class=\"img-icon\" alt=\"\" src=\"https:\/\/one.speedixa.com\/wp-content\/uploads\/2019\/04\/07-icon-temperature.png\" width=\"44\" height=\"50\" \/><\/div><\/a>[vc_column_text el_class=&#8221;service-previews_block-list&#8221;]<strong>Rodzaje \u0142adunk\u00f3w<\/strong><\/p>\n<ul>\n<li>kwiaty i ro\u015bliny \u017cywe<\/li>\n<li>kosmetyki<\/li>\n<li>leki medyczne i weterynaryjne<\/li>\n<li>niekt\u00f3re substancje chemiczne<\/li>\n<\/ul>\n<p>[\/vc_column_text][\/vc_column][\/vc_row][vc_row el_class=&#8221;service-previews&#8221;][vc_column el_class=&#8221;service-previews_block&#8221; offset=&#8221;vc_col-lg-6 vc_col-md-12 vc_col-xs-12&#8243;][vc_empty_space height=&#8221;290px&#8221; el_class=&#8221;service-previews_block-img&#8221; css=&#8221;.vc_custom_1576602733603{background-image: url(https:\/\/one.speedixa.com\/wp-content\/uploads\/2019\/12\/79092139_771750099968550_4517697153144979456_n-e1576602341667.jpg?id=3131) !important;background-position: center !important;background-repeat: no-repeat !important;background-size: cover !important;}&#8221;][vc_custom_heading text=&#8221;TRANSPORT \u0141ADUNK\u00d3W NIEBEZPIECZNYCH (ADR)&#8221; font_container=&#8221;tag:h6|text_align:left&#8221; use_theme_fonts=&#8221;yes&#8221; el_class=&#8221;service-previews_block-title&#8221; link=&#8221;url:%2Fuslugi%2Fperevozka-opasnyh-gruzov-adr%2F|||&#8221;]<a href = \"\/uslugi\/perevozka-opasnyh-gruzov-adr\/\"   ><div class=\"porto-just-icon-wrapper porto-sicon-img porto-icon-pos-left service-previews_block-icon porto-icon-739599a1f586473197e4d01c03c680cb\" style=\"font-size: 42px;\"><img decoding=\"async\" class=\"img-icon\" alt=\"\" src=\"https:\/\/one.speedixa.com\/wp-content\/uploads\/2019\/04\/08-icon-wheel.png\" width=\"50\" height=\"49\" \/><\/div><\/a>[vc_column_text el_class=&#8221;service-previews_block-list&#8221;]<strong>Rodzaje \u0142adunk\u00f3w<\/strong><\/p>\n<ul>\n<li>chemia gospodarcza<\/li>\n<li>baterie i akumulatory<\/li>\n<li>produkty perfumeryjne<\/li>\n<li>nawozy<\/li>\n<\/ul>\n<p>[\/vc_column_text][\/vc_column][vc_column el_class=&#8221;service-previews_block&#8221; offset=&#8221;vc_col-lg-6 vc_col-md-12 vc_col-xs-12&#8243;][vc_empty_space height=&#8221;290px&#8221; el_class=&#8221;service-previews_block-img&#8221; css=&#8221;.vc_custom_1560258826130{background-image: url(https:\/\/one.speedixa.com\/wp-content\/uploads\/2019\/05\/45-avtopark-photo-2.jpg?id=422) !important;background-position: center !important;background-repeat: no-repeat !important;background-size: cover !important;}&#8221;][vc_custom_heading text=&#8221;TRANSPORT KONTENER\u00d3W&#8221; font_container=&#8221;tag:h6|text_align:left&#8221; use_theme_fonts=&#8221;yes&#8221; el_class=&#8221;service-previews_block-title&#8221; link=&#8221;url:%2Fuslugi%2Fperevozka-kontejnerov%2F|||&#8221;]<a href = \"\/uslugi\/perevozka-kontejnerov\/\"   ><div class=\"porto-just-icon-wrapper porto-sicon-img porto-icon-pos-left service-previews_block-icon porto-icon-739599a1f586473197e4d01c03c680cb\" style=\"font-size: 42px;\"><img decoding=\"async\" class=\"img-icon\" alt=\"\" src=\"https:\/\/one.speedixa.com\/wp-content\/uploads\/2019\/04\/09-icon-container.png\" width=\"50\" height=\"50\" \/><\/div><\/a>[vc_column_text el_class=&#8221;service-previews_block-list&#8221;]<strong>Rodzaje \u0142adunk\u00f3w<\/strong><\/p>\n<ul>\n<li>materia\u0142y luzem bez opakowania<\/li>\n<li>materia\u0142y budowlane<\/li>\n<li>urz\u0105dzenia przemys\u0142owe<\/li>\n<li>meble i urz\u0105dzenia<\/li>\n<\/ul>\n<p>[\/vc_column_text][\/vc_column][\/vc_row][vc_row el_class=&#8221;service-previews&#8221;][vc_column el_class=&#8221;service-previews_block&#8221; offset=&#8221;vc_col-lg-6 vc_col-md-12 vc_col-xs-12&#8243;][vc_empty_space height=&#8221;290px&#8221; el_class=&#8221;service-previews_block-img&#8221; css=&#8221;.vc_custom_1644575298137{background-image: url(https:\/\/one.speedixa.com\/wp-content\/uploads\/2020\/08\/Magistral-transport-logo-sprinter.jpg?id=3437) !important;background-position: center !important;background-repeat: no-repeat !important;background-size: cover !important;}&#8221;][vc_custom_heading text=&#8221;EKSPRESOWA WYSY\u0141KA DMC DO 3,5 T&#8221; font_container=&#8221;tag:h6|text_align:left&#8221; use_theme_fonts=&#8221;yes&#8221; el_class=&#8221;service-previews_block-title&#8221; link=&#8221;url:%2Fuslugi%2Fexspress-transport-dmc-3-5-t%2F&#8221;]<a href = \"\/uslugi\/exspress-transport-dmc-3-5-t\/\"   ><div class=\"porto-just-icon-wrapper porto-sicon-img porto-icon-pos-left service-previews_block-icon porto-icon-739599a1f586473197e4d01c03c680cb\" style=\"font-size: 42px;\"><img decoding=\"async\" class=\"img-icon\" alt=\"\" src=\"https:\/\/one.speedixa.com\/wp-content\/uploads\/2022\/02\/delivery-truck.png\" width=\"50\" height=\"50\" \/><\/div><\/a>[vc_column_text el_class=&#8221;service-previews_block-list&#8221;]<strong>Rodzaje \u0142adunku<\/strong><\/p>\n<ul>\n<li>Cz\u0119\u015bci samochodowe<\/li>\n<li>Sprz\u0119t AGD<\/li>\n<li>Jedzenie<\/li>\n<li>Sprz\u0119t wystawowy<\/li>\n<li>Meble<\/li>\n<li>Sprz\u0119t gospodarstwa domowego<\/li>\n<li>Handel elektroniczny<\/li>\n<\/ul>\n<p>[\/vc_column_text][\/vc_column][vc_column el_class=&#8221;service-previews_block&#8221; offset=&#8221;vc_col-lg-6 vc_col-md-12 vc_col-xs-12&#8243;][vc_empty_space height=&#8221;290px&#8221; el_class=&#8221;service-previews_block-img&#8221; css=&#8221;.vc_custom_1669631776627{background-image: url(https:\/\/one.speedixa.com\/wp-content\/uploads\/2022\/07\/12312312321321-scaled.jpg?id=6052) !important;background-position: center !important;background-repeat: no-repeat !important;background-size: cover !important;}&#8221;][vc_custom_heading text=&#8221;Transport lotniczy&#8221; font_container=&#8221;tag:h6|text_align:left&#8221; use_theme_fonts=&#8221;yes&#8221; el_class=&#8221;service-previews_block-title&#8221; link=&#8221;url:%2Fuslugi%2Fair-freight%2F&#8221;]<a href = \"\/uslugi\/air-freight\/\"   ><div class=\"porto-just-icon-wrapper porto-sicon-img porto-icon-pos-left service-previews_block-icon porto-icon-739599a1f586473197e4d01c03c680cb\" style=\"font-size: 42px;\"><img decoding=\"async\" class=\"img-icon\" alt=\"\" src=\"https:\/\/one.speedixa.com\/wp-content\/uploads\/2022\/11\/air-freight.png\" width=\"50\" height=\"50\" \/><\/div><\/a>[vc_column_text el_class=&#8221;service-previews_block-list&#8221;]<strong>Rodzaje \u0142adunk\u00f3w <\/strong><\/p>\n<ul>\n<li>\u017cywno\u015b\u0107<\/li>\n<li>warto\u015bciowe \u0142adunki<\/li>\n<li>Medycyna i farmacja<\/li>\n<li>AGD<\/li>\n<\/ul>\n<p>[\/vc_column_text][\/vc_column][\/vc_row][vc_row el_class=&#8221;service-previews&#8221;][vc_column el_class=&#8221;service-previews_block&#8221; offset=&#8221;vc_col-lg-6 vc_col-md-12 vc_col-xs-12&#8243;][vc_empty_space height=&#8221;290px&#8221; el_class=&#8221;service-previews_block-img&#8221; css=&#8221;.vc_custom_1669632074849{background-image: url(https:\/\/one.speedixa.com\/wp-content\/uploads\/2022\/07\/2121-scaled.jpg?id=6049) !important;background-position: center !important;background-repeat: no-repeat !important;background-size: cover !important;}&#8221;][vc_custom_heading text=&#8221;Transport kolejowy&#8221; font_container=&#8221;tag:h6|text_align:left&#8221; use_theme_fonts=&#8221;yes&#8221; el_class=&#8221;service-previews_block-title&#8221; link=&#8221;url:%2Fuslugi%2Frailway-transport%2F&#8221;]<a href = \"\/uslugi\/railway-transport\/\"   title='\u0416\u0435\u043b\u0435\u0437\u043d\u043e\u0434\u043e\u0440\u043e\u0436\u043d\u044b\u0439 \u0442\u0440\u0430\u043d\u0441\u043f\u043e\u0440\u0442'><div class=\"porto-just-icon-wrapper porto-sicon-img porto-icon-pos-left service-previews_block-icon porto-icon-739599a1f586473197e4d01c03c680cb\" style=\"font-size: 42px;\"><img decoding=\"async\" class=\"img-icon\" alt=\"\" src=\"https:\/\/one.speedixa.com\/wp-content\/uploads\/2022\/11\/subway.png\" width=\"50\" height=\"50\" \/><\/div><\/a>[vc_column_text el_class=&#8221;service-previews_block-list&#8221;]<strong>Rodzaje \u0142adunk\u00f3w<\/strong><\/p>\n<ul>\n<li>Tekstylia<\/li>\n<li>Cz\u0119\u015bci Samochodowe<\/li>\n<li>sprz\u0119t wystawienniczy<\/li>\n<li>AGD<\/li>\n<\/ul>\n<p>[\/vc_column_text][\/vc_column][vc_column el_class=&#8221;service-previews_block&#8221; offset=&#8221;vc_col-lg-6 vc_col-md-12 vc_col-xs-12&#8243;][vc_empty_space height=&#8221;290px&#8221; el_class=&#8221;service-previews_block-img&#8221; css=&#8221;.vc_custom_1669631831054{background-image: url(https:\/\/one.speedixa.com\/wp-content\/uploads\/2022\/11\/Sea-Freight.jpg?id=6371) !important;background-position: center !important;background-repeat: no-repeat !important;background-size: cover !important;}&#8221;][vc_custom_heading text=&#8221;Transport morski&#8221; font_container=&#8221;tag:h6|text_align:left&#8221; use_theme_fonts=&#8221;yes&#8221; el_class=&#8221;service-previews_block-title&#8221; link=&#8221;url:%2Fuslugi%2Fsea-cargo-transportation%2F&#8221;]<a href = \"\/uslugi\/sea-cargo-transportation\/\"   ><div class=\"porto-just-icon-wrapper porto-sicon-img porto-icon-pos-left service-previews_block-icon porto-icon-739599a1f586473197e4d01c03c680cb\" style=\"font-size: 42px;\"><img decoding=\"async\" class=\"img-icon\" alt=\"\" src=\"https:\/\/one.speedixa.com\/wp-content\/uploads\/2022\/11\/cargo-ship.png\" width=\"50\" height=\"50\" \/><\/div><\/a>[vc_column_text el_class=&#8221;service-previews_block-list&#8221;]<strong>Rodzaje \u0142adunk\u00f3w <\/strong><\/p>\n<ul>\n<li>Tekstylia<\/li>\n<li>Cz\u0119\u015bci Samochodowe<\/li>\n<li>sprz\u0119t wystawienniczy<\/li>\n<li>AGD<\/li>\n<\/ul>\n<p>[\/vc_column_text][\/vc_column][\/vc_row][vc_row el_class=&#8221;service-previews&#8221;][vc_column el_class=&#8221;service-previews_block&#8221; offset=&#8221;vc_col-lg-6 vc_col-md-12 vc_col-xs-12&#8243;][vc_empty_space height=&#8221;290px&#8221; el_class=&#8221;service-previews_block-img&#8221; css=&#8221;.vc_custom_1673433176317{background-image: url(https:\/\/one.speedixa.com\/wp-content\/uploads\/2022\/12\/New-Jersey-Warehouse.jpg?id=6564) !important;background-position: center !important;background-repeat: no-repeat !important;background-size: cover !important;}&#8221;][vc_custom_heading text=&#8221;Logistyka magazynowa&#8221; font_container=&#8221;tag:h6|text_align:left&#8221; use_theme_fonts=&#8221;yes&#8221; el_class=&#8221;service-previews_block-title&#8221; link=&#8221;url:%2Fuslugi%2Fwarehousing%2F&#8221;]<a href = \"\/uslugi\/warehousing\/\"   title='\u0421\u043a\u043b\u0430\u0434\u0441\u043a\u0430\u044f \u043b\u043e\u0433\u0438\u0441\u0442\u0438\u043a\u0430'><div class=\"porto-just-icon-wrapper porto-sicon-img porto-icon-pos-left service-previews_block-icon porto-icon-739599a1f586473197e4d01c03c680cb\" style=\"font-size: 42px;\"><img decoding=\"async\" class=\"img-icon\" alt=\"\" src=\"https:\/\/one.speedixa.com\/wp-content\/uploads\/2023\/01\/warehouse2.png\" width=\"512\" height=\"512\" \/><\/div><\/a>[vc_column_text el_class=&#8221;service-previews_block-list&#8221;]<strong>Rodzaje us\u0142ug<\/strong><\/p>\n<ul>\n<li>magazynowanie \u0142adunk\u00f3w<\/li>\n<li>konsolidacja \u0142adunk\u00f3w<\/li>\n<li>pakowanie \u0142adunk\u00f3w<\/li>\n<li>wysy\u0142anie \u0142adunk\u00f3w z magazyn\u00f3w<\/li>\n<\/ul>\n<p>[\/vc_column_text][\/vc_column][vc_column el_class=&#8221;service-previews_block&#8221; offset=&#8221;vc_col-lg-6 vc_col-md-12 vc_col-xs-12&#8243;][vc_empty_space height=&#8221;290px&#8221; el_class=&#8221;service-previews_block-img&#8221; css=&#8221;.vc_custom_1673434130847{background-image: url(https:\/\/one.speedixa.com\/wp-content\/uploads\/2022\/12\/desktop.png?id=6619) !important;background-position: center !important;background-repeat: no-repeat !important;background-size: cover !important;}&#8221;][vc_custom_heading text=&#8221;Serwis samochod\u00f3w ci\u0119\u017carowych&#8221; font_container=&#8221;tag:h6|text_align:left&#8221; use_theme_fonts=&#8221;yes&#8221; el_class=&#8221;service-previews_block-title&#8221; link=&#8221;url:%2Fuslugi%2Ftruck-service%2F&#8221;]<a href = \"\/uslugi\/truck-service\/\"   ><div class=\"porto-just-icon-wrapper porto-sicon-img porto-icon-pos-left service-previews_block-icon porto-icon-739599a1f586473197e4d01c03c680cb\" style=\"font-size: 42px;\"><img decoding=\"async\" class=\"img-icon\" alt=\"\" src=\"https:\/\/one.speedixa.com\/wp-content\/uploads\/2023\/01\/adjustable-wrench2.png\" width=\"384\" height=\"384\" \/><\/div><\/a>[vc_column_text el_class=&#8221;service-previews_block-list&#8221;]<strong>Rodzaje us\u0142ug<\/strong><\/p>\n<ul>\n<li>Naprawa samochod\u00f3w ci\u0119\u017carowych<\/li>\n<li>naprawa ci\u0105gnik\u00f3w<\/li>\n<li>naprawa przyczep<\/li>\n<li>naprawa mikrobus\u00f3w<\/li>\n<\/ul>\n<p>[\/vc_column_text][\/vc_column][\/vc_row][vc_row full_width=&#8221;stretch_row&#8221; el_id=&#8221;order&#8221; el_class=&#8221;services-order-row main-order-arrow&#8221;][vc_column width=&#8221;1\/2&#8243; el_class=&#8221;content-col&#8221;][vc_custom_heading text=&#8221;Masz pytania<br \/>\nlub chcesz<br \/>\nzam\u00f3wi\u0107 us\u0142ug\u0119?&#8221; use_theme_fonts=&#8221;yes&#8221; el_class=&#8221;order-title&#8221;][\/vc_column][vc_column width=&#8221;1\/2&#8243; el_class=&#8221;call-info-col&#8221;][vc_custom_heading text=&#8221;Zadzwo\u0144 do nas ju\u017c teraz&#8221; font_container=&#8221;tag:h6|text_align:center&#8221; use_theme_fonts=&#8221;yes&#8221;][vc_column_text el_class=&#8221;call-link&#8221;]<a href=\"tel:+48+34+311+12+50\" target=\"_blank\" rel=\"noopener\">+48 34 311 12 50<\/a><\/p>\n<p>[\/vc_column_text][vc_btn title=&#8221;Pozostawi\u0107 zg\u0142oszenie&#8221; color=&#8221;default&#8221; align=&#8221;center&#8221; el_class=&#8221;main-button blue-button order-service-btn&#8221; link=&#8221;url:%23|||&#8221;][\/vc_column][\/vc_row]<\/p>\n<\/div>","protected":false},"excerpt":{"rendered":"<p>[vc_row el_class=&#8221;services-title&#8221;][vc_column][vc_custom_heading text=&#8221;Us\u0142ugi&#8221; font_container=&#8221;tag:h4|text_align:center&#8221; use_theme_fonts=&#8221;yes&#8221; el_class=&#8221;block-title&#8221;][\/vc_column][\/vc_row][vc_row el_class=&#8221;service-previews&#8221;][vc_column el_class=&#8221;service-previews_block&#8221; offset=&#8221;vc_col-lg-6 vc_col-md-12 vc_col-xs-12&#8243;][vc_empty_space height=&#8221;290px&#8221; el_class=&#8221;service-previews_block-img&#8221; css=&#8221;.vc_custom_1560258791342{background-image: url(https:\/\/one.speedixa.com\/wp-content\/uploads\/2019\/05\/52-blog-image.jpg?id=529) !important;background-position: center !important;background-repeat: no-repeat !important;background-size: cover !important;}&#8221;][vc_custom_heading text=&#8221;DOSTAWA \u0141ADUNK\u00d3W STANDARDOWYCH&#8221; font_container=&#8221;tag:h6|text_align:left&#8221; use_theme_fonts=&#8221;yes&#8221; el_class=&#8221;service-previews_block-title&#8221; link=&#8221;url:%2Fuslugi%2Fdostavka-standartnyh-gruzov%2F|||&#8221;][vc_column_text el_class=&#8221;service-previews_block-list&#8221;]Rodzaje \u0142adunk\u00f3w \u017cywno\u015b\u0107 cz\u0119\u015bci samochodowe sprz\u0119t wystawowy agd [\/vc_column_text][\/vc_column][vc_column el_class=&#8221;service-previews_block&#8221; offset=&#8221;vc_col-lg-6 vc_col-md-12 vc_col-xs-12&#8243;][vc_empty_space height=&#8221;290px&#8221; el_class=&#8221;service-previews_block-img&#8221; css=&#8221;.vc_custom_1571156516270{background-image: url(https:\/\/one.speedixa.com\/wp-content\/uploads\/2019\/10\/ref-mig.jpg?id=2472) !important;background-position: center !important;background-repeat: no-repeat !important;background-size: cover !important;}&#8221;][vc_custom_heading text=&#8221;TRANSPORT CH\u0141ODNICZY&#8221; [&hellip;]<\/p>\n","protected":false},"author":5,"featured_media":5400,"parent":0,"menu_order":2,"comment_status":"closed","ping_status":"closed","template":"","meta":{"footnotes":""},"class_list":["post-27","page","type-page","status-publish","has-post-thumbnail","hentry"],"aioseo_notices":[],"_links":{"self":[{"href":"https:\/\/one.speedixa.com\/pl\/wp-json\/wp\/v2\/pages\/27","targetHints":{"allow":["GET"]}}],"collection":[{"href":"https:\/\/one.speedixa.com\/pl\/wp-json\/wp\/v2\/pages"}],"about":[{"href":"https:\/\/one.speedixa.com\/pl\/wp-json\/wp\/v2\/types\/page"}],"author":[{"embeddable":true,"href":"https:\/\/one.speedixa.com\/pl\/wp-json\/wp\/v2\/users\/5"}],"replies":[{"embeddable":true,"href":"https:\/\/one.speedixa.com\/pl\/wp-json\/wp\/v2\/comments?post=27"}],"version-history":[{"count":1,"href":"https:\/\/one.speedixa.com\/pl\/wp-json\/wp\/v2\/pages\/27\/revisions"}],"predecessor-version":[{"id":15861,"href":"https:\/\/one.speedixa.com\/pl\/wp-json\/wp\/v2\/pages\/27\/revisions\/15861"}],"wp:featuredmedia":[{"embeddable":true,"href":"https:\/\/one.speedixa.com\/pl\/wp-json\/wp\/v2\/media\/5400"}],"wp:attachment":[{"href":"https:\/\/one.speedixa.com\/pl\/wp-json\/wp\/v2\/media?parent=27"}],"curies":[{"name":"wp","href":"https:\/\/api.w.org\/{rel}","templated":true}]}}