{"id":1774,"date":"2019-07-19T08:25:27","date_gmt":"2019-07-19T08:25:27","guid":{"rendered":"https:\/\/one.speedixa.com\/?page_id=1774"},"modified":"2026-03-05T13:22:43","modified_gmt":"2026-03-05T13:22:43","slug":"privacy-policy","status":"publish","type":"page","link":"https:\/\/one.speedixa.com\/pl\/privacy-policy\/","title":{"rendered":"Polityk\u0105 prywatno\u015bci"},"content":{"rendered":"<div class=\"wpb-content-wrapper\"><p>[vc_row full_width=&#8221;stretch_row&#8221; el_class=&#8221;price-request-row privacy-policy_row&#8221;][vc_column][vc_custom_heading text=&#8221;Polityk\u0105 prywatno\u015bci<br \/>\nw firmie magistral transport&#8221; font_container=&#8221;tag:h4|text_align:left&#8221; use_theme_fonts=&#8221;yes&#8221; el_class=&#8221;block-title block-left-title&#8221;][vc_column_text]Zgodnie z art. 13 p. 1 i p. 2 Rozporz\u0105dzenia Parlamentu Europejskiego i Rady (UE) 2016\/679 z dnia 27 kwietnia 2016 r. w sprawie ochrony os\u00f3b fizycznych w zwi\u0105zku z przetwarzaniem danych osobowych i w sprawie swobodnego przep\u0142ywu takich danych oraz uchylenia dyrektywy 95\/46\/WE (og\u00f3lne rozporz\u0105dzenie o ochronie danych) informujemy, \u017ce:<\/p>\n<ol>\n<li>Administratorem Twoich danych osobowych jest firma Speedixa SP. Z O. O.<\/li>\n<li>Kontakt z Inspektorem Ochrony Danych Osobowych jest mo\u017cliwy przez mail:<br \/>\nSpeedixa SP. Z O. O.<br \/>\nHandlowa, 17a, PL 42-262, \u0421z\u0119stochowa, Polska<\/li>\n<li>Podstaw\u0105 prawn\u0105 przetwarzania Twoich danych osobowych jest art. 6 p. 1 lit. a) lub b) lub f) Rozporz\u0105dzenia Parlamentu Europejskiego i Rady (UE) 2016\/679 z dnia 27 kwietnia 2016 r. w sprawie ochrony os\u00f3b fizycznych w zwi\u0105zku z przetwarzaniem danych osobowych i w sprawie swobodnego przep\u0142ywu takich danych.<\/li>\n<li>Prawnie interesem uzasadnionym administratora jest nawi\u0105zywanie lub utrzymywanie relacji biznesowych z Tob\u0105, a tak\u017ce marketing us\u0142ug firmy Speedixa.<\/li>\n<li>Przetwarzane kategorii Twoich danych osobowych to: dane osobowe, kt\u00f3re pochodz\u0105 bezpo\u015brednio od Ciebie (lub zosta\u0142y przekazane w Twoim imieniu) lub dane osobowe, kt\u00f3re zosta\u0142y uzyskane ze \u017ar\u00f3de\u0142 publicznie dost\u0119pnych, w szczeg\u00f3lno\u015bci: imi\u0119 i nazwisko, adres e-mail, telefon kontaktowy, adres do korespondencji.<\/li>\n<li>Odbiorc\u0105 Twoich danych osobowych s\u0105 upowa\u017cnieni pracownicy i wsp\u00f3\u0142pracownicy firmy, a tak\u017ce podmioty przetwarzaj\u0105ce dane osobowe w imieniu administratora, w tym Dostawcy us\u0142ug IT, agencje marketingowe, firmy badawcze \u2013 wy\u0142\u0105cznie na podstawie odpowiedniej umowy.<\/li>\n<li>Administrator nie przetwarza specjalnych kategorii danych. Administrator dok\u0142ada wszelkich stara\u0144, aby chroni\u0107 dane przed nieautoryzowanym dost\u0119pem do nich os\u00f3b nieupowa\u017cnionych i w tym zakresie stosuje organizacyjne i techniczne \u015brodki bezpiecze\u0144stwa na najwy\u017cszym poziomie. Administrator nie udost\u0119pnia danych oodbiorcom nieuprawnionym zgodnie z przepisami prawa obowi\u0105zuj\u0105cymi w tej dziedziniee.<\/li>\n<li>Twoje dane osobowe nie b\u0119d\u0105 przekazywane do pa\u0144stw trzecich lub organizacji mi\u0119dzynarodowych.<\/li>\n<li>Masz nast\u0119puj\u0105ce prawa w zwi\u0105zku z przetwarzaniem Twoich danych osobowych:a) prawo dost\u0119pu do swoich danych, w tym otrzymania kopii tych danych,<br \/>\nb) prawo do \u017c\u0105dania sprostowania danych,<br \/>\nc) prawo do usuni\u0119cia danych (w okre\u015blonych sytuacjach),<br \/>\nd) prawo do z\u0142o\u017cenia skargi do organu nadzorczego zajmuj\u0105cego si\u0119 ochron\u0105 danych osobowych,<br \/>\ni) prawo do ograniczenia przetwarzania danych.<\/li>\n<li>W ilo\u015bci, w jakiej Twoje dane s\u0105 przetwarzane na podstawie Twojej zgody, Mo\u017cesz dodatkowo skorzysta\u0107 z takich praw:<br \/>\na) prawo na odwo\u0142ywanie (wycofanie) zgody na przetwarzanie, w ilo\u015bci, w jakiej te dane s\u0105 przetwarzane na podstawie wcze\u015bniej uzyskanego zezwolenia. Wycofanie zgody nie narusza prawa do przetwarzania danych, kt\u00f3re ju\u017c mia\u0142y miejsce, na podstawie zgody, kt\u00f3ra jest wa\u017cna do momentu jego wycofania.<br \/>\nb) prawo do przenoszenia danych osobowych, czyli do ootrzymania od administratora Twoich danych osobowych w uporz\u0105dkowanym, powszechnie stosowanym formacie, nadaj\u0105cym si\u0119 do odtwarzania maszynowego.<\/li>\n<li>Masz prawo do z\u0142o\u017cenia skargi Prezesu Urz\u0119du Ochrony Danych Osobowych, w przypadku, gdy dojdziesz do wyniku, \u017ce przetwarzanie Twoich danych osobowych narusza postanowienia Og\u00f3lnego rozporz\u0105dzenia o ochronie danych.<\/li>\n<\/ol>\n<p>[\/vc_column_text][vc_custom_heading text=&#8221;W przypadku kontaktu przez e-mail lub kontaktu za pomoc\u0105 formularza&#8221; font_container=&#8221;tag:h5|text_align:left&#8221; use_theme_fonts=&#8221;yes&#8221;][vc_column_text]Wyra\u017casz zgod\u0119 na przetwarzanie przez firm\u0119 Speedixa SP. Z O. O. Twoich danych osobowych zawartych w formularzu kontaktowym, lub e-mail, w celu uzyskania odpowiedzi na zadane pytanie\u00a0 \u2013 za pomoc\u0105 poczty e-mail, sms-u i telefonicznie.<\/p>\n<p>Administratorem Twoich danych osobowych jest firma Speedixa SP. Z O. O.<\/p>\n<p>Kontakt z Inspektorem Ochrony Danych Osobowych jest mo\u017cliwy przez mail:<br \/>\nSpeedixa SP. Z O. O.<br \/>\nHandlowa, 17a, PL 42-262, \u0421zestochowa, Poland<\/p>\n<p>Twoje dane osobowe b\u0119d\u0105 przetwarzane w celu otrzymania odpowiedzi na pytanie przedstawione w formularzu. Podanie danych osobowych jest dobrowolne.\u00a0 Masz prawo dost\u0119pu do swoich danych, w tym otrzymania kopii tych danych, prawo do \u017c\u0105dania sprostowania danych, prawo na usuwanie danych (w niekt\u00f3rych sytuacjach), prawo do z\u0142o\u017cenia skargi w spostrzegawczy organ, zajmuj\u0105cy si\u0119 ochron\u0105 danych osobowych, prawo do ograniczenia przetwarzania danych[\/vc_column_text][vc_custom_heading text=&#8221;Zasady korzystania z plik\u00f3w cookie&#8221; font_container=&#8221;tag:h5|text_align:left&#8221; use_theme_fonts=&#8221;yes&#8221;][vc_column_text]W serwisie <a href=\"https:\/\/one.speedixa.com\/pl\/\">magistral-transport.com<\/a>, nale\u017c\u0105cego do Transport SP. Z O. O. s\u0105 wykorzystywane, tak zwane, pliki cookie \u2013 pliki specjalne wys\u0142ane web serwerem i przechowywane na komputerze u\u017cytkownika. Ten rodzaj plik\u00f3w u\u0142atwia, w szczeg\u00f3lno\u015bci, korzystanie z serwisu, zarz\u0105dzanym przez Speedixa SP. Z O. O., a tak\u017ce mo\u017ce pom\u00f3c lepszemu zapami\u0119taniu niekt\u00f3rych preferencji u\u017cytkownika w ramach naszego serwisu.<\/p>\n<p>Informujemy, \u017ce istnieje mo\u017cliwo\u015b\u0107 usuni\u0119cia tych plik\u00f3w z dysku twardego lub blokowanie ich zapisu. Spos\u00f3b wprowadzenia takich zmian zale\u017cy od u\u017cywanej przegl\u0105darki, zmiany mo\u017cna wprowadzi\u0107 poprzez odpowiedni\u0105 konfiguracj\u0119 ustawie\u0144 przegl\u0105darki lub u\u017cywanego urz\u0105dzenia.<\/p>\n<p>Brak zmian w wymienionych ustawieniach jest interpretowany jako zgoda u\u017cytkownika na pliki cookie. Nale\u017cy jednak pami\u0119ta\u0107, \u017ce blokowanie zapisywania plik\u00f3w cookie mo\u017ce utrudni\u0107 lub ca\u0142kowicie uniemo\u017cliwi\u0107 korzystanie z niekt\u00f3rych funkcji serwisu.<\/p>\n<p>W serwisie\u00a0<a href=\"https:\/\/one.speedixa.com\/\">magistral-transport.com<\/a>\u00a0za pomoc\u0105 plik\u00f3w cookie zbieramy tylko dane, kt\u00f3re s\u0105 wykorzystywane do og\u00f3lnych cel\u00f3w statystycznych i nie s\u0105 u\u017cywane dla identyfikacji u\u017cytkownik\u00f3w, na przyk\u0142ad do cel\u00f3w komercyjnych (sprzeda\u017cowych).[\/vc_column_text][\/vc_column][\/vc_row]<\/p>\n<\/div>","protected":false},"excerpt":{"rendered":"<p>[vc_row full_width=&#8221;stretch_row&#8221; el_class=&#8221;price-request-row privacy-policy_row&#8221;][vc_column][vc_custom_heading text=&#8221;Polityk\u0105 prywatno\u015bci w firmie magistral transport&#8221; font_container=&#8221;tag:h4|text_align:left&#8221; use_theme_fonts=&#8221;yes&#8221; el_class=&#8221;block-title block-left-title&#8221;][vc_column_text]Zgodnie z art. 13 p. 1 i p. 2 Rozporz\u0105dzenia Parlamentu Europejskiego i Rady (UE) 2016\/679 z dnia 27 kwietnia 2016 r. w sprawie ochrony os\u00f3b fizycznych w zwi\u0105zku z przetwarzaniem danych osobowych i w sprawie swobodnego przep\u0142ywu takich danych oraz uchylenia [&hellip;]<\/p>\n","protected":false},"author":5,"featured_media":0,"parent":0,"menu_order":62,"comment_status":"closed","ping_status":"closed","template":"","meta":{"footnotes":""},"class_list":["post-1774","page","type-page","status-publish","hentry"],"aioseo_notices":[],"_links":{"self":[{"href":"https:\/\/one.speedixa.com\/pl\/wp-json\/wp\/v2\/pages\/1774","targetHints":{"allow":["GET"]}}],"collection":[{"href":"https:\/\/one.speedixa.com\/pl\/wp-json\/wp\/v2\/pages"}],"about":[{"href":"https:\/\/one.speedixa.com\/pl\/wp-json\/wp\/v2\/types\/page"}],"author":[{"embeddable":true,"href":"https:\/\/one.speedixa.com\/pl\/wp-json\/wp\/v2\/users\/5"}],"replies":[{"embeddable":true,"href":"https:\/\/one.speedixa.com\/pl\/wp-json\/wp\/v2\/comments?post=1774"}],"version-history":[{"count":1,"href":"https:\/\/one.speedixa.com\/pl\/wp-json\/wp\/v2\/pages\/1774\/revisions"}],"predecessor-version":[{"id":15847,"href":"https:\/\/one.speedixa.com\/pl\/wp-json\/wp\/v2\/pages\/1774\/revisions\/15847"}],"wp:attachment":[{"href":"https:\/\/one.speedixa.com\/pl\/wp-json\/wp\/v2\/media?parent=1774"}],"curies":[{"name":"wp","href":"https:\/\/api.w.org\/{rel}","templated":true}]}}