{"id":16,"date":"2019-04-11T08:32:09","date_gmt":"2019-04-11T08:32:09","guid":{"rendered":"https:\/\/one.speedixa.com\/?page_id=16"},"modified":"2026-03-05T13:22:43","modified_gmt":"2026-03-05T13:22:43","slug":"fleet","status":"publish","type":"page","link":"https:\/\/one.speedixa.com\/pl\/fleet\/","title":{"rendered":"Flota pojazd\u00f3w"},"content":{"rendered":"<div class=\"wpb-content-wrapper\"><p>[vc_row full_width=&#8221;stretch_row&#8221; el_id=&#8221;photo-with-arrow&#8221; css=&#8221;.vc_custom_1572973023873{background-image: url(https:\/\/one.speedixa.com\/wp-content\/uploads\/2019\/11\/avtopark.jpg?id=2805) !important;background-position: center !important;background-repeat: no-repeat !important;background-size: cover !important;}&#8221; el_class=&#8221;car-park-intro-row&#8221;][vc_column][vc_single_image image=&#8221;2805&#8243; img_size=&#8221;full&#8221; el_class=&#8221;avtopark-row-img&#8221;][vc_custom_heading text=&#8221;Flota pojazd\u00f3w&#8221; use_theme_fonts=&#8221;yes&#8221; el_class=&#8221;order-title&#8221;][vc_custom_heading text=&#8221;Speedixa&#8221; font_container=&#8221;tag:h3|text_align:left&#8221; use_theme_fonts=&#8221;yes&#8221; el_class=&#8221;order-undertitle&#8221;][\/vc_column][\/vc_row][vc_row full_width=&#8221;stretch_row&#8221; el_id=&#8221;avto-park&#8221; el_class=&#8221;car-park_tour-row bottom-arrows&#8221;][vc_column][vc_custom_heading text=&#8221;Nasza flota pojazd\u00f3w&#8221; font_container=&#8221;tag:h4|text_align:left&#8221; use_theme_fonts=&#8221;yes&#8221; el_class=&#8221;block-title block-left-title&#8221;][vc_column_text el_class=&#8221;about-us-text&#8221;]W chwili obecnej firma posiada w\u0142asn\u0105 flot\u0119 pojazd\u00f3w w ilo\u015bci ponad 150 samochod\u00f3w ci\u0119\u017carowych. S\u0105 to g\u0142\u00f3wne ci\u0105gniki Mercedes-Benz, DAF i MAN spe\u0142niaj\u0105ce normy ekologiczne Euro-6. Wszystkie samochody wyposa\u017cone s\u0105 w system kontroli satelitarnej i monitoringu, sprz\u0119t do transportu \u0142adunk\u00f3w niebezpiecznych.<\/p>\n<p>Powa\u017cnie traktujemy i dbamy o nasze pojazdy, dzi\u0119ki w\u0142asnemu warsztatowi samochodowemu <a href=\"https:\/\/magistral-truck.com\/\">Magistral Truck Service<\/a> stale utrzymujemy sprz\u0119t w doskona\u0142ym stanie technicznym. Regularnie aktualizujemy i powi\u0119kszamy nasz\u0105 flot\u0119 pojazd\u00f3w, dzi\u0119ki czemu \u015bredni wiek naszych pojazd\u00f3w wynosi 3 lata.<\/p>\n<p>Podstaw\u0105 floty naczep stanowi\u0105 standardowe naczepy plandekowe \u2013 o pojemno\u015bci 92 m3 i naczepy typu MEGA o pojemno\u015bci \u2013 102 m3 zdolne do transportu wszystkich rodzaj\u00f3w towar\u00f3w konsumpcyjnych i specjalnych. Naczepy wyposa\u017cone we wszystkie niezb\u0119dne urz\u0105dzenia do mocowania \u0142adunk\u00f3w, a standardowe naczepy dodatkowo wyposa\u017cone 33 paletami (EU-PAL).<\/p>\n<p>Do transportu \u0142adunk\u00f3w wymagaj\u0105cych okre\u015blonego trybu temperaturowego, firma posiada naczepy izotermiczne i ch\u0142odnicze, kt\u00f3re pozwalaj\u0105 utrzyma\u0107 okre\u015blon\u0105 temperatur\u0119 wewn\u0105trz od -20\u00b0c do +25\u00b0c na ca\u0142ej trasie, niezale\u017cnie od temperatury zewn\u0119trznej.<\/p>\n<p>R\u00f3wnie\u017c dysponujemy naczepami z platformami kontenerowymi do transportu 20-stopowych i 40-stopowych kontener\u00f3w.[\/vc_column_text][vc_tour][vc_tab show_icon=&#8221;yes&#8221; icon_type=&#8221;image&#8221; tab_id=&#8221;f0b14716-2778-3677e-1c9e&#8221; icon_image=&#8221;6003&#8243; title=&#8221;1&#8243;][vc_row_inner][vc_column_inner][vc_single_image image=&#8221;5999&#8243; img_size=&#8221;full&#8221; el_class=&#8221;categories&#8221;]<div class=\"porto-u-heading category-title  wpb_custom_95aa9a11c17ad45cfabaf210d84ee7cc porto-u-ad87e2eaf3f9c495180fe0156ddf3eb0 \"><div class=\"porto-u-main-heading\"><h6  >Naczepy plandekowe<\/h6><\/div><div class=\"porto-u-sub-heading\" style=\"\">90 m\u00b3<\/p>\n<div id=\"gtx-trans\" style=\"position: absolute; left: -5px; top: -10px;\">\n<div class=\"gtx-trans-icon\"><\/div>\n<\/div>\n<p><\/div><style>.porto-u-ad87e2eaf3f9c495180fe0156ddf3eb0.porto-u-heading{text-align:left}<\/style><\/div>[vc_column_text el_class=&#8221;park-info-box&#8221;]<\/p>\n<ul>\n<li><span class=\"property\">D\u0142ugo\u015b\u0107 wewn\u0119trzna: <\/span>13,6 m<\/li>\n<li><span class=\"property\">Szeroko\u015b\u0107 wewn\u0119trzna: <\/span>2,45 m<\/li>\n<li><span class=\"property\">Wysoko\u015b\u0107 wewn\u0119trzna: <\/span>2,70 m<\/li>\n<li><span class=\"property\">\u0141adowno\u015b\u0107: <\/span>24 tony<\/li>\n<li><span class=\"property\">Wszystkie rodzaje za\u0142adowania: <\/span>tylne, boczne, g\u00f3rne<\/li>\n<\/ul>\n<p>[\/vc_column_text][\/vc_column_inner][\/vc_row_inner][\/vc_tab][vc_tab show_icon=&#8221;yes&#8221; icon_type=&#8221;image&#8221; tab_id=&#8221;1555942189849-1-2677e-1c9e&#8221; icon_image=&#8221;6004&#8243; title=&#8221;2&#8243;][vc_row_inner][vc_column_inner][vc_single_image image=&#8221;6000&#8243; img_size=&#8221;full&#8221; el_class=&#8221;categories&#8221;]<div class=\"porto-u-heading category-title  wpb_custom_95aa9a11c17ad45cfabaf210d84ee7cc porto-u-ad87e2eaf3f9c495180fe0156ddf3eb0 \"><div class=\"porto-u-main-heading\"><h6  >Naczepy ch\u0142odnicze<\/h6><\/div><div class=\"porto-u-sub-heading\" style=\"\">86 m<sup>3<\/sup><\/p>\n<div id=\"gtx-trans\" style=\"position: absolute; left: -9px; top: 38px;\">\n<div class=\"gtx-trans-icon\"><\/div>\n<\/div>\n<p><\/div><style>.porto-u-ad87e2eaf3f9c495180fe0156ddf3eb0.porto-u-heading{text-align:left}<\/style><\/div>[vc_column_text el_class=&#8221;park-info-box&#8221;]<\/p>\n<ul>\n<li><span class=\"property\">D\u0142ugo\u015b\u0107 wewn\u0119trzna: <\/span>13,6 m<\/li>\n<li><span class=\"property\">Szeroko\u015b\u0107 wewn\u0119trzna: <\/span>2,45 m<\/li>\n<li><span class=\"property\">Wysoko\u015b\u0107 wewn\u0119trzna: <\/span>2,60 m<\/li>\n<li><span class=\"property\">\u0141adowno\u015b\u0107: <\/span>20-22 tony<\/li>\n<li><span class=\"property\">Rodzaje za\u0142adowania: <\/span>tylko tylna<\/li>\n<\/ul>\n<p>[\/vc_column_text][\/vc_column_inner][\/vc_row_inner][\/vc_tab][vc_tab show_icon=&#8221;yes&#8221; icon_type=&#8221;image&#8221; tab_id=&#8221;1555942191825-2-4677e-1c9e&#8221; icon_image=&#8221;6005&#8243; title=&#8221;3&#8243;][vc_row_inner][vc_column_inner][vc_single_image image=&#8221;6001&#8243; img_size=&#8221;full&#8221; el_class=&#8221;categories&#8221;]<div class=\"porto-u-heading category-title  wpb_custom_95aa9a11c17ad45cfabaf210d84ee7cc porto-u-ad87e2eaf3f9c495180fe0156ddf3eb0 \"><div class=\"porto-u-main-heading\"><h6  >Platforma otwarta<\/h6><\/div><div class=\"porto-u-sub-heading\" style=\"\">(kontenerowiec)<\/p>\n<div id=\"gtx-trans\" style=\"position: absolute; left: -49px; top: 38px;\">\n<div class=\"gtx-trans-icon\"><\/div>\n<\/div>\n<p><\/div><style>.porto-u-ad87e2eaf3f9c495180fe0156ddf3eb0.porto-u-heading{text-align:left}<\/style><\/div>[vc_column_text el_class=&#8221;park-info-box&#8221;]<\/p>\n<ul>\n<li><span class=\"property\">D\u0142ugo\u015b\u0107 wewn\u0119trzna: <\/span>12,6 m<\/li>\n<li><span class=\"property\">Szeroko\u015b\u0107 wewn\u0119trzna: <\/span>2,5 m<\/li>\n<li><span class=\"property\">\u0141adowno\u015b\u0107: <\/span>25 ton<\/li>\n<\/ul>\n<p>[\/vc_column_text][\/vc_column_inner][\/vc_row_inner][\/vc_tab][\/vc_tour][vc_media_grid gap=&#8221;35&#8243; initial_loading_animation=&#8221;none&#8221; grid_id=&#8221;vc_gid:1708079227979-81352537-18bb-4&#8243; include=&#8221;2456,2457,1861,2514,2489,2519&#8243; el_class=&#8221;car-park_galary&#8221;][\/vc_column][\/vc_row][vc_row full_width=&#8221;stretch_row_content_no_spaces&#8221; css=&#8221;.vc_custom_1561367408504{background-color: #FF1100 !important;}&#8221; el_id=&#8221;sales-text-cargo&#8221; el_class=&#8221;sales-text_row left-image-bg&#8221;][vc_column el_class=&#8221;drive-img-col drive-img-col__right-arrows&#8221; offset=&#8221;vc_col-lg-6 vc_col-md-12 vc_col-xs-12&#8243; css=&#8221;.vc_custom_1572946424108{background-image: url(https:\/\/one.speedixa.com\/wp-content\/uploads\/2019\/11\/avtopark-content-mini.jpg?id=2772) !important;background-position: center !important;background-repeat: no-repeat !important;background-size: cover !important;}&#8221;][vc_single_image image=&#8221;2772&#8243; img_size=&#8221;full&#8221; alignment=&#8221;right&#8221; el_class=&#8221;drive-img&#8221;][\/vc_column][vc_column el_class=&#8221;to-drivers-text left-image-bg_col&#8221; offset=&#8221;vc_col-lg-6 vc_col-md-12 vc_col-xs-12&#8243;]<div class=\"porto-u-heading block-title block-left-title block-title_light-pseudo  wpb_custom_95aa9a11c17ad45cfabaf210d84ee7cc porto-u-ad87e2eaf3f9c495180fe0156ddf3eb0 \"><div class=\"porto-u-main-heading\"><h2  >Sprzeda\u017c i Czynsz ci\u0105gnik\u00f3w<\/h2><\/div><style>.porto-u-ad87e2eaf3f9c495180fe0156ddf3eb0.porto-u-heading{text-align:left}<\/style><\/div>[vc_column_text el_class=&#8221;drivers-under-title&#8221;]Ca\u0142a nasza flota jest kupowana u producent\u00f3w i przez ca\u0142y okres u\u017cytkowania regularnie serwisowana przy u\u017cyciu wy\u0142\u0105cznie oryginalnych cz\u0119\u015bci zamiennych i materia\u0142\u00f3w eksploatacyjnych.<\/p>\n<p>&nbsp;<\/p>\n<p>[\/vc_column_text][vc_btn title=&#8221;Sprzeda\u017c ci\u0105gnik\u00f3w&#8221; color=&#8221;default&#8221; align=&#8221;center&#8221; el_class=&#8221;transparent main-button sale-of-tractors&#8221; link=&#8221;url:%2Fproduct-category%2Fprodazha-tyagachej%2F|||&#8221; el_id=&#8221;resume&#8221;][vc_btn title=&#8221;Czynsz ci\u0105gnik\u00f3w&#8221; color=&#8221;default&#8221; align=&#8221;center&#8221; el_class=&#8221;transparent main-button trailers-for-sale&#8221; link=&#8221;url:%2Fproduct-category%2Farenda-tyagachej%2F|||&#8221; el_id=&#8221;vacancy&#8221;][\/vc_column][\/vc_row][vc_row full_width=&#8221;stretch_row&#8221; disable_element=&#8221;yes&#8221; el_id=&#8221;advantages-row&#8221; el_class=&#8221;sales-advantages-row&#8221;][vc_column][vc_custom_heading text=&#8221;Dlaczego warto kupowa\u0107 u nas&#8221; font_container=&#8221;tag:h4|text_align:center&#8221; use_theme_fonts=&#8221;yes&#8221; el_class=&#8221;block-title&#8221;][vc_row_inner][vc_column_inner width=&#8221;1\/3&#8243;][vc_single_image image=&#8221;594&#8243; img_size=&#8221;full&#8221; alignment=&#8221;center&#8221; animation_type=&#8221;shake&#8221; el_class=&#8221;advantage-icon&#8221;][vc_column_text el_class=&#8221;advantage-text&#8221;]<\/p>\n<p class=\"advantages\" style=\"text-align: center;\">Przygotowujemy przedsprzeda\u017c wszystkich sprzedawanych pojazd\u00f3w oraz przyczep<\/p>\n<p>[\/vc_column_text][\/vc_column_inner][vc_column_inner width=&#8221;1\/3&#8243;][vc_single_image image=&#8221;595&#8243; img_size=&#8221;full&#8221; alignment=&#8221;center&#8221; animation_type=&#8221;shake&#8221; el_class=&#8221;advantage-icon&#8221;][vc_column_text el_class=&#8221;advantage-text&#8221;]<\/p>\n<p class=\"advantages\" style=\"text-align: center;\">Pe\u0142na diagnostyka mechanizmu biegowego i elektroniki<\/p>\n<p>[\/vc_column_text][\/vc_column_inner][vc_column_inner width=&#8221;1\/3&#8243;][vc_single_image image=&#8221;51&#8243; img_size=&#8221;full&#8221; alignment=&#8221;center&#8221; animation_type=&#8221;shake&#8221; el_class=&#8221;advantage-icon relation-icon&#8221;][vc_column_text el_class=&#8221;advantage-text&#8221;]<\/p>\n<p class=\"advantages\" style=\"text-align: center;\">Przekazujemy sprz\u0119t motoryzacyjny w pe\u0142ni sprawny<\/p>\n<p>[\/vc_column_text][\/vc_column_inner][\/vc_row_inner][\/vc_column][\/vc_row]<\/p>\n<\/div>","protected":false},"excerpt":{"rendered":"<p>[vc_row full_width=&#8221;stretch_row&#8221; el_id=&#8221;photo-with-arrow&#8221; css=&#8221;.vc_custom_1572973023873{background-image: url(https:\/\/one.speedixa.com\/wp-content\/uploads\/2019\/11\/avtopark.jpg?id=2805) !important;background-position: center !important;background-repeat: no-repeat !important;background-size: cover !important;}&#8221; el_class=&#8221;car-park-intro-row&#8221;][vc_column][vc_single_image image=&#8221;2805&#8243; img_size=&#8221;full&#8221; el_class=&#8221;avtopark-row-img&#8221;][vc_custom_heading text=&#8221;Flota pojazd\u00f3w&#8221; use_theme_fonts=&#8221;yes&#8221; el_class=&#8221;order-title&#8221;][vc_custom_heading text=&#8221;Speedixa&#8221; font_container=&#8221;tag:h3|text_align:left&#8221; use_theme_fonts=&#8221;yes&#8221; el_class=&#8221;order-undertitle&#8221;][\/vc_column][\/vc_row][vc_row full_width=&#8221;stretch_row&#8221; el_id=&#8221;avto-park&#8221; el_class=&#8221;car-park_tour-row bottom-arrows&#8221;][vc_column][vc_custom_heading text=&#8221;Nasza flota pojazd\u00f3w&#8221; font_container=&#8221;tag:h4|text_align:left&#8221; use_theme_fonts=&#8221;yes&#8221; el_class=&#8221;block-title block-left-title&#8221;][vc_column_text el_class=&#8221;about-us-text&#8221;]W chwili obecnej firma posiada w\u0142asn\u0105 flot\u0119 pojazd\u00f3w w ilo\u015bci ponad 150 samochod\u00f3w ci\u0119\u017carowych. S\u0105 to g\u0142\u00f3wne ci\u0105gniki Mercedes-Benz, DAF [&hellip;]<\/p>\n","protected":false},"author":5,"featured_media":4418,"parent":0,"menu_order":5,"comment_status":"closed","ping_status":"closed","template":"","meta":{"footnotes":""},"class_list":["post-16","page","type-page","status-publish","has-post-thumbnail","hentry"],"aioseo_notices":[],"_links":{"self":[{"href":"https:\/\/one.speedixa.com\/pl\/wp-json\/wp\/v2\/pages\/16","targetHints":{"allow":["GET"]}}],"collection":[{"href":"https:\/\/one.speedixa.com\/pl\/wp-json\/wp\/v2\/pages"}],"about":[{"href":"https:\/\/one.speedixa.com\/pl\/wp-json\/wp\/v2\/types\/page"}],"author":[{"embeddable":true,"href":"https:\/\/one.speedixa.com\/pl\/wp-json\/wp\/v2\/users\/5"}],"replies":[{"embeddable":true,"href":"https:\/\/one.speedixa.com\/pl\/wp-json\/wp\/v2\/comments?post=16"}],"version-history":[{"count":1,"href":"https:\/\/one.speedixa.com\/pl\/wp-json\/wp\/v2\/pages\/16\/revisions"}],"predecessor-version":[{"id":15869,"href":"https:\/\/one.speedixa.com\/pl\/wp-json\/wp\/v2\/pages\/16\/revisions\/15869"}],"wp:featuredmedia":[{"embeddable":true,"href":"https:\/\/one.speedixa.com\/pl\/wp-json\/wp\/v2\/media\/4418"}],"wp:attachment":[{"href":"https:\/\/one.speedixa.com\/pl\/wp-json\/wp\/v2\/media?parent=16"}],"curies":[{"name":"wp","href":"https:\/\/api.w.org\/{rel}","templated":true}]}}