{"id":692,"date":"2019-06-12T14:33:11","date_gmt":"2019-06-12T14:33:11","guid":{"rendered":"https:\/\/one.speedixa.com\/?page_id=692"},"modified":"2026-03-05T13:22:42","modified_gmt":"2026-03-05T13:22:42","slug":"container-transportation","status":"publish","type":"page","link":"https:\/\/one.speedixa.com\/fr\/services\/container-transportation\/","title":{"rendered":"Transport de conteneurs"},"content":{"rendered":"<div class=\"wpb-content-wrapper\"><p>[vc_row full_width=\u00a0\u00bbstretch_row_content_no_spaces\u00a0\u00bb el_id=\u00a0\u00bbintro\u00a0\u00bb el_class=\u00a0\u00bbrow-with-image-col right-image-bg standart-cargo cargo-services-intro\u00a0\u00bb][vc_column el_class=\u00a0\u00bbabout-us-col about-us-col-float\u00a0\u00bb offset=\u00a0\u00bbvc_col-lg-6 vc_col-md-12 vc_col-xs-12&Prime;][vc_custom_heading text=\u00a0\u00bbTransport de conteneurs\u00a0\u00bb font_container=\u00a0\u00bbtag:h4|text_align:left\u00a0\u00bb use_theme_fonts=\u00a0\u00bbyes\u00a0\u00bb el_class=\u00a0\u00bbblock-title block-left-title\u00a0\u00bb][vc_column_text el_class=\u00a0\u00bbabout-us-text\u00a0\u00bb]Notre soci\u00e9t\u00e9 r\u00e9alise le transport de conteneurs dans toute l&rsquo;europe. \u00c0 ce jour, les porte-conteneurs sont tr\u00e8s demand\u00e9s car ils pr\u00e9sentent des avantages ind\u00e9niables. N\u2019oublions pas que les conteneurs sont la principale unit\u00e9 de transport pour le transport multimodal.<\/p>\n<p>Nous sommes pr\u00eats \u00e0 retirer votre conteneur du port ou de la gare et \u00e0 le livrer \u00e0 destination finale ou \u00e0 l\u2019inverse. Nous garantissons un niveau \u00e9lev\u00e9 de s\u00e9curit\u00e9 et de rapidit\u00e9 de livraison.<br \/>\n[\/vc_column_text][vc_btn title=\u00a0\u00bbCommander un service\u00a0\u00bb color=\u00a0\u00bbdefault\u00a0\u00bb align=\u00a0\u00bbcenter\u00a0\u00bb el_class=\u00a0\u00bbmain-button blue-button order-service-btn\u00a0\u00bb link=\u00a0\u00bburl:%23|||\u00a0\u00bb][\/vc_column][vc_column el_class=\u00a0\u00bbcol-with-background col-with-background-cover\u00a0\u00bb offset=\u00a0\u00bbvc_col-lg-6 vc_col-md-12 vc_col-xs-12&Prime; css=\u00a0\u00bb.vc_custom_1565363653571{background-image: url(https:\/\/one.speedixa.com\/wp-content\/uploads\/2019\/08\/Conteiner-load.jpg?id=1951) !important;}\u00a0\u00bb][vc_single_image image=\u00a0\u00bb2576&Prime; img_size=\u00a0\u00bbfull\u00a0\u00bb el_class=\u00a0\u00bbintro-photo\u00a0\u00bb][\/vc_column][\/vc_row][vc_row full_width=\u00a0\u00bbstretch_row_content_no_spaces\u00a0\u00bb el_id=\u00a0\u00bbcargo-kinds\u00a0\u00bb el_class=\u00a0\u00bbcargo-kinds_row\u00a0\u00bb][vc_column el_class=\u00a0\u00bbleft-blue-col angle-arrows-col\u00a0\u00bb css=\u00a0\u00bb.vc_custom_1560954343861{background-color: #FF1100 !important;}\u00a0\u00bb offset=\u00a0\u00bbvc_col-lg-6 vc_col-md-12 vc_col-xs-12&Prime;][vc_custom_heading text=\u00a0\u00bbTypes de fret\u00a0\u00bb font_container=\u00a0\u00bbtag:h4|text_align:left\u00a0\u00bb use_theme_fonts=\u00a0\u00bbyes\u00a0\u00bb el_class=\u00a0\u00bbblock-title block-left-title\u00a0\u00bb][vc_column_text el_class=\u00a0\u00bbcargo-kinds_list\u00a0\u00bb]<\/p>\n<ul>\n<li><em><img decoding=\"async\" src=\"\/wp-content\/uploads\/2019\/04\/09-icon-container.png\" alt=\"\" \/><\/em>mat\u00e9riaux en vrac sans emballage<\/li>\n<li><em><img decoding=\"async\" src=\"\/wp-content\/uploads\/2019\/04\/09-icon-container.png\" alt=\"\" \/><\/em>mat\u00e9riaux de construction<\/li>\n<li><em><img decoding=\"async\" src=\"\/wp-content\/uploads\/2019\/04\/09-icon-container.png\" alt=\"\" \/><\/em>equipement industriel<\/li>\n<li><em><img decoding=\"async\" src=\"\/wp-content\/uploads\/2019\/04\/09-icon-container.png\" alt=\"\" \/><\/em>meubles et appareils m\u00e9nagers<\/li>\n<\/ul>\n<p>[\/vc_column_text][\/vc_column][vc_column el_class=\u00a0\u00bbright-grey-col\u00a0\u00bb css=\u00a0\u00bb.vc_custom_1560954356885{background-color: #f2f2f2 !important;}\u00a0\u00bb offset=\u00a0\u00bbvc_col-lg-6 vc_col-md-12 vc_col-xs-12&Prime;][vc_custom_heading text=\u00a0\u00bbPrincipaux clients\u00a0\u00bb font_container=\u00a0\u00bbtag:h4|text_align:left\u00a0\u00bb use_theme_fonts=\u00a0\u00bbyes\u00a0\u00bb el_class=\u00a0\u00bbblock-title block-left-title\u00a0\u00bb][vc_column_text el_class=\u00a0\u00bbcargo-kinds_klients\u00a0\u00bb]<\/p>\n<ul>\n<li><em><img decoding=\"async\" src=\"\/wp-content\/uploads\/2019\/06\/68-list-marker.png\" alt=\"\" \/><\/em>grossistes<\/li>\n<li><em><img decoding=\"async\" src=\"\/wp-content\/uploads\/2019\/06\/68-list-marker.png\" alt=\"\" \/><\/em>fabricants de produits alimentaires<\/li>\n<li><em><img decoding=\"async\" src=\"\/wp-content\/uploads\/2019\/06\/68-list-marker.png\" alt=\"\" \/><\/em>r\u00e9seaux de distribution (d\u00e9taillants)<\/li>\n<\/ul>\n<p>[\/vc_column_text][\/vc_column][\/vc_row][vc_row full_width=\u00a0\u00bbstretch_row\u00a0\u00bb el_id=\u00a0\u00bbavto-park\u00a0\u00bb el_class=\u00a0\u00bbcargo-services_avtopark\u00a0\u00bb][vc_column][vc_custom_heading text=\u00a0\u00bbParc\u00a0\u00bb font_container=\u00a0\u00bbtag:h4|text_align:left\u00a0\u00bb use_theme_fonts=\u00a0\u00bbyes\u00a0\u00bb el_class=\u00a0\u00bbblock-title block-left-title\u00a0\u00bb][vc_column_text el_class=\u00a0\u00bbabout-us-text\u00a0\u00bb]Nous disposons du mat\u00e9riel roulant avec des plates-formes pour le transport de conteneurs de 20 et 40 pieds.[\/vc_column_text][vc_tour][vc_tab tab_id=\u00a0\u00bb1555942191825-2-489c7-2a02e103-5004&Prime; title=\u00a0\u00bb3&Prime;][vc_row_inner][vc_column_inner][vc_single_image image=\u00a0\u00bb6001&Prime; img_size=\u00a0\u00bbfull\u00a0\u00bb el_class=\u00a0\u00bbcategories\u00a0\u00bb label=\u00a0\u00bb\u00a0\u00bb]<div class=\"porto-u-heading category-title  wpb_custom_95aa9a11c17ad45cfabaf210d84ee7cc porto-u-ad87e2eaf3f9c495180fe0156ddf3eb0 \"><div class=\"porto-u-main-heading\"><h6  >Plateforme ouverte<\/h6><\/div><div class=\"porto-u-sub-heading\" style=\"\">(porte-conteneurs)<\/div><style>.porto-u-ad87e2eaf3f9c495180fe0156ddf3eb0.porto-u-heading{text-align:left}<\/style><\/div>[vc_column_text el_class=\u00a0\u00bbpark-info-box\u00a0\u00bb]<\/p>\n<ul>\n<li><span class=\"property\">Longueur int\u00e9rieure: <\/span>12,6 m<\/li>\n<li><span class=\"property\">Largeur int\u00e9rieure: <\/span>2,5 m<\/li>\n<li><span class=\"property\">Charge utile: <\/span>25 tonnes<\/li>\n<\/ul>\n<p>[\/vc_column_text][\/vc_column_inner][\/vc_row_inner][\/vc_tab][\/vc_tour][\/vc_column][\/vc_row][vc_row full_width=\u00a0\u00bbstretch_row\u00a0\u00bb el_id=\u00a0\u00bborder\u00a0\u00bb el_class=\u00a0\u00bbservices-order-row cargo-services-order main-order-arrow\u00a0\u00bb][vc_column width=\u00a0\u00bb1\/2&Prime; el_class=\u00a0\u00bbcontent-col\u00a0\u00bb][vc_custom_heading text=\u00a0\u00bbSi vous avez des<br \/>\nquestions ou vous voulez<br \/>\ncommander un service?\u00a0\u00bb use_theme_fonts=\u00a0\u00bbyes\u00a0\u00bb el_class=\u00a0\u00bborder-title\u00a0\u00bb][\/vc_column][vc_column width=\u00a0\u00bb1\/2&Prime; el_class=\u00a0\u00bbcall-info-col\u00a0\u00bb][vc_custom_heading text=\u00a0\u00bbAppelez-nous maintenant\u00a0\u00bb font_container=\u00a0\u00bbtag:h6|text_align:center\u00a0\u00bb use_theme_fonts=\u00a0\u00bbyes\u00a0\u00bb][vc_column_text el_class=\u00a0\u00bbcall-link\u00a0\u00bb]<a href=\"tel:+48+34+311+12+50\" target=\"_blank\" rel=\"noopener\">+48 34 311 12 50<\/a>[\/vc_column_text][vc_btn title=\u00a0\u00bbLaisser une commande\u00a0\u00bb color=\u00a0\u00bbdefault\u00a0\u00bb align=\u00a0\u00bbcenter\u00a0\u00bb el_class=\u00a0\u00bbmain-button blue-button order-service-btn\u00a0\u00bb link=\u00a0\u00bburl:%23|||\u00a0\u00bb][\/vc_column][\/vc_row]<\/p>\n<\/div>","protected":false},"excerpt":{"rendered":"<p>[vc_row full_width=\u00a0\u00bbstretch_row_content_no_spaces\u00a0\u00bb el_id=\u00a0\u00bbintro\u00a0\u00bb el_class=\u00a0\u00bbrow-with-image-col right-image-bg standart-cargo cargo-services-intro\u00a0\u00bb][vc_column el_class=\u00a0\u00bbabout-us-col about-us-col-float\u00a0\u00bb offset=\u00a0\u00bbvc_col-lg-6 vc_col-md-12 vc_col-xs-12&Prime;][vc_custom_heading text=\u00a0\u00bbTransport de conteneurs\u00a0\u00bb font_container=\u00a0\u00bbtag:h4|text_align:left\u00a0\u00bb use_theme_fonts=\u00a0\u00bbyes\u00a0\u00bb el_class=\u00a0\u00bbblock-title block-left-title\u00a0\u00bb][vc_column_text el_class=\u00a0\u00bbabout-us-text\u00a0\u00bb]Notre soci\u00e9t\u00e9 r\u00e9alise le transport de conteneurs dans toute l&rsquo;europe. \u00c0 ce jour, les porte-conteneurs sont tr\u00e8s demand\u00e9s car ils pr\u00e9sentent des avantages ind\u00e9niables. N\u2019oublions pas que les conteneurs sont la principale unit\u00e9 de transport pour [&hellip;]<\/p>\n","protected":false},"author":5,"featured_media":2576,"parent":27,"menu_order":28,"comment_status":"closed","ping_status":"closed","template":"","meta":{"footnotes":""},"class_list":["post-692","page","type-page","status-publish","has-post-thumbnail","hentry"],"aioseo_notices":[],"_links":{"self":[{"href":"https:\/\/one.speedixa.com\/fr\/wp-json\/wp\/v2\/pages\/692","targetHints":{"allow":["GET"]}}],"collection":[{"href":"https:\/\/one.speedixa.com\/fr\/wp-json\/wp\/v2\/pages"}],"about":[{"href":"https:\/\/one.speedixa.com\/fr\/wp-json\/wp\/v2\/types\/page"}],"author":[{"embeddable":true,"href":"https:\/\/one.speedixa.com\/fr\/wp-json\/wp\/v2\/users\/5"}],"replies":[{"embeddable":true,"href":"https:\/\/one.speedixa.com\/fr\/wp-json\/wp\/v2\/comments?post=692"}],"version-history":[{"count":1,"href":"https:\/\/one.speedixa.com\/fr\/wp-json\/wp\/v2\/pages\/692\/revisions"}],"predecessor-version":[{"id":15899,"href":"https:\/\/one.speedixa.com\/fr\/wp-json\/wp\/v2\/pages\/692\/revisions\/15899"}],"up":[{"embeddable":true,"href":"https:\/\/one.speedixa.com\/fr\/wp-json\/wp\/v2\/pages\/27"}],"wp:featuredmedia":[{"embeddable":true,"href":"https:\/\/one.speedixa.com\/fr\/wp-json\/wp\/v2\/media\/2576"}],"wp:attachment":[{"href":"https:\/\/one.speedixa.com\/fr\/wp-json\/wp\/v2\/media?parent=692"}],"curies":[{"name":"wp","href":"https:\/\/api.w.org\/{rel}","templated":true}]}}