{"id":688,"date":"2019-06-12T14:15:43","date_gmt":"2019-06-12T14:15:43","guid":{"rendered":"https:\/\/one.speedixa.com\/?page_id=688"},"modified":"2026-03-05T13:22:42","modified_gmt":"2026-03-05T13:22:42","slug":"transportation-adr","status":"publish","type":"page","link":"https:\/\/one.speedixa.com\/fr\/services\/transportation-adr\/","title":{"rendered":"Transport de marchandises dangereuses (ADR)"},"content":{"rendered":"<div class=\"wpb-content-wrapper\"><p>[vc_row full_width=\u00a0\u00bbstretch_row_content_no_spaces\u00a0\u00bb el_id=\u00a0\u00bbintro\u00a0\u00bb el_class=\u00a0\u00bbrow-with-image-col right-image-bg standart-cargo cargo-services-intro\u00a0\u00bb][vc_column el_class=\u00a0\u00bbabout-us-col about-us-col-float\u00a0\u00bb offset=\u00a0\u00bbvc_col-lg-6 vc_col-md-12 vc_col-xs-12&Prime;][vc_custom_heading text=\u00a0\u00bbTransport de marchandises dangereuses (ADR)\u00a0\u00bb font_container=\u00a0\u00bbtag:h4|text_align:left\u00a0\u00bb use_theme_fonts=\u00a0\u00bbyes\u00a0\u00bb el_class=\u00a0\u00bbblock-title block-left-title\u00a0\u00bb][vc_column_text el_class=\u00a0\u00bbabout-us-text\u00a0\u00bb]Notre soci\u00e9t\u00e9 r\u00e9alise le transport de marchandises dangereuses (ADR) dans tous les pays europ\u00e9ens. Ce type de transport de marchandises est apparemment le plus responsable, car il s&rsquo;agit de mat\u00e9riaux ou de substances qui peuvent causer des dommages irr\u00e9parables \u00e0 l&rsquo;environnement et aux personnes en cas de n\u00e9gligence.<\/p>\n<p>Tous nos conducteurs ont suivi la formation et ont un permis pour transporter les marchandises dangereuses, et nos v\u00e9hicules sont \u00e9quip\u00e9s de tout l&rsquo;\u00e9quipement sp\u00e9cial n\u00e9cessaire.<br \/>\n[\/vc_column_text][vc_btn title=\u00a0\u00bbCommander un service\u00a0\u00bb color=\u00a0\u00bbdefault\u00a0\u00bb align=\u00a0\u00bbcenter\u00a0\u00bb el_class=\u00a0\u00bbmain-button blue-button order-service-btn\u00a0\u00bb link=\u00a0\u00bburl:%23|||\u00a0\u00bb][\/vc_column][vc_column el_class=\u00a0\u00bbcol-with-background col-with-background-cover\u00a0\u00bb offset=\u00a0\u00bbvc_col-lg-6 vc_col-md-12 vc_col-xs-12&Prime; css=\u00a0\u00bb.vc_custom_1574616401362{background-image: url(https:\/\/one.speedixa.com\/wp-content\/uploads\/2019\/11\/hazardous-transport-2019-e1574615156273.jpg?id=2985) !important;}\u00a0\u00bb][vc_single_image image=\u00a0\u00bb2985&Prime; img_size=\u00a0\u00bbfull\u00a0\u00bb el_class=\u00a0\u00bbintro-photo\u00a0\u00bb][\/vc_column][\/vc_row][vc_row full_width=\u00a0\u00bbstretch_row_content_no_spaces\u00a0\u00bb el_id=\u00a0\u00bbcargo-kinds\u00a0\u00bb el_class=\u00a0\u00bbcargo-kinds_row\u00a0\u00bb][vc_column el_class=\u00a0\u00bbleft-blue-col angle-arrows-col\u00a0\u00bb css=\u00a0\u00bb.vc_custom_1561363262925{background-color: #FF1100 !important;}\u00a0\u00bb offset=\u00a0\u00bbvc_col-lg-6 vc_col-md-12 vc_col-xs-12&Prime;][vc_custom_heading text=\u00a0\u00bbTypes de fret\u00a0\u00bb font_container=\u00a0\u00bbtag:h4|text_align:left\u00a0\u00bb use_theme_fonts=\u00a0\u00bbyes\u00a0\u00bb el_class=\u00a0\u00bbblock-title block-left-title\u00a0\u00bb][vc_column_text el_class=\u00a0\u00bbcargo-kinds_list\u00a0\u00bb]<\/p>\n<ul>\n<li><em><img decoding=\"async\" src=\"\/wp-content\/uploads\/2019\/04\/08-icon-wheel.png\" alt=\"\" \/><\/em>produits chimiques m\u00e9nagers<\/li>\n<li><em><img decoding=\"async\" src=\"\/wp-content\/uploads\/2019\/04\/08-icon-wheel.png\" alt=\"\" \/><\/em>piles et accumulateurs<\/li>\n<li><em><img decoding=\"async\" src=\"\/wp-content\/uploads\/2019\/04\/08-icon-wheel.png\" alt=\"\" \/><\/em>produits de parfumerie<\/li>\n<li><em><img decoding=\"async\" src=\"\/wp-content\/uploads\/2019\/04\/08-icon-wheel.png\" alt=\"\" \/><\/em>engrais<\/li>\n<\/ul>\n<p>[\/vc_column_text][\/vc_column][vc_column el_class=\u00a0\u00bbright-grey-col\u00a0\u00bb css=\u00a0\u00bb.vc_custom_1561363272030{background-color: #f2f2f2 !important;}\u00a0\u00bb offset=\u00a0\u00bbvc_col-lg-6 vc_col-md-12 vc_col-xs-12&Prime;][vc_custom_heading text=\u00a0\u00bbPrincipaux clients\u00a0\u00bb font_container=\u00a0\u00bbtag:h4|text_align:left\u00a0\u00bb use_theme_fonts=\u00a0\u00bbyes\u00a0\u00bb el_class=\u00a0\u00bbblock-title block-left-title\u00a0\u00bb][vc_column_text el_class=\u00a0\u00bbcargo-kinds_klients\u00a0\u00bb]<\/p>\n<ul>\n<li><em><img decoding=\"async\" src=\"\/wp-content\/uploads\/2019\/06\/68-list-marker.png\" alt=\"\" \/><\/em>grossistes<\/li>\n<li><em><img decoding=\"async\" src=\"\/wp-content\/uploads\/2019\/06\/68-list-marker.png\" alt=\"\" \/><\/em>fabricants de produits alimentaires<\/li>\n<li><em><img decoding=\"async\" src=\"\/wp-content\/uploads\/2019\/06\/68-list-marker.png\" alt=\"\" \/><\/em>r\u00e9seaux de distribution (d\u00e9taillants)<\/li>\n<\/ul>\n<p>[\/vc_column_text][\/vc_column][\/vc_row][vc_row full_width=\u00a0\u00bbstretch_row\u00a0\u00bb el_id=\u00a0\u00bbavto-park\u00a0\u00bb el_class=\u00a0\u00bbcargo-services_avtopark\u00a0\u00bb][vc_column][vc_custom_heading text=\u00a0\u00bbParc\u00a0\u00bb font_container=\u00a0\u00bbtag:h4|text_align:left\u00a0\u00bb use_theme_fonts=\u00a0\u00bbyes\u00a0\u00bb el_class=\u00a0\u00bbblock-title block-left-title\u00a0\u00bb][vc_column_text el_class=\u00a0\u00bbabout-us-text\u00a0\u00bb]Tous nos v\u00e9hicules sont \u00e9quip\u00e9s et peuvent transporter des marchandises adr. Chaque semi-remorque est \u00e9quip\u00e9e de 33 palettes d\u2019\u00e9change (eu pal) et de tout le mat\u00e9riel n\u00e9cessaire pour la s\u00e9curisation du fret.[\/vc_column_text][vc_tour][vc_tab tab_id=\u00a0\u00bbf0b14716-2778-389c7-2a02df03-cf5c\u00a0\u00bb title=\u00a0\u00bb1&Prime;][vc_row_inner][vc_column_inner][vc_single_image image=\u00a0\u00bb5999&Prime; img_size=\u00a0\u00bbfull\u00a0\u00bb el_class=\u00a0\u00bbcategories\u00a0\u00bb label=\u00a0\u00bb\u00a0\u00bb]<div class=\"porto-u-heading category-title  wpb_custom_95aa9a11c17ad45cfabaf210d84ee7cc porto-u-ad87e2eaf3f9c495180fe0156ddf3eb0 \"><div class=\"porto-u-main-heading\"><h6  >Semi-remorques tented<\/h6><\/div><div class=\"porto-u-sub-heading\" style=\"\">90 m<sup>3<\/sup><\/div><style>.porto-u-ad87e2eaf3f9c495180fe0156ddf3eb0.porto-u-heading{text-align:left}<\/style><\/div>[vc_column_text el_class=\u00a0\u00bbpark-info-box\u00a0\u00bb]<\/p>\n<ul>\n<li><span class=\"property\">Longueur int\u00e9rieure: <\/span>13,6 m<\/li>\n<li><span class=\"property\">Largeur int\u00e9rieure: <\/span>2,45 m<\/li>\n<li><span class=\"property\">Largeur int\u00e9rieure: <\/span>2,70 m<\/li>\n<li><span class=\"property\">Charge utile: <\/span>24 \u0442\u043e\u043d\u043d\u044b<\/li>\n<li><span class=\"property\">Tous les types de chargement: <\/span>arri\u00e8re, lat\u00e9ral, avant<\/li>\n<\/ul>\n<p>[\/vc_column_text][\/vc_column_inner][\/vc_row_inner][\/vc_tab][\/vc_tour][\/vc_column][\/vc_row][vc_row full_width=\u00a0\u00bbstretch_row\u00a0\u00bb el_id=\u00a0\u00bborder\u00a0\u00bb el_class=\u00a0\u00bbservices-order-row cargo-services-order main-order-arrow\u00a0\u00bb][vc_column width=\u00a0\u00bb1\/2&Prime; el_class=\u00a0\u00bbcontent-col\u00a0\u00bb][vc_custom_heading text=\u00a0\u00bbSi vous avez des<br \/>\nquestions ou vous voulez<br \/>\ncommander un service?\u00a0\u00bb use_theme_fonts=\u00a0\u00bbyes\u00a0\u00bb el_class=\u00a0\u00bborder-title\u00a0\u00bb][\/vc_column][vc_column width=\u00a0\u00bb1\/2&Prime; el_class=\u00a0\u00bbcall-info-col\u00a0\u00bb][vc_custom_heading text=\u00a0\u00bbAppelez-nous maintenant\u00a0\u00bb font_container=\u00a0\u00bbtag:h6|text_align:center\u00a0\u00bb use_theme_fonts=\u00a0\u00bbyes\u00a0\u00bb][vc_column_text el_class=\u00a0\u00bbcall-link\u00a0\u00bb]<a href=\"tel:+48+34+311+12+50\" target=\"_blank\" rel=\"noopener\">+48 34 311 12 50<\/a>[\/vc_column_text][vc_btn title=\u00a0\u00bbLaisser une commande\u00a0\u00bb color=\u00a0\u00bbdefault\u00a0\u00bb align=\u00a0\u00bbcenter\u00a0\u00bb el_class=\u00a0\u00bbmain-button blue-button order-service-btn\u00a0\u00bb link=\u00a0\u00bburl:%23|||\u00a0\u00bb][\/vc_column][\/vc_row]<\/p>\n<\/div>","protected":false},"excerpt":{"rendered":"<p>[vc_row full_width=\u00a0\u00bbstretch_row_content_no_spaces\u00a0\u00bb el_id=\u00a0\u00bbintro\u00a0\u00bb el_class=\u00a0\u00bbrow-with-image-col right-image-bg standart-cargo cargo-services-intro\u00a0\u00bb][vc_column el_class=\u00a0\u00bbabout-us-col about-us-col-float\u00a0\u00bb offset=\u00a0\u00bbvc_col-lg-6 vc_col-md-12 vc_col-xs-12&Prime;][vc_custom_heading text=\u00a0\u00bbTransport de marchandises dangereuses (ADR)\u00a0\u00bb font_container=\u00a0\u00bbtag:h4|text_align:left\u00a0\u00bb use_theme_fonts=\u00a0\u00bbyes\u00a0\u00bb el_class=\u00a0\u00bbblock-title block-left-title\u00a0\u00bb][vc_column_text el_class=\u00a0\u00bbabout-us-text\u00a0\u00bb]Notre soci\u00e9t\u00e9 r\u00e9alise le transport de marchandises dangereuses (ADR) dans tous les pays europ\u00e9ens. Ce type de transport de marchandises est apparemment le plus responsable, car il s&rsquo;agit de mat\u00e9riaux ou de substances qui [&hellip;]<\/p>\n","protected":false},"author":5,"featured_media":2985,"parent":27,"menu_order":24,"comment_status":"closed","ping_status":"closed","template":"","meta":{"footnotes":""},"class_list":["post-688","page","type-page","status-publish","has-post-thumbnail","hentry"],"aioseo_notices":[],"_links":{"self":[{"href":"https:\/\/one.speedixa.com\/fr\/wp-json\/wp\/v2\/pages\/688","targetHints":{"allow":["GET"]}}],"collection":[{"href":"https:\/\/one.speedixa.com\/fr\/wp-json\/wp\/v2\/pages"}],"about":[{"href":"https:\/\/one.speedixa.com\/fr\/wp-json\/wp\/v2\/types\/page"}],"author":[{"embeddable":true,"href":"https:\/\/one.speedixa.com\/fr\/wp-json\/wp\/v2\/users\/5"}],"replies":[{"embeddable":true,"href":"https:\/\/one.speedixa.com\/fr\/wp-json\/wp\/v2\/comments?post=688"}],"version-history":[{"count":1,"href":"https:\/\/one.speedixa.com\/fr\/wp-json\/wp\/v2\/pages\/688\/revisions"}],"predecessor-version":[{"id":15898,"href":"https:\/\/one.speedixa.com\/fr\/wp-json\/wp\/v2\/pages\/688\/revisions\/15898"}],"up":[{"embeddable":true,"href":"https:\/\/one.speedixa.com\/fr\/wp-json\/wp\/v2\/pages\/27"}],"wp:featuredmedia":[{"embeddable":true,"href":"https:\/\/one.speedixa.com\/fr\/wp-json\/wp\/v2\/media\/2985"}],"wp:attachment":[{"href":"https:\/\/one.speedixa.com\/fr\/wp-json\/wp\/v2\/media?parent=688"}],"curies":[{"name":"wp","href":"https:\/\/api.w.org\/{rel}","templated":true}]}}