{"id":676,"date":"2019-06-12T13:54:10","date_gmt":"2019-06-12T13:54:10","guid":{"rendered":"https:\/\/one.speedixa.com\/?page_id=676"},"modified":"2026-03-05T13:22:42","modified_gmt":"2026-03-05T13:22:42","slug":"refrigerated-transportation","status":"publish","type":"page","link":"https:\/\/one.speedixa.com\/fr\/services\/refrigerated-transportation\/","title":{"rendered":"Transport de marchandises r\u00e9frig\u00e9rees"},"content":{"rendered":"<div class=\"wpb-content-wrapper\"><p>[vc_row full_width=\u00a0\u00bbstretch_row_content_no_spaces\u00a0\u00bb el_id=\u00a0\u00bbintro\u00a0\u00bb el_class=\u00a0\u00bbrow-with-image-col right-image-bg standart-cargo cargo-services-intro\u00a0\u00bb][vc_column el_class=\u00a0\u00bbabout-us-col about-us-col-float\u00a0\u00bb offset=\u00a0\u00bbvc_col-lg-6 vc_col-md-12 vc_col-xs-12&Prime;][vc_custom_heading text=\u00a0\u00bbTransport de marchandises r\u00e9frig\u00e9rees\u00a0\u00bb font_container=\u00a0\u00bbtag:h4|text_align:left\u00a0\u00bb use_theme_fonts=\u00a0\u00bbyes\u00a0\u00bb el_class=\u00a0\u00bbblock-title block-left-title\u00a0\u00bb][vc_column_text el_class=\u00a0\u00bbabout-us-text\u00a0\u00bb]Nous pouvons transporter presque toutes les marchandises sensibles \u00e0 la temp\u00e9rature partout en europe. En tant que client, vous pouvez \u00eatre calme sachant que votre marchandise restera dans le r\u00e9gime de temp\u00e9rature approopri\u00e9 d\u00e8s le chargement jusqu&rsquo;\u00e0 son d\u00e9chargement au point de destination.<\/p>\n<p>Nous comprenons l&rsquo;importance des produits p\u00e9rissables et sensibles au facteur de temps. Nos clients ne peuvent pas se permettre des temps d&rsquo;arr\u00eat. Nous le comprenons bien et travaillons 24 heures par jour, 365 jours par an.<\/p>\n<p>Le transport s&rsquo;effectue par des v\u00e9hicules \u00e9quip\u00e9s de compartiments isothermes et de groupes de r\u00e9frig\u00e9ration.<\/p>\n<p>Conditions de temp\u00e9rature de &#8211; 20 \u00bac \u00e0 + 25 \u00bac.<br \/>\n[\/vc_column_text][vc_btn title=\u00a0\u00bbCommander un service\u00a0\u00bb color=\u00a0\u00bbdefault\u00a0\u00bb align=\u00a0\u00bbcenter\u00a0\u00bb el_class=\u00a0\u00bbmain-button blue-button order-service-btn\u00a0\u00bb link=\u00a0\u00bburl:%23|||\u00a0\u00bb][\/vc_column][vc_column el_class=\u00a0\u00bbcol-with-background col-with-background-cover\u00a0\u00bb offset=\u00a0\u00bbvc_col-lg-6 vc_col-md-12 vc_col-xs-12&Prime; css=\u00a0\u00bb.vc_custom_1572516778510{background-image: url(https:\/\/one.speedixa.com\/wp-content\/uploads\/2019\/10\/cool-trailer-magistral.jpg?id=2562) !important;}\u00a0\u00bb][vc_single_image image=\u00a0\u00bb2562&Prime; img_size=\u00a0\u00bbfull\u00a0\u00bb el_class=\u00a0\u00bbintro-photo\u00a0\u00bb][\/vc_column][\/vc_row][vc_row full_width=\u00a0\u00bbstretch_row_content_no_spaces\u00a0\u00bb el_id=\u00a0\u00bbcargo-kinds\u00a0\u00bb el_class=\u00a0\u00bbcargo-kinds_row\u00a0\u00bb][vc_column el_class=\u00a0\u00bbleft-blue-col angle-arrows-col\u00a0\u00bb css=\u00a0\u00bb.vc_custom_1561362466354{background-color: #FF1100 !important;}\u00a0\u00bb offset=\u00a0\u00bbvc_col-lg-6 vc_col-md-12 vc_col-xs-12&Prime;][vc_custom_heading text=\u00a0\u00bbTypes de fret\u00a0\u00bb font_container=\u00a0\u00bbtag:h4|text_align:left\u00a0\u00bb use_theme_fonts=\u00a0\u00bbyes\u00a0\u00bb el_class=\u00a0\u00bbblock-title block-left-title\u00a0\u00bb][vc_column_text el_class=\u00a0\u00bbcargo-kinds_list\u00a0\u00bb]<\/p>\n<ul>\n<li><em><img decoding=\"async\" src=\"\/wp-content\/uploads\/2019\/04\/07-icon-temperature.png\" alt=\"\" \/><\/em>fleurs et plantes vivantes<\/li>\n<li><em><img decoding=\"async\" src=\"\/wp-content\/uploads\/2019\/04\/07-icon-temperature.png\" alt=\"\" \/><\/em>produits cosm\u00e9tiques<\/li>\n<li><em><img decoding=\"async\" src=\"\/wp-content\/uploads\/2019\/04\/07-icon-temperature.png\" alt=\"\" \/><\/em>m\u00e9dicaments et produits v\u00e9t\u00e9rinaires<\/li>\n<li><em><img decoding=\"async\" src=\"\/wp-content\/uploads\/2019\/04\/07-icon-temperature.png\" alt=\"\" \/><\/em>certains produits chimiques<\/li>\n<\/ul>\n<p>[\/vc_column_text][\/vc_column][vc_column el_class=\u00a0\u00bbright-grey-col\u00a0\u00bb css=\u00a0\u00bb.vc_custom_1561362477021{background-color: #f2f2f2 !important;}\u00a0\u00bb offset=\u00a0\u00bbvc_col-lg-6 vc_col-md-12 vc_col-xs-12&Prime;][vc_custom_heading text=\u00a0\u00bbPrincipaux clients\u00a0\u00bb font_container=\u00a0\u00bbtag:h4|text_align:left\u00a0\u00bb use_theme_fonts=\u00a0\u00bbyes\u00a0\u00bb el_class=\u00a0\u00bbblock-title block-left-title\u00a0\u00bb][vc_column_text el_class=\u00a0\u00bbcargo-kinds_klients\u00a0\u00bb]<\/p>\n<ul>\n<li><em><img decoding=\"async\" src=\"\/wp-content\/uploads\/2019\/06\/68-list-marker.png\" alt=\"\" \/><\/em>grossistes<\/li>\n<li><em><img decoding=\"async\" src=\"\/wp-content\/uploads\/2019\/06\/68-list-marker.png\" alt=\"\" \/><\/em>fabricants de produits alimentaires<\/li>\n<li><em><img decoding=\"async\" src=\"\/wp-content\/uploads\/2019\/06\/68-list-marker.png\" alt=\"\" \/><\/em>r\u00e9seaux de distribution (d\u00e9taillants)<\/li>\n<\/ul>\n<p>[\/vc_column_text][\/vc_column][\/vc_row][vc_row full_width=\u00a0\u00bbstretch_row\u00a0\u00bb el_id=\u00a0\u00bbavto-park\u00a0\u00bb el_class=\u00a0\u00bbcargo-services_avtopark cargo-services_avtopark__reefer\u00a0\u00bb][vc_column][vc_custom_heading text=\u00a0\u00bbParc\u00a0\u00bb font_container=\u00a0\u00bbtag:h4|text_align:left\u00a0\u00bb use_theme_fonts=\u00a0\u00bbyes\u00a0\u00bb el_class=\u00a0\u00bbblock-title block-left-title\u00a0\u00bb][vc_column_text el_class=\u00a0\u00bbabout-us-text\u00a0\u00bb]Les semi-remorques sont \u00e9quip\u00e9es de compartiments isothermes et de groupes de r\u00e9frig\u00e9ration, ce qui permet de maintenir une temp\u00e9rature n\u00e9cessaire \u00e0 l&rsquo;int\u00e9rieur de -20 \u00b0 c \u00e0 + 25 \u00b0 c tout au long du trajet, quelle que soit la temp\u00e9rature ext\u00e9rieure[\/vc_column_text][vc_tour][vc_tab tab_id=\u00a0\u00bb1555942189849-1-289c7-2a026687-e048&Prime; title=\u00a0\u00bb2&Prime;][vc_row_inner][vc_column_inner][vc_single_image image=\u00a0\u00bb6000&Prime; img_size=\u00a0\u00bbfull\u00a0\u00bb el_class=\u00a0\u00bbcategories\u00a0\u00bb label=\u00a0\u00bb\u00a0\u00bb]<div class=\"porto-u-heading category-title  wpb_custom_95aa9a11c17ad45cfabaf210d84ee7cc porto-u-ad87e2eaf3f9c495180fe0156ddf3eb0 \"><div class=\"porto-u-main-heading\"><h6  >Semitrailers refrigerateurs<\/h6><\/div><div class=\"porto-u-sub-heading\" style=\"\">86 m<sup>3<\/sup><\/p>\n<div id=\"gtx-trans\" style=\"position: absolute; left: 21px; top: -10px;\">\n<div class=\"gtx-trans-icon\"><\/div>\n<\/div>\n<p><\/div><style>.porto-u-ad87e2eaf3f9c495180fe0156ddf3eb0.porto-u-heading{text-align:left}<\/style><\/div>[vc_column_text el_class=\u00a0\u00bbpark-info-box\u00a0\u00bb]<\/p>\n<ul>\n<li><span class=\"property\">Longueur int\u00e9rieure: <\/span>13,6 m<\/li>\n<li><span class=\"property\">Largeur int\u00e9rieure: <\/span>2,45 m<\/li>\n<li><span class=\"property\">Hauteur int\u00e9rieure: <\/span>2,60 m<\/li>\n<li><span class=\"property\">Charge utile: <\/span>20-22 tonnes<\/li>\n<li><span class=\"property\">Types de chargement: <\/span>\u00e0 l\u2019arri\u00e8re seulement<\/li>\n<\/ul>\n<p>[\/vc_column_text][\/vc_column_inner][\/vc_row_inner][\/vc_tab][\/vc_tour][\/vc_column][\/vc_row][vc_row full_width=\u00a0\u00bbstretch_row\u00a0\u00bb el_id=\u00a0\u00bborder\u00a0\u00bb el_class=\u00a0\u00bbservices-order-row cargo-services-order main-order-arrow\u00a0\u00bb][vc_column width=\u00a0\u00bb1\/2&Prime; el_class=\u00a0\u00bbcontent-col\u00a0\u00bb][vc_custom_heading text=\u00a0\u00bbSi vous avez des<br \/>\nquestions ou vous voulez<br \/>\ncommander un service?\u00a0\u00bb use_theme_fonts=\u00a0\u00bbyes\u00a0\u00bb el_class=\u00a0\u00bborder-title\u00a0\u00bb][\/vc_column][vc_column width=\u00a0\u00bb1\/2&Prime; el_class=\u00a0\u00bbcall-info-col\u00a0\u00bb][vc_custom_heading text=\u00a0\u00bbAppelez-nous maintenant\u00a0\u00bb font_container=\u00a0\u00bbtag:h6|text_align:center\u00a0\u00bb use_theme_fonts=\u00a0\u00bbyes\u00a0\u00bb][vc_column_text el_class=\u00a0\u00bbcall-link\u00a0\u00bb]<a href=\"tel:+48+34+311+12+50\" target=\"_blank\" rel=\"noopener\">+48 34 311 12 50<\/a>[\/vc_column_text][vc_btn title=\u00a0\u00bbLaisser une commande\u00a0\u00bb color=\u00a0\u00bbdefault\u00a0\u00bb align=\u00a0\u00bbcenter\u00a0\u00bb el_class=\u00a0\u00bbmain-button blue-button order-service-btn\u00a0\u00bb link=\u00a0\u00bburl:%23|||\u00a0\u00bb][\/vc_column][\/vc_row]<\/p>\n<\/div>","protected":false},"excerpt":{"rendered":"<p>[vc_row full_width=\u00a0\u00bbstretch_row_content_no_spaces\u00a0\u00bb el_id=\u00a0\u00bbintro\u00a0\u00bb el_class=\u00a0\u00bbrow-with-image-col right-image-bg standart-cargo cargo-services-intro\u00a0\u00bb][vc_column el_class=\u00a0\u00bbabout-us-col about-us-col-float\u00a0\u00bb offset=\u00a0\u00bbvc_col-lg-6 vc_col-md-12 vc_col-xs-12&Prime;][vc_custom_heading text=\u00a0\u00bbTransport de marchandises r\u00e9frig\u00e9rees\u00a0\u00bb font_container=\u00a0\u00bbtag:h4|text_align:left\u00a0\u00bb use_theme_fonts=\u00a0\u00bbyes\u00a0\u00bb el_class=\u00a0\u00bbblock-title block-left-title\u00a0\u00bb][vc_column_text el_class=\u00a0\u00bbabout-us-text\u00a0\u00bb]Nous pouvons transporter presque toutes les marchandises sensibles \u00e0 la temp\u00e9rature partout en europe. En tant que client, vous pouvez \u00eatre calme sachant que votre marchandise restera dans le r\u00e9gime de temp\u00e9rature approopri\u00e9 d\u00e8s le [&hellip;]<\/p>\n","protected":false},"author":5,"featured_media":2562,"parent":27,"menu_order":19,"comment_status":"closed","ping_status":"closed","template":"","meta":{"footnotes":""},"class_list":["post-676","page","type-page","status-publish","has-post-thumbnail","hentry"],"aioseo_notices":[],"_links":{"self":[{"href":"https:\/\/one.speedixa.com\/fr\/wp-json\/wp\/v2\/pages\/676","targetHints":{"allow":["GET"]}}],"collection":[{"href":"https:\/\/one.speedixa.com\/fr\/wp-json\/wp\/v2\/pages"}],"about":[{"href":"https:\/\/one.speedixa.com\/fr\/wp-json\/wp\/v2\/types\/page"}],"author":[{"embeddable":true,"href":"https:\/\/one.speedixa.com\/fr\/wp-json\/wp\/v2\/users\/5"}],"replies":[{"embeddable":true,"href":"https:\/\/one.speedixa.com\/fr\/wp-json\/wp\/v2\/comments?post=676"}],"version-history":[{"count":1,"href":"https:\/\/one.speedixa.com\/fr\/wp-json\/wp\/v2\/pages\/676\/revisions"}],"predecessor-version":[{"id":15897,"href":"https:\/\/one.speedixa.com\/fr\/wp-json\/wp\/v2\/pages\/676\/revisions\/15897"}],"up":[{"embeddable":true,"href":"https:\/\/one.speedixa.com\/fr\/wp-json\/wp\/v2\/pages\/27"}],"wp:featuredmedia":[{"embeddable":true,"href":"https:\/\/one.speedixa.com\/fr\/wp-json\/wp\/v2\/media\/2562"}],"wp:attachment":[{"href":"https:\/\/one.speedixa.com\/fr\/wp-json\/wp\/v2\/media?parent=676"}],"curies":[{"name":"wp","href":"https:\/\/api.w.org\/{rel}","templated":true}]}}