{"id":642,"date":"2019-06-12T09:21:11","date_gmt":"2019-06-12T09:21:11","guid":{"rendered":"https:\/\/one.speedixa.com\/?page_id=642"},"modified":"2026-03-05T13:22:42","modified_gmt":"2026-03-05T13:22:42","slug":"delivery-of-standard","status":"publish","type":"page","link":"https:\/\/one.speedixa.com\/fr\/services\/delivery-of-standard\/","title":{"rendered":"Livraison standard"},"content":{"rendered":"<div class=\"wpb-content-wrapper\"><p>[vc_row full_width=\u00a0\u00bbstretch_row_content_no_spaces\u00a0\u00bb el_id=\u00a0\u00bbintro\u00a0\u00bb el_class=\u00a0\u00bbrow-with-image-col right-image-bg standart-cargo cargo-services-intro\u00a0\u00bb][vc_column el_class=\u00a0\u00bbabout-us-col about-us-col-float\u00a0\u00bb offset=\u00a0\u00bbvc_col-lg-6 vc_col-md-12 vc_col-xs-12&Prime;][vc_custom_heading text=\u00a0\u00bbLivraison standard\u00a0\u00bb font_container=\u00a0\u00bbtag:h4|text_align:left\u00a0\u00bb use_theme_fonts=\u00a0\u00bbyes\u00a0\u00bb el_class=\u00a0\u00bbblock-title block-left-title\u00a0\u00bb][vc_column_text el_class=\u00a0\u00bbabout-us-text\u00a0\u00bb]Une flotte de v\u00e9hicules moderne et une \u00e9quipe de conducteurs exp\u00e9riment\u00e9s permettent d&rsquo;organiser le transport de tous les types de marchandises courants dans un d\u00e9lai court, sans contraintes ni retard.<\/p>\n<p>Nous \u00e9tudions attentivement les exigences techniques de nos clients en mati\u00e8re de transport et accordons une attention particuli\u00e8re au chargement, au placement appropri\u00e9 et \u00e0 la s\u00e9curisation des marchandises dans le v\u00e9hicule.<\/p>\n<p>Les logisticiens d\u00e9veloppent un itin\u00e9raire optimal en tenant compte de toutes les caract\u00e9ristiques de la r\u00e9gion, de la congestion du trafic le long de l&rsquo;itin\u00e9raire et des d\u00e9lais de livraison. Dans le cas o\u00f9 le client a besoin d&rsquo;une livraison rapide sur une longue distance, nous pouvons proposer un v\u00e9hicule \u00e0 double \u00e9quipe et planifier un transfert, le cas \u00e9ch\u00e9ant. Gr\u00e2ce \u00e0 cela, les marchandises peuvent \u00eatre d\u00e9plac\u00e9es presque sans arr\u00eat tout au long de l\u2019itin\u00e9raire.<br \/>\n[\/vc_column_text][vc_btn title=\u00a0\u00bbCommander un service\u00a0\u00bb color=\u00a0\u00bbdefault\u00a0\u00bb align=\u00a0\u00bbcenter\u00a0\u00bb el_class=\u00a0\u00bbmain-button blue-button order-service-btn\u00a0\u00bb link=\u00a0\u00bburl:%23|||\u00a0\u00bb][\/vc_column][vc_column el_class=\u00a0\u00bbcol-with-background col-with-background-cover\u00a0\u00bb offset=\u00a0\u00bbvc_col-lg-6 vc_col-md-12 vc_col-xs-12&Prime; css=\u00a0\u00bb.vc_custom_1572515564737{background-image: url(https:\/\/one.speedixa.com\/wp-content\/uploads\/2019\/10\/Express-delivery.jpg?id=2555) !important;}\u00a0\u00bb][vc_single_image image=\u00a0\u00bb2555&Prime; img_size=\u00a0\u00bbfull\u00a0\u00bb el_class=\u00a0\u00bbintro-photo\u00a0\u00bb][\/vc_column][\/vc_row][vc_row full_width=\u00a0\u00bbstretch_row_content_no_spaces\u00a0\u00bb el_id=\u00a0\u00bbcargo-kinds\u00a0\u00bb el_class=\u00a0\u00bbcargo-kinds_row\u00a0\u00bb][vc_column el_class=\u00a0\u00bbleft-blue-col angle-arrows-col\u00a0\u00bb css=\u00a0\u00bb.vc_custom_1561362838122{background-color: #FF1100 !important;}\u00a0\u00bb offset=\u00a0\u00bbvc_col-lg-6 vc_col-md-12 vc_col-xs-12&Prime;][vc_custom_heading text=\u00a0\u00bbTypes de marchandises\u00a0\u00bb font_container=\u00a0\u00bbtag:h4|text_align:left\u00a0\u00bb use_theme_fonts=\u00a0\u00bbyes\u00a0\u00bb el_class=\u00a0\u00bbblock-title block-left-title\u00a0\u00bb][vc_column_text el_class=\u00a0\u00bbcargo-kinds_list\u00a0\u00bb]<\/p>\n<ul>\n<li><em><img decoding=\"async\" src=\"\/wp-content\/uploads\/2019\/04\/06-icon-builds.png\" alt=\"\" \/><\/em>aliments<\/li>\n<li><em><img decoding=\"async\" src=\"\/wp-content\/uploads\/2019\/04\/06-icon-builds.png\" alt=\"\" \/><\/em>pi\u00e8ces de rechange automobiles<\/li>\n<li><em><img decoding=\"async\" src=\"\/wp-content\/uploads\/2019\/04\/06-icon-builds.png\" alt=\"\" \/><\/em>mat\u00e9riel d&rsquo;exposition<\/li>\n<li><em><img decoding=\"async\" src=\"\/wp-content\/uploads\/2019\/04\/06-icon-builds.png\" alt=\"\" \/><\/em>appareils m\u00e9nagers<\/li>\n<\/ul>\n<p>[\/vc_column_text][\/vc_column][vc_column el_class=\u00a0\u00bbright-grey-col\u00a0\u00bb css=\u00a0\u00bb.vc_custom_1561362849878{background-color: #f2f2f2 !important;}\u00a0\u00bb offset=\u00a0\u00bbvc_col-lg-6 vc_col-md-12 vc_col-xs-12&Prime;][vc_custom_heading text=\u00a0\u00bbPrincipaux clients\u00a0\u00bb font_container=\u00a0\u00bbtag:h4|text_align:left\u00a0\u00bb use_theme_fonts=\u00a0\u00bbyes\u00a0\u00bb el_class=\u00a0\u00bbblock-title block-left-title\u00a0\u00bb][vc_column_text el_class=\u00a0\u00bbcargo-kinds_klients\u00a0\u00bb]<\/p>\n<ul>\n<li><em><img decoding=\"async\" src=\"\/wp-content\/uploads\/2019\/06\/68-list-marker.png\" alt=\"\" \/><\/em>grossistes<\/li>\n<li><em><img decoding=\"async\" src=\"\/wp-content\/uploads\/2019\/06\/68-list-marker.png\" alt=\"\" \/><\/em>fabricants de produits alimentaires<\/li>\n<li><em><img decoding=\"async\" src=\"\/wp-content\/uploads\/2019\/06\/68-list-marker.png\" alt=\"\" \/><\/em>r\u00e9seaux de distribution (d\u00e9taillants)<\/li>\n<\/ul>\n<p>[\/vc_column_text][\/vc_column][\/vc_row][vc_row full_width=\u00a0\u00bbstretch_row\u00a0\u00bb el_id=\u00a0\u00bbavto-park\u00a0\u00bb el_class=\u00a0\u00bbcargo-services_avtopark\u00a0\u00bb][vc_column][vc_custom_heading text=\u00a0\u00bbParc\u00a0\u00bb font_container=\u00a0\u00bbtag:h4|text_align:left\u00a0\u00bb use_theme_fonts=\u00a0\u00bbyes\u00a0\u00bb el_class=\u00a0\u00bbblock-title block-left-title\u00a0\u00bb][vc_column_text el_class=\u00a0\u00bbabout-us-text\u00a0\u00bb]Nous proposons des transports utilisant des semi-remorques standard d&rsquo;un volume de 90 m3 et d\u2019une capacit\u00e9 de charge de 24 tonnes, ainsi que des semi-remorques du type mega d&rsquo;un volume de 102 m3 et d&rsquo;une capacit\u00e9 de charge de 24 tonnes. Les semi-remorques standard sont \u00e9quip\u00e9es de 33 palettes d\u2019\u00e9change (eu pal) et de tout le mat\u00e9riel n\u00e9cessaire \u00e0 la s\u00e9curisation du fret.[\/vc_column_text][vc_tour][vc_tab show_icon=\u00a0\u00bbyes\u00a0\u00bb icon_type=\u00a0\u00bbimage\u00a0\u00bb tab_id=\u00a0\u00bbf0b14716-2778-389c7-2a02&Prime; icon_image=\u00a0\u00bb55&Prime; title=\u00a0\u00bb1&Prime;][vc_row_inner][vc_column_inner][vc_single_image image=\u00a0\u00bb5999&Prime; img_size=\u00a0\u00bbfull\u00a0\u00bb el_class=\u00a0\u00bbcategories\u00a0\u00bb label=\u00a0\u00bb\u00a0\u00bb]<div class=\"porto-u-heading category-title  wpb_custom_95aa9a11c17ad45cfabaf210d84ee7cc porto-u-ad87e2eaf3f9c495180fe0156ddf3eb0 \"><div class=\"porto-u-main-heading\"><h6  >Semi-remorques tented<\/h6><\/div><div class=\"porto-u-sub-heading\" style=\"\">90 m<sup>3<\/sup><\/div><style>.porto-u-ad87e2eaf3f9c495180fe0156ddf3eb0.porto-u-heading{text-align:left}<\/style><\/div>[vc_column_text el_class=\u00a0\u00bbpark-info-box\u00a0\u00bb]<\/p>\n<ul>\n<li><span class=\"property\">Longueur int\u00e9rieure: <\/span>13,6 m<\/li>\n<li><span class=\"property\">Largeur int\u00e9rieure: <\/span>2,45 m<\/li>\n<li><span class=\"property\">Largeur int\u00e9rieure: <\/span>2,70 m<\/li>\n<li><span class=\"property\">Charge utile: <\/span>24 \u0442\u043e\u043d\u043d\u044b<\/li>\n<li><span class=\"property\">Tous les types de chargement: <\/span>arri\u00e8re, lat\u00e9ral, avant<\/li>\n<\/ul>\n<p>[\/vc_column_text][\/vc_column_inner][\/vc_row_inner][\/vc_tab][\/vc_tour][\/vc_column][\/vc_row][vc_row full_width=\u00a0\u00bbstretch_row\u00a0\u00bb el_id=\u00a0\u00bborder\u00a0\u00bb el_class=\u00a0\u00bbservices-order-row cargo-services-order main-order-arrow\u00a0\u00bb][vc_column width=\u00a0\u00bb1\/2&Prime; el_class=\u00a0\u00bbcontent-col\u00a0\u00bb][vc_custom_heading text=\u00a0\u00bbSi vous avez des<br \/>\nquestions ou vous voulez<br \/>\ncommander un service?\u00a0\u00bb use_theme_fonts=\u00a0\u00bbyes\u00a0\u00bb el_class=\u00a0\u00bborder-title\u00a0\u00bb][\/vc_column][vc_column width=\u00a0\u00bb1\/2&Prime; el_class=\u00a0\u00bbcall-info-col\u00a0\u00bb][vc_custom_heading text=\u00a0\u00bbAppelez-nous maintenant\u00a0\u00bb font_container=\u00a0\u00bbtag:h6|text_align:center\u00a0\u00bb use_theme_fonts=\u00a0\u00bbyes\u00a0\u00bb][vc_column_text el_class=\u00a0\u00bbcall-link\u00a0\u00bb]<a href=\"tel:+48+34+311+12+50\" target=\"_blank\" rel=\"noopener\">+48 34 311 12 50<\/a>[\/vc_column_text][vc_btn title=\u00a0\u00bbLaisser une commande\u00a0\u00bb color=\u00a0\u00bbdefault\u00a0\u00bb align=\u00a0\u00bbcenter\u00a0\u00bb el_class=\u00a0\u00bbmain-button blue-button order-service-btn\u00a0\u00bb link=\u00a0\u00bburl:%23|||\u00a0\u00bb][\/vc_column][\/vc_row]<\/p>\n<\/div>","protected":false},"excerpt":{"rendered":"<p>[vc_row full_width=\u00a0\u00bbstretch_row_content_no_spaces\u00a0\u00bb el_id=\u00a0\u00bbintro\u00a0\u00bb el_class=\u00a0\u00bbrow-with-image-col right-image-bg standart-cargo cargo-services-intro\u00a0\u00bb][vc_column el_class=\u00a0\u00bbabout-us-col about-us-col-float\u00a0\u00bb offset=\u00a0\u00bbvc_col-lg-6 vc_col-md-12 vc_col-xs-12&Prime;][vc_custom_heading text=\u00a0\u00bbLivraison standard\u00a0\u00bb font_container=\u00a0\u00bbtag:h4|text_align:left\u00a0\u00bb use_theme_fonts=\u00a0\u00bbyes\u00a0\u00bb el_class=\u00a0\u00bbblock-title block-left-title\u00a0\u00bb][vc_column_text el_class=\u00a0\u00bbabout-us-text\u00a0\u00bb]Une flotte de v\u00e9hicules moderne et une \u00e9quipe de conducteurs exp\u00e9riment\u00e9s permettent d&rsquo;organiser le transport de tous les types de marchandises courants dans un d\u00e9lai court, sans contraintes ni retard. Nous \u00e9tudions attentivement les exigences techniques de [&hellip;]<\/p>\n","protected":false},"author":5,"featured_media":2555,"parent":27,"menu_order":12,"comment_status":"closed","ping_status":"closed","template":"","meta":{"footnotes":""},"class_list":["post-642","page","type-page","status-publish","has-post-thumbnail","hentry"],"aioseo_notices":[],"_links":{"self":[{"href":"https:\/\/one.speedixa.com\/fr\/wp-json\/wp\/v2\/pages\/642","targetHints":{"allow":["GET"]}}],"collection":[{"href":"https:\/\/one.speedixa.com\/fr\/wp-json\/wp\/v2\/pages"}],"about":[{"href":"https:\/\/one.speedixa.com\/fr\/wp-json\/wp\/v2\/types\/page"}],"author":[{"embeddable":true,"href":"https:\/\/one.speedixa.com\/fr\/wp-json\/wp\/v2\/users\/5"}],"replies":[{"embeddable":true,"href":"https:\/\/one.speedixa.com\/fr\/wp-json\/wp\/v2\/comments?post=642"}],"version-history":[{"count":1,"href":"https:\/\/one.speedixa.com\/fr\/wp-json\/wp\/v2\/pages\/642\/revisions"}],"predecessor-version":[{"id":15896,"href":"https:\/\/one.speedixa.com\/fr\/wp-json\/wp\/v2\/pages\/642\/revisions\/15896"}],"up":[{"embeddable":true,"href":"https:\/\/one.speedixa.com\/fr\/wp-json\/wp\/v2\/pages\/27"}],"wp:featuredmedia":[{"embeddable":true,"href":"https:\/\/one.speedixa.com\/fr\/wp-json\/wp\/v2\/media\/2555"}],"wp:attachment":[{"href":"https:\/\/one.speedixa.com\/fr\/wp-json\/wp\/v2\/media?parent=642"}],"curies":[{"name":"wp","href":"https:\/\/api.w.org\/{rel}","templated":true}]}}