{"id":6047,"date":"2022-07-27T11:56:52","date_gmt":"2022-07-27T11:56:52","guid":{"rendered":"https:\/\/one.speedixa.com\/?page_id=6047"},"modified":"2026-03-05T13:22:42","modified_gmt":"2026-03-05T13:22:42","slug":"railway-transport","status":"publish","type":"page","link":"https:\/\/one.speedixa.com\/fr\/services\/railway-transport\/","title":{"rendered":"Transports ferroviaires"},"content":{"rendered":"<div class=\"wpb-content-wrapper\"><p>[vc_row full_width=\u00a0\u00bbstretch_row_content_no_spaces\u00a0\u00bb el_id=\u00a0\u00bbdrivers\u00a0\u00bb el_class=\u00a0\u00bbdrivers-career-page right-image-bg\u00a0\u00bb css=\u00a0\u00bb.vc_custom_1659006790361{background-image: url(https:\/\/one.speedixa.com\/wp-content\/uploads\/2022\/07\/2121-scaled.jpg?id=6049) !important;}\u00a0\u00bb][vc_column width=\u00a0\u00bb1\/2&Prime; el_class=\u00a0\u00bbto-drivers-text about-us-col right-image-bg_left-text col-pseudo-el\u00a0\u00bb offset=\u00a0\u00bbvc_col-lg-6 vc_col-md-12 vc_col-xs-12&Prime; css=\u00a0\u00bb.vc_custom_1561969566032{background-color: #FF1100 !important;}\u00a0\u00bb]<div class=\"porto-u-heading block-title block-left-title block-title_light-pseudo  wpb_custom_95aa9a11c17ad45cfabaf210d84ee7cc porto-u-ad87e2eaf3f9c495180fe0156ddf3eb0 \"><div class=\"porto-u-main-heading\"><h1   style=\"font-weight:400;color:#ffffff;font-size:32px;line-height:normal;\">Transports ferroviaires<\/h1><\/div><style>.porto-u-ad87e2eaf3f9c495180fe0156ddf3eb0.porto-u-heading{text-align:left}<\/style><\/div>[vc_column_text el_class=\u00a0\u00bbhr-tel call-link\u00a0\u00bb]<a class=\"call-us\" href=\"tel:+48608558009\">+48 608 558 009<\/a>[\/vc_column_text][vc_btn title=\u00a0\u00bbEnvoyez votre demande d\u00e8s maintenant\u00a0\u00bb color=\u00a0\u00bbdefault\u00a0\u00bb align=\u00a0\u00bbcenter\u00a0\u00bb el_class=\u00a0\u00bbmain-button blue-button order-service-btn\u00a0\u00bb link=\u00a0\u00bburl:%23|||\u00a0\u00bb el_id=\u00a0\u00bbresume\u00a0\u00bb][\/vc_column][vc_column width=\u00a0\u00bb1\/2&Prime; el_class=\u00a0\u00bbdrive-img-col\u00a0\u00bb offset=\u00a0\u00bbvc_col-lg-6 vc_col-md-12 vc_col-xs-12&Prime; css=\u00a0\u00bb.vc_custom_1658931279261{background-position: center !important;background-repeat: no-repeat !important;background-size: cover !important;}\u00a0\u00bb][vc_single_image image=\u00a0\u00bb6049&Prime; img_size=\u00a0\u00bbfull\u00a0\u00bb alignment=\u00a0\u00bbright\u00a0\u00bb el_class=\u00a0\u00bbdrive-img\u00a0\u00bb][\/vc_column][\/vc_row][vc_row full_width=\u00a0\u00bbstretch_row\u00a0\u00bb el_id=\u00a0\u00bbavto-park\u00a0\u00bb el_class=\u00a0\u00bbcar-park_tour-row bottom-arrows\u00a0\u00bb][vc_column width=\u00a0\u00bb5\/6&Prime;][vc_column_text css=\u00a0\u00bb.vc_custom_1671550255564{padding-left: 0px !important;}\u00a0\u00bb]<img decoding=\"async\" class=\"alignnone size-medium wp-image-6060\" style=\"max-width: 100%; height: auto; float: right;\" src=\"https:\/\/one.speedixa.com\/wp-content\/uploads\/2022\/08\/one2-300x143.png\" alt=\"\" width=\"300\" height=\"143\" \/>l&rsquo;Initiative du gouvernement chinois \u00ab\u00a0One Road \u2014 One Belt\u00a0\u00bb a augment\u00e9 la popularit\u00e9 de ce mode de transport. Les marchandises qui \u00e9taient auparavant livr\u00e9es par mer ou par avion peuvent maintenant \u00eatre livr\u00e9es de mani\u00e8re rentable en Europe par chemin de fer.[\/vc_column_text][vc_column_text css=\u00a0\u00bb.vc_custom_1671550268085{padding-left: 0px !important;}\u00a0\u00bb]Le transport ferroviaire a l&rsquo;avantage concurrentiel d&rsquo;un d\u00e9lai de Livraison plus court, en moyenne de 10 \u00e0 20 jours, avant la Livraison par mer. Cela conduit \u00e0 un chiffre d&rsquo;affaires plus rapide et le retour des fonds investis dans les produits. En outre, le transport ferroviaire minimise l&rsquo;impact du facteur humain, les conditions m\u00e9t\u00e9orologiques et la rapidit\u00e9 de Livraison. Gr\u00e2ce \u00e0 cela, vous pouvez planifier plus pr\u00e9cis\u00e9ment le d\u00e9lai de Livraison exact de vos envois.[\/vc_column_text][vc_column_text css=\u00a0\u00bb.vc_custom_1671550313429{padding-left: 0px !important;}\u00a0\u00bb]\u00a0\u00bbSpeedixa\u00a0\u00bb propose des <a href=\"\/uslugi\/\">services<\/a> complets de transport ferroviaire le long de la Nouvelle Route de la Soie sur la route directe Chine &#8211; Pologne (Malaszewicze et Varsovie) et Allemagne (Duisburg et Hambourg). Nous proposons la collecte et la livraison de marchandises \u00e0 partir de grands centres industriels en Chine, tels que Shanghai, P\u00e9kin, Guangzhou, Shenzhen, Tianjin, Dongguan, Hangzhou, Harbin, Chengdu, Chongqing, Nanjing, Suzhou, Zhengzhou, Jinan, Wuhan, Changchun, Xian, Shenyang, Hefei, Xiamen, Taiyuan et Changsha.[\/vc_column_text][vc_column_text css=\u00a0\u00bb.vc_custom_1671550331916{padding-left: 0px !important;}\u00a0\u00bb]\u00c9tant donn\u00e9 que le transport ferroviaire est presque deux fois plus rapide que le transport maritime <a href=\"https:\/\/one.speedixa.com\/en\/uslugi\/sea-cargo-transportation\/\">par voie maritime<\/a>, vous pouvez planifier vos livraisons est beaucoup plus facile, ce qui vous permet d&rsquo;\u00e9conomiser du temps et de l&rsquo;argent.[\/vc_column_text][\/vc_column][vc_column width=\u00a0\u00bb1\/6&Prime;][\/vc_column][\/vc_row][vc_row full_width=\u00a0\u00bbstretch_row_content_no_spaces\u00a0\u00bb el_id=\u00a0\u00bbcargo-kinds\u00a0\u00bb el_class=\u00a0\u00bbcargo-kinds_row\u00a0\u00bb css=\u00a0\u00bb.vc_custom_1660306264675{margin-top: 50px !important;margin-bottom: 50px !important;}\u00a0\u00bb][vc_column el_class=\u00a0\u00bbleft-blue-col angle-arrows-col\u00a0\u00bb css=\u00a0\u00bb.vc_custom_1561362838122{background-color: #FF1100 !important;}\u00a0\u00bb offset=\u00a0\u00bbvc_col-lg-6 vc_col-md-12 vc_col-xs-12&Prime;][vc_custom_heading text=\u00a0\u00bbTypes de fret\u00a0\u00bb font_container=\u00a0\u00bbtag:h4|text_align:left\u00a0\u00bb use_theme_fonts=\u00a0\u00bbyes\u00a0\u00bb el_class=\u00a0\u00bbblock-title block-left-title\u00a0\u00bb][vc_raw_html el_class=\u00a0\u00bbcargo-kinds_list\u00a0\u00bb]JTNDdWwlM0UlMEElMjAlMjAlM0NsaSUzRSUzQ2VtJTNFJTNDaW1nJTIwc3JjJTNEJTIyJTJGd3AtY29udGVudCUyRnVwbG9hZHMlMkYyMDIyJTJGMTElMkZ0ZXh0aWxlLnBuZyUyMiUyMGFsdCUzRCUyMiUyMiUyMCUyRiUzRSUzQyUyRmVtJTNFVGV4dGlsZSUzQyUyRmxpJTNFJTBBJTIwJTIwJTNDbGklM0UlM0NlbSUzRSUzQ2ltZyUyMHNyYyUzRCUyMiUyRndwLWNvbnRlbnQlMkZ1cGxvYWRzJTJGMjAyMiUyRjA4JTJGaWNvbi00LnN2ZyUyMiUyMGFsdCUzRCUyMiUyMiUyMCUyRiUzRSUzQyUyRmVtJTNFUGklQzMlQThjZXMlMjBhdXRvbW9iaWxlcyUzQyUyRmxpJTNFJTBBJTIwJTIwJTNDbGklM0UlM0NlbSUzRSUzQ2ltZyUyMHNyYyUzRCUyMiUyRndwLWNvbnRlbnQlMkZ1cGxvYWRzJTJGMjAyMiUyRjA4JTJGaWNvbi01LnN2ZyUyMiUyMGFsdCUzRCUyMiUyMiUyMCUyRiUzRSUzQyUyRmVtJTNFJUMzJTg5cXVpcGVtZW50JTIwZCUyN2V4cG9zaXRpb24lM0MlMkZsaSUzRSUwQSUyMCUyMCUzQ2xpJTNFJTNDZW0lM0UlM0NpbWclMjBzcmMlM0QlMjIlMkZ3cC1jb250ZW50JTJGdXBsb2FkcyUyRjIwMjIlMkYwOCUyRmljb24tMy5zdmclMjIlMjBhbHQlM0QlMjIlMjIlMjAlMkYlM0UlM0MlMkZlbSUzRUFwcGFyZWlscyUyMCVDMyVBOWxlY3Ryb20lQzMlQTluYWdlcnMlM0MlMkZsaSUzRSUwQSUzQyUyRnVsJTNF[\/vc_raw_html][\/vc_column][vc_column el_class=\u00a0\u00bbright-grey-col\u00a0\u00bb css=\u00a0\u00bb.vc_custom_1561362849878{background-color: #f2f2f2 !important;}\u00a0\u00bb offset=\u00a0\u00bbvc_col-lg-6 vc_col-md-12 vc_col-xs-12&Prime;][vc_custom_heading text=\u00a0\u00bbPrincipaux clients\u00a0\u00bb font_container=\u00a0\u00bbtag:h4|text_align:left\u00a0\u00bb use_theme_fonts=\u00a0\u00bbyes\u00a0\u00bb el_class=\u00a0\u00bbblock-title block-left-title\u00a0\u00bb][vc_column_text el_class=\u00a0\u00bbcargo-kinds_klients\u00a0\u00bb]<\/p>\n<ul>\n<li><em><img decoding=\"async\" src=\"\/wp-content\/uploads\/2019\/06\/68-list-marker.png\" alt=\"\" \/><\/em>Commerce de gros<\/li>\n<li><em><img decoding=\"async\" src=\"\/wp-content\/uploads\/2019\/06\/68-list-marker.png\" alt=\"\" \/><\/em>Fabricants<\/li>\n<li><em><img decoding=\"async\" src=\"\/wp-content\/uploads\/2019\/06\/68-list-marker.png\" alt=\"\" \/><\/em>Cha\u00eenes de vente au d\u00e9tail<\/li>\n<li><em><img decoding=\"async\" src=\"\/wp-content\/uploads\/2019\/06\/68-list-marker.png\" alt=\"\" \/><\/em>Boutiques<\/li>\n<\/ul>\n<p>[\/vc_column_text][\/vc_column][\/vc_row][vc_row full_width=\u00a0\u00bbstretch_row\u00a0\u00bb el_id=\u00a0\u00bborder\u00a0\u00bb el_class=\u00a0\u00bbcareer-order_row main-order-arrow\u00a0\u00bb][vc_column width=\u00a0\u00bb1\/2&Prime; el_class=\u00a0\u00bbcontent-col content-col__career\u00a0\u00bb][vc_custom_heading text=\u00a0\u00bbNos solutions de transport individuelles<br \/>\nadapt\u00e9 \u00e0 vos besoins\u00a0\u00bb use_theme_fonts=\u00a0\u00bbyes\u00a0\u00bb el_class=\u00a0\u00bborder-title career__order-title\u00a0\u00bb][\/vc_column][vc_column width=\u00a0\u00bb1\/2&Prime; el_class=\u00a0\u00bbcall-info-col order__link-col\u00a0\u00bb][vc_custom_heading text=\u00a0\u00bbPour les questions de livraison ferroviaire\u00a0\u00bb font_container=\u00a0\u00bbtag:h6|text_align:left\u00a0\u00bb use_theme_fonts=\u00a0\u00bbyes\u00a0\u00bb][vc_column_text el_class=\u00a0\u00bbcall-link\u00a0\u00bb]<a class=\"call-us\" href=\"tel:+48608558009\">+48 608 558 009<\/a>[\/vc_column_text][vc_column_text el_class=\u00a0\u00bbmail-link\u00a0\u00bb]<a href=\"mailto:info@one.speedixa.com\">info@one.speedixa.com<\/a>[\/vc_column_text][vc_btn title=\u00a0\u00bbSoumettre une candidature\u00a0\u00bb color=\u00a0\u00bbdefault\u00a0\u00bb align=\u00a0\u00bbcenter\u00a0\u00bb el_class=\u00a0\u00bbmain-button blue-button order-service-btn\u00a0\u00bb link=\u00a0\u00bburl:%23|||\u00a0\u00bb][\/vc_column][\/vc_row]<\/p>\n<\/div>","protected":false},"excerpt":{"rendered":"<p>[vc_row full_width=\u00a0\u00bbstretch_row_content_no_spaces\u00a0\u00bb el_id=\u00a0\u00bbdrivers\u00a0\u00bb el_class=\u00a0\u00bbdrivers-career-page right-image-bg\u00a0\u00bb css=\u00a0\u00bb.vc_custom_1659006790361{background-image: url(https:\/\/one.speedixa.com\/wp-content\/uploads\/2022\/07\/2121-scaled.jpg?id=6049) !important;}\u00a0\u00bb][vc_column width=\u00a0\u00bb1\/2&Prime; el_class=\u00a0\u00bbto-drivers-text about-us-col right-image-bg_left-text col-pseudo-el\u00a0\u00bb offset=\u00a0\u00bbvc_col-lg-6 vc_col-md-12 vc_col-xs-12&Prime; css=\u00a0\u00bb.vc_custom_1561969566032{background-color: #FF1100 !important;}\u00a0\u00bb][vc_column_text el_class=\u00a0\u00bbhr-tel call-link\u00a0\u00bb]+48 608 558 009[\/vc_column_text][vc_btn title=\u00a0\u00bbEnvoyez votre demande d\u00e8s maintenant\u00a0\u00bb color=\u00a0\u00bbdefault\u00a0\u00bb align=\u00a0\u00bbcenter\u00a0\u00bb el_class=\u00a0\u00bbmain-button blue-button order-service-btn\u00a0\u00bb link=\u00a0\u00bburl:%23|||\u00a0\u00bb el_id=\u00a0\u00bbresume\u00a0\u00bb][\/vc_column][vc_column width=\u00a0\u00bb1\/2&Prime; el_class=\u00a0\u00bbdrive-img-col\u00a0\u00bb offset=\u00a0\u00bbvc_col-lg-6 vc_col-md-12 vc_col-xs-12&Prime; css=\u00a0\u00bb.vc_custom_1658931279261{background-position: center !important;background-repeat: no-repeat !important;background-size: cover !important;}\u00a0\u00bb][vc_single_image image=\u00a0\u00bb6049&Prime; img_size=\u00a0\u00bbfull\u00a0\u00bb alignment=\u00a0\u00bbright\u00a0\u00bb el_class=\u00a0\u00bbdrive-img\u00a0\u00bb][\/vc_column][\/vc_row][vc_row full_width=\u00a0\u00bbstretch_row\u00a0\u00bb el_id=\u00a0\u00bbavto-park\u00a0\u00bb el_class=\u00a0\u00bbcar-park_tour-row [&hellip;]<\/p>\n","protected":false},"author":5,"featured_media":6049,"parent":27,"menu_order":42,"comment_status":"closed","ping_status":"closed","template":"","meta":{"footnotes":""},"class_list":["post-6047","page","type-page","status-publish","has-post-thumbnail","hentry"],"aioseo_notices":[],"_links":{"self":[{"href":"https:\/\/one.speedixa.com\/fr\/wp-json\/wp\/v2\/pages\/6047","targetHints":{"allow":["GET"]}}],"collection":[{"href":"https:\/\/one.speedixa.com\/fr\/wp-json\/wp\/v2\/pages"}],"about":[{"href":"https:\/\/one.speedixa.com\/fr\/wp-json\/wp\/v2\/types\/page"}],"author":[{"embeddable":true,"href":"https:\/\/one.speedixa.com\/fr\/wp-json\/wp\/v2\/users\/5"}],"replies":[{"embeddable":true,"href":"https:\/\/one.speedixa.com\/fr\/wp-json\/wp\/v2\/comments?post=6047"}],"version-history":[{"count":1,"href":"https:\/\/one.speedixa.com\/fr\/wp-json\/wp\/v2\/pages\/6047\/revisions"}],"predecessor-version":[{"id":15902,"href":"https:\/\/one.speedixa.com\/fr\/wp-json\/wp\/v2\/pages\/6047\/revisions\/15902"}],"up":[{"embeddable":true,"href":"https:\/\/one.speedixa.com\/fr\/wp-json\/wp\/v2\/pages\/27"}],"wp:featuredmedia":[{"embeddable":true,"href":"https:\/\/one.speedixa.com\/fr\/wp-json\/wp\/v2\/media\/6049"}],"wp:attachment":[{"href":"https:\/\/one.speedixa.com\/fr\/wp-json\/wp\/v2\/media?parent=6047"}],"curies":[{"name":"wp","href":"https:\/\/api.w.org\/{rel}","templated":true}]}}