{"id":5736,"date":"2022-04-13T13:59:08","date_gmt":"2022-04-13T13:59:08","guid":{"rendered":"https:\/\/one.speedixa.com\/?page_id=5736"},"modified":"2026-03-05T13:22:42","modified_gmt":"2026-03-05T13:22:42","slug":"warehousing","status":"publish","type":"page","link":"https:\/\/one.speedixa.com\/fr\/services\/warehousing\/","title":{"rendered":"Logistique d&rsquo;entrep\u00f4t"},"content":{"rendered":"<div class=\"wpb-content-wrapper\"><p><\/p>\n<p>[vc_row full_width=\u00a0\u00bbstretch_row_content_no_spaces\u00a0\u00bb el_id=\u00a0\u00bbdrivers\u00a0\u00bb el_class=\u00a0\u00bbdrivers-career-page right-image-bg\u00a0\u00bb css=\u00a0\u00bb.vc_custom_1669803889199{background-image: url(https:\/\/one.speedixa.com\/wp-content\/uploads\/2022\/11\/Warehouse.jpg?id=6473) !important;}\u00a0\u00bb][vc_column width=\u00a0\u00bb1\/2&Prime; el_class=\u00a0\u00bbto-drivers-text about-us-col right-image-bg_left-text col-pseudo-el\u00a0\u00bb offset=\u00a0\u00bbvc_col-lg-6 vc_col-md-12 vc_col-xs-12&Prime; css=\u00a0\u00bb.vc_custom_1561969566032{background-color: #FF1100 !important;}\u00a0\u00bb]<div class=\"porto-u-heading block-title block-left-title block-title_light-pseudo  wpb_custom_95aa9a11c17ad45cfabaf210d84ee7cc porto-u-ad87e2eaf3f9c495180fe0156ddf3eb0 \"><div class=\"porto-u-main-heading\"><h1   style=\"font-weight:400;color:#ffffff;font-size:32px;line-height:normal;\">Logistique d'entrep\u00f4t<\/h1><\/div><style>.porto-u-ad87e2eaf3f9c495180fe0156ddf3eb0.porto-u-heading{text-align:left}<\/style><\/div>[vc_column_text el_class=\u00a0\u00bbabout-us-text\u00a0\u00bb]<\/p>\n<p style=\"text-align: left; font-size: 17px; color: #fff;\">L&rsquo;une des directions de la soci\u00e9t\u00e9 Speedixa, en plus du transport de marchandises, est de fournir des services de logistique d&rsquo;entrep\u00f4t aux \u00c9tats-Unis, en Chine, en Isra\u00ebl, aux eau, en Lettonie, en Pologne, en Ukraine et en Bi\u00e9lorussie.<\/p>\n<p>[\/vc_column_text][vc_column_text el_class=\u00a0\u00bbhr-tel call-link\u00a0\u00bb]<a class=\"call-us\" href=\"tel:+48608558009\">+48 608 558 009<\/a>[\/vc_column_text][vc_btn title=\u00a0\u00bbPostulez d\u00e8s maintenant\u00a0\u00bb color=\u00a0\u00bbdefault\u00a0\u00bb align=\u00a0\u00bbcenter\u00a0\u00bb el_class=\u00a0\u00bbmain-button blue-button order-service-btn\u00a0\u00bb link=\u00a0\u00bburl:%23|||\u00a0\u00bb][\/vc_column][vc_column width=\u00a0\u00bb1\/2&Prime; el_class=\u00a0\u00bbdrive-img-col\u00a0\u00bb offset=\u00a0\u00bbvc_col-lg-6 vc_col-md-12 vc_col-xs-12&Prime;][vc_single_image image=\u00a0\u00bb6473&Prime; img_size=\u00a0\u00bbfull\u00a0\u00bb alignment=\u00a0\u00bbright\u00a0\u00bb el_class=\u00a0\u00bbdrive-img\u00a0\u00bb][\/vc_column][\/vc_row][vc_row full_width=\u00a0\u00bbstretch_row\u00a0\u00bb el_id=\u00a0\u00bbavto-park-galary\u00a0\u00bb el_class=\u00a0\u00bbpark-galary_row\u00a0\u00bb css=\u00a0\u00bb.vc_custom_1649935923811{margin-top: -50px !important;}\u00a0\u00bb][vc_column width=\u00a0\u00bb1\/4&Prime; is_sticky=\u00a0\u00bbyes\u00a0\u00bb sticky_container_selector=\u00a0\u00bb\u00a0\u00bb sticky_min_width=\u00a0\u00bb767&Prime; sticky_top=\u00a0\u00bb150px\u00a0\u00bb sticky_bottom=\u00a0\u00bb\u00a0\u00bb el_class=\u00a0\u00bbcol-lg-0&Prime;][vc_column_text el_class=\u00a0\u00bbfixed-linked-block\u00a0\u00bb]<\/p>\n<ul>\n<li class=\"ultitle\">Entrep\u00f4ts en Europe<\/li>\n<li><a href=\"\/uslugi\/warehousing\/chelm\/\">Pologne, Helm<\/a><\/li>\n<li><a href=\"\/uslugi\/warehousing\/barcelona\/\">Espagne, Barcelone<\/a><\/li>\n<li><a href=\"\/uslugi\/warehousing\/riga\/\">Lettonie, Riga<\/a><\/li>\n<li class=\"ultitle\">Entrep\u00f4ts dans la CEI<\/li>\n<li><a href=\"\/uslugi\/warehousing\/kiev\/\">Ukraine, Kiev<\/a><\/li>\n<li><a href=\"\/uslugi\/warehousing\/minsk\/\">Bi\u00e9lorussie, Minsk<\/a><\/li>\n<li class=\"ultitle\">Entrep\u00f4ts au moyen-Orient<\/li>\n<li><a href=\"\/uslugi\/warehousing\/dubai\/\">\u00c9mirats arabes Unis, Duba\u00ef<\/a><\/li>\n<li><a href=\"\/uslugi\/warehousing\/tel-aviv\/\">Isra\u00ebl, Tel Aviv<\/a><\/li>\n<li class=\"ultitle\">Entrep\u00f4t en Asie<\/li>\n<li><a href=\"\/uslugi\/warehousing\/guangzhou\/\">Chine, Guangzhou<\/a><\/li>\n<li class=\"ultitle\">Entrep\u00f4t en Am\u00e9rique<\/li>\n<li><a href=\"\/uslugi\/warehousing\/new-jersey\/\">Etats-Unis, New Jersey<\/a><\/li>\n<\/ul>\n<p>[\/vc_column_text][\/vc_column][vc_column width=\u00a0\u00bb3\/4&Prime;][vc_row_inner][vc_column_inner][vc_column_text]<\/p>\n<p style=\"text-align: left; font-size: 18px;\">Nos services de logistique d&rsquo;entrep\u00f4t combin\u00e9s \u00e0 nos services de transport sont la solution id\u00e9ale pour les clients qui ont besoin, entre autres, de transbordement, de consolidation, de stockage \u00e0 court ou \u00e0 long terme et de d\u00e9consolidation des marchandises.<\/p>\n<p>[\/vc_column_text][vc_column_text]<\/p>\n<p style=\"text-align: left; font-size: 18px;\">Les entrep\u00f4ts sont situ\u00e9s dans des endroits strat\u00e9giques, \u00e0 proximit\u00e9 des terminaux a\u00e9riens, des ports maritimes et des principales voies de transport.<\/p>\n<p>[\/vc_column_text][vc_column_text]<\/p>\n<p style=\"text-align: left; font-size: 18px;\">Nous proposons des solutions logistiques personnalis\u00e9es et orient\u00e9es vers le client, en nous concentrant sur les besoins du client en mati\u00e8re de stockage, de transport et d&rsquo;autres services suppl\u00e9mentaires pour la cha\u00eene automatis\u00e9e de fourniture de marchandises et de marchandises de l&rsquo;Asie et des \u00c9tats-Unis \u00e0 l&rsquo;UE et \u00e0 la CEI et vice versa.<\/p>\n<p>[\/vc_column_text][vc_custom_heading text=\u00a0\u00bbNos entrep\u00f4ts\u00a0\u00bb font_container=\u00a0\u00bbtag:h5|text_align:left\u00a0\u00bb use_theme_fonts=\u00a0\u00bbyes\u00a0\u00bb el_class=\u00a0\u00bbblock-title block-left-title\u00a0\u00bb css=\u00a0\u00bb.vc_custom_1670317974186{margin-top: 50px !important;}\u00a0\u00bb][vc_raw_html css=\u00a0\u00bb.vc_custom_1669909067451{margin-top: 50px !important;margin-bottom: 50px !important;}\u00a0\u00bb]JTVCZGlzcGxheS1tYXAlMjBpZCUzRCUyNzY1MDElMjclNUQ=[\/vc_raw_html][\/vc_column_inner][\/vc_row_inner][\/vc_column][\/vc_row][vc_row full_width=\u00a0\u00bbstretch_row\u00a0\u00bb el_id=\u00a0\u00bborder\u00a0\u00bb el_class=\u00a0\u00bborder-row_vacancies main-order-arrow\u00a0\u00bb][vc_column width=\u00a0\u00bb1\/4&Prime; el_class=\u00a0\u00bbcol-lg-0&Prime;][\/vc_column][vc_column width=\u00a0\u00bb3\/4&Prime; el_class=\u00a0\u00bbcontent-col call-info-col order__link-col order-col__vacancies\u00a0\u00bb][vc_custom_heading text=\u00a0\u00bbVOTRE ENTREPRISE<br \/>\nUNIQUE POUR NOUS!<br \/>\nNOS SERVICES LOGISTIQUES<br \/>\nSANS LIMITE POUR VOUS!\u00a0\u00bb font_container=\u00a0\u00bbtag:h3|font_size:27|text_align:left|color:%23ffffff\u00a0\u00bb use_theme_fonts=\u00a0\u00bbyes\u00a0\u00bb el_class=\u00a0\u00bborder-undertitle\u00a0\u00bb css=\u00a0\u00bb.vc_custom_1670315528468{margin-top: -20px !important;}\u00a0\u00bb][vc_custom_heading text=\u00a0\u00bbCONTACTEZ-NOUS\u00a0\u00bb font_container=\u00a0\u00bbtag:h6|text_align:left\u00a0\u00bb use_theme_fonts=\u00a0\u00bbyes\u00a0\u00bb][vc_column_text el_class=\u00a0\u00bbcall-link\u00a0\u00bb css=\u00a0\u00bb.vc_custom_1649936856486{margin-top: -2px !important;margin-bottom: -2px !important;}\u00a0\u00bb]<a class=\"call-us\" href=\"tel:+48608558009\">+48 608 558 009<\/a>[\/vc_column_text][vc_column_text el_class=\u00a0\u00bbmail-link\u00a0\u00bb css=\u00a0\u00bb.vc_custom_1649936630455{margin-top: -5px !important;}\u00a0\u00bb]<a href=\"mailto:info@one.speedixa.com\">info@one.speedixa.com <\/a>[\/vc_column_text][vc_btn title=\u00a0\u00bbLaisser une demande\u00a0\u00bb color=\u00a0\u00bbdefault\u00a0\u00bb align=\u00a0\u00bbcenter\u00a0\u00bb el_class=\u00a0\u00bbmain-button blue-button order-service-btn\u00a0\u00bb link=\u00a0\u00bburl:%23|||\u00a0\u00bb][\/vc_column][\/vc_row]<\/p>\n<p><\/p>\n<\/div>","protected":false},"excerpt":{"rendered":"<p>[vc_row full_width=\u00a0\u00bbstretch_row_content_no_spaces\u00a0\u00bb el_id=\u00a0\u00bbdrivers\u00a0\u00bb el_class=\u00a0\u00bbdrivers-career-page right-image-bg\u00a0\u00bb css=\u00a0\u00bb.vc_custom_1669803889199{background-image: url(https:\/\/one.speedixa.com\/wp-content\/uploads\/2022\/11\/Warehouse.jpg?id=6473) !important;}\u00a0\u00bb][vc_column width=\u00a0\u00bb1\/2&Prime; el_class=\u00a0\u00bbto-drivers-text about-us-col right-image-bg_left-text col-pseudo-el\u00a0\u00bb offset=\u00a0\u00bbvc_col-lg-6 vc_col-md-12 vc_col-xs-12&Prime; css=\u00a0\u00bb.vc_custom_1561969566032{background-color: #FF1100 !important;}\u00a0\u00bb][vc_column_text el_class=\u00a0\u00bbabout-us-text\u00a0\u00bb] L&rsquo;une des directions de la soci\u00e9t\u00e9 Speedixa, en plus du transport de marchandises, est de fournir des services de logistique d&rsquo;entrep\u00f4t aux \u00c9tats-Unis, en Chine, en Isra\u00ebl, aux eau, en Lettonie, en Pologne, en Ukraine [&hellip;]<\/p>\n","protected":false},"author":5,"featured_media":6473,"parent":27,"menu_order":48,"comment_status":"closed","ping_status":"closed","template":"","meta":{"footnotes":""},"class_list":["post-5736","page","type-page","status-publish","has-post-thumbnail","hentry"],"aioseo_notices":[],"_links":{"self":[{"href":"https:\/\/one.speedixa.com\/fr\/wp-json\/wp\/v2\/pages\/5736","targetHints":{"allow":["GET"]}}],"collection":[{"href":"https:\/\/one.speedixa.com\/fr\/wp-json\/wp\/v2\/pages"}],"about":[{"href":"https:\/\/one.speedixa.com\/fr\/wp-json\/wp\/v2\/types\/page"}],"author":[{"embeddable":true,"href":"https:\/\/one.speedixa.com\/fr\/wp-json\/wp\/v2\/users\/5"}],"replies":[{"embeddable":true,"href":"https:\/\/one.speedixa.com\/fr\/wp-json\/wp\/v2\/comments?post=5736"}],"version-history":[{"count":1,"href":"https:\/\/one.speedixa.com\/fr\/wp-json\/wp\/v2\/pages\/5736\/revisions"}],"predecessor-version":[{"id":15904,"href":"https:\/\/one.speedixa.com\/fr\/wp-json\/wp\/v2\/pages\/5736\/revisions\/15904"}],"up":[{"embeddable":true,"href":"https:\/\/one.speedixa.com\/fr\/wp-json\/wp\/v2\/pages\/27"}],"wp:featuredmedia":[{"embeddable":true,"href":"https:\/\/one.speedixa.com\/fr\/wp-json\/wp\/v2\/media\/6473"}],"wp:attachment":[{"href":"https:\/\/one.speedixa.com\/fr\/wp-json\/wp\/v2\/media?parent=5736"}],"curies":[{"name":"wp","href":"https:\/\/api.w.org\/{rel}","templated":true}]}}