{"id":400,"date":"2019-05-16T10:55:09","date_gmt":"2019-05-16T10:55:09","guid":{"rendered":"https:\/\/one.speedixa.com\/?page_id=400"},"modified":"2026-03-05T13:22:43","modified_gmt":"2026-03-05T13:22:43","slug":"for-drivers","status":"publish","type":"page","link":"https:\/\/one.speedixa.com\/fr\/career\/for-drivers\/","title":{"rendered":"Pour les conducteurs"},"content":{"rendered":"<div class=\"wpb-content-wrapper\"><p>[vc_row full_width=\u00a0\u00bbstretch_row_content_no_spaces\u00a0\u00bb el_id=\u00a0\u00bbdrivers\u00a0\u00bb el_class=\u00a0\u00bbdrivers-career-page right-image-bg\u00a0\u00bb][vc_column width=\u00a0\u00bb1\/2&Prime; el_class=\u00a0\u00bbto-drivers-text about-us-col right-image-bg_left-text col-pseudo-el\u00a0\u00bb offset=\u00a0\u00bbvc_col-lg-6 vc_col-md-12 vc_col-xs-12&Prime; css=\u00a0\u00bb.vc_custom_1561969566032{background-color: #FF1100 !important;}\u00a0\u00bb]<div class=\"porto-u-heading block-title block-left-title block-title_light-pseudo  wpb_custom_95aa9a11c17ad45cfabaf210d84ee7cc porto-u-ad87e2eaf3f9c495180fe0156ddf3eb0 \"><div class=\"porto-u-main-heading\"><h2  >L\u2019europe t\u2019attend<\/h2><\/div><div class=\"porto-u-sub-heading\" style=\"\">Devenir conducteur<br \/>\nde Speedixa<\/div><style>.porto-u-ad87e2eaf3f9c495180fe0156ddf3eb0.porto-u-heading{text-align:left}<\/style><\/div>[vc_column_text el_class=\u00a0\u00bbdrivers-under-title career-under-title\u00a0\u00bb]Nous sommes l&rsquo;un des employeurs les plus attractifs du secteur du transport et de la logistique en pologne.[\/vc_column_text][vc_column_text el_class=\u00a0\u00bbhr-tel call-link\u00a0\u00bb]<a class=\"call-us\" href=\"tel:+48608558009\">+<\/a><a class=\"call-us\" href=\"tel:+48608558009\">+48 608 558 009<\/a>[\/vc_column_text][vc_btn title=\u00a0\u00bbEnvoyer une demande maintenant\u00a0\u00bb color=\u00a0\u00bbdefault\u00a0\u00bb align=\u00a0\u00bbcenter\u00a0\u00bb el_class=\u00a0\u00bbtransparent main-button resume-form_btn\u00a0\u00bb link=\u00a0\u00bburl:%23|||\u00a0\u00bb][\/vc_column][vc_column width=\u00a0\u00bb1\/2&Prime; el_class=\u00a0\u00bbdrive-img-col\u00a0\u00bb offset=\u00a0\u00bbvc_col-lg-6 vc_col-md-12 vc_col-xs-12&Prime; css=\u00a0\u00bb.vc_custom_1572880451034{background-image: url(https:\/\/one.speedixa.com\/wp-content\/uploads\/2019\/11\/carera-voditel-mini.jpg?id=2748) !important;}\u00a0\u00bb][vc_single_image image=\u00a0\u00bb2748&Prime; img_size=\u00a0\u00bbfull\u00a0\u00bb alignment=\u00a0\u00bbright\u00a0\u00bb el_class=\u00a0\u00bbdrive-img\u00a0\u00bb][\/vc_column][\/vc_row][vc_row full_width=\u00a0\u00bbstretch_row\u00a0\u00bb el_id=\u00a0\u00bbavto-park\u00a0\u00bb el_class=\u00a0\u00bbfor-drivers-text\u00a0\u00bb][vc_column el_class=\u00a0\u00bbtext-for-drivers__col\u00a0\u00bb][vc_custom_heading text=\u00a0\u00bbNous invitons les conducteurs de cat\u00e9gorie CE<br \/>\n\u00e0 rejoindre notre \u00e9quipe\u00a0\u00bb font_container=\u00a0\u00bbtag:h4|text_align:left\u00a0\u00bb use_theme_fonts=\u00a0\u00bbyes\u00a0\u00bb el_class=\u00a0\u00bbblock-title block-left-title\u00a0\u00bb][vc_column_text el_class=\u00a0\u00bbabout-us-text\u00a0\u00bb]Nous invitons les conducteurs de cat\u00e9gorie CE exp\u00e9riment\u00e9s ainsi que les conducteurs ayant une exp\u00e9rience minimale dans les semi-remorques.<\/p>\n<p>Nous avons besoin que vous soyez ax\u00e9 sur le client car vous serez le visage de notre entreprise et la personne que nos clients rencontrent. Ils doivent vous faire confiance pour nous faire confiance.<\/p>\n<p>Nous attendons de vous que votre camion reste propre, que vous conduisiez de mani\u00e8re s\u00e9curis\u00e9e et respectiez le code routier. Vous devez respecter les temps de conduite et de repos et ne rien faire pour nuire \u00e0 notre r\u00e9putation.<\/p>\n<p>Un grand nombre de nos clients ont des exigences sp\u00e9ciales que nous et vous devons respecter, telles que : stationnement seulement dans des parkings s\u00e9curis\u00e9s, car les marchandises que vous livrez peuvent avoir une tr\u00e8s grande valeur.<\/p>\n<p>Nous esp\u00e9rons que vous serez professionnel, amical et actif ![\/vc_column_text][\/vc_column][\/vc_row][vc_row full_width=\u00a0\u00bbstretch_row\u00a0\u00bb css=\u00a0\u00bb.vc_custom_1563279305759{background-color: #f2f2f2 !important;}\u00a0\u00bb el_class=\u00a0\u00bbbottom-arrows career-opportunities_row drivers-career-opportunities\u00a0\u00bb][vc_column][vc_row_inner el_id=\u00a0\u00bbcareer-opportunities\u00a0\u00bb][vc_column_inner][vc_custom_heading text=\u00a0\u00bbQue proposons-nous?\u00a0\u00bb font_container=\u00a0\u00bbtag:h4|text_align:left\u00a0\u00bb use_theme_fonts=\u00a0\u00bbyes\u00a0\u00bb el_class=\u00a0\u00bbblock-title block-left-title\u00a0\u00bb][vc_column_text el_class=\u00a0\u00bbopportunities-list opportunities-list-fordrevers\u00a0\u00bb]<\/p>\n<ul>\n<li>Stage r\u00e9mun\u00e9r\u00e9<\/li>\n<li>Salaires concurrentiels et stables<\/li>\n<li>Itin\u00e9raires int\u00e9ressants et fascinants en Europe<\/li>\n<li>Emploi officiel avec garanties sociales<\/li>\n<li>Mode de travail et de repos normalis\u00e9<\/li>\n<li>Travailler sur un v\u00e9hicule en \u00e9tat de marche, techniquement solide et bien entretenue<\/li>\n<li>Paiement suppl\u00e9mentaire sous forme de bonus pour un grand kilom\u00e9trage mensuel.<\/li>\n<li>Remplir des formalit\u00e9s pour obtenir le titre de s\u00e9jour<\/li>\n<\/ul>\n<p>[\/vc_column_text][\/vc_column_inner][\/vc_row_inner][\/vc_column][\/vc_row][vc_row full_width=\u00a0\u00bbstretch_row\u00a0\u00bb el_id=\u00a0\u00bbavto-park-galary\u00a0\u00bb el_class=\u00a0\u00bbpark-galary_row\u00a0\u00bb][vc_column][vc_custom_heading text=\u00a0\u00bbFlotte de l\u2019entreprise\u00a0\u00bb font_container=\u00a0\u00bbtag:h4|text_align:left\u00a0\u00bb use_theme_fonts=\u00a0\u00bbyes\u00a0\u00bb el_class=\u00a0\u00bbblock-title block-left-title\u00a0\u00bb][vc_column_text el_class=\u00a0\u00bbabout-us-text\u00a0\u00bb]<\/p>\n<p class=\"park-text\">Se compose de tracteurs des marques Mercedes-Benz et MAN avec les normes d&rsquo;\u00e9mission EURO5 et EURO6. L&rsquo;\u00e2ge moyen des tracteurs n&rsquo;est pas sup\u00e9rieur \u00e0 3 ans. Tous les v\u00e9hicules sont \u00e9quip\u00e9es de tablettes avec Internet et d&rsquo;une navigation suppl\u00e9mentaire.<\/p>\n<p>[\/vc_column_text][vc_media_grid element_width=\u00a0\u00bb6&Prime; gap=\u00a0\u00bb20&Prime; initial_loading_animation=\u00a0\u00bbnone\u00a0\u00bb grid_id=\u00a0\u00bbvc_gid:1669216255308-6a3223fd-c4c3-3&Prime; include=\u00a0\u00bb2514,2516,2456,2512&Prime;][\/vc_column][\/vc_row][vc_row full_width=\u00a0\u00bbstretch_row\u00a0\u00bb el_class=\u00a0\u00bbbloksctf\u00a0\u00bb css=\u00a0\u00bb.vc_custom_1633435085847{margin-top: 50px !important;margin-bottom: 50px !important;background-image: url(https:\/\/one.speedixa.com\/wp-content\/uploads\/2021\/10\/bggggggctf.png?id=4218) !important;}\u00a0\u00bb el_id=\u00a0\u00bbbloksctf\u00a0\u00bb][vc_column el_id=\u00a0\u00bbctf\u00a0\u00bb el_class=\u00a0\u00bbctf\u00a0\u00bb][vc_row_inner][vc_column_inner el_class=\u00a0\u00bbctfblok1&Prime; width=\u00a0\u00bb1\/4&Prime; el_id=\u00a0\u00bbctfblok1&Prime;][\/vc_column_inner][vc_column_inner el_class=\u00a0\u00bbctfblok2&Prime; width=\u00a0\u00bb1\/2&Prime; el_id=\u00a0\u00bbctfblok2&Prime;]<div class=\"porto-u-heading block-title block-left-title block-title_light-pseudo ctftirles  wpb_custom_95aa9a11c17ad45cfabaf210d84ee7cc porto-u-ad87e2eaf3f9c495180fe0156ddf3eb0 \"><div class=\"porto-u-main-heading\"><h2   style=\"font-size:35px;\">Certificat Kapitalna Firma<\/h2><\/div><style>.porto-u-ad87e2eaf3f9c495180fe0156ddf3eb0.porto-u-heading{text-align:left}<\/style><\/div>[vc_column_text el_class=\u00a0\u00bbcareer-text text-witharrows\u00a0\u00bb]<\/p>\n<p style=\"text-align: left;\">Certificat Kapitalna Firma &#8211; confirme que nous faisons partie du prestigieux groupe des meilleurs employeurs polonais!<br \/>\nLe prix est d\u00e9cern\u00e9 aux entreprises dignes de confiance et soucieuses de leurs employ\u00e9s au-dessus de la moyenne.<\/p>\n<p>[\/vc_column_text][\/vc_column_inner][vc_column_inner el_class=\u00a0\u00bbctfblok3&Prime; width=\u00a0\u00bb1\/4&Prime; el_id=\u00a0\u00bbctfblok3&Prime;][vc_single_image image=\u00a0\u00bb6280&Prime; img_size=\u00a0\u00bblarge\u00a0\u00bb alignment=\u00a0\u00bbcenter\u00a0\u00bb el_id=\u00a0\u00bbimgctf\u00a0\u00bb el_class=\u00a0\u00bbimgctf\u00a0\u00bb][\/vc_column_inner][\/vc_row_inner][\/vc_column][\/vc_row][vc_row disable_element=\u00a0\u00bbyes\u00a0\u00bb el_class=\u00a0\u00bbdriver-reviews-row\u00a0\u00bb el_id=\u00a0\u00bbteem\u00a0\u00bb][vc_column el_class=\u00a0\u00bbdrivers-vacancies-page\u00a0\u00bb][vc_custom_heading text=\u00a0\u00bbAvis de nos conducteurs\u00a0\u00bb font_container=\u00a0\u00bbtag:h4|text_align:left\u00a0\u00bb use_theme_fonts=\u00a0\u00bbyes\u00a0\u00bb el_class=\u00a0\u00bbblock-title block-left-title\u00a0\u00bb]<div class=\"porto-carousel owl-carousel has-ccols has-ccols-spacing ccols-xl-3 ccols-lg-3 ccols-md-2 ccols-sm-1 ccols-1 teem-imgs driver-reviews_slider wpb_custom_16b29c4c97bd4b224dbf284cfd94279c nav-pos-outside nav-style-1\" data-plugin-options=\"{&quot;themeConfig&quot;:true,&quot;stagePadding&quot;:0,&quot;margin&quot;:40,&quot;autoplay&quot;:false,&quot;mouseDrag&quot;:true,&quot;touchDrag&quot;:true,&quot;autoplayTimeout&quot;:5000,&quot;autoplayHoverPause&quot;:false,&quot;items&quot;:3,&quot;xl&quot;:3,&quot;lg&quot;:3,&quot;md&quot;:2,&quot;sm&quot;:1,&quot;xs&quot;:1,&quot;nav&quot;:&quot;yes&quot;,&quot;dots&quot;:false,&quot;animateIn&quot;:&quot;&quot;,&quot;animateOut&quot;:&quot;&quot;,&quot;loop&quot;:false,&quot;center&quot;:false,&quot;video&quot;:false,&quot;lazyLoad&quot;:false,&quot;fullscreen&quot;:false}\">[vc_row_inner][vc_column_inner][vc_single_image image=\u00a0\u00bb2026&Prime; img_size=\u00a0\u00bbfull\u00a0\u00bb alignment=\u00a0\u00bbcenter\u00a0\u00bb el_class=\u00a0\u00bbmember\u00a0\u00bb][vc_column_text el_class=\u00a0\u00bboffice-post\u00a0\u00bb]\u0414\u0435\u043d\u0438\u0441[\/vc_column_text][vc_column_text el_class=\u00a0\u00bbname\u00a0\u00bb]<a class=\"driver-fb\" href=\"#\"><img decoding=\"async\" src=\"\/wp-content\/uploads\/2019\/07\/facebook.png\" alt=\"\" \/><\/a><a class=\"driver-insta\" href=\"#\"><img decoding=\"async\" src=\"\/wp-content\/uploads\/2019\/07\/instagram.png\" alt=\"\" \/><\/a>[\/vc_column_text][vc_column_text el_class=\u00a0\u00bbdriver-reviews-text\u00a0\u00bb]Lorem ipsum dolor sit amet, consectetur adipiscing elit. Nulla varius cursus accumsan. Ut tristique lectus urna, vitae elementum nibh pulvinar sit amet. Sed nec sem tincidunt, eleifend mi eget, hendrerit erat. Vestibulum sollicitudin mauris in ante tempus, a convallis eros feugiat.[\/vc_column_text][\/vc_column_inner][\/vc_row_inner][vc_row_inner][vc_column_inner][vc_single_image image=\u00a0\u00bb2027&Prime; img_size=\u00a0\u00bbfull\u00a0\u00bb alignment=\u00a0\u00bbcenter\u00a0\u00bb el_class=\u00a0\u00bbmember\u00a0\u00bb][vc_column_text el_class=\u00a0\u00bboffice-post\u00a0\u00bb]\u0418\u0433\u043e\u0440\u044c[\/vc_column_text][vc_column_text el_class=\u00a0\u00bbname\u00a0\u00bb]<a class=\"driver-fb\" href=\"#\"><img decoding=\"async\" src=\"\/wp-content\/uploads\/2019\/07\/facebook.png\" alt=\"\" \/><\/a><a class=\"driver-insta\" href=\"#\"><img decoding=\"async\" src=\"\/wp-content\/uploads\/2019\/07\/instagram.png\" alt=\"\" \/><\/a>[\/vc_column_text][vc_column_text el_class=\u00a0\u00bbdriver-reviews-text\u00a0\u00bb]\u0420\u0430\u0431\u043e\u0442\u0430\u044e \u0432 \u0444\u0438\u0440\u043c\u0435 2 \u0433\u043e\u0434\u0430 \u0438 \u0434\u0435\u0440\u0436\u0443\u0441\u044c \u0437\u0430 \u0441\u0432\u043e\u044e \u0440\u0430\u0431\u043e\u0442\u0443. \u041f\u0435\u0440\u0432\u044b\u0439 \u043e\u043f\u044b\u0442 \u0435\u0437\u0434\u044b \u0432 \u0415\u0432\u0440\u043e\u043f\u0435 \u043f\u043e\u043b\u0443\u0447\u0438\u043b \u0438\u043c\u0435\u043d\u043d\u043e \u0437\u0434\u0435\u0441\u044c. \u041f\u043e\u0441\u0442\u043e\u044f\u043d\u043d\u043e \u0440\u0430\u0437\u0432\u0438\u0432\u0430\u044e\u0441\u044c \u0432 \u043f\u0440\u043e\u0444\u0435\u0441\u0441\u0438\u0438 \u0432\u043e\u0434\u0438\u0442\u0435\u043b\u044f \u043c\u0435\u0436\u0434\u0443\u043d\u0430\u0440\u043e\u0434\u043d\u044b\u0445 \u043f\u0435\u0440\u0435\u0432\u043e\u0437\u043e\u043a. \u0412 \u0434\u0430\u043d\u043d\u044b\u0439 \u043c\u043e\u043c\u0435\u043d\u0442\u00a0<span class=\"hiddenSpellError\">\u0432\u043e\u0434\u0438\u0442\u0435\u043b\u044c-\u0438\u043d\u0441\u0442\u0440\u0443\u043a\u0442\u043e\u0440<\/span>\u00a0\u0438 \u0432 \u0434\u0430\u043b\u044c\u043d\u0435\u0439\u0448\u0435\u043c \u043f\u043b\u0430\u043d\u0438\u0440\u0443\u044e \u043a\u0430\u0440\u044c\u0435\u0440\u043d\u044b\u0439 \u0440\u043e\u0441\u0442 \u043d\u0430 \u044d\u0442\u043e\u0439 \u0444\u0438\u0440\u043c\u0435. \u0422\u043e\u0442 \u043a\u0442\u043e \u0433\u043e\u0432\u043e\u0440\u0438\u0442 \u0447\u0442\u043e \u0432\u0441\u0451 \u0442\u044f\u0436\u0435\u043b\u043e \u0438\u00a0\u043d\u0435\u0434\u043e\u0441\u044f\u0433\u0430\u0435\u043c\u043e, \u044d\u0442\u043e \u043d\u0435\u043f\u0440\u0430\u0432\u0434\u0430. \u0420\u0430\u0431\u043e\u0442\u0430\u044f \u0438 \u0440\u0430\u0437\u0432\u0438\u0432\u0430\u044f\u0441\u044c, \u0438\u043c\u0435\u044f \u0441\u0430\u043c\u043e\u043f\u043e\u0434\u0433\u043e\u0442\u043e\u0432\u043a\u0443 \u0438 \u0441\u0430\u043c\u043e\u0441\u0442\u043e\u044f\u0442\u0435\u043b\u044c\u043d\u043e\u0441\u0442\u044c \u043c\u043e\u0436\u043d\u043e \u0440\u0430\u0431\u043e\u0442\u0430\u0442\u044c \u0438 \u043f\u043e\u043b\u0443\u0447\u0430\u0442\u044c \u0445\u043e\u0440\u043e\u0448\u0435\u0435 \u0434\u0435\u043d\u0435\u0436\u043d\u043e\u0435\u00a0\u0432\u043e\u0437\u043d\u0430\u0433\u0440\u0430\u0436\u0434\u0435\u043d\u0438\u0435, \u043f\u043e\u043b\u0443\u0447\u0430\u0442\u044c \u043e\u043f\u044b\u0442 \u0440\u0430\u0431\u043e\u0442\u044b \u0432 \u0415\u0432\u0440\u043e\u043f\u0435,\u00a0\u043f\u0443\u0442\u0435\u0448\u0435\u0441\u0442\u0432\u043e\u0432\u0430\u0442\u044c\u00a0\u0432 \u0442\u0435\u0445 \u0441\u0442\u0440\u0430\u043d\u0430\u0445, \u043a\u043e\u0442\u043e\u0440\u044b\u0435 \u043c\u044b \u0432\u0438\u0434\u0435\u043b\u0438 \u0440\u0430\u043d\u043d\u0435\u0435 \u0442\u043e\u043b\u044c\u043a\u043e \u043f\u043e \u0442\u0435\u043b\u0435\u0432\u0438\u0437\u043e\u0440\u0443. \u041c\u0438\u043b\u043e\u0441\u0442\u0438 \u043f\u0440\u043e\u0448\u0443 \u043d\u043e\u0432\u044b\u0445 \u0432\u043e\u0434\u0438\u0442\u0435\u043b\u0435\u0439 \u043a \u0441\u0435\u0431\u0435 \u043d\u0430 \u0441\u0442\u0430\u0436\u0438\u0440\u043e\u0432\u043a\u0443. \u041d\u0430\u0443\u0447\u0438\u043c \u0438\u00a0\u043e\u0431\u044a\u044f\u0441\u043d\u0438\u043c. \u0412\u0441\u0435\u043c\u0443 \u043c\u043e\u0436\u043d\u043e \u043d\u0430\u0443\u0447\u0438\u0442\u044c\u0441\u044f \u0435\u0441\u043b\u0438 \u0438\u043c\u0435\u0442\u044c \u0436\u0435\u043b\u0430\u043d\u0438\u0435. \u0412\u0441\u0435\u043c \u0443\u0434\u0430\u0447\u0438 \u0438 \u0434\u043e \u0432\u0441\u0442\u0440\u0435\u0447\u0438 \u043d\u0430 \u0441\u0442\u0430\u0436\u0438\u0440\u043e\u0432\u043a\u0435.[\/vc_column_text][\/vc_column_inner][\/vc_row_inner][vc_row_inner][vc_column_inner][vc_single_image image=\u00a0\u00bb2028&Prime; img_size=\u00a0\u00bbfull\u00a0\u00bb alignment=\u00a0\u00bbcenter\u00a0\u00bb el_class=\u00a0\u00bbmember\u00a0\u00bb][vc_column_text el_class=\u00a0\u00bboffice-post\u00a0\u00bb]\u0411\u043e\u0440\u0438\u0441[\/vc_column_text][vc_column_text el_class=\u00a0\u00bbname\u00a0\u00bb]<a class=\"driver-fb\" href=\"#\"><img decoding=\"async\" src=\"\/wp-content\/uploads\/2019\/07\/facebook.png\" alt=\"\" \/><\/a><a class=\"driver-insta\" href=\"#\"><img decoding=\"async\" src=\"\/wp-content\/uploads\/2019\/07\/instagram.png\" alt=\"\" \/><\/a>[\/vc_column_text][vc_column_text el_class=\u00a0\u00bbdriver-reviews-text\u00a0\u00bb]Lorem ipsum dolor sit amet, consectetur adipiscing elit. Nulla varius cursus accumsan. Ut tristique lectus urna, vitae elementum nibh pulvinar sit amet. Sed nec sem tincidunt, eleifend mi eget, hendrerit erat. Vestibulum sollicitudin mauris in ante tempus, a convallis eros feugiat.[\/vc_column_text][\/vc_column_inner][\/vc_row_inner][vc_row_inner][vc_column_inner][vc_single_image image=\u00a0\u00bb417&Prime; img_size=\u00a0\u00bbfull\u00a0\u00bb alignment=\u00a0\u00bbcenter\u00a0\u00bb el_class=\u00a0\u00bbmember\u00a0\u00bb][vc_column_text el_class=\u00a0\u00bboffice-post\u00a0\u00bb]\u0410\u043d\u0430\u0442\u043e\u043b\u0438\u0439[\/vc_column_text][vc_column_text el_class=\u00a0\u00bbname\u00a0\u00bb]<a class=\"driver-fb\" href=\"#\"><img decoding=\"async\" src=\"\/wp-content\/uploads\/2019\/07\/facebook.png\" alt=\"\" \/><\/a><a class=\"driver-insta\" href=\"#\"><img decoding=\"async\" src=\"\/wp-content\/uploads\/2019\/07\/instagram.png\" alt=\"\" \/><\/a>[\/vc_column_text][vc_column_text el_class=\u00a0\u00bbdriver-reviews-text\u00a0\u00bb]Lorem ipsum dolor sit amet, consectetur adipiscing elit. Nulla varius cursus accumsan. Ut tristique lectus urna, vitae elementum nibh pulvinar sit amet. Sed nec sem tincidunt, eleifend mi eget, hendrerit erat. Vestibulum sollicitudin mauris in ante tempus, a convallis eros feugiat.[\/vc_column_text][\/vc_column_inner][\/vc_row_inner][vc_row_inner][vc_column_inner][vc_single_image image=\u00a0\u00bb416&Prime; img_size=\u00a0\u00bbfull\u00a0\u00bb alignment=\u00a0\u00bbcenter\u00a0\u00bb el_class=\u00a0\u00bbmember\u00a0\u00bb][vc_column_text el_class=\u00a0\u00bboffice-post\u00a0\u00bb]\u041c\u0430\u043a\u0441\u0438\u043c[\/vc_column_text][vc_column_text el_class=\u00a0\u00bbname\u00a0\u00bb]<a class=\"driver-fb\" href=\"#\"><img decoding=\"async\" src=\"\/wp-content\/uploads\/2019\/07\/facebook.png\" alt=\"\" \/><\/a><a class=\"driver-insta\" href=\"#\"><img decoding=\"async\" src=\"\/wp-content\/uploads\/2019\/07\/instagram.png\" alt=\"\" \/><\/a>[\/vc_column_text][vc_column_text el_class=\u00a0\u00bbdriver-reviews-text\u00a0\u00bb]Lorem ipsum dolor sit amet, consectetur adipiscing elit. Nulla varius cursus accumsan. Ut tristique lectus urna, vitae elementum nibh pulvinar sit amet. Sed nec sem tincidunt, eleifend mi eget, hendrerit erat. Vestibulum sollicitudin mauris in ante tempus, a convallis eros feugiat.[\/vc_column_text][\/vc_column_inner][\/vc_row_inner][vc_row_inner][vc_column_inner][vc_single_image image=\u00a0\u00bb418&Prime; img_size=\u00a0\u00bbfull\u00a0\u00bb alignment=\u00a0\u00bbcenter\u00a0\u00bb el_class=\u00a0\u00bbmember\u00a0\u00bb][vc_column_text el_class=\u00a0\u00bboffice-post\u00a0\u00bb]\u041a\u043e\u043d\u0441\u0442\u0430\u043d\u0442\u0438\u043d[\/vc_column_text][vc_column_text el_class=\u00a0\u00bbname\u00a0\u00bb]<a class=\"driver-fb\" href=\"#\"><img decoding=\"async\" src=\"\/wp-content\/uploads\/2019\/07\/facebook.png\" alt=\"\" \/><\/a><a class=\"driver-insta\" href=\"#\"><img decoding=\"async\" src=\"\/wp-content\/uploads\/2019\/07\/instagram.png\" alt=\"\" \/><\/a>[\/vc_column_text][vc_column_text el_class=\u00a0\u00bbdriver-reviews-text\u00a0\u00bb]Lorem ipsum dolor sit amet, consectetur adipiscing elit. Nulla varius cursus accumsan. Ut tristique lectus urna, vitae elementum nibh pulvinar sit amet. Sed nec sem tincidunt, eleifend mi eget, hendrerit erat. Vestibulum sollicitudin mauris in ante tempus, a convallis eros feugiat.[\/vc_column_text][\/vc_column_inner][\/vc_row_inner]<\/div>[\/vc_column][\/vc_row][vc_row full_width=\u00a0\u00bbstretch_row\u00a0\u00bb el_id=\u00a0\u00bborder\u00a0\u00bb el_class=\u00a0\u00bbcareer-order_row main-order-arrow\u00a0\u00bb][vc_column width=\u00a0\u00bb1\/2&Prime; el_class=\u00a0\u00bbcontent-col content-col__career\u00a0\u00bb][vc_custom_heading text=\u00a0\u00bbNous vous attendons!\u00a0\u00bb use_theme_fonts=\u00a0\u00bbyes\u00a0\u00bb el_class=\u00a0\u00bborder-title career__order-title career__order-title_drivers\u00a0\u00bb][vc_custom_heading text=\u00a0\u00bbPrenez soin de guider votre carri\u00e8re<br \/>\ndans la bonne direction!\u00a0\u00bb font_container=\u00a0\u00bbtag:h3|text_align:left\u00a0\u00bb use_theme_fonts=\u00a0\u00bbyes\u00a0\u00bb el_class=\u00a0\u00bborder-undertitle\u00a0\u00bb][\/vc_column][vc_column width=\u00a0\u00bb1\/2&Prime; el_class=\u00a0\u00bbcall-info-col order__link-col\u00a0\u00bb][vc_custom_heading text=\u00a0\u00bbDepartement rh\u00a0\u00bb font_container=\u00a0\u00bbtag:h6|text_align:left\u00a0\u00bb use_theme_fonts=\u00a0\u00bbyes\u00a0\u00bb][vc_column_text el_class=\u00a0\u00bbcall-link\u00a0\u00bb]<a class=\"call-us\" href=\"tel:+48608558009\">+48 608 558 009<\/a>[\/vc_column_text][vc_column_text el_class=\u00a0\u00bbmail-link\u00a0\u00bb]<a href=\"mailto:HR@one.speedixa.com\">HR@one.speedixa.com<\/a>[\/vc_column_text][vc_btn title=\u00a0\u00bbEnvoyer votre CV\u00a0\u00bb color=\u00a0\u00bbdefault\u00a0\u00bb align=\u00a0\u00bbcenter\u00a0\u00bb el_class=\u00a0\u00bbmain-button blue-button resume-form_btn\u00a0\u00bb link=\u00a0\u00bburl:%23|||\u00a0\u00bb][\/vc_column][\/vc_row][vc_row el_id=\u00a0\u00bbfaq-row\u00a0\u00bb][vc_column el_class=\u00a0\u00bbcol-lg-0&Prime;][vc_custom_heading text=\u00a0\u00bbFAQ\u00a0\u00bb font_container=\u00a0\u00bbtag:h4|text_align:left\u00a0\u00bb use_theme_fonts=\u00a0\u00bbyes\u00a0\u00bb el_class=\u00a0\u00bbblock-title block-left-title\u00a0\u00bb][vc_tta_accordion style=\u00a0\u00bbflat\u00a0\u00bb shape=\u00a0\u00bbsquare\u00a0\u00bb c_icon=\u00a0\u00bbchevron\u00a0\u00bb c_position=\u00a0\u00bbright\u00a0\u00bb active_section=\u00a0\u00bb1&Prime; el_class=\u00a0\u00bbfaq-section\u00a0\u00bb][vc_tta_section title=\u00a0\u00bbQuelle est la dur\u00e9e de la cadence?\u00a0\u00bb tab_id=\u00a0\u00bb1557841898160-96ac22da-b4feba3d-3c4665d0-7053&Prime; el_class=\u00a0\u00bbfaq-section__item\u00a0\u00bb][vc_column_text el_class=\u00a0\u00bbfaq-item-text\u00a0\u00bb]La dur\u00e9e de la cadence est d&rsquo;au moins deux mois.[\/vc_column_text][\/vc_tta_section][vc_tta_section title=\u00a0\u00bbTravailler dans un v\u00e9hicule simple ou double?\u00a0\u00bb tab_id=\u00a0\u00bb1557842101457-7e6cfe2d-3410ba3d-3c4665d0-7053&Prime; el_class=\u00a0\u00bbfaq-section__item\u00a0\u00bb][vc_column_text el_class=\u00a0\u00bbfaq-item-text\u00a0\u00bb]Travailler en double uniquement pour la dur\u00e9e du stage. D\u2019une r\u00e8gle g\u00e9n\u00e9rale tout le monde travaille dans un v\u00e9hicule simple.[\/vc_column_text][\/vc_tta_section][vc_tta_section title=\u00a0\u00bbADR est-il n\u00e9cessaire?\u00a0\u00bb tab_id=\u00a0\u00bb1557842101221-773c65e3-ecfbba3d-3c4665d0-7053&Prime; el_class=\u00a0\u00bbfaq-section__item\u00a0\u00bb][vc_column_text el_class=\u00a0\u00bbfaq-item-text\u00a0\u00bb]Nous n&#8217;embauchons que des conducteurs avec un certificat ADR. Si vous ne savez pas comment l\u2019obtenir, notre personnel vous fournira toutes les informations n\u00e9cessaires.[\/vc_column_text][\/vc_tta_section][vc_tta_section title=\u00a0\u00bbEst-il possible de laisser des objets personnels pour la p\u00e9riode de cong\u00e9?\u00a0\u00bb tab_id=\u00a0\u00bb1557842100944-312a27bd-d219ba3d-3c4665d0-7053&Prime; el_class=\u00a0\u00bbfaq-section__item\u00a0\u00bb][vc_column_text el_class=\u00a0\u00bbfaq-item-text\u00a0\u00bb]Oui, jusqu\u2019\u00e0 la fin de la cadence, vous pouvez laisser vos effets personnels \u00e0 la base en Pologne et les r\u00e9cup\u00e9rer \u00e0 votre retour du cong\u00e9.[\/vc_column_text][\/vc_tta_section][vc_tta_section title=\u00a0\u00bbEst-il possible de laisser ma voiture pour la dur\u00e9e de la cadence ?\u00a0\u00bb tab_id=\u00a0\u00bb1557842100449-58e22164-c3aeba3d-3c4665d0-7053&Prime; el_class=\u00a0\u00bbfaq-section__item\u00a0\u00bb][vc_column_text el_class=\u00a0\u00bbfaq-item-text\u00a0\u00bb]Oui, c\u2019est possible. Si vous d\u00e9cidez de venir en voiture personnelle, vous pouvez la laisser \u00e0 la base sur le parking.[\/vc_column_text][\/vc_tta_section][vc_tta_section title=\u00a0\u00bbCombien de temps fait-il pour l&#8217;emploi?\u00a0\u00bb tab_id=\u00a0\u00bb1566485616293-83579b5c-635c65d0-7053&Prime; el_class=\u00a0\u00bbfaq-section__item\u00a0\u00bb][vc_column_text el_class=\u00a0\u00bbfaq-item-text\u00a0\u00bb]Au total, pourvu que vous ayez tous les documents n\u00e9cessaires, le processus d\u2019emploi de votre appel \u00e0 votre arriv\u00e9e prendra entre 3 et 5 semaines.[\/vc_column_text][\/vc_tta_section][\/vc_tta_accordion][\/vc_column][\/vc_row]<\/p>\n<\/div>","protected":false},"excerpt":{"rendered":"<p>[vc_row full_width=\u00a0\u00bbstretch_row_content_no_spaces\u00a0\u00bb el_id=\u00a0\u00bbdrivers\u00a0\u00bb el_class=\u00a0\u00bbdrivers-career-page right-image-bg\u00a0\u00bb][vc_column width=\u00a0\u00bb1\/2&Prime; el_class=\u00a0\u00bbto-drivers-text about-us-col right-image-bg_left-text col-pseudo-el\u00a0\u00bb offset=\u00a0\u00bbvc_col-lg-6 vc_col-md-12 vc_col-xs-12&Prime; css=\u00a0\u00bb.vc_custom_1561969566032{background-color: #FF1100 !important;}\u00a0\u00bb][vc_column_text el_class=\u00a0\u00bbdrivers-under-title career-under-title\u00a0\u00bb]Nous sommes l&rsquo;un des employeurs les plus attractifs du secteur du transport et de la logistique en pologne.[\/vc_column_text][vc_column_text el_class=\u00a0\u00bbhr-tel call-link\u00a0\u00bb]++48 608 558 009[\/vc_column_text][vc_btn title=\u00a0\u00bbEnvoyer une demande maintenant\u00a0\u00bb color=\u00a0\u00bbdefault\u00a0\u00bb align=\u00a0\u00bbcenter\u00a0\u00bb el_class=\u00a0\u00bbtransparent main-button resume-form_btn\u00a0\u00bb link=\u00a0\u00bburl:%23|||\u00a0\u00bb][\/vc_column][vc_column width=\u00a0\u00bb1\/2&Prime; el_class=\u00a0\u00bbdrive-img-col\u00a0\u00bb offset=\u00a0\u00bbvc_col-lg-6 vc_col-md-12 vc_col-xs-12&Prime; [&hellip;]<\/p>\n","protected":false},"author":5,"featured_media":5589,"parent":15807,"menu_order":58,"comment_status":"closed","ping_status":"closed","template":"","meta":{"footnotes":""},"class_list":["post-400","page","type-page","status-publish","has-post-thumbnail","hentry"],"aioseo_notices":[],"_links":{"self":[{"href":"https:\/\/one.speedixa.com\/fr\/wp-json\/wp\/v2\/pages\/400","targetHints":{"allow":["GET"]}}],"collection":[{"href":"https:\/\/one.speedixa.com\/fr\/wp-json\/wp\/v2\/pages"}],"about":[{"href":"https:\/\/one.speedixa.com\/fr\/wp-json\/wp\/v2\/types\/page"}],"author":[{"embeddable":true,"href":"https:\/\/one.speedixa.com\/fr\/wp-json\/wp\/v2\/users\/5"}],"replies":[{"embeddable":true,"href":"https:\/\/one.speedixa.com\/fr\/wp-json\/wp\/v2\/comments?post=400"}],"version-history":[{"count":1,"href":"https:\/\/one.speedixa.com\/fr\/wp-json\/wp\/v2\/pages\/400\/revisions"}],"predecessor-version":[{"id":15925,"href":"https:\/\/one.speedixa.com\/fr\/wp-json\/wp\/v2\/pages\/400\/revisions\/15925"}],"up":[{"embeddable":true,"href":"https:\/\/one.speedixa.com\/fr\/wp-json\/wp\/v2\/pages\/15807"}],"wp:featuredmedia":[{"embeddable":true,"href":"https:\/\/one.speedixa.com\/fr\/wp-json\/wp\/v2\/media\/5589"}],"wp:attachment":[{"href":"https:\/\/one.speedixa.com\/fr\/wp-json\/wp\/v2\/media?parent=400"}],"curies":[{"name":"wp","href":"https:\/\/api.w.org\/{rel}","templated":true}]}}