{"id":3845,"date":"2021-09-16T14:52:08","date_gmt":"2021-09-16T14:52:08","guid":{"rendered":"https:\/\/one.speedixa.com\/?page_id=3845"},"modified":"2026-03-05T13:22:43","modified_gmt":"2026-03-05T13:22:43","slug":"academy","status":"publish","type":"page","link":"https:\/\/one.speedixa.com\/fr\/career\/academy\/","title":{"rendered":"Acad\u00e9mie des ventes Magistral"},"content":{"rendered":"<div class=\"wpb-content-wrapper\"><p><\/p>\n<p>[vc_row full_width=\u00a0\u00bbstretch_row_content_no_spaces\u00a0\u00bb el_id=\u00a0\u00bbdrivers\u00a0\u00bb el_class=\u00a0\u00bbdrivers-career-page right-image-bg\u00a0\u00bb][vc_column width=\u00a0\u00bb1\/2&Prime; el_class=\u00a0\u00bbto-drivers-text about-us-col right-image-bg_left-text col-pseudo-el\u00a0\u00bb offset=\u00a0\u00bbvc_col-lg-6 vc_col-md-12 vc_col-xs-12&Prime; css=\u00a0\u00bb.vc_custom_1561969566032{background-color: #FF1100 !important;}\u00a0\u00bb]<div class=\"porto-u-heading block-title block-left-title block-title_light-pseudo  wpb_custom_95aa9a11c17ad45cfabaf210d84ee7cc porto-u-ad87e2eaf3f9c495180fe0156ddf3eb0 \"><div class=\"porto-u-main-heading\"><h2  >Ventes de l'acad\u00e9mie<\/h2><\/div><div class=\"porto-u-sub-heading\" style=\"\">Speedixa<\/div><style>.porto-u-ad87e2eaf3f9c495180fe0156ddf3eb0.porto-u-heading{text-align:left}<\/style><\/div>[vc_column_text el_class=\u00a0\u00bbdrivers-under-title career-under-title\u00a0\u00bb]L&rsquo;Acad\u00e9mie de Transport Magistral a \u00e9t\u00e9 cr\u00e9\u00e9e pour les candidats qui commencent leur carri\u00e8re professionnelle.[\/vc_column_text][vc_column_text el_class=\u00a0\u00bbhr-tel call-link\u00a0\u00bb]<a class=\"call-us\" href=\"tel:+48660517489\">+48 660 517 489<\/a>[\/vc_column_text][vc_btn title=\u00a0\u00bbPostulez maintenant\u00a0\u00bb color=\u00a0\u00bbdefault\u00a0\u00bb align=\u00a0\u00bbcenter\u00a0\u00bb el_class=\u00a0\u00bbtransparent main-button resume-form_btn\u00a0\u00bb link=\u00a0\u00bburl:%23|||\u00a0\u00bb el_id=\u00a0\u00bbresume\u00a0\u00bb][\/vc_column][vc_column width=\u00a0\u00bb1\/2&Prime; el_class=\u00a0\u00bbdrive-img-col\u00a0\u00bb offset=\u00a0\u00bbvc_col-lg-6 vc_col-md-12 vc_col-xs-12&Prime; css=\u00a0\u00bb.vc_custom_1634030132977{background-image: url(https:\/\/one.speedixa.com\/wp-content\/uploads\/2021\/10\/akadem.jpg?id=4398) !important;background-position: center !important;background-repeat: no-repeat !important;background-size: cover !important;}\u00a0\u00bb][vc_single_image image=\u00a0\u00bb4398&Prime; img_size=\u00a0\u00bbfull\u00a0\u00bb alignment=\u00a0\u00bbright\u00a0\u00bb el_class=\u00a0\u00bbdrive-img\u00a0\u00bb][\/vc_column][\/vc_row][vc_row][vc_column][vc_column_text el_class=\u00a0\u00bbcareer-text\u00a0\u00bb]<\/p>\n<p style=\"text-align: left;\">Notre programme de formation s&rsquo;adresse aux jeunes qui associent leur avenir \u00e0 l&rsquo;industrie TSL (transport, Forwarding, logistics). Nous ouvrons nos portes \u00e0 tous ceux qui veulent apprendre, se concentrent sur le d\u00e9veloppement constant de leurs comp\u00e9tences, sont ouverts \u00e0 de nouveaux d\u00e9fis et sont pr\u00eats \u00e0 travailler et \u00e0 obtenir des r\u00e9sultats.<\/p>\n<p style=\"text-align: left;\">Nous vous donnons la possibilit\u00e9 d&rsquo;acqu\u00e9rir une v\u00e9ritable exp\u00e9rience, d&rsquo;\u00e9tablir des contacts avec de vrais clients sous la direction d&rsquo;un mentor exp\u00e9riment\u00e9. L&rsquo;Acad\u00e9mie MAGISTRALE est l&rsquo;occasion de sortir en pleine mer de la logistique sans rien risquer!<\/p>\n<p style=\"text-align: left;\"><strong><span style=\"font-size: 11.5pt; font-family: Helvetica; color: #2c3137; letter-spacing: -.25pt;\">Une exp\u00e9rience pr\u00e9alable en TSL n&rsquo;est pas une condition pr\u00e9alable. Le programme est permanent &#8211; nous invitons les candidats \u00e0 postuler tout au long de l&rsquo;ann\u00e9e!<\/span><\/strong><\/p>\n<p>[\/vc_column_text][\/vc_column][\/vc_row][vc_row full_width=\u00a0\u00bbstretch_row\u00a0\u00bb el_id=\u00a0\u00bborder\u00a0\u00bb el_class=\u00a0\u00bbcareer-order_row main-order-arrow\u00a0\u00bb][vc_column width=\u00a0\u00bb1\/2&Prime; el_class=\u00a0\u00bbcontent-col content-col__career\u00a0\u00bb][vc_custom_heading text=\u00a0\u00bbVoulez-vous atteindre<br \/>\nla r\u00e9ussite professionnelle?\u00a0\u00bb use_theme_fonts=\u00a0\u00bbyes\u00a0\u00bb el_class=\u00a0\u00bborder-title career__order-title\u00a0\u00bb][vc_custom_heading text=\u00a0\u00bbPrenez soin de diriger<br \/>\nvotre carri\u00e8re dans la bonne direction!\u00a0\u00bb font_container=\u00a0\u00bbtag:h3|text_align:left\u00a0\u00bb use_theme_fonts=\u00a0\u00bbyes\u00a0\u00bb el_class=\u00a0\u00bborder-undertitle\u00a0\u00bb][\/vc_column][vc_column width=\u00a0\u00bb1\/2&Prime; el_class=\u00a0\u00bbcall-info-col order__link-col\u00a0\u00bb][vc_custom_heading text=\u00a0\u00bbD\u00e9partement HR\u00a0\u00bb font_container=\u00a0\u00bbtag:h6|text_align:left\u00a0\u00bb use_theme_fonts=\u00a0\u00bbyes\u00a0\u00bb][vc_column_text el_class=\u00a0\u00bbcall-link\u00a0\u00bb]<a class=\"call-us\" href=\"tel:+48660517489\">+48 660 517 489<\/a>[\/vc_column_text][vc_column_text el_class=\u00a0\u00bbmail-link\u00a0\u00bb]<a href=\"mailto:HR@one.speedixa.com\">HR@one.speedixa.com<\/a>[\/vc_column_text][vc_btn title=\u00a0\u00bbLaisser une demande\u00a0\u00bb color=\u00a0\u00bbdefault\u00a0\u00bb align=\u00a0\u00bbcenter\u00a0\u00bb el_class=\u00a0\u00bbmain-button blue-button resume-form_btn\u00a0\u00bb link=\u00a0\u00bburl:%23|||\u00a0\u00bb][\/vc_column][\/vc_row][vc_row el_id=\u00a0\u00bbfaq-row\u00a0\u00bb][vc_column][vc_custom_heading text=\u00a0\u00bbFAQ\u00a0\u00bb font_container=\u00a0\u00bbtag:h4|text_align:left\u00a0\u00bb use_theme_fonts=\u00a0\u00bbyes\u00a0\u00bb el_class=\u00a0\u00bbblock-title block-left-title\u00a0\u00bb][vc_tta_accordion style=\u00a0\u00bbflat\u00a0\u00bb shape=\u00a0\u00bbsquare\u00a0\u00bb c_icon=\u00a0\u00bbchevron\u00a0\u00bb c_position=\u00a0\u00bbright\u00a0\u00bb active_section=\u00a0\u00bb1&Prime; el_class=\u00a0\u00bbfaq-section\u00a0\u00bb][vc_tta_section title=\u00a0\u00bbQuelles langues devrais-je conna\u00eetre?\u00a0\u00bb tab_id=\u00a0\u00bb1557841898160-96ac22da-b4fe93e4-e1fe5b0c-8ba69d20-15da\u00a0\u00bb el_class=\u00a0\u00bbfaq-section__item\u00a0\u00bb][vc_column_text el_class=\u00a0\u00bbfaq-item-text\u00a0\u00bb]Russe + toute autre langue \u00e9trang\u00e8re au niveau de la communication[\/vc_column_text][\/vc_tta_section][vc_tta_section title=\u00a0\u00bbQuelle est la p\u00e9riode d&rsquo;\u00e9tude?\u00a0\u00bb tab_id=\u00a0\u00bb1557842101457-7e6cfe2d-341093e4-e1fe5b0c-8ba69d20-15da\u00a0\u00bb el_class=\u00a0\u00bbfaq-section__item\u00a0\u00bb][vc_column_text el_class=\u00a0\u00bbfaq-item-text\u00a0\u00bb]La dur\u00e9e du cours est individuelle. Certaines personnes ont besoin d&rsquo;une semaine, d&rsquo;autres d&rsquo;un mois. Tout d\u00e9pend de vous![\/vc_column_text][\/vc_tta_section][vc_tta_section title=\u00a0\u00bbQuestions fr\u00e9quemment pos\u00e9es\u00a0\u00bb tab_id=\u00a0\u00bb1640087168603-7025031a-d1cf5b0c-8ba69d20-15da\u00a0\u00bb el_class=\u00a0\u00bbfaq-section__item\u00a0\u00bb][vc_column_text el_class=\u00a0\u00bbfaq-item-text\u00a0\u00bb]La dur\u00e9e du cours est individuelle. Certaines personnes ont besoin d&rsquo;une semaine, d&rsquo;autres d&rsquo;un mois. Tout d\u00e9pend de vous![\/vc_column_text][\/vc_tta_section][vc_tta_section title=\u00a0\u00bbQue se passe-t-il si je n&rsquo;ai pas l&rsquo;\u00e9ducation et l&rsquo;exp\u00e9rience pertinentes?\u00a0\u00bb tab_id=\u00a0\u00bb1557842101221-773c65e3-ecfb93e4-e1fe5b0c-8ba69d20-15da\u00a0\u00bb el_class=\u00a0\u00bbfaq-section__item\u00a0\u00bb][vc_column_text el_class=\u00a0\u00bbfaq-item-text\u00a0\u00bb]L&rsquo;exp\u00e9rience et la formation dans le domaine de la logistique ne sont pas une exigence[\/vc_column_text][\/vc_tta_section][\/vc_tta_accordion][\/vc_column][\/vc_row]<\/p>\n<p><\/p>\n<\/div>","protected":false},"excerpt":{"rendered":"<p>[vc_row full_width=\u00a0\u00bbstretch_row_content_no_spaces\u00a0\u00bb el_id=\u00a0\u00bbdrivers\u00a0\u00bb el_class=\u00a0\u00bbdrivers-career-page right-image-bg\u00a0\u00bb][vc_column width=\u00a0\u00bb1\/2&Prime; el_class=\u00a0\u00bbto-drivers-text about-us-col right-image-bg_left-text col-pseudo-el\u00a0\u00bb offset=\u00a0\u00bbvc_col-lg-6 vc_col-md-12 vc_col-xs-12&Prime; css=\u00a0\u00bb.vc_custom_1561969566032{background-color: #FF1100 !important;}\u00a0\u00bb][vc_column_text el_class=\u00a0\u00bbdrivers-under-title career-under-title\u00a0\u00bb]L&rsquo;Acad\u00e9mie de Transport Magistral a \u00e9t\u00e9 cr\u00e9\u00e9e pour les candidats qui commencent leur carri\u00e8re professionnelle.[\/vc_column_text][vc_column_text el_class=\u00a0\u00bbhr-tel call-link\u00a0\u00bb]+48 660 517 489[\/vc_column_text][vc_btn title=\u00a0\u00bbPostulez maintenant\u00a0\u00bb color=\u00a0\u00bbdefault\u00a0\u00bb align=\u00a0\u00bbcenter\u00a0\u00bb el_class=\u00a0\u00bbtransparent main-button resume-form_btn\u00a0\u00bb link=\u00a0\u00bburl:%23|||\u00a0\u00bb el_id=\u00a0\u00bbresume\u00a0\u00bb][\/vc_column][vc_column width=\u00a0\u00bb1\/2&Prime; el_class=\u00a0\u00bbdrive-img-col\u00a0\u00bb offset=\u00a0\u00bbvc_col-lg-6 vc_col-md-12 vc_col-xs-12&Prime; css=\u00a0\u00bb.vc_custom_1634030132977{background-image: url(https:\/\/one.speedixa.com\/wp-content\/uploads\/2021\/10\/akadem.jpg?id=4398) !important;background-position: center [&hellip;]<\/p>\n","protected":false},"author":5,"featured_media":4398,"parent":15807,"menu_order":53,"comment_status":"closed","ping_status":"closed","template":"","meta":{"footnotes":""},"class_list":["post-3845","page","type-page","status-publish","has-post-thumbnail","hentry"],"aioseo_notices":[],"_links":{"self":[{"href":"https:\/\/one.speedixa.com\/fr\/wp-json\/wp\/v2\/pages\/3845","targetHints":{"allow":["GET"]}}],"collection":[{"href":"https:\/\/one.speedixa.com\/fr\/wp-json\/wp\/v2\/pages"}],"about":[{"href":"https:\/\/one.speedixa.com\/fr\/wp-json\/wp\/v2\/types\/page"}],"author":[{"embeddable":true,"href":"https:\/\/one.speedixa.com\/fr\/wp-json\/wp\/v2\/users\/5"}],"replies":[{"embeddable":true,"href":"https:\/\/one.speedixa.com\/fr\/wp-json\/wp\/v2\/comments?post=3845"}],"version-history":[{"count":1,"href":"https:\/\/one.speedixa.com\/fr\/wp-json\/wp\/v2\/pages\/3845\/revisions"}],"predecessor-version":[{"id":15924,"href":"https:\/\/one.speedixa.com\/fr\/wp-json\/wp\/v2\/pages\/3845\/revisions\/15924"}],"up":[{"embeddable":true,"href":"https:\/\/one.speedixa.com\/fr\/wp-json\/wp\/v2\/pages\/15807"}],"wp:featuredmedia":[{"embeddable":true,"href":"https:\/\/one.speedixa.com\/fr\/wp-json\/wp\/v2\/media\/4398"}],"wp:attachment":[{"href":"https:\/\/one.speedixa.com\/fr\/wp-json\/wp\/v2\/media?parent=3845"}],"curies":[{"name":"wp","href":"https:\/\/api.w.org\/{rel}","templated":true}]}}