{"id":3373,"date":"2020-08-27T14:58:45","date_gmt":"2020-08-27T14:58:45","guid":{"rendered":"https:\/\/one.speedixa.com\/?page_id=3373"},"modified":"2026-03-05T13:22:42","modified_gmt":"2026-03-05T13:22:42","slug":"express-delivery-up-to-3-5t","status":"publish","type":"page","link":"https:\/\/one.speedixa.com\/fr\/services\/express-delivery-up-to-3-5t\/","title":{"rendered":"Livraison express en camionnettes"},"content":{"rendered":"<div class=\"wpb-content-wrapper\"><p>[vc_row full_width=\u00a0\u00bbstretch_row_content_no_spaces\u00a0\u00bb el_id=\u00a0\u00bbintro\u00a0\u00bb el_class=\u00a0\u00bbrow-with-image-col right-image-bg standart-cargo cargo-services-intro\u00a0\u00bb][vc_column el_class=\u00a0\u00bbabout-us-col about-us-col-float\u00a0\u00bb offset=\u00a0\u00bbvc_col-lg-6 vc_col-md-12 vc_col-xs-12&Prime;][vc_custom_heading text=\u00a0\u00bbLivraison express de marchandises par camionnettes\u00a0\u00bb font_container=\u00a0\u00bbtag:h4|text_align:left\u00a0\u00bb use_theme_fonts=\u00a0\u00bbyes\u00a0\u00bb el_class=\u00a0\u00bbblock-title block-left-title\u00a0\u00bb][vc_column_text el_class=\u00a0\u00bbabout-us-text\u00a0\u00bb]L&rsquo;une des directions de notre entreprise est le transport express international par fourgons de fret d&rsquo;une capacit\u00e9 de charge allant jusqu&rsquo;\u00e0 3,5 tonnes. Ce service a \u00e9t\u00e9 cr\u00e9\u00e9 pour aider nos clients \u00e0 livrer leurs marchandises encore plus rapidement, car les fourgonnettes peuvent parcourir une distance de 1000 km en 8 heures et il n&rsquo;y a aucune restriction de transport les week-ends et jours f\u00e9ri\u00e9s.<\/p>\n<p>Nous offrons une large gamme de services tels que: cabotage, livraison directe, transport de fret partiel, transport \u00e0 temp\u00e9rature contr\u00f4l\u00e9e, transport de marchandises dangereuses (ADR).<\/p>\n<p>L&rsquo;ensemble du processus de livraison est contr\u00f4l\u00e9 par des gestionnaires qui voient tous les v\u00e9hicules et les marchandises transport\u00e9es en temps r\u00e9el.[\/vc_column_text][vc_btn title=\u00a0\u00bb\u0417\u0430\u043a\u0430\u0437\u0430\u0442\u044c \u0443\u0441\u043b\u0443\u0433\u0443\u00a0\u00bb color=\u00a0\u00bbdefault\u00a0\u00bb align=\u00a0\u00bbcenter\u00a0\u00bb el_class=\u00a0\u00bbmain-button blue-button order-service-btn\u00a0\u00bb link=\u00a0\u00bburl:%23|||\u00a0\u00bb][\/vc_column][vc_column el_class=\u00a0\u00bbcol-with-background col-with-background-cover\u00a0\u00bb offset=\u00a0\u00bbvc_col-lg-6 vc_col-md-12 vc_col-xs-12&Prime; css=\u00a0\u00bb.vc_custom_1598813193126{background-image: url(https:\/\/one.speedixa.com\/wp-content\/uploads\/2020\/08\/Magistral-transport-logo-sprinter.jpg?id=3437) !important;}\u00a0\u00bb][vc_single_image image=\u00a0\u00bb3437&Prime; img_size=\u00a0\u00bbfull\u00a0\u00bb el_class=\u00a0\u00bbintro-photo\u00a0\u00bb][\/vc_column][\/vc_row][vc_row full_width=\u00a0\u00bbstretch_row_content_no_spaces\u00a0\u00bb el_id=\u00a0\u00bbcargo-kinds\u00a0\u00bb el_class=\u00a0\u00bbcargo-kinds_row\u00a0\u00bb][vc_column el_class=\u00a0\u00bbleft-blue-col angle-arrows-col\u00a0\u00bb css=\u00a0\u00bb.vc_custom_1561362838122{background-color: #FF1100 !important;}\u00a0\u00bb offset=\u00a0\u00bbvc_col-lg-6 vc_col-md-12 vc_col-xs-12&Prime;][vc_custom_heading text=\u00a0\u00bbTYPES DE MARCHANDISES\u00a0\u00bb font_container=\u00a0\u00bbtag:h4|text_align:left\u00a0\u00bb use_theme_fonts=\u00a0\u00bbyes\u00a0\u00bb el_class=\u00a0\u00bbblock-title block-left-title\u00a0\u00bb][vc_column_text el_class=\u00a0\u00bbcargo-kinds_list\u00a0\u00bb]<\/p>\n<ul>\n<li><em><img decoding=\"async\" src=\"\/wp-content\/uploads\/2019\/04\/06-icon-builds.png\" alt=\"\" \/><\/em>Les colis<\/li>\n<li><em><img decoding=\"async\" src=\"\/wp-content\/uploads\/2019\/04\/06-icon-builds.png\" alt=\"\" \/><\/em>Cargaison ch\u00e8re<\/li>\n<li><em><img decoding=\"async\" src=\"\/wp-content\/uploads\/2019\/04\/07-icon-temperature.png\" alt=\"\" \/><\/em>Produits pharmaceutiques<\/li>\n<li><em><img decoding=\"async\" src=\"\/wp-content\/uploads\/2019\/04\/08-icon-wheel.png\" alt=\"\" \/><\/em>Marchandises dangereuses (ADR)<\/li>\n<\/ul>\n<p>[\/vc_column_text][\/vc_column][vc_column el_class=\u00a0\u00bbright-grey-col\u00a0\u00bb css=\u00a0\u00bb.vc_custom_1561362849878{background-color: #f2f2f2 !important;}\u00a0\u00bb offset=\u00a0\u00bbvc_col-lg-6 vc_col-md-12 vc_col-xs-12&Prime;][vc_custom_heading text=\u00a0\u00bbPRINCIPAUX CLIENTS\u00a0\u00bb font_container=\u00a0\u00bbtag:h4|text_align:left\u00a0\u00bb use_theme_fonts=\u00a0\u00bbyes\u00a0\u00bb el_class=\u00a0\u00bbblock-title block-left-title\u00a0\u00bb][vc_column_text el_class=\u00a0\u00bbcargo-kinds_klients\u00a0\u00bb]<\/p>\n<ul>\n<li><em><img decoding=\"async\" src=\"\/wp-content\/uploads\/2019\/06\/68-list-marker.png\" alt=\"\" \/><\/em>Les soci\u00e9t\u00e9s de n\u00e9goce<\/li>\n<li><em><img decoding=\"async\" src=\"\/wp-content\/uploads\/2019\/06\/68-list-marker.png\" alt=\"\" \/><\/em>Fabricants alimentaires<\/li>\n<li><em><img decoding=\"async\" src=\"\/wp-content\/uploads\/2019\/06\/68-list-marker.png\" alt=\"\" \/><\/em>Entreprises pharmaceutiques<\/li>\n<li><em><img decoding=\"async\" src=\"\/wp-content\/uploads\/2019\/06\/68-list-marker.png\" alt=\"\" \/><\/em>E-Commerce<\/li>\n<\/ul>\n<p>[\/vc_column_text][\/vc_column][\/vc_row][vc_row full_width=\u00a0\u00bbstretch_row\u00a0\u00bb el_id=\u00a0\u00bbavto-park\u00a0\u00bb el_class=\u00a0\u00bbcargo-services_avtopark\u00a0\u00bb][vc_column][vc_row_inner content_placement=\u00a0\u00bbmiddle\u00a0\u00bb el_id=\u00a0\u00bbidlistinfo\u00a0\u00bb el_class=\u00a0\u00bbclasinfolist\u00a0\u00bb css=\u00a0\u00bb.vc_custom_1657025382737{margin-bottom: 20px !important;}\u00a0\u00bb][vc_column_inner width=\u00a0\u00bb1\/2&Prime;][vc_custom_heading text=\u00a0\u00bbNous fournissons:\u00a0\u00bb font_container=\u00a0\u00bbtag:h4|text_align:left\u00a0\u00bb use_theme_fonts=\u00a0\u00bbyes\u00a0\u00bb el_class=\u00a0\u00bbblock-title block-left-title\u00a0\u00bb][vc_raw_html el_id=\u00a0\u00bblistifno\u00a0\u00bb el_class=\u00a0\u00bblisttable\u00a0\u00bb]JTNDdWwlMjBjbGFzcyUzRCUyMmxpc3RpbmZvc3MlMjIlM0UlMEElM0NsaSUzRSUzQ2VtJTNFJTNDaW1nJTIwc3JjJTNEJTIyJTJGd3AtY29udGVudCUyRnVwbG9hZHMlMkYyMDE5JTJGMDQlMkYwNi1pY29uLWJ1aWxkcy5wbmclMjIlMjBhbHQlM0QlMjIlMjIlMjAlMkYlM0UlM0MlMkZlbSUzRUJpZW5zJTIwZGUlMjBncmFuZGUlMjB2YWxldXIlM0MlMkZsaSUzRSUwQSUyMCUyMCUzQ2xpJTNFJTNDZW0lM0UlM0NpbWclMjBzcmMlM0QlMjIlMkZ3cC1jb250ZW50JTJGdXBsb2FkcyUyRjIwMTklMkYwNCUyRjA2LWljb24tYnVpbGRzLnBuZyUyMiUyMGFsdCUzRCUyMiUyMiUyMCUyRiUzRSUzQyUyRmVtJTNFUHJvZHVpdHMlMjBwaGFybWFjZXV0aXF1ZXMlM0MlMkZsaSUzRSUwQSUyMCUyMCUzQ2xpJTNFJTNDZW0lM0UlM0NpbWclMjBzcmMlM0QlMjIlMkZ3cC1jb250ZW50JTJGdXBsb2FkcyUyRjIwMTklMkYwNCUyRjA2LWljb24tYnVpbGRzLnBuZyUyMiUyMGFsdCUzRCUyMiUyMiUyMCUyRiUzRSUzQyUyRmVtJTNFTWFyY2hhbmRpc2VzJTIwZGFuZ2VyZXVzZXMlMjAlMjhBRFIlMjklM0MlMkZsaSUzRSUwQSUyMCUyMCUzQ2xpJTNFJTNDZW0lM0UlM0NpbWclMjBzcmMlM0QlMjIlMkZ3cC1jb250ZW50JTJGdXBsb2FkcyUyRjIwMTklMkYwNCUyRjA2LWljb24tYnVpbGRzLnBuZyUyMiUyMGFsdCUzRCUyMiUyMiUyMCUyRiUzRSUzQyUyRmVtJTNFQ29saXMlMjAlMjhwb3N0JTI5JTNDJTJGbGklM0UlMEElMjAlMjAlM0NsaSUzRSUzQ2VtJTNFJTNDaW1nJTIwc3JjJTNEJTIyJTJGd3AtY29udGVudCUyRnVwbG9hZHMlMkYyMDE5JTJGMDQlMkYwNi1pY29uLWJ1aWxkcy5wbmclMjIlMjBhbHQlM0QlMjIlMjIlMjAlMkYlM0UlM0MlMkZlbSUzRVBpJUMzJUE4Y2VzJTIwZCUyN2F2aW9uJTNDJTJGbGklM0UlMEElMjAlMjAlM0NsaSUzRSUzQ2VtJTNFJTNDaW1nJTIwc3JjJTNEJTIyJTJGd3AtY29udGVudCUyRnVwbG9hZHMlMkYyMDE5JTJGMDQlMkYwNi1pY29uLWJ1aWxkcy5wbmclMjIlMjBhbHQlM0QlMjIlMjIlMjAlMkYlM0UlM0MlMkZlbSUzRUVudHJlcHJpc2VzJTIwYXV0b21vYmlsZXMlM0MlMkZsaSUzRSUwQSUzQyUyRnVsJTNF[\/vc_raw_html][\/vc_column_inner][vc_column_inner width=\u00a0\u00bb1\/2&Prime;][vc_single_image image=\u00a0\u00bb5972&Prime; img_size=\u00a0\u00bbfull\u00a0\u00bb][\/vc_column_inner][\/vc_row_inner][vc_custom_heading text=\u00a0\u00bbFLOTTE\u00a0\u00bb font_container=\u00a0\u00bbtag:h4|text_align:left\u00a0\u00bb use_theme_fonts=\u00a0\u00bbyes\u00a0\u00bb el_class=\u00a0\u00bbblock-title block-left-title\u00a0\u00bb][vc_column_text el_class=\u00a0\u00bbabout-us-text\u00a0\u00bb]<\/p>\n<p class=\"park-text\">Chaque v\u00e9hicule est \u00e9quip\u00e9 de:<\/p>\n<p class=\"park-text\"><em><img decoding=\"async\" src=\"\/wp-content\/uploads\/2019\/06\/68-list-marker.png\" alt=\"\" \/>\u00a0<\/em>un ensemble d&rsquo;ADR,\u00a0\u00a0<em><img decoding=\"async\" src=\"\/wp-content\/uploads\/2019\/06\/68-list-marker.png\" alt=\"\" \/>\u00a0<\/em>8 sangles pour l\u2019arrimage de la cargaison,\u00a0\u00a0<em><img decoding=\"async\" src=\"\/wp-content\/uploads\/2019\/06\/68-list-marker.png\" alt=\"\" \/>\u00a0<\/em>tapis antid\u00e9rapants,\u00a0\u00a0<em><img decoding=\"async\" src=\"\/wp-content\/uploads\/2019\/06\/68-list-marker.png\" alt=\"\" \/>\u00a0<\/em>angles \/ coins,\u00a0\u00a0<em><img decoding=\"async\" src=\"\/wp-content\/uploads\/2019\/06\/68-list-marker.png\" alt=\"\" \/>\u00a0<\/em>cha\u00eenes neige,\u00a0\u00a0<em><img decoding=\"async\" src=\"\/wp-content\/uploads\/2019\/06\/68-list-marker.png\" alt=\"\" \/>\u00a0<\/em>GPS \u2013 navigation \u2013 suivi des v\u00e9hicules<\/p>\n<p>Gr\u00e2ce \u00e0 cette d\u00e9marche, les services de transport que nous fournissons garantissent la s\u00e9curit\u00e9, un travail de la plus haute qualit\u00e9 et s\u2019adaptent aux besoins du Client ; les marchandises sont livr\u00e9es \u00e0 destination sans aucun dommage.[\/vc_column_text][vc_tour][vc_tab show_icon=\u00a0\u00bbyes\u00a0\u00bb icon_type=\u00a0\u00bbimage\u00a0\u00bb tab_id=\u00a0\u00bbf0b14716-2778-389c7-2a02028d-5e12e200-001a\u00a0\u00bb icon_image=\u00a0\u00bb55&Prime; title=\u00a0\u00bb1&Prime;][vc_row_inner][vc_column_inner][vc_single_image image=\u00a0\u00bb3383&Prime; img_size=\u00a0\u00bbfull\u00a0\u00bb el_class=\u00a0\u00bbcategories\u00a0\u00bb]<div class=\"porto-u-heading category-title  wpb_custom_95aa9a11c17ad45cfabaf210d84ee7cc porto-u-ad87e2eaf3f9c495180fe0156ddf3eb0 \"><div class=\"porto-u-main-heading\"><h6  >MERCEDES-BENZ SPRINTER<\/h6><\/div><div class=\"porto-u-sub-heading\" style=\"\">5 PALETTES<\/div><style>.porto-u-ad87e2eaf3f9c495180fe0156ddf3eb0.porto-u-heading{text-align:left}<\/style><\/div>[vc_column_text el_class=\u00a0\u00bbpark-info-box\u00a0\u00bb]<\/p>\n<ul>\n<li><span class=\"property\">Longueur int\u00e9rieure:<\/span>4,3 m<\/li>\n<li><span class=\"property\">Largeur int\u00e9rieure:<\/span>1,75 m<\/li>\n<li><span class=\"property\">Largeur int\u00e9rieure:<\/span>2 m<\/li>\n<li><span class=\"property\">Capacit\u00e9 de levage:<\/span>1250 kg<\/li>\n<li><span class=\"property\">Surface de plancher:<\/span>6,9 m2<\/li>\n<li><span class=\"property\">Le volume:<\/span>14 m3<\/li>\n<li><span class=\"property\">Types de chargement:<\/span>arri\u00e8re, lat\u00e9ral<\/li>\n<\/ul>\n<p>[\/vc_column_text][\/vc_column_inner][\/vc_row_inner][vc_row_inner][vc_column_inner][vc_single_image image=\u00a0\u00bb3384&Prime; img_size=\u00a0\u00bbfull\u00a0\u00bb el_class=\u00a0\u00bbcategories\u00a0\u00bb]<div class=\"porto-u-heading category-title  wpb_custom_95aa9a11c17ad45cfabaf210d84ee7cc porto-u-ad87e2eaf3f9c495180fe0156ddf3eb0 \"><div class=\"porto-u-main-heading\"><h6  >MERCEDES-BENZ SPRINTER<\/h6><\/div><div class=\"porto-u-sub-heading\" style=\"\">8 PALETTES<\/div><style>.porto-u-ad87e2eaf3f9c495180fe0156ddf3eb0.porto-u-heading{text-align:left}<\/style><\/div>[vc_column_text el_class=\u00a0\u00bbpark-info-box\u00a0\u00bb]<\/p>\n<ul>\n<li><span class=\"property\">Longueur int\u00e9rieure:<\/span>4,8 \u043c<\/li>\n<li><span class=\"property\">Largeur int\u00e9rieure:<\/span>2,15 \u043c<\/li>\n<li><span class=\"property\">Largeur int\u00e9rieure:<\/span>2,3 \u043c<\/li>\n<li><span class=\"property\">Capacit\u00e9 de levage:<\/span>1000 \u043a\u0433<\/li>\n<li><span class=\"property\">Surface de plancher:<\/span>10 \u043c2<\/li>\n<li><span class=\"property\">Le volume:<\/span>20 \u043c3<\/li>\n<li><span class=\"property\">Types de chargement:<\/span>chargement arri\u00e8re<\/li>\n<\/ul>\n<p>[\/vc_column_text][\/vc_column_inner][\/vc_row_inner][\/vc_tab][vc_tab show_icon=\u00a0\u00bbyes\u00a0\u00bb icon_type=\u00a0\u00bbimage\u00a0\u00bb tab_id=\u00a0\u00bb1598543470205-2-2e200-001a\u00a0\u00bb title=\u00a0\u00bb2&Prime;][\/vc_tab][\/vc_tour][\/vc_column][\/vc_row][vc_row full_width=\u00a0\u00bbstretch_row\u00a0\u00bb el_id=\u00a0\u00bborder\u00a0\u00bb el_class=\u00a0\u00bbservices-order-row cargo-services-order main-order-arrow\u00a0\u00bb][vc_column width=\u00a0\u00bb1\/2&Prime; el_class=\u00a0\u00bbcontent-col\u00a0\u00bb][vc_custom_heading text=\u00a0\u00bbSI VOUS AVEZ DES<br \/>\nQUESTIONS OU VOUS VOULEZ<br \/>\nCOMMANDER UN SERVICE?\u00a0\u00bb use_theme_fonts=\u00a0\u00bbyes\u00a0\u00bb el_class=\u00a0\u00bborder-title\u00a0\u00bb][\/vc_column][vc_column width=\u00a0\u00bb1\/2&Prime; el_class=\u00a0\u00bbcall-info-col\u00a0\u00bb][vc_custom_heading text=\u00a0\u00bbAPPELEZ-NOUS MAINTENANT\u00a0\u00bb font_container=\u00a0\u00bbtag:h6|text_align:center\u00a0\u00bb use_theme_fonts=\u00a0\u00bbyes\u00a0\u00bb][vc_column_text el_class=\u00a0\u00bbcall-link\u00a0\u00bb]<a href=\"tel:+48538555560\" target=\"_blank\" rel=\"noopener\">+48 538 555 560<\/a>[\/vc_column_text][vc_btn title=\u00a0\u00bbLAISSER UNE COMMANDE\u00a0\u00bb color=\u00a0\u00bbdefault\u00a0\u00bb align=\u00a0\u00bbcenter\u00a0\u00bb el_class=\u00a0\u00bbmain-button blue-button order-service-btn\u00a0\u00bb link=\u00a0\u00bburl:%23|||\u00a0\u00bb][\/vc_column][\/vc_row][vc_row full_width=\u00a0\u00bbstretch_row_content_no_spaces\u00a0\u00bb disable_element=\u00a0\u00bbyes\u00a0\u00bb css=\u00a0\u00bb.vc_custom_1598636601122{background-color: #FF1100 !important;}\u00a0\u00bb el_id=\u00a0\u00bbsales-text-cargo\u00a0\u00bb el_class=\u00a0\u00bbsales-text_row left-image-bg\u00a0\u00bb][vc_column el_class=\u00a0\u00bbdrive-img-col drive-img-col__right-arrows\u00a0\u00bb offset=\u00a0\u00bbvc_col-lg-6 vc_col-md-12 vc_col-xs-12&Prime; css=\u00a0\u00bb.vc_custom_1561365860386{background-image: url(https:\/\/one.speedixa.com\/wp-content\/uploads\/2019\/05\/46-avtopark-sidephoto.jpg?id=434) !important;background-position: center !important;background-repeat: no-repeat !important;background-size: cover !important;}\u00a0\u00bb][vc_single_image image=\u00a0\u00bb434&Prime; img_size=\u00a0\u00bbfull\u00a0\u00bb alignment=\u00a0\u00bbright\u00a0\u00bb el_class=\u00a0\u00bbdrive-img\u00a0\u00bb][\/vc_column][vc_column el_class=\u00a0\u00bbto-drivers-text left-image-bg_col\u00a0\u00bb offset=\u00a0\u00bbvc_col-lg-6 vc_col-md-12 vc_col-xs-12&Prime;]<div class=\"porto-u-heading block-title block-left-title block-title_light-pseudo  wpb_custom_95aa9a11c17ad45cfabaf210d84ee7cc porto-u-ad87e2eaf3f9c495180fe0156ddf3eb0 \"><div class=\"porto-u-main-heading\"><h2  >\u041f\u0440\u043e\u0434\u0430\u0436\u0430 \u0442\u044f\u0433\u0430\u0447\u0435\u0439 \u0438 \u043f\u043e\u043b\u0443\u043f\u0440\u0438\u0446\u0435\u043f\u043e\u0432<\/h2><\/div><style>.porto-u-ad87e2eaf3f9c495180fe0156ddf3eb0.porto-u-heading{text-align:left}<\/style><\/div>[vc_column_text el_class=\u00a0\u00bbdrivers-under-title\u00a0\u00bb]\u0412\u0441\u044f \u043d\u0430\u0448\u0430 \u0442\u0435\u0445\u043d\u0438\u043a\u0430 \u043f\u0440\u0438\u043e\u0431\u0440\u0435\u0442\u0430\u0435\u0442\u0441\u044f \u043d\u0430 \u0437\u0430\u0432\u043e\u0434\u0430\u0445 \u043f\u0440\u043e\u0438\u0437\u0432\u043e\u0434\u0438\u0442\u0435\u043b\u044f \u0438 \u043d\u0430 \u043f\u0440\u043e\u0442\u044f\u0436\u0435\u043d\u0438\u0438 \u0432\u0441\u0435\u0433\u043e \u0441\u0440\u043e\u043a\u0430 \u0441\u043b\u0443\u0436\u0431\u044b \u0440\u0435\u0433\u0443\u043b\u044f\u0440\u043d\u043e \u043f\u0440\u043e\u0432\u043e\u0434\u0438\u0442\u0441\u044f \u0442\u0435\u0445\u043d\u0438\u0447\u0435\u0441\u043a\u043e\u0435 \u043e\u0431\u0441\u043b\u0443\u0436\u0438\u0432\u0430\u043d\u0438\u0435 \u0441 \u0438\u0441\u043f\u043e\u043b\u044c\u0437\u043e\u0432\u0430\u043d\u0438\u0435\u043c \u0442\u043e\u043b\u044c\u043a\u043e \u043e\u0440\u0438\u0433\u0438\u043d\u0430\u043b\u044c\u043d\u044b\u0445 \u0437\u0430\u043f\u0447\u0430\u0441\u0442\u0435\u0439 \u0438 \u0440\u0430\u0441\u0445\u043e\u0434\u043d\u044b\u0445 \u043c\u0430\u0442\u0435\u0440\u0438\u0430\u043b\u043e\u0432.[\/vc_column_text][vc_btn title=\u00a0\u00bb\u041f\u0440\u043e\u0434\u0430\u0436\u0430 \u0442\u044f\u0433\u0430\u0447\u0435\u0439\u00a0\u00bb color=\u00a0\u00bbdefault\u00a0\u00bb align=\u00a0\u00bbcenter\u00a0\u00bb el_class=\u00a0\u00bbtransparent main-button sale-of-tractors\u00a0\u00bb link=\u00a0\u00bburl:%2Fproduct-category%2Fprodazha-tyagachej%2F|||\u00a0\u00bb el_id=\u00a0\u00bbresume\u00a0\u00bb][vc_btn title=\u00a0\u00bb\u041f\u0440\u043e\u0434\u0430\u0436\u0430 \u043f\u0440\u0438\u0446\u0435\u043f\u043e\u0432\u00a0\u00bb color=\u00a0\u00bbdefault\u00a0\u00bb align=\u00a0\u00bbcenter\u00a0\u00bb el_class=\u00a0\u00bbtransparent main-button trailers-for-sale\u00a0\u00bb link=\u00a0\u00bburl:%2Fproduct-category%2Fprodazha-polupritsepov%2F|||\u00a0\u00bb el_id=\u00a0\u00bbvacancy\u00a0\u00bb][\/vc_column][\/vc_row]<\/p>\n<\/div>","protected":false},"excerpt":{"rendered":"<p>[vc_row full_width=\u00a0\u00bbstretch_row_content_no_spaces\u00a0\u00bb el_id=\u00a0\u00bbintro\u00a0\u00bb el_class=\u00a0\u00bbrow-with-image-col right-image-bg standart-cargo cargo-services-intro\u00a0\u00bb][vc_column el_class=\u00a0\u00bbabout-us-col about-us-col-float\u00a0\u00bb offset=\u00a0\u00bbvc_col-lg-6 vc_col-md-12 vc_col-xs-12&Prime;][vc_custom_heading text=\u00a0\u00bbLivraison express de marchandises par camionnettes\u00a0\u00bb font_container=\u00a0\u00bbtag:h4|text_align:left\u00a0\u00bb use_theme_fonts=\u00a0\u00bbyes\u00a0\u00bb el_class=\u00a0\u00bbblock-title block-left-title\u00a0\u00bb][vc_column_text el_class=\u00a0\u00bbabout-us-text\u00a0\u00bb]L&rsquo;une des directions de notre entreprise est le transport express international par fourgons de fret d&rsquo;une capacit\u00e9 de charge allant jusqu&rsquo;\u00e0 3,5 tonnes. Ce service a \u00e9t\u00e9 cr\u00e9\u00e9 pour aider nos clients \u00e0 [&hellip;]<\/p>\n","protected":false},"author":5,"featured_media":3437,"parent":27,"menu_order":32,"comment_status":"closed","ping_status":"closed","template":"","meta":{"footnotes":""},"class_list":["post-3373","page","type-page","status-publish","has-post-thumbnail","hentry"],"aioseo_notices":[],"_links":{"self":[{"href":"https:\/\/one.speedixa.com\/fr\/wp-json\/wp\/v2\/pages\/3373","targetHints":{"allow":["GET"]}}],"collection":[{"href":"https:\/\/one.speedixa.com\/fr\/wp-json\/wp\/v2\/pages"}],"about":[{"href":"https:\/\/one.speedixa.com\/fr\/wp-json\/wp\/v2\/types\/page"}],"author":[{"embeddable":true,"href":"https:\/\/one.speedixa.com\/fr\/wp-json\/wp\/v2\/users\/5"}],"replies":[{"embeddable":true,"href":"https:\/\/one.speedixa.com\/fr\/wp-json\/wp\/v2\/comments?post=3373"}],"version-history":[{"count":1,"href":"https:\/\/one.speedixa.com\/fr\/wp-json\/wp\/v2\/pages\/3373\/revisions"}],"predecessor-version":[{"id":15900,"href":"https:\/\/one.speedixa.com\/fr\/wp-json\/wp\/v2\/pages\/3373\/revisions\/15900"}],"up":[{"embeddable":true,"href":"https:\/\/one.speedixa.com\/fr\/wp-json\/wp\/v2\/pages\/27"}],"wp:featuredmedia":[{"embeddable":true,"href":"https:\/\/one.speedixa.com\/fr\/wp-json\/wp\/v2\/media\/3437"}],"wp:attachment":[{"href":"https:\/\/one.speedixa.com\/fr\/wp-json\/wp\/v2\/media?parent=3373"}],"curies":[{"name":"wp","href":"https:\/\/api.w.org\/{rel}","templated":true}]}}