{"id":27,"date":"2019-04-11T08:36:33","date_gmt":"2019-04-11T08:36:33","guid":{"rendered":"https:\/\/one.speedixa.com\/?page_id=27"},"modified":"2026-03-05T13:22:42","modified_gmt":"2026-03-05T13:22:42","slug":"services","status":"publish","type":"page","link":"https:\/\/one.speedixa.com\/fr\/services\/","title":{"rendered":"Services"},"content":{"rendered":"<div class=\"wpb-content-wrapper\"><p>[vc_row el_class=\u00a0\u00bbservices-title\u00a0\u00bb][vc_column][vc_custom_heading text=\u00a0\u00bbServices\u00a0\u00bb font_container=\u00a0\u00bbtag:h4|text_align:center\u00a0\u00bb use_theme_fonts=\u00a0\u00bbyes\u00a0\u00bb el_class=\u00a0\u00bbblock-title\u00a0\u00bb][\/vc_column][\/vc_row][vc_row el_class=\u00a0\u00bbservice-previews\u00a0\u00bb][vc_column el_class=\u00a0\u00bbservice-previews_block\u00a0\u00bb offset=\u00a0\u00bbvc_col-lg-6 vc_col-md-12 vc_col-xs-12&Prime;][vc_empty_space height=\u00a0\u00bb290px\u00a0\u00bb el_class=\u00a0\u00bbservice-previews_block-img\u00a0\u00bb css=\u00a0\u00bb.vc_custom_1560258791342{background-image: url(https:\/\/one.speedixa.com\/wp-content\/uploads\/2019\/05\/52-blog-image.jpg?id=529) !important;background-position: center !important;background-repeat: no-repeat !important;background-size: cover !important;}\u00a0\u00bb][vc_custom_heading text=\u00a0\u00bbLivraison standard\u00a0\u00bb font_container=\u00a0\u00bbtag:h6|text_align:left\u00a0\u00bb use_theme_fonts=\u00a0\u00bbyes\u00a0\u00bb el_class=\u00a0\u00bbservice-previews_block-title\u00a0\u00bb link=\u00a0\u00bburl:%2Fuslugi%2Fdostavka-standartnyh-gruzov%2F|||\u00a0\u00bb]<div class=\"porto-just-icon-wrapper porto-sicon-img porto-icon-pos-left service-previews_block-icon porto-icon-739599a1f586473197e4d01c03c680cb\" style=\"font-size: 42px;\"><img decoding=\"async\" class=\"img-icon\" alt=\"\" src=\"https:\/\/one.speedixa.com\/wp-content\/uploads\/2019\/04\/06-icon-builds.png\" width=\"50\" height=\"50\" \/><\/div>[vc_column_text el_class=\u00a0\u00bbservice-previews_block-list\u00a0\u00bb]<strong>Types de marchandises<\/strong><\/p>\n<ul>\n<li>aliments<\/li>\n<li>pi\u00e8ces de rechange automobiles<\/li>\n<li>mat\u00e9riel d&rsquo;exposition<\/li>\n<li>appareils m\u00e9nagers<\/li>\n<\/ul>\n<p>[\/vc_column_text][\/vc_column][vc_column el_class=\u00a0\u00bbservice-previews_block\u00a0\u00bb offset=\u00a0\u00bbvc_col-lg-6 vc_col-md-12 vc_col-xs-12&Prime;][vc_empty_space height=\u00a0\u00bb290px\u00a0\u00bb el_class=\u00a0\u00bbservice-previews_block-img\u00a0\u00bb css=\u00a0\u00bb.vc_custom_1566395215601{background-image: url(https:\/\/one.speedixa.com\/wp-content\/uploads\/2019\/08\/ref-mig.jpg?id=1983) !important;background-position: center !important;background-repeat: no-repeat !important;background-size: cover !important;}\u00a0\u00bb][vc_custom_heading text=\u00a0\u00bbTransport de marchandises r\u00e9frig\u00e9rees\u00a0\u00bb font_container=\u00a0\u00bbtag:h6|text_align:left\u00a0\u00bb use_theme_fonts=\u00a0\u00bbyes\u00a0\u00bb el_class=\u00a0\u00bbservice-previews_block-title\u00a0\u00bb link=\u00a0\u00bburl:%2Fuslugi%2Frefrizheratornye-perevozki%2F|||\u00a0\u00bb]<div class=\"porto-just-icon-wrapper porto-sicon-img porto-icon-pos-left service-previews_block-icon porto-icon-739599a1f586473197e4d01c03c680cb\" style=\"font-size: 35px;\"><img decoding=\"async\" class=\"img-icon\" alt=\"\" src=\"https:\/\/one.speedixa.com\/wp-content\/uploads\/2019\/04\/07-icon-temperature.png\" width=\"44\" height=\"50\" \/><\/div>[vc_column_text el_class=\u00a0\u00bbservice-previews_block-list\u00a0\u00bb]<strong>Types de fret<\/strong><\/p>\n<ul>\n<li>fleurs et plantes vivantes<\/li>\n<li>produits cosm\u00e9tiques<\/li>\n<li>m\u00e9dicaments et produits v\u00e9t\u00e9rinaires<\/li>\n<li>certains produits chimiques<\/li>\n<\/ul>\n<p>[\/vc_column_text][\/vc_column][\/vc_row][vc_row el_class=\u00a0\u00bbservice-previews\u00a0\u00bb][vc_column el_class=\u00a0\u00bbservice-previews_block\u00a0\u00bb offset=\u00a0\u00bbvc_col-lg-6 vc_col-md-12 vc_col-xs-12&Prime;][vc_empty_space height=\u00a0\u00bb290px\u00a0\u00bb el_class=\u00a0\u00bbservice-previews_block-img\u00a0\u00bb css=\u00a0\u00bb.vc_custom_1576602949878{background-image: url(https:\/\/one.speedixa.com\/wp-content\/uploads\/2019\/12\/79092139_771750099968550_4517697153144979456_n-e1576602341667.jpg?id=3131) !important;background-position: center !important;background-repeat: no-repeat !important;background-size: cover !important;}\u00a0\u00bb][vc_custom_heading text=\u00a0\u00bbTransport de marchandises dangereuses (ADR)\u00a0\u00bb font_container=\u00a0\u00bbtag:h6|text_align:left\u00a0\u00bb use_theme_fonts=\u00a0\u00bbyes\u00a0\u00bb el_class=\u00a0\u00bbservice-previews_block-title\u00a0\u00bb link=\u00a0\u00bburl:%2Fuslugi%2Fperevozka-opasnyh-gruzov-adr%2F|||\u00a0\u00bb]<div class=\"porto-just-icon-wrapper porto-sicon-img porto-icon-pos-left service-previews_block-icon porto-icon-739599a1f586473197e4d01c03c680cb\" style=\"font-size: 42px;\"><img decoding=\"async\" class=\"img-icon\" alt=\"\" src=\"https:\/\/one.speedixa.com\/wp-content\/uploads\/2019\/04\/08-icon-wheel.png\" width=\"50\" height=\"49\" \/><\/div>[vc_column_text el_class=\u00a0\u00bbservice-previews_block-list\u00a0\u00bb]<strong>Types de marchandises<\/strong><\/p>\n<ul>\n<li>produits chimiques m\u00e9nagers<\/li>\n<li>piles et accumulateurs<\/li>\n<li>produits de parfumerie<\/li>\n<li>engrais<\/li>\n<\/ul>\n<p>[\/vc_column_text][\/vc_column][vc_column el_class=\u00a0\u00bbservice-previews_block\u00a0\u00bb offset=\u00a0\u00bbvc_col-lg-6 vc_col-md-12 vc_col-xs-12&Prime;][vc_empty_space height=\u00a0\u00bb290px\u00a0\u00bb el_class=\u00a0\u00bbservice-previews_block-img\u00a0\u00bb css=\u00a0\u00bb.vc_custom_1560258826130{background-image: url(https:\/\/one.speedixa.com\/wp-content\/uploads\/2019\/05\/45-avtopark-photo-2.jpg?id=422) !important;background-position: center !important;background-repeat: no-repeat !important;background-size: cover !important;}\u00a0\u00bb][vc_custom_heading text=\u00a0\u00bbTransport de conteneurs\u00a0\u00bb font_container=\u00a0\u00bbtag:h6|text_align:left\u00a0\u00bb use_theme_fonts=\u00a0\u00bbyes\u00a0\u00bb el_class=\u00a0\u00bbservice-previews_block-title\u00a0\u00bb link=\u00a0\u00bburl:%2Fuslugi%2Fperevozka-kontejnerov%2F|||\u00a0\u00bb]<div class=\"porto-just-icon-wrapper porto-sicon-img porto-icon-pos-left service-previews_block-icon porto-icon-739599a1f586473197e4d01c03c680cb\" style=\"font-size: 42px;\"><img decoding=\"async\" class=\"img-icon\" alt=\"\" src=\"https:\/\/one.speedixa.com\/wp-content\/uploads\/2019\/04\/09-icon-container.png\" width=\"50\" height=\"50\" \/><\/div>[vc_column_text el_class=\u00a0\u00bbservice-previews_block-list\u00a0\u00bb]<strong>Types de marchandises<\/strong><\/p>\n<ul>\n<li>mat\u00e9riaux en vrac sans emballage<\/li>\n<li>mat\u00e9riaux de construction<\/li>\n<li>equipement industriel<\/li>\n<li>meubles et appareils m\u00e9nagers<\/li>\n<\/ul>\n<p>[\/vc_column_text][\/vc_column][\/vc_row][vc_row el_class=\u00a0\u00bbservice-previews\u00a0\u00bb][vc_column el_class=\u00a0\u00bbservice-previews_block\u00a0\u00bb offset=\u00a0\u00bbvc_col-lg-6 vc_col-md-12 vc_col-xs-12&Prime;][vc_empty_space height=\u00a0\u00bb290px\u00a0\u00bb el_class=\u00a0\u00bbservice-previews_block-img\u00a0\u00bb css=\u00a0\u00bb.vc_custom_1644575298137{background-image: url(https:\/\/one.speedixa.com\/wp-content\/uploads\/2020\/08\/Magistral-transport-logo-sprinter.jpg?id=3437) !important;background-position: center !important;background-repeat: no-repeat !important;background-size: cover !important;}\u00a0\u00bb][vc_custom_heading text=\u00a0\u00bbEXPRESS GRATUITE DMC JUSQU&rsquo;\u00c0 3.5 T\u00a0\u00bb font_container=\u00a0\u00bbtag:h6|text_align:left\u00a0\u00bb use_theme_fonts=\u00a0\u00bbyes\u00a0\u00bb el_class=\u00a0\u00bbservice-previews_block-title\u00a0\u00bb link=\u00a0\u00bburl:%2Fuslugi%2Fexspress-transport-dmc-3-5-t%2F\u00a0\u00bb]<div class=\"porto-just-icon-wrapper porto-sicon-img porto-icon-pos-left service-previews_block-icon porto-icon-739599a1f586473197e4d01c03c680cb\" style=\"font-size: 42px;\"><img decoding=\"async\" class=\"img-icon\" alt=\"\" src=\"https:\/\/one.speedixa.com\/wp-content\/uploads\/2022\/02\/delivery-truck.png\" width=\"50\" height=\"50\" \/><\/div>[vc_column_text el_class=\u00a0\u00bbservice-previews_block-list\u00a0\u00bb]<strong>Types de marchandises<\/strong><\/p>\n<ul>\n<li>Pi\u00e8ces automobiles<\/li>\n<li>\u00c9lectronique<\/li>\n<li>Nourriture<\/li>\n<li>Mat\u00e9riel d&rsquo;exposition<\/li>\n<li>Meubles<\/li>\n<li>Appareils \u00e9lectrom\u00e9nagers<\/li>\n<li>Commerce \u00e9lectronique<\/li>\n<\/ul>\n<p>[\/vc_column_text][\/vc_column][vc_column el_class=\u00a0\u00bbservice-previews_block\u00a0\u00bb offset=\u00a0\u00bbvc_col-lg-6 vc_col-md-12 vc_col-xs-12&Prime;][\/vc_column][\/vc_row][vc_row full_width=\u00a0\u00bbstretch_row\u00a0\u00bb el_id=\u00a0\u00bborder\u00a0\u00bb el_class=\u00a0\u00bbservices-order-row main-order-arrow\u00a0\u00bb][vc_column width=\u00a0\u00bb1\/2&Prime; el_class=\u00a0\u00bbcontent-col\u00a0\u00bb][vc_custom_heading text=\u00a0\u00bbSi vous avez des questions<br \/>\nou vous voulez<br \/>\ncommander un service?\u00a0\u00bb use_theme_fonts=\u00a0\u00bbyes\u00a0\u00bb el_class=\u00a0\u00bborder-title\u00a0\u00bb][\/vc_column][vc_column width=\u00a0\u00bb1\/2&Prime; el_class=\u00a0\u00bbcall-info-col\u00a0\u00bb][vc_custom_heading text=\u00a0\u00bbAppelez-nous maintenant\u00a0\u00bb font_container=\u00a0\u00bbtag:h6|text_align:center\u00a0\u00bb use_theme_fonts=\u00a0\u00bbyes\u00a0\u00bb][vc_column_text el_class=\u00a0\u00bbcall-link\u00a0\u00bb]<a href=\"tel:+48+34+311+12+50\" target=\"_blank\" rel=\"noopener\">+48 34 311 12 50<\/a><\/p>\n<p>[\/vc_column_text][vc_btn title=\u00a0\u00bbLaisser une commande\u00a0\u00bb color=\u00a0\u00bbdefault\u00a0\u00bb align=\u00a0\u00bbcenter\u00a0\u00bb el_class=\u00a0\u00bbmain-button blue-button order-service-btn\u00a0\u00bb link=\u00a0\u00bburl:%23|||\u00a0\u00bb][\/vc_column][\/vc_row]<\/p>\n<\/div>","protected":false},"excerpt":{"rendered":"<p>[vc_row el_class=\u00a0\u00bbservices-title\u00a0\u00bb][vc_column][vc_custom_heading text=\u00a0\u00bbServices\u00a0\u00bb font_container=\u00a0\u00bbtag:h4|text_align:center\u00a0\u00bb use_theme_fonts=\u00a0\u00bbyes\u00a0\u00bb el_class=\u00a0\u00bbblock-title\u00a0\u00bb][\/vc_column][\/vc_row][vc_row el_class=\u00a0\u00bbservice-previews\u00a0\u00bb][vc_column el_class=\u00a0\u00bbservice-previews_block\u00a0\u00bb offset=\u00a0\u00bbvc_col-lg-6 vc_col-md-12 vc_col-xs-12&Prime;][vc_empty_space height=\u00a0\u00bb290px\u00a0\u00bb el_class=\u00a0\u00bbservice-previews_block-img\u00a0\u00bb css=\u00a0\u00bb.vc_custom_1560258791342{background-image: url(https:\/\/one.speedixa.com\/wp-content\/uploads\/2019\/05\/52-blog-image.jpg?id=529) !important;background-position: center !important;background-repeat: no-repeat !important;background-size: cover !important;}\u00a0\u00bb][vc_custom_heading text=\u00a0\u00bbLivraison standard\u00a0\u00bb font_container=\u00a0\u00bbtag:h6|text_align:left\u00a0\u00bb use_theme_fonts=\u00a0\u00bbyes\u00a0\u00bb el_class=\u00a0\u00bbservice-previews_block-title\u00a0\u00bb link=\u00a0\u00bburl:%2Fuslugi%2Fdostavka-standartnyh-gruzov%2F|||\u00a0\u00bb][vc_column_text el_class=\u00a0\u00bbservice-previews_block-list\u00a0\u00bb]Types de marchandises aliments pi\u00e8ces de rechange automobiles mat\u00e9riel d&rsquo;exposition appareils m\u00e9nagers [\/vc_column_text][\/vc_column][vc_column el_class=\u00a0\u00bbservice-previews_block\u00a0\u00bb offset=\u00a0\u00bbvc_col-lg-6 vc_col-md-12 vc_col-xs-12&Prime;][vc_empty_space height=\u00a0\u00bb290px\u00a0\u00bb el_class=\u00a0\u00bbservice-previews_block-img\u00a0\u00bb css=\u00a0\u00bb.vc_custom_1566395215601{background-image: url(https:\/\/one.speedixa.com\/wp-content\/uploads\/2019\/08\/ref-mig.jpg?id=1983) !important;background-position: center !important;background-repeat: no-repeat !important;background-size: cover [&hellip;]<\/p>\n","protected":false},"author":5,"featured_media":5400,"parent":0,"menu_order":2,"comment_status":"closed","ping_status":"closed","template":"","meta":{"footnotes":""},"class_list":["post-27","page","type-page","status-publish","has-post-thumbnail","hentry"],"aioseo_notices":[],"_links":{"self":[{"href":"https:\/\/one.speedixa.com\/fr\/wp-json\/wp\/v2\/pages\/27","targetHints":{"allow":["GET"]}}],"collection":[{"href":"https:\/\/one.speedixa.com\/fr\/wp-json\/wp\/v2\/pages"}],"about":[{"href":"https:\/\/one.speedixa.com\/fr\/wp-json\/wp\/v2\/types\/page"}],"author":[{"embeddable":true,"href":"https:\/\/one.speedixa.com\/fr\/wp-json\/wp\/v2\/users\/5"}],"replies":[{"embeddable":true,"href":"https:\/\/one.speedixa.com\/fr\/wp-json\/wp\/v2\/comments?post=27"}],"version-history":[{"count":1,"href":"https:\/\/one.speedixa.com\/fr\/wp-json\/wp\/v2\/pages\/27\/revisions"}],"predecessor-version":[{"id":15861,"href":"https:\/\/one.speedixa.com\/fr\/wp-json\/wp\/v2\/pages\/27\/revisions\/15861"}],"wp:featuredmedia":[{"embeddable":true,"href":"https:\/\/one.speedixa.com\/fr\/wp-json\/wp\/v2\/media\/5400"}],"wp:attachment":[{"href":"https:\/\/one.speedixa.com\/fr\/wp-json\/wp\/v2\/media?parent=27"}],"curies":[{"name":"wp","href":"https:\/\/api.w.org\/{rel}","templated":true}]}}