{"id":16,"date":"2019-04-11T08:32:09","date_gmt":"2019-04-11T08:32:09","guid":{"rendered":"https:\/\/one.speedixa.com\/?page_id=16"},"modified":"2026-03-05T13:22:43","modified_gmt":"2026-03-05T13:22:43","slug":"fleet","status":"publish","type":"page","link":"https:\/\/one.speedixa.com\/fr\/fleet\/","title":{"rendered":"Flotte"},"content":{"rendered":"<div class=\"wpb-content-wrapper\"><p>[vc_row full_width=\u00a0\u00bbstretch_row\u00a0\u00bb el_id=\u00a0\u00bbphoto-with-arrow\u00a0\u00bb css=\u00a0\u00bb.vc_custom_1572972969164{background-image: url(https:\/\/one.speedixa.com\/wp-content\/uploads\/2019\/11\/avtopark.jpg?id=2805) !important;background-position: center !important;background-repeat: no-repeat !important;background-size: cover !important;}\u00a0\u00bb el_class=\u00a0\u00bbcar-park-intro-row\u00a0\u00bb][vc_column][vc_single_image image=\u00a0\u00bb2805&Prime; img_size=\u00a0\u00bbfull\u00a0\u00bb el_class=\u00a0\u00bbavtopark-row-img\u00a0\u00bb][vc_custom_heading text=\u00a0\u00bbFlotte\u00a0\u00bb use_theme_fonts=\u00a0\u00bbyes\u00a0\u00bb el_class=\u00a0\u00bborder-title\u00a0\u00bb][vc_custom_heading text=\u00a0\u00bbSpeedixa\u00a0\u00bb font_container=\u00a0\u00bbtag:h3|text_align:left\u00a0\u00bb use_theme_fonts=\u00a0\u00bbyes\u00a0\u00bb el_class=\u00a0\u00bborder-undertitle\u00a0\u00bb][\/vc_column][\/vc_row][vc_row full_width=\u00a0\u00bbstretch_row\u00a0\u00bb el_id=\u00a0\u00bbavto-park\u00a0\u00bb el_class=\u00a0\u00bbcar-park_tour-row bottom-arrows\u00a0\u00bb][vc_column][vc_custom_heading text=\u00a0\u00bbNotre flotte\u00a0\u00bb font_container=\u00a0\u00bbtag:h4|text_align:left\u00a0\u00bb use_theme_fonts=\u00a0\u00bbyes\u00a0\u00bb el_class=\u00a0\u00bbblock-title block-left-title\u00a0\u00bb][vc_column_text el_class=\u00a0\u00bbabout-us-text\u00a0\u00bb]Actuellement la soci\u00e9t\u00e9 poss\u00e8de sa propre flotte de plus de 150 trains routiers. Ce sont les camions-tracteurs Mercedes-Benz, DAF et MAN conformes aux normes environnementales Euro 6. Tous les camions sont \u00e9quip\u00e9s d&rsquo;un syst\u00e8me de contr\u00f4le et de surveillance par satellite, ainsi que d&rsquo;\u00e9quipements pour le transport de marchandises dangereuses.<\/p>\n<p>Nous prenons au s\u00e9rieux l&rsquo;\u00e9tat technique de nos v\u00e9hicules, gr\u00e2ce \u00e0 notre propre atelier de camions <a href=\"https:\/\/magistral-truck.com\/\">Magistral Truck Service<\/a>, nous maintenons constamment l&rsquo;\u00e9quipement en excellent \u00e9tat technique. Nous mettons r\u00e9guli\u00e8rement \u00e0 jour et \u00e9largissons notre flotte de v\u00e9hicules, gr\u00e2ce \u00e0 quoi l&rsquo;\u00e2ge moyen de nos v\u00e9hicules est de 3 ans.<\/p>\n<p>La base de la flotte de semi-remorques est constitu\u00e9e de tautliners standard d&rsquo;un volume de 92 m3 et de semi-remorques de type MEGA d&rsquo;un volume de 102 m3 capables de transporter tous types de produits de consommation et sp\u00e9ciaux. Les semi-remorques sont \u00e9quip\u00e9es de tout le mat\u00e9riel n\u00e9cessaire \u00e0 la s\u00e9curisation des charges et les semi-remorques standard sont \u00e9galement \u00e9quip\u00e9es de 33 palettes (EU-PAL).<\/p>\n<p>Pour le transport de marchandises n\u00e9cessitant un certain r\u00e9gime de temp\u00e9rature, la soci\u00e9t\u00e9 dispose de semi-remorques isothermes et r\u00e9frig\u00e9r\u00e9es capables de maintenir une temp\u00e9rature n\u00e9cessaire \u00e0 l&rsquo;int\u00e9rieur de -20 \u00b0 C \u00e0 + 25 \u00b0 C tout au long du trajet, quelle que soit la temp\u00e9rature ext\u00e9rieure.<\/p>\n<p class=\"park-text\">Nous avons \u00e9galement des semi-remorques avec plate-forme pour le transport de conteneurs de 20 et 40 pieds.<\/p>\n<p>[\/vc_column_text][vc_tour][vc_tab show_icon=\u00a0\u00bbyes\u00a0\u00bb icon_type=\u00a0\u00bbimage\u00a0\u00bb tab_id=\u00a0\u00bbf0b14716-2778-3677e-1c9e\u00a0\u00bb icon_image=\u00a0\u00bb6003&Prime; title=\u00a0\u00bb1&Prime;][vc_row_inner][vc_column_inner][vc_single_image image=\u00a0\u00bb5999&Prime; img_size=\u00a0\u00bbfull\u00a0\u00bb el_class=\u00a0\u00bbcategories\u00a0\u00bb]<div class=\"porto-u-heading category-title  wpb_custom_95aa9a11c17ad45cfabaf210d84ee7cc porto-u-ad87e2eaf3f9c495180fe0156ddf3eb0 \"><div class=\"porto-u-main-heading\"><h6  >Semi-remorques tented<\/h6><\/div><div class=\"porto-u-sub-heading\" style=\"\">90 m<sup>3<\/sup><\/div><style>.porto-u-ad87e2eaf3f9c495180fe0156ddf3eb0.porto-u-heading{text-align:left}<\/style><\/div>[vc_column_text el_class=\u00a0\u00bbpark-info-box\u00a0\u00bb]<\/p>\n<ul>\n<li><span class=\"property\">Longueur int\u00e9rieure: <\/span>13,6 m<\/li>\n<li><span class=\"property\">Largeur int\u00e9rieure: <\/span>2,45 m<\/li>\n<li><span class=\"property\">Largeur int\u00e9rieure: <\/span>2,70 m<\/li>\n<li><span class=\"property\">Charge utile: <\/span>24 tonnes<\/li>\n<li><span class=\"property\">Tous les types de chargement: <\/span>arri\u00e8re, lat\u00e9ral, avant<\/li>\n<\/ul>\n<div id=\"gtx-trans\" style=\"position: absolute; left: 154px; top: 62px;\">\n<div class=\"gtx-trans-icon\"><\/div>\n<\/div>\n<p>[\/vc_column_text][\/vc_column_inner][\/vc_row_inner][\/vc_tab][vc_tab show_icon=\u00a0\u00bbyes\u00a0\u00bb icon_type=\u00a0\u00bbimage\u00a0\u00bb tab_id=\u00a0\u00bb1555942189849-1-2677e-1c9e\u00a0\u00bb icon_image=\u00a0\u00bb6004&Prime; title=\u00a0\u00bb2&Prime;][vc_row_inner][vc_column_inner][vc_single_image image=\u00a0\u00bb6000&Prime; img_size=\u00a0\u00bbfull\u00a0\u00bb el_class=\u00a0\u00bbcategories\u00a0\u00bb]<div class=\"porto-u-heading category-title  wpb_custom_95aa9a11c17ad45cfabaf210d84ee7cc porto-u-ad87e2eaf3f9c495180fe0156ddf3eb0 \"><div class=\"porto-u-main-heading\"><h6  >Semitrailers refrigerateurs<\/h6><\/div><div class=\"porto-u-sub-heading\" style=\"\">86 m<sup>3<\/sup><\/div><style>.porto-u-ad87e2eaf3f9c495180fe0156ddf3eb0.porto-u-heading{text-align:left}<\/style><\/div>[vc_column_text el_class=\u00a0\u00bbpark-info-box\u00a0\u00bb]<\/p>\n<ul>\n<li><span class=\"property\">Longueur int\u00e9rieure: <\/span>13,6 m<\/li>\n<li><span class=\"property\">Largeur int\u00e9rieure: <\/span>2,45 m<\/li>\n<li><span class=\"property\">Hauteur int\u00e9rieure: <\/span>2,60 m<\/li>\n<li><span class=\"property\">Charge utile: <\/span>20-22 tonnes<\/li>\n<li><span class=\"property\">Types de chargement: <\/span>\u00e0 l\u2019arri\u00e8re seulement<\/li>\n<\/ul>\n<p>[\/vc_column_text][\/vc_column_inner][\/vc_row_inner][\/vc_tab][vc_tab show_icon=\u00a0\u00bbyes\u00a0\u00bb icon_type=\u00a0\u00bbimage\u00a0\u00bb tab_id=\u00a0\u00bb1555942191825-2-4677e-1c9e\u00a0\u00bb icon_image=\u00a0\u00bb6005&Prime; title=\u00a0\u00bb3&Prime;][vc_row_inner][vc_column_inner][vc_single_image image=\u00a0\u00bb6001&Prime; img_size=\u00a0\u00bbfull\u00a0\u00bb el_class=\u00a0\u00bbcategories\u00a0\u00bb]<div class=\"porto-u-heading category-title  wpb_custom_95aa9a11c17ad45cfabaf210d84ee7cc porto-u-ad87e2eaf3f9c495180fe0156ddf3eb0 \"><div class=\"porto-u-main-heading\"><h6  >Plateforme ouverte<\/h6><\/div><div class=\"porto-u-sub-heading\" style=\"\">(porte-conteneurs)<\/div><style>.porto-u-ad87e2eaf3f9c495180fe0156ddf3eb0.porto-u-heading{text-align:left}<\/style><\/div>[vc_column_text el_class=\u00a0\u00bbpark-info-box\u00a0\u00bb]<\/p>\n<ul>\n<li><span class=\"property\">Longueur int\u00e9rieure: <\/span>12,6 m<\/li>\n<li><span class=\"property\">Largeur int\u00e9rieure: <\/span>2,5 m<\/li>\n<li><span class=\"property\">Charge utile: <\/span>25 tonnes<\/li>\n<\/ul>\n<p>[\/vc_column_text][\/vc_column_inner][\/vc_row_inner][\/vc_tab][\/vc_tour][vc_media_grid gap=\u00a0\u00bb35&Prime; initial_loading_animation=\u00a0\u00bbnone\u00a0\u00bb grid_id=\u00a0\u00bbvc_gid:1708078541530-a72d425f-1a5a-1&Prime; include=\u00a0\u00bb2456,2457,1861,2514,2489,2519&Prime; el_class=\u00a0\u00bbcar-park_galary\u00a0\u00bb][\/vc_column][\/vc_row][vc_row full_width=\u00a0\u00bbstretch_row_content_no_spaces\u00a0\u00bb css=\u00a0\u00bb.vc_custom_1561367408504{background-color: #FF1100 !important;}\u00a0\u00bb el_id=\u00a0\u00bbsales-text-cargo\u00a0\u00bb el_class=\u00a0\u00bbsales-text_row left-image-bg\u00a0\u00bb][vc_column el_class=\u00a0\u00bbdrive-img-col drive-img-col__right-arrows\u00a0\u00bb offset=\u00a0\u00bbvc_col-lg-6 vc_col-md-12 vc_col-xs-12&Prime; css=\u00a0\u00bb.vc_custom_1572946396236{background-image: url(https:\/\/one.speedixa.com\/wp-content\/uploads\/2019\/11\/avtopark-content-mini.jpg?id=2772) !important;background-position: center !important;background-repeat: no-repeat !important;background-size: cover !important;}\u00a0\u00bb][vc_single_image image=\u00a0\u00bb7191&Prime; img_size=\u00a0\u00bbfull\u00a0\u00bb alignment=\u00a0\u00bbright\u00a0\u00bb el_class=\u00a0\u00bbdrive-img\u00a0\u00bb][\/vc_column][vc_column el_class=\u00a0\u00bbto-drivers-text left-image-bg_col\u00a0\u00bb offset=\u00a0\u00bbvc_col-lg-6 vc_col-md-12 vc_col-xs-12&Prime;]<div class=\"porto-u-heading block-title block-left-title block-title_light-pseudo  wpb_custom_95aa9a11c17ad45cfabaf210d84ee7cc porto-u-ad87e2eaf3f9c495180fe0156ddf3eb0 \"><div class=\"porto-u-main-heading\"><h2  >Vente et Rental de tracteurs<\/h2><\/div><style>.porto-u-ad87e2eaf3f9c495180fe0156ddf3eb0.porto-u-heading{text-align:left}<\/style><\/div>[vc_column_text el_class=\u00a0\u00bbdrivers-under-title\u00a0\u00bb]Tous nos \u00e9quipements sont achet\u00e9s aupr\u00e8s de fabricants et sont r\u00e9guli\u00e8rement entretenus tout au long de leur cycle de vie en utilisant uniquement des pi\u00e8ces de rechange et des consommables d\u2019origine.<\/p>\n<p>&nbsp;<\/p>\n<p>[\/vc_column_text][vc_btn title=\u00a0\u00bbVente de tracteurs\u00a0\u00bb color=\u00a0\u00bbdefault\u00a0\u00bb align=\u00a0\u00bbcenter\u00a0\u00bb el_class=\u00a0\u00bbtransparent main-button sale-of-tractors\u00a0\u00bb link=\u00a0\u00bburl:%2Fproduct-category%2Fprodazha-tyagachej%2F|||\u00a0\u00bb el_id=\u00a0\u00bbresume\u00a0\u00bb][vc_btn title=\u00a0\u00bbRental de tracteurs\u00a0\u00bb color=\u00a0\u00bbdefault\u00a0\u00bb align=\u00a0\u00bbcenter\u00a0\u00bb el_class=\u00a0\u00bbtransparent main-button trailers-for-sale\u00a0\u00bb link=\u00a0\u00bburl:%2Fproduct-category%2Farenda-tyagachej%2F|||\u00a0\u00bb el_id=\u00a0\u00bbvacancy\u00a0\u00bb][\/vc_column][\/vc_row][vc_row full_width=\u00a0\u00bbstretch_row\u00a0\u00bb disable_element=\u00a0\u00bbyes\u00a0\u00bb el_id=\u00a0\u00bbadvantages-row\u00a0\u00bb el_class=\u00a0\u00bbsales-advantages-row\u00a0\u00bb][vc_column][vc_custom_heading text=\u00a0\u00bbPourquoi acheter chez nous ?\u00a0\u00bb font_container=\u00a0\u00bbtag:h4|text_align:center\u00a0\u00bb use_theme_fonts=\u00a0\u00bbyes\u00a0\u00bb el_class=\u00a0\u00bbblock-title\u00a0\u00bb][vc_row_inner][vc_column_inner width=\u00a0\u00bb1\/3&Prime;][vc_single_image image=\u00a0\u00bb594&Prime; img_size=\u00a0\u00bbfull\u00a0\u00bb alignment=\u00a0\u00bbcenter\u00a0\u00bb animation_type=\u00a0\u00bbshake\u00a0\u00bb el_class=\u00a0\u00bbadvantage-icon\u00a0\u00bb][vc_column_text el_class=\u00a0\u00bbadvantage-text\u00a0\u00bb]<\/p>\n<p class=\"advantages\" style=\"text-align: center;\">Nous effectuons la pr\u00e9paration pr\u00e9alable \u00e0 la vente de tout le mat\u00e9riel vendu<\/p>\n<p>[\/vc_column_text][\/vc_column_inner][vc_column_inner width=\u00a0\u00bb1\/3&Prime;][vc_single_image image=\u00a0\u00bb595&Prime; img_size=\u00a0\u00bbfull\u00a0\u00bb alignment=\u00a0\u00bbcenter\u00a0\u00bb animation_type=\u00a0\u00bbshake\u00a0\u00bb el_class=\u00a0\u00bbadvantage-icon\u00a0\u00bb][vc_column_text el_class=\u00a0\u00bbadvantage-text\u00a0\u00bb]<\/p>\n<p class=\"advantages\" style=\"text-align: center;\">Le diagnostic complet du ch\u00e2ssis et de l&rsquo;\u00e9lectronique<\/p>\n<p>[\/vc_column_text][\/vc_column_inner][vc_column_inner width=\u00a0\u00bb1\/3&Prime;][vc_single_image image=\u00a0\u00bb51&Prime; img_size=\u00a0\u00bbfull\u00a0\u00bb alignment=\u00a0\u00bbcenter\u00a0\u00bb animation_type=\u00a0\u00bbshake\u00a0\u00bb el_class=\u00a0\u00bbadvantage-icon relation-icon\u00a0\u00bb][vc_column_text el_class=\u00a0\u00bbadvantage-text\u00a0\u00bb]<\/p>\n<p class=\"advantages\" style=\"text-align: center;\">Nous vous transmettons le mat\u00e9riel en parfait \u00e9tat<\/p>\n<p>[\/vc_column_text][\/vc_column_inner][\/vc_row_inner][\/vc_column][\/vc_row]<\/p>\n<\/div>","protected":false},"excerpt":{"rendered":"<p>[vc_row full_width=\u00a0\u00bbstretch_row\u00a0\u00bb el_id=\u00a0\u00bbphoto-with-arrow\u00a0\u00bb css=\u00a0\u00bb.vc_custom_1572972969164{background-image: url(https:\/\/one.speedixa.com\/wp-content\/uploads\/2019\/11\/avtopark.jpg?id=2805) !important;background-position: center !important;background-repeat: no-repeat !important;background-size: cover !important;}\u00a0\u00bb el_class=\u00a0\u00bbcar-park-intro-row\u00a0\u00bb][vc_column][vc_single_image image=\u00a0\u00bb2805&Prime; img_size=\u00a0\u00bbfull\u00a0\u00bb el_class=\u00a0\u00bbavtopark-row-img\u00a0\u00bb][vc_custom_heading text=\u00a0\u00bbFlotte\u00a0\u00bb use_theme_fonts=\u00a0\u00bbyes\u00a0\u00bb el_class=\u00a0\u00bborder-title\u00a0\u00bb][vc_custom_heading text=\u00a0\u00bbSpeedixa\u00a0\u00bb font_container=\u00a0\u00bbtag:h3|text_align:left\u00a0\u00bb use_theme_fonts=\u00a0\u00bbyes\u00a0\u00bb el_class=\u00a0\u00bborder-undertitle\u00a0\u00bb][\/vc_column][\/vc_row][vc_row full_width=\u00a0\u00bbstretch_row\u00a0\u00bb el_id=\u00a0\u00bbavto-park\u00a0\u00bb el_class=\u00a0\u00bbcar-park_tour-row bottom-arrows\u00a0\u00bb][vc_column][vc_custom_heading text=\u00a0\u00bbNotre flotte\u00a0\u00bb font_container=\u00a0\u00bbtag:h4|text_align:left\u00a0\u00bb use_theme_fonts=\u00a0\u00bbyes\u00a0\u00bb el_class=\u00a0\u00bbblock-title block-left-title\u00a0\u00bb][vc_column_text el_class=\u00a0\u00bbabout-us-text\u00a0\u00bb]Actuellement la soci\u00e9t\u00e9 poss\u00e8de sa propre flotte de plus de 150 trains routiers. Ce sont les camions-tracteurs Mercedes-Benz, DAF et MAN conformes [&hellip;]<\/p>\n","protected":false},"author":5,"featured_media":4418,"parent":0,"menu_order":5,"comment_status":"closed","ping_status":"closed","template":"","meta":{"footnotes":""},"class_list":["post-16","page","type-page","status-publish","has-post-thumbnail","hentry"],"aioseo_notices":[],"_links":{"self":[{"href":"https:\/\/one.speedixa.com\/fr\/wp-json\/wp\/v2\/pages\/16","targetHints":{"allow":["GET"]}}],"collection":[{"href":"https:\/\/one.speedixa.com\/fr\/wp-json\/wp\/v2\/pages"}],"about":[{"href":"https:\/\/one.speedixa.com\/fr\/wp-json\/wp\/v2\/types\/page"}],"author":[{"embeddable":true,"href":"https:\/\/one.speedixa.com\/fr\/wp-json\/wp\/v2\/users\/5"}],"replies":[{"embeddable":true,"href":"https:\/\/one.speedixa.com\/fr\/wp-json\/wp\/v2\/comments?post=16"}],"version-history":[{"count":1,"href":"https:\/\/one.speedixa.com\/fr\/wp-json\/wp\/v2\/pages\/16\/revisions"}],"predecessor-version":[{"id":15869,"href":"https:\/\/one.speedixa.com\/fr\/wp-json\/wp\/v2\/pages\/16\/revisions\/15869"}],"wp:featuredmedia":[{"embeddable":true,"href":"https:\/\/one.speedixa.com\/fr\/wp-json\/wp\/v2\/media\/4418"}],"wp:attachment":[{"href":"https:\/\/one.speedixa.com\/fr\/wp-json\/wp\/v2\/media?parent=16"}],"curies":[{"name":"wp","href":"https:\/\/api.w.org\/{rel}","templated":true}]}}