{"id":1193,"date":"2019-06-18T08:59:34","date_gmt":"2019-06-18T08:59:34","guid":{"rendered":"https:\/\/one.speedixa.com\/?page_id=1193"},"modified":"2026-03-05T13:22:43","modified_gmt":"2026-03-05T13:22:43","slug":"otslezhivaniiegruza","status":"publish","type":"page","link":"https:\/\/one.speedixa.com\/fr\/otslezhivaniiegruza\/","title":{"rendered":"Suivre la marchandise"},"content":{"rendered":"<div class=\"wpb-content-wrapper\"><p>[vc_row full_width=\u00a0\u00bbstretch_row\u00a0\u00bb el_class=\u00a0\u00bbprice-request-row cargo-tracking-row\u00a0\u00bb][vc_column el_class=\u00a0\u00bbform-area\u00a0\u00bb][vc_custom_heading text=\u00a0\u00bbSuivre la marchandise\u00a0\u00bb font_container=\u00a0\u00bbtag:h4|text_align:center\u00a0\u00bb use_theme_fonts=\u00a0\u00bbyes\u00a0\u00bb el_class=\u00a0\u00bbblock-title\u00a0\u00bb]\n<div class=\"wpcf7 no-js\" id=\"wpcf7-f2629-o4\" lang=\"ru-RU\" dir=\"ltr\" data-wpcf7-id=\"2629\">\n<div class=\"screen-reader-response\"><p role=\"status\" aria-live=\"polite\" aria-atomic=\"true\"><\/p> <ul><\/ul><\/div>\n<form action=\"\/fr\/wp-json\/wp\/v2\/pages\/1193#wpcf7-f2629-o4\" method=\"post\" class=\"wpcf7-form init\" aria-label=\"\u041a\u043e\u043d\u0442\u0430\u043a\u0442\u043d\u0430\u044f \u0444\u043e\u0440\u043c\u0430\" novalidate=\"novalidate\" data-status=\"init\">\n<fieldset class=\"hidden-fields-container\"><input type=\"hidden\" name=\"_wpcf7\" value=\"2629\" \/><input type=\"hidden\" name=\"_wpcf7_version\" value=\"6.1.5\" \/><input type=\"hidden\" name=\"_wpcf7_locale\" value=\"ru_RU\" \/><input type=\"hidden\" name=\"_wpcf7_unit_tag\" value=\"wpcf7-f2629-o4\" \/><input type=\"hidden\" name=\"_wpcf7_container_post\" value=\"0\" \/><input type=\"hidden\" name=\"_wpcf7_posted_data_hash\" value=\"\" \/>\n<\/fieldset>\n<label class=\"input-label\" id=\"custom_id\"> <span class=\"label-title\">ID utilisateur<\/span><span class=\"wpcf7-form-control-wrap\" data-name=\"number-270\"><input class=\"wpcf7-form-control wpcf7-number wpcf7-validates-as-required wpcf7-validates-as-number\" aria-required=\"true\" aria-invalid=\"false\" placeholder=\"Entrez votre r\u00e9ponse\" value=\"\" type=\"number\" name=\"number-270\" \/><\/span><\/label>\n<label class=\"input-label\" id=\"custom_parol\"> <span class=\"label-title\">Pays de d\u00e9chargement<\/span><span class=\"wpcf7-form-control-wrap\" data-name=\"text-271\"><input size=\"40\" maxlength=\"400\" class=\"wpcf7-form-control wpcf7-text wpcf7-validates-as-required\" aria-required=\"true\" aria-invalid=\"false\" placeholder=\"Entrez votre r\u00e9ponse\" value=\"\" type=\"text\" name=\"text-271\" \/><\/span><\/label>\n<label class=\"input-label\"><span class=\"label-title\">E-mail<\/span><span class=\"wpcf7-form-control-wrap\" data-name=\"email-272\"><input size=\"40\" maxlength=\"400\" class=\"wpcf7-form-control wpcf7-email wpcf7-validates-as-required wpcf7-text wpcf7-validates-as-email e-mail-input\" aria-required=\"true\" aria-invalid=\"false\" placeholder=\"Entrez votre r\u00e9ponse\" value=\"\" type=\"email\" name=\"email-272\" \/><\/span><\/label>\n<label class=\"input-label\"> <span class=\"label-title\">Num\u00e9ro de t\u00e9l\u00e9phone<\/span><span class=\"wpcf7-form-control-wrap\" data-name=\"tel-273\"><input size=\"40\" maxlength=\"400\" class=\"wpcf7-form-control wpcf7-tel wpcf7-validates-as-required wpcf7-text wpcf7-validates-as-tel\" aria-required=\"true\" aria-invalid=\"false\" placeholder=\"Entrez votre r\u00e9ponse\" value=\"\" type=\"tel\" name=\"tel-273\" \/><\/span><\/label>\n<div class=\"submit-btn blue-button\"><input class=\"wpcf7-form-control wpcf7-submit has-spinner\" type=\"submit\" value=\"Suivre la marchandise\" \/><\/div>\n\n[captchacf7* input-captcha-cf7 id:input-captcha-cf7]<input type='hidden' class='wpcf7-pum' value='{\"closepopup\":true,\"closedelay\":1,\"openpopup\":false,\"openpopup_id\":0}' \/><div class=\"wpcf7-response-output\" aria-hidden=\"true\"><\/div>\n<\/form>\n<\/div>\n[\/vc_column][\/vc_row]<\/p>\n<\/div>","protected":false},"excerpt":{"rendered":"<p>[vc_row full_width=\u00a0\u00bbstretch_row\u00a0\u00bb el_class=\u00a0\u00bbprice-request-row cargo-tracking-row\u00a0\u00bb][vc_column el_class=\u00a0\u00bbform-area\u00a0\u00bb][vc_custom_heading text=\u00a0\u00bbSuivre la marchandise\u00a0\u00bb font_container=\u00a0\u00bbtag:h4|text_align:center\u00a0\u00bb use_theme_fonts=\u00a0\u00bbyes\u00a0\u00bb el_class=\u00a0\u00bbblock-title\u00a0\u00bb][\/vc_column][\/vc_row]<\/p>\n","protected":false},"author":5,"featured_media":0,"parent":0,"menu_order":61,"comment_status":"closed","ping_status":"closed","template":"","meta":{"footnotes":""},"class_list":["post-1193","page","type-page","status-publish","hentry"],"aioseo_notices":[],"_links":{"self":[{"href":"https:\/\/one.speedixa.com\/fr\/wp-json\/wp\/v2\/pages\/1193","targetHints":{"allow":["GET"]}}],"collection":[{"href":"https:\/\/one.speedixa.com\/fr\/wp-json\/wp\/v2\/pages"}],"about":[{"href":"https:\/\/one.speedixa.com\/fr\/wp-json\/wp\/v2\/types\/page"}],"author":[{"embeddable":true,"href":"https:\/\/one.speedixa.com\/fr\/wp-json\/wp\/v2\/users\/5"}],"replies":[{"embeddable":true,"href":"https:\/\/one.speedixa.com\/fr\/wp-json\/wp\/v2\/comments?post=1193"}],"version-history":[{"count":1,"href":"https:\/\/one.speedixa.com\/fr\/wp-json\/wp\/v2\/pages\/1193\/revisions"}],"predecessor-version":[{"id":15940,"href":"https:\/\/one.speedixa.com\/fr\/wp-json\/wp\/v2\/pages\/1193\/revisions\/15940"}],"wp:attachment":[{"href":"https:\/\/one.speedixa.com\/fr\/wp-json\/wp\/v2\/media?parent=1193"}],"curies":[{"name":"wp","href":"https:\/\/api.w.org\/{rel}","templated":true}]}}