{"id":957,"date":"2019-06-14T09:50:48","date_gmt":"2019-06-14T09:50:48","guid":{"rendered":"https:\/\/one.speedixa.com\/?page_id=957"},"modified":"2026-03-05T13:22:43","modified_gmt":"2026-03-05T13:22:43","slug":"forma-zaprosa-tseny","status":"publish","type":"page","link":"https:\/\/one.speedixa.com\/de\/forma-zaprosa-tseny\/","title":{"rendered":"Preisanfrageformular"},"content":{"rendered":"<div class=\"wpb-content-wrapper\"><p>[vc_row full_width=&#8220;stretch_row&#8220; el_class=&#8220;price-request-row&#8220;][vc_column el_class=&#8220;form-area&#8220;][vc_custom_heading text=&#8220;Preisanfrageformular&#8220; font_container=&#8220;tag:h4|text_align:center&#8220; use_theme_fonts=&#8220;yes&#8220; el_class=&#8220;block-title&#8220;][vc_column_text el_class=&#8220;price-request-row_undertitle&#8220;]Anfrageformular f\u00fcr G\u00fcterbef\u00f6rderung[\/vc_column_text]\n<div class=\"wpcf7 no-js\" id=\"wpcf7-f2615-o3\" lang=\"ru-RU\" dir=\"ltr\" data-wpcf7-id=\"2615\">\n<div class=\"screen-reader-response\"><p role=\"status\" aria-live=\"polite\" aria-atomic=\"true\"><\/p> <ul><\/ul><\/div>\n<form action=\"\/de\/wp-json\/wp\/v2\/pages\/957#wpcf7-f2615-o3\" method=\"post\" class=\"wpcf7-form init\" aria-label=\"\u041a\u043e\u043d\u0442\u0430\u043a\u0442\u043d\u0430\u044f \u0444\u043e\u0440\u043c\u0430\" novalidate=\"novalidate\" data-status=\"init\">\n<fieldset class=\"hidden-fields-container\"><input type=\"hidden\" name=\"_wpcf7\" value=\"2615\" \/><input type=\"hidden\" name=\"_wpcf7_version\" value=\"6.1.5\" \/><input type=\"hidden\" name=\"_wpcf7_locale\" value=\"ru_RU\" \/><input type=\"hidden\" name=\"_wpcf7_unit_tag\" value=\"wpcf7-f2615-o3\" \/><input type=\"hidden\" name=\"_wpcf7_container_post\" value=\"0\" \/><input type=\"hidden\" name=\"_wpcf7_posted_data_hash\" value=\"\" \/>\n<\/fieldset>\n<label class=\"input-label half-row half-row-left\"> <span class=\"label-title\">Vorname<\/span>\n<span class=\"wpcf7-form-control-wrap\" data-name=\"text-527\"><input size=\"40\" maxlength=\"400\" class=\"wpcf7-form-control wpcf7-text wpcf7-validates-as-required\" aria-required=\"true\" aria-invalid=\"false\" placeholder=\"Geben Sie die Antwort ein\" value=\"\" type=\"text\" name=\"text-527\" \/><\/span><\/label>\n<label class=\"input-label half-row half-row-right\"> <span class=\"label-title\">Nachname<\/span>\n<span class=\"wpcf7-form-control-wrap\" data-name=\"text-511\"><input size=\"40\" maxlength=\"400\" class=\"wpcf7-form-control wpcf7-text wpcf7-validates-as-required\" aria-required=\"true\" aria-invalid=\"false\" placeholder=\"Geben Sie die Antwort ein\" value=\"\" type=\"text\" name=\"text-511\" \/><\/span><\/label>\n<label class=\"input-label half-row half-row-left\"><span class=\"label-title\">E-Mail<\/span>\n<span class=\"wpcf7-form-control-wrap\" data-name=\"email-945\"><input size=\"40\" maxlength=\"400\" class=\"wpcf7-form-control wpcf7-email wpcf7-validates-as-required wpcf7-text wpcf7-validates-as-email e-mail-input\" aria-required=\"true\" aria-invalid=\"false\" placeholder=\"Geben Sie die Antwort ein\" value=\"\" type=\"email\" name=\"email-945\" \/><\/span><\/label>\n<label class=\"input-label half-row half-row-right\"> <span class=\"label-title\">Telefon<\/span>\n<span class=\"wpcf7-form-control-wrap\" data-name=\"tel-684\"><input size=\"40\" maxlength=\"400\" class=\"wpcf7-form-control wpcf7-tel wpcf7-validates-as-required wpcf7-text wpcf7-validates-as-tel\" aria-required=\"true\" aria-invalid=\"false\" placeholder=\"Geben Sie die Antwort ein\" value=\"\" type=\"tel\" name=\"tel-684\" \/><\/span><\/label>\n<label class=\"input-label\"> <span class=\"label-title\">Firmenname<\/span>\n<span class=\"wpcf7-form-control-wrap\" data-name=\"text-620\"><input size=\"40\" maxlength=\"400\" class=\"wpcf7-form-control wpcf7-text wpcf7-validates-as-required company-name-input\" aria-required=\"true\" aria-invalid=\"false\" placeholder=\"Geben Sie die Antwort ein\" value=\"\" type=\"text\" name=\"text-620\" \/><\/span><\/label>\n<label class=\"input-label half-row half-row-left\"> <span class=\"label-title\">Ausgangsland<\/span>\n<span class=\"wpcf7-form-control-wrap\" data-name=\"text-512\"><input size=\"40\" maxlength=\"400\" class=\"wpcf7-form-control wpcf7-text wpcf7-validates-as-required\" aria-required=\"true\" aria-invalid=\"false\" placeholder=\"Geben Sie die Antwort ein\" value=\"\" type=\"text\" name=\"text-512\" \/><\/span><\/label>\n<label class=\"input-label half-row half-row-right\"> <span class=\"label-title\">Postleitzahl des Ausgangslandes<\/span>\n<span class=\"wpcf7-form-control-wrap\" data-name=\"number-259\"><input class=\"wpcf7-form-control wpcf7-number wpcf7-validates-as-required wpcf7-validates-as-number\" aria-required=\"true\" aria-invalid=\"false\" placeholder=\"Geben Sie die Antwort ein\" value=\"\" type=\"number\" name=\"number-259\" \/><\/span><\/label>\n<label class=\"input-label half-row half-row-left\"> <span class=\"label-title\">Zielland<\/span>\n<span class=\"wpcf7-form-control-wrap\" data-name=\"text-514\"><input size=\"40\" maxlength=\"400\" class=\"wpcf7-form-control wpcf7-text wpcf7-validates-as-required\" aria-required=\"true\" aria-invalid=\"false\" placeholder=\"Geben Sie die Antwort ein\" value=\"\" type=\"text\" name=\"text-514\" \/><\/span><\/label>\n<label class=\"input-label half-row half-row-right\"> <span class=\"label-title\">Postleitzahl des Ziellandes<\/span>\n<span class=\"wpcf7-form-control-wrap\" data-name=\"number-260\"><input class=\"wpcf7-form-control wpcf7-number wpcf7-validates-as-required wpcf7-validates-as-number\" aria-required=\"true\" aria-invalid=\"false\" placeholder=\"Geben Sie die Antwort ein\" value=\"\" type=\"number\" name=\"number-260\" \/><\/span><\/label>\n<label class=\"input-label half-row half-row-left\"> <span class=\"label-title\">Datum der Beladung<\/span>\n<span class=\"wpcf7-form-control-wrap\" data-name=\"date-877\"><input class=\"wpcf7-form-control wpcf7-date wpcf7-validates-as-required wpcf7-validates-as-date date\" min=\"2019-06-14\" max=\"2030-01-01\" aria-required=\"true\" aria-invalid=\"false\" placeholder=\"Geben Sie die Antwort ein\" value=\"\" type=\"date\" name=\"date-877\" \/><\/span><\/label>\n<label class=\"input-label half-row half-row-right\"> <span class=\"label-title\">Datum der Entladung<\/span>\n<span class=\"wpcf7-form-control-wrap\" data-name=\"date-878\"><input class=\"wpcf7-form-control wpcf7-date wpcf7-validates-as-required wpcf7-validates-as-date date\" min=\"2019-06-14\" max=\"2030-01-01\" aria-required=\"true\" aria-invalid=\"false\" placeholder=\"Geben Sie die Antwort ein\" value=\"\" type=\"date\" name=\"date-878\" \/><\/span><\/label>\n<label class=\"input-label third-row\"> <span class=\"label-title\">Art der Fracht<\/span>\n<span class=\"wpcf7-form-control-wrap\" data-name=\"text-515\"><input size=\"40\" maxlength=\"400\" class=\"wpcf7-form-control wpcf7-text wpcf7-validates-as-required\" aria-required=\"true\" aria-invalid=\"false\" placeholder=\"Geben Sie die Antwort ein\" value=\"\" type=\"text\" name=\"text-515\" \/><\/span><\/label>\n<label class=\"input-label third-row third-row-right\"> <span class=\"label-title\">Anzahl der Paletten<\/span>\n<span class=\"wpcf7-form-control-wrap\" data-name=\"number-261\"><input class=\"wpcf7-form-control wpcf7-number wpcf7-validates-as-required wpcf7-validates-as-number\" aria-required=\"true\" aria-invalid=\"false\" placeholder=\"Anzahl der Paletten\" value=\"\" type=\"number\" name=\"number-261\" \/><\/span><\/label>\n<label class=\"input-label half-row half-row-right\"> <span class=\"label-title\">Art der Paletten<\/span>\n<span class=\"wpcf7-form-control-wrap\" data-name=\"menu-770\"><select class=\"wpcf7-form-control wpcf7-select wpcf7-validates-as-required\" aria-required=\"true\" aria-invalid=\"false\" name=\"menu-770\"><option value=\"EU-Pal (80x120)\">EU-Pal (80x120)<\/option><option value=\"H1-Pal (80x120)\">H1-Pal (80x120)<\/option><option value=\"DD-Pal (60x80)\">DD-Pal (60x80)<\/option><option value=\"GI-Box (80x120x80)\">GI-Box (80x120x80)<\/option><\/select><\/span><\/label>\n<label class=\"input-label\"> <span class=\"label-title\">Kommentar<\/span>\n<span class=\"wpcf7-form-control-wrap\" data-name=\"textarea-21\"><textarea cols=\"40\" rows=\"10\" maxlength=\"2000\" class=\"wpcf7-form-control wpcf7-textarea comment-input\" aria-invalid=\"false\" placeholder=\"Geben Sie die Antwort ein\" name=\"textarea-21\"><\/textarea><\/span><\/label>\n<div class=\"submit-btn blue-button\"><input class=\"wpcf7-form-control wpcf7-submit has-spinner\" type=\"submit\" value=\"Preis anfordern\" \/><\/div>\n\n[captchacf7* input-captcha-cf7 id:input-captcha-cf7]<input type='hidden' class='wpcf7-pum' value='{\"closepopup\":false,\"closedelay\":0,\"openpopup\":false,\"openpopup_id\":0}' \/><div class=\"wpcf7-response-output\" aria-hidden=\"true\"><\/div>\n<\/form>\n<\/div>\n[\/vc_column][\/vc_row]<\/p>\n<\/div>","protected":false},"excerpt":{"rendered":"<p>[vc_row full_width=&#8220;stretch_row&#8220; el_class=&#8220;price-request-row&#8220;][vc_column el_class=&#8220;form-area&#8220;][vc_custom_heading text=&#8220;Preisanfrageformular&#8220; font_container=&#8220;tag:h4|text_align:center&#8220; use_theme_fonts=&#8220;yes&#8220; el_class=&#8220;block-title&#8220;][vc_column_text el_class=&#8220;price-request-row_undertitle&#8220;]Anfrageformular f\u00fcr G\u00fcterbef\u00f6rderung[\/vc_column_text][\/vc_column][\/vc_row]<\/p>\n","protected":false},"author":5,"featured_media":0,"parent":0,"menu_order":59,"comment_status":"closed","ping_status":"closed","template":"","meta":{"footnotes":""},"class_list":["post-957","page","type-page","status-publish","hentry"],"aioseo_notices":[],"_links":{"self":[{"href":"https:\/\/one.speedixa.com\/de\/wp-json\/wp\/v2\/pages\/957","targetHints":{"allow":["GET"]}}],"collection":[{"href":"https:\/\/one.speedixa.com\/de\/wp-json\/wp\/v2\/pages"}],"about":[{"href":"https:\/\/one.speedixa.com\/de\/wp-json\/wp\/v2\/types\/page"}],"author":[{"embeddable":true,"href":"https:\/\/one.speedixa.com\/de\/wp-json\/wp\/v2\/users\/5"}],"replies":[{"embeddable":true,"href":"https:\/\/one.speedixa.com\/de\/wp-json\/wp\/v2\/comments?post=957"}],"version-history":[{"count":1,"href":"https:\/\/one.speedixa.com\/de\/wp-json\/wp\/v2\/pages\/957\/revisions"}],"predecessor-version":[{"id":15939,"href":"https:\/\/one.speedixa.com\/de\/wp-json\/wp\/v2\/pages\/957\/revisions\/15939"}],"wp:attachment":[{"href":"https:\/\/one.speedixa.com\/de\/wp-json\/wp\/v2\/media?parent=957"}],"curies":[{"name":"wp","href":"https:\/\/api.w.org\/{rel}","templated":true}]}}