{"id":692,"date":"2019-06-12T14:33:11","date_gmt":"2019-06-12T14:33:11","guid":{"rendered":"https:\/\/one.speedixa.com\/?page_id=692"},"modified":"2026-03-05T13:22:42","modified_gmt":"2026-03-05T13:22:42","slug":"container-transportation","status":"publish","type":"page","link":"https:\/\/one.speedixa.com\/de\/services\/container-transportation\/","title":{"rendered":"Containerbef\u00f6rderungen"},"content":{"rendered":"<div class=\"wpb-content-wrapper\"><p>[vc_row full_width=&#8220;stretch_row_content_no_spaces&#8220; el_id=&#8220;intro&#8220; el_class=&#8220;row-with-image-col right-image-bg standart-cargo cargo-services-intro&#8220;][vc_column el_class=&#8220;about-us-col about-us-col-float&#8220; offset=&#8220;vc_col-lg-6 vc_col-md-12 vc_col-xs-12&#8243;][vc_custom_heading text=&#8220;Containerbef\u00f6rderungen&#8220; font_container=&#8220;tag:h4|text_align:left&#8220; use_theme_fonts=&#8220;yes&#8220; el_class=&#8220;block-title block-left-title&#8220;][vc_column_text el_class=&#8220;about-us-text&#8220;]Unser unternehmen bietet containerbef\u00f6rderungen in ganz europa. Heutzutage sind containertransporter sehr gefragt, da sie ihre unbestreitbaren vorteile haben. Kein wunder, dass container die wichtigste transporteinheit im multimodalen verkehr sind.<\/p>\n<p>Wir sind bereit, ihren container vom hafen oder bahnhof abzuholen und an den endbestimmungsort zu liefern oder umgekehrt. Wir garantieren ein hohes ma\u00df an sicherheit und schnelligkeit der frachtzustellung.<br \/>\n[\/vc_column_text][vc_btn title=&#8220;Service bestellen&#8220; color=&#8220;default&#8220; align=&#8220;center&#8220; el_class=&#8220;main-button blue-button order-service-btn&#8220; link=&#8220;url:%23|||&#8220;][\/vc_column][vc_column el_class=&#8220;col-with-background col-with-background-cover&#8220; offset=&#8220;vc_col-lg-6 vc_col-md-12 vc_col-xs-12&#8243; css=&#8220;.vc_custom_1572517808312{background-image: url(https:\/\/one.speedixa.com\/wp-content\/uploads\/2019\/10\/Conteiner-load.jpg?id=2576) !important;}&#8220;][vc_single_image image=&#8220;2576&#8243; img_size=&#8220;full&#8220; el_class=&#8220;intro-photo&#8220;][\/vc_column][\/vc_row][vc_row full_width=&#8220;stretch_row_content_no_spaces&#8220; el_id=&#8220;cargo-kinds&#8220; el_class=&#8220;cargo-kinds_row&#8220;][vc_column el_class=&#8220;left-blue-col angle-arrows-col&#8220; css=&#8220;.vc_custom_1560954343861{background-color: #FF1100 !important;}&#8220; offset=&#8220;vc_col-lg-6 vc_col-md-12 vc_col-xs-12&#8243;][vc_custom_heading text=&#8220;Arten von fracht&#8220; font_container=&#8220;tag:h4|text_align:left&#8220; use_theme_fonts=&#8220;yes&#8220; el_class=&#8220;block-title block-left-title&#8220;][vc_column_text el_class=&#8220;cargo-kinds_list&#8220;]<\/p>\n<ul>\n<li><em><img decoding=\"async\" src=\"\/wp-content\/uploads\/2019\/04\/09-icon-container.png\" alt=\"\" \/><\/em>Sch\u00fcttg\u00fcter ohne verpackung<\/li>\n<li><em><img decoding=\"async\" src=\"\/wp-content\/uploads\/2019\/04\/09-icon-container.png\" alt=\"\" \/><\/em>Baustoffe<\/li>\n<li><em><img decoding=\"async\" src=\"\/wp-content\/uploads\/2019\/04\/09-icon-container.png\" alt=\"\" \/><\/em>Industrieanlagen<\/li>\n<li><em><img decoding=\"async\" src=\"\/wp-content\/uploads\/2019\/04\/09-icon-container.png\" alt=\"\" \/><\/em>M\u00f6bel und ger\u00e4te<\/li>\n<\/ul>\n<p>[\/vc_column_text][\/vc_column][vc_column el_class=&#8220;right-grey-col&#8220; css=&#8220;.vc_custom_1560954356885{background-color: #f2f2f2 !important;}&#8220; offset=&#8220;vc_col-lg-6 vc_col-md-12 vc_col-xs-12&#8243;][vc_custom_heading text=&#8220;Hauptkunden&#8220; font_container=&#8220;tag:h4|text_align:left&#8220; use_theme_fonts=&#8220;yes&#8220; el_class=&#8220;block-title block-left-title&#8220;][vc_column_text el_class=&#8220;cargo-kinds_klients&#8220;]<\/p>\n<ul>\n<li><em><img decoding=\"async\" src=\"\/wp-content\/uploads\/2019\/06\/68-list-marker.png\" alt=\"\" \/><\/em>Gro\u00dfhandelsunternehmen<\/li>\n<li><em><img decoding=\"async\" src=\"\/wp-content\/uploads\/2019\/06\/68-list-marker.png\" alt=\"\" \/><\/em>Lebensmittelhersteller<\/li>\n<li><em><img decoding=\"async\" src=\"\/wp-content\/uploads\/2019\/06\/68-list-marker.png\" alt=\"\" \/><\/em>Einzelhandelsketten<\/li>\n<\/ul>\n<p>[\/vc_column_text][\/vc_column][\/vc_row][vc_row full_width=&#8220;stretch_row&#8220; el_id=&#8220;avto-park&#8220; el_class=&#8220;cargo-services_avtopark&#8220;][vc_column][vc_custom_heading text=&#8220;Fuhrpark&#8220; font_container=&#8220;tag:h4|text_align:left&#8220; use_theme_fonts=&#8220;yes&#8220; el_class=&#8220;block-title block-left-title&#8220;][vc_column_text el_class=&#8220;about-us-text&#8220;]Wir verf\u00fcgen \u00fcber containertransporter f\u00fcr die bef\u00f6rderung von 20-fu\u00df- und 40-fu\u00df-containern.[\/vc_column_text][vc_tour][vc_tab tab_id=&#8220;1555942191825-2-489c7-2a02e103-5004&#8243; title=&#8220;3&#8243;][vc_row_inner][vc_column_inner][vc_single_image image=&#8220;6001&#8243; img_size=&#8220;full&#8220; el_class=&#8220;categories&#8220; label=&#8220;&#8220;]<div class=\"porto-u-heading category-title  wpb_custom_95aa9a11c17ad45cfabaf210d84ee7cc porto-u-ad87e2eaf3f9c495180fe0156ddf3eb0 \"><div class=\"porto-u-main-heading\"><h6  >Platforma otwarta<\/h6><\/div><div class=\"porto-u-sub-heading\" style=\"\">(kontenerowiec)<\/p>\n<div id=\"gtx-trans\" style=\"position: absolute; left: -4px; top: -10px;\">\n<div class=\"gtx-trans-icon\"><\/div>\n<\/div>\n<p><\/div><style>.porto-u-ad87e2eaf3f9c495180fe0156ddf3eb0.porto-u-heading{text-align:left}<\/style><\/div>[vc_column_text el_class=&#8220;park-info-box&#8220;]<\/p>\n<ul>\n<li><span class=\"property\">Innenl\u00e4nge: <\/span>12,6 m<\/li>\n<li><span class=\"property\">Innenbreite: <\/span>2,5 m<\/li>\n<li><span class=\"property\">Nutzlast: <\/span>25 tonnen<\/li>\n<\/ul>\n<p>[\/vc_column_text][\/vc_column_inner][\/vc_row_inner][\/vc_tab][\/vc_tour][\/vc_column][\/vc_row][vc_row full_width=&#8220;stretch_row&#8220; el_id=&#8220;order&#8220; el_class=&#8220;services-order-row cargo-services-order main-order-arrow&#8220;][vc_column width=&#8220;1\/2&#8243; el_class=&#8220;content-col&#8220;][vc_custom_heading text=&#8220;Haben sie fragen<br \/>\noder m\u00f6chten sie eine<br \/>\ndienstleistung bestellen?&#8220; use_theme_fonts=&#8220;yes&#8220; el_class=&#8220;order-title&#8220;][\/vc_column][vc_column width=&#8220;1\/2&#8243; el_class=&#8220;call-info-col&#8220;][vc_custom_heading text=&#8220;Rufen sie uns jetzt an&#8220; font_container=&#8220;tag:h6|text_align:center&#8220; use_theme_fonts=&#8220;yes&#8220;][vc_column_text el_class=&#8220;call-link&#8220;]<a href=\"tel:+48+34+311+12+50\" target=\"_blank\" rel=\"noopener\">+48 34 311 12 50<\/a>[\/vc_column_text][vc_btn title=&#8220;Anfrage senden&#8220; color=&#8220;default&#8220; align=&#8220;center&#8220; el_class=&#8220;main-button blue-button order-service-btn&#8220; link=&#8220;url:%23|||&#8220;][\/vc_column][\/vc_row]<\/p>\n<\/div>","protected":false},"excerpt":{"rendered":"<p>[vc_row full_width=&#8220;stretch_row_content_no_spaces&#8220; el_id=&#8220;intro&#8220; el_class=&#8220;row-with-image-col right-image-bg standart-cargo cargo-services-intro&#8220;][vc_column el_class=&#8220;about-us-col about-us-col-float&#8220; offset=&#8220;vc_col-lg-6 vc_col-md-12 vc_col-xs-12&#8243;][vc_custom_heading text=&#8220;Containerbef\u00f6rderungen&#8220; font_container=&#8220;tag:h4|text_align:left&#8220; use_theme_fonts=&#8220;yes&#8220; el_class=&#8220;block-title block-left-title&#8220;][vc_column_text el_class=&#8220;about-us-text&#8220;]Unser unternehmen bietet containerbef\u00f6rderungen in ganz europa. Heutzutage sind containertransporter sehr gefragt, da sie ihre unbestreitbaren vorteile haben. Kein wunder, dass container die wichtigste transporteinheit im multimodalen verkehr sind. Wir sind bereit, ihren container vom hafen oder bahnhof [&hellip;]<\/p>\n","protected":false},"author":5,"featured_media":2576,"parent":27,"menu_order":28,"comment_status":"closed","ping_status":"closed","template":"","meta":{"footnotes":""},"class_list":["post-692","page","type-page","status-publish","has-post-thumbnail","hentry"],"aioseo_notices":[],"_links":{"self":[{"href":"https:\/\/one.speedixa.com\/de\/wp-json\/wp\/v2\/pages\/692","targetHints":{"allow":["GET"]}}],"collection":[{"href":"https:\/\/one.speedixa.com\/de\/wp-json\/wp\/v2\/pages"}],"about":[{"href":"https:\/\/one.speedixa.com\/de\/wp-json\/wp\/v2\/types\/page"}],"author":[{"embeddable":true,"href":"https:\/\/one.speedixa.com\/de\/wp-json\/wp\/v2\/users\/5"}],"replies":[{"embeddable":true,"href":"https:\/\/one.speedixa.com\/de\/wp-json\/wp\/v2\/comments?post=692"}],"version-history":[{"count":1,"href":"https:\/\/one.speedixa.com\/de\/wp-json\/wp\/v2\/pages\/692\/revisions"}],"predecessor-version":[{"id":15899,"href":"https:\/\/one.speedixa.com\/de\/wp-json\/wp\/v2\/pages\/692\/revisions\/15899"}],"up":[{"embeddable":true,"href":"https:\/\/one.speedixa.com\/de\/wp-json\/wp\/v2\/pages\/27"}],"wp:featuredmedia":[{"embeddable":true,"href":"https:\/\/one.speedixa.com\/de\/wp-json\/wp\/v2\/media\/2576"}],"wp:attachment":[{"href":"https:\/\/one.speedixa.com\/de\/wp-json\/wp\/v2\/media?parent=692"}],"curies":[{"name":"wp","href":"https:\/\/api.w.org\/{rel}","templated":true}]}}