{"id":688,"date":"2019-06-12T14:15:43","date_gmt":"2019-06-12T14:15:43","guid":{"rendered":"https:\/\/one.speedixa.com\/?page_id=688"},"modified":"2026-03-05T13:22:42","modified_gmt":"2026-03-05T13:22:42","slug":"transportation-adr","status":"publish","type":"page","link":"https:\/\/one.speedixa.com\/de\/services\/transportation-adr\/","title":{"rendered":"Bef\u00f6derung gef\u00e4hrlicher g\u00fcter (ADR)"},"content":{"rendered":"<div class=\"wpb-content-wrapper\"><p>[vc_row full_width=&#8220;stretch_row_content_no_spaces&#8220; el_id=&#8220;intro&#8220; el_class=&#8220;row-with-image-col right-image-bg standart-cargo cargo-services-intro&#8220;][vc_column el_class=&#8220;about-us-col about-us-col-float&#8220; offset=&#8220;vc_col-lg-6 vc_col-md-12 vc_col-xs-12&#8243;][vc_custom_heading text=&#8220;Bef\u00f6derung gef\u00e4hrlicher g\u00fcter (ADR)&#8220; font_container=&#8220;tag:h4|text_align:left&#8220; use_theme_fonts=&#8220;yes&#8220; el_class=&#8220;block-title block-left-title&#8220;][vc_column_text el_class=&#8220;about-us-text&#8220;]Unser unternehmen bietet die bef\u00f6rderung gef\u00e4hrlicher g\u00fcter (ADR) in ganz europa an. Diese art der g\u00fcterbef\u00f6rderung ist wohl die verantwortungsvollste, da es sich um stoffe oder substanzen handelt, die, wenn sie vernachl\u00e4ssigt werden, irreparable sch\u00e4den f\u00fcr die umwelt und die menschen verursachen k\u00f6nnen.<\/p>\n<p>Alle unsere fahrer sind geschult und verf\u00fcgen \u00fcber genehmigungen f\u00fcr die bef\u00f6rderung gef\u00e4hrlicher g\u00fcter, und unsere fahrzeuge sind mit allen erforderlichen spezialausr\u00fcstungen ausgestattet.<br \/>\n[\/vc_column_text][vc_btn title=&#8220;Service bestellen&#8220; color=&#8220;default&#8220; align=&#8220;center&#8220; el_class=&#8220;main-button blue-button order-service-btn&#8220; link=&#8220;url:%23|||&#8220;][\/vc_column][vc_column el_class=&#8220;col-with-background col-with-background-cover&#8220; offset=&#8220;vc_col-lg-6 vc_col-md-12 vc_col-xs-12&#8243; css=&#8220;.vc_custom_1574615505351{background-image: url(https:\/\/one.speedixa.com\/wp-content\/uploads\/2019\/11\/hazardous-transport-2019-e1574615156273.jpg?id=2985) !important;}&#8220;][vc_single_image image=&#8220;2985&#8243; img_size=&#8220;full&#8220; el_class=&#8220;intro-photo&#8220;][\/vc_column][\/vc_row][vc_row full_width=&#8220;stretch_row_content_no_spaces&#8220; el_id=&#8220;cargo-kinds&#8220; el_class=&#8220;cargo-kinds_row&#8220;][vc_column el_class=&#8220;left-blue-col angle-arrows-col&#8220; css=&#8220;.vc_custom_1561363262925{background-color: #FF1100 !important;}&#8220; offset=&#8220;vc_col-lg-6 vc_col-md-12 vc_col-xs-12&#8243;][vc_custom_heading text=&#8220;Arten von fracht&#8220; font_container=&#8220;tag:h4|text_align:left&#8220; use_theme_fonts=&#8220;yes&#8220; el_class=&#8220;block-title block-left-title&#8220;][vc_column_text el_class=&#8220;cargo-kinds_list&#8220;]<\/p>\n<ul>\n<li><em><img decoding=\"async\" src=\"\/wp-content\/uploads\/2019\/04\/08-icon-wheel.png\" alt=\"\" \/><\/em>Haushaltschemie<\/li>\n<li><em><img decoding=\"async\" src=\"\/wp-content\/uploads\/2019\/04\/08-icon-wheel.png\" alt=\"\" \/><\/em>Batterien und akkus<\/li>\n<li><em><img decoding=\"async\" src=\"\/wp-content\/uploads\/2019\/04\/08-icon-wheel.png\" alt=\"\" \/><\/em>Parf\u00fcmeriewaren<\/li>\n<li><em><img decoding=\"async\" src=\"\/wp-content\/uploads\/2019\/04\/08-icon-wheel.png\" alt=\"\" \/><\/em>D\u00fcngemittel<\/li>\n<\/ul>\n<p>[\/vc_column_text][\/vc_column][vc_column el_class=&#8220;right-grey-col&#8220; css=&#8220;.vc_custom_1561363272030{background-color: #f2f2f2 !important;}&#8220; offset=&#8220;vc_col-lg-6 vc_col-md-12 vc_col-xs-12&#8243;][vc_custom_heading text=&#8220;Hauptkunden&#8220; font_container=&#8220;tag:h4|text_align:left&#8220; use_theme_fonts=&#8220;yes&#8220; el_class=&#8220;block-title block-left-title&#8220;][vc_column_text el_class=&#8220;cargo-kinds_klients&#8220;]<\/p>\n<ul>\n<li><em><img decoding=\"async\" src=\"\/wp-content\/uploads\/2019\/06\/68-list-marker.png\" alt=\"\" \/><\/em>Gro\u00dfhandelsunternehmen<\/li>\n<li><em><img decoding=\"async\" src=\"\/wp-content\/uploads\/2019\/06\/68-list-marker.png\" alt=\"\" \/><\/em>Lebensmittelhersteller<\/li>\n<li><em><img decoding=\"async\" src=\"\/wp-content\/uploads\/2019\/06\/68-list-marker.png\" alt=\"\" \/><\/em>Einzelhandelsketten<\/li>\n<\/ul>\n<p>[\/vc_column_text][\/vc_column][\/vc_row][vc_row full_width=&#8220;stretch_row&#8220; el_id=&#8220;avto-park&#8220; el_class=&#8220;cargo-services_avtopark&#8220;][vc_column][vc_custom_heading text=&#8220;Fuhrpark&#8220; font_container=&#8220;tag:h4|text_align:left&#8220; use_theme_fonts=&#8220;yes&#8220; el_class=&#8220;block-title block-left-title&#8220;][vc_column_text el_class=&#8220;about-us-text&#8220;]Alle unsere fahrzeuge sind entsprechend ausgestattet und k\u00f6nnen adr-g\u00fcter transportieren. Jeder sattelauflieger ist mit 33 (eu pal) tauschpaletten und allen notwendigen einrichtungen zur ladungssicherung ausgestattet.[\/vc_column_text][vc_tour][vc_tab tab_id=&#8220;f0b14716-2778-389c7-2a02df03-cf5c&#8220; title=&#8220;1&#8243;][vc_row_inner][vc_column_inner][vc_single_image image=&#8220;5999&#8243; img_size=&#8220;full&#8220; el_class=&#8220;categories&#8220; label=&#8220;&#8220;]<div class=\"porto-u-heading category-title  wpb_custom_95aa9a11c17ad45cfabaf210d84ee7cc porto-u-ad87e2eaf3f9c495180fe0156ddf3eb0 \"><div class=\"porto-u-main-heading\"><h6  >Planenauflieger<\/h6><\/div><div class=\"porto-u-sub-heading\" style=\"\">90 m\u00b3<\/p>\n<div id=\"gtx-trans\" style=\"position: absolute; left: -16px; top: 38px;\">\n<div class=\"gtx-trans-icon\"><\/div>\n<\/div>\n<p><\/div><style>.porto-u-ad87e2eaf3f9c495180fe0156ddf3eb0.porto-u-heading{text-align:left}<\/style><\/div>[vc_column_text el_class=&#8220;park-info-box&#8220;]<\/p>\n<ul>\n<li><span class=\"property\">Innenl\u00e4nge: <\/span>13,6 m<\/li>\n<li><span class=\"property\">Innenbreite: <\/span>2,45 m<\/li>\n<li><span class=\"property\">Innenh\u00f6he: <\/span>2,70 m<\/li>\n<li><span class=\"property\">Innenh\u00f6he: <\/span>24 tonnen<\/li>\n<li><span class=\"property\">Alle verladungsarten m\u00f6glich: <\/span>hinten, seitlich, oben<\/li>\n<\/ul>\n<p>[\/vc_column_text][\/vc_column_inner][\/vc_row_inner][\/vc_tab][\/vc_tour][\/vc_column][\/vc_row][vc_row full_width=&#8220;stretch_row&#8220; el_id=&#8220;order&#8220; el_class=&#8220;services-order-row cargo-services-order main-order-arrow&#8220;][vc_column width=&#8220;1\/2&#8243; el_class=&#8220;content-col&#8220;][vc_custom_heading text=&#8220;Haben sie fragen<br \/>\noder m\u00f6chten sie eine<br \/>\ndienstleistung bestellen?&#8220; use_theme_fonts=&#8220;yes&#8220; el_class=&#8220;order-title&#8220;][\/vc_column][vc_column width=&#8220;1\/2&#8243; el_class=&#8220;call-info-col&#8220;][vc_custom_heading text=&#8220;Rufen sie uns jetzt an&#8220; font_container=&#8220;tag:h6|text_align:center&#8220; use_theme_fonts=&#8220;yes&#8220;][vc_column_text el_class=&#8220;call-link&#8220;]<a href=\"tel:+48+34+311+12+50\" target=\"_blank\" rel=\"noopener\">+48 34 311 12 50<\/a>[\/vc_column_text][vc_btn title=&#8220;Anfrage senden&#8220; color=&#8220;default&#8220; align=&#8220;center&#8220; el_class=&#8220;main-button blue-button order-service-btn&#8220; link=&#8220;url:%23|||&#8220;][\/vc_column][\/vc_row]<\/p>\n<\/div>","protected":false},"excerpt":{"rendered":"<p>[vc_row full_width=&#8220;stretch_row_content_no_spaces&#8220; el_id=&#8220;intro&#8220; el_class=&#8220;row-with-image-col right-image-bg standart-cargo cargo-services-intro&#8220;][vc_column el_class=&#8220;about-us-col about-us-col-float&#8220; offset=&#8220;vc_col-lg-6 vc_col-md-12 vc_col-xs-12&#8243;][vc_custom_heading text=&#8220;Bef\u00f6derung gef\u00e4hrlicher g\u00fcter (ADR)&#8220; font_container=&#8220;tag:h4|text_align:left&#8220; use_theme_fonts=&#8220;yes&#8220; el_class=&#8220;block-title block-left-title&#8220;][vc_column_text el_class=&#8220;about-us-text&#8220;]Unser unternehmen bietet die bef\u00f6rderung gef\u00e4hrlicher g\u00fcter (ADR) in ganz europa an. Diese art der g\u00fcterbef\u00f6rderung ist wohl die verantwortungsvollste, da es sich um stoffe oder substanzen handelt, die, wenn sie vernachl\u00e4ssigt werden, irreparable sch\u00e4den [&hellip;]<\/p>\n","protected":false},"author":5,"featured_media":2985,"parent":27,"menu_order":24,"comment_status":"closed","ping_status":"closed","template":"","meta":{"footnotes":""},"class_list":["post-688","page","type-page","status-publish","has-post-thumbnail","hentry"],"aioseo_notices":[],"_links":{"self":[{"href":"https:\/\/one.speedixa.com\/de\/wp-json\/wp\/v2\/pages\/688","targetHints":{"allow":["GET"]}}],"collection":[{"href":"https:\/\/one.speedixa.com\/de\/wp-json\/wp\/v2\/pages"}],"about":[{"href":"https:\/\/one.speedixa.com\/de\/wp-json\/wp\/v2\/types\/page"}],"author":[{"embeddable":true,"href":"https:\/\/one.speedixa.com\/de\/wp-json\/wp\/v2\/users\/5"}],"replies":[{"embeddable":true,"href":"https:\/\/one.speedixa.com\/de\/wp-json\/wp\/v2\/comments?post=688"}],"version-history":[{"count":1,"href":"https:\/\/one.speedixa.com\/de\/wp-json\/wp\/v2\/pages\/688\/revisions"}],"predecessor-version":[{"id":15898,"href":"https:\/\/one.speedixa.com\/de\/wp-json\/wp\/v2\/pages\/688\/revisions\/15898"}],"up":[{"embeddable":true,"href":"https:\/\/one.speedixa.com\/de\/wp-json\/wp\/v2\/pages\/27"}],"wp:featuredmedia":[{"embeddable":true,"href":"https:\/\/one.speedixa.com\/de\/wp-json\/wp\/v2\/media\/2985"}],"wp:attachment":[{"href":"https:\/\/one.speedixa.com\/de\/wp-json\/wp\/v2\/media?parent=688"}],"curies":[{"name":"wp","href":"https:\/\/api.w.org\/{rel}","templated":true}]}}