{"id":6047,"date":"2022-07-27T11:56:52","date_gmt":"2022-07-27T11:56:52","guid":{"rendered":"https:\/\/one.speedixa.com\/?page_id=6047"},"modified":"2026-03-05T13:22:42","modified_gmt":"2026-03-05T13:22:42","slug":"railway-transport","status":"publish","type":"page","link":"https:\/\/one.speedixa.com\/de\/services\/railway-transport\/","title":{"rendered":"Eisenbahnverkehr"},"content":{"rendered":"<div class=\"wpb-content-wrapper\"><p>[vc_row full_width=&#8220;stretch_row_content_no_spaces&#8220; el_id=&#8220;drivers&#8220; el_class=&#8220;drivers-career-page right-image-bg&#8220; css=&#8220;.vc_custom_1659006790361{background-image: url(https:\/\/one.speedixa.com\/wp-content\/uploads\/2022\/07\/2121-scaled.jpg?id=6049) !important;}&#8220;][vc_column width=&#8220;1\/2&#8243; el_class=&#8220;to-drivers-text about-us-col right-image-bg_left-text col-pseudo-el&#8220; offset=&#8220;vc_col-lg-6 vc_col-md-12 vc_col-xs-12&#8243; css=&#8220;.vc_custom_1561969566032{background-color: #FF1100 !important;}&#8220;]<div class=\"porto-u-heading block-title block-left-title block-title_light-pseudo  wpb_custom_95aa9a11c17ad45cfabaf210d84ee7cc porto-u-ad87e2eaf3f9c495180fe0156ddf3eb0 \"><div class=\"porto-u-main-heading\"><h1   style=\"font-weight:400;color:#ffffff;font-size:32px;line-height:normal;\">Eisenbahnverkehr<\/h1><\/div><style>.porto-u-ad87e2eaf3f9c495180fe0156ddf3eb0.porto-u-heading{text-align:left}<\/style><\/div>[vc_column_text el_class=&#8220;hr-tel call-link&#8220;]<a class=\"call-us\" href=\"tel:+48608558009\">+48 608 558 009<\/a>[\/vc_column_text][vc_btn title=&#8220;Bewerbung sofort einreichen&#8220; color=&#8220;default&#8220; align=&#8220;center&#8220; el_class=&#8220;main-button blue-button order-service-btn&#8220; link=&#8220;url:%23|||&#8220; el_id=&#8220;resume&#8220;][\/vc_column][vc_column width=&#8220;1\/2&#8243; el_class=&#8220;drive-img-col&#8220; offset=&#8220;vc_col-lg-6 vc_col-md-12 vc_col-xs-12&#8243; css=&#8220;.vc_custom_1658931279261{background-position: center !important;background-repeat: no-repeat !important;background-size: cover !important;}&#8220;][vc_single_image image=&#8220;6049&#8243; img_size=&#8220;full&#8220; alignment=&#8220;right&#8220; el_class=&#8220;drive-img&#8220;][\/vc_column][\/vc_row][vc_row full_width=&#8220;stretch_row&#8220; el_id=&#8220;avto-park&#8220; el_class=&#8220;car-park_tour-row bottom-arrows&#8220;][vc_column width=&#8220;5\/6&#8243;][vc_column_text css=&#8220;.vc_custom_1671548913514{padding-left: 0px !important;}&#8220;]<img decoding=\"async\" class=\"alignnone size-medium wp-image-6060\" style=\"max-width: 100%; height: auto; float: right;\" src=\"https:\/\/one.speedixa.com\/wp-content\/uploads\/2022\/08\/one2-300x143.png \" alt=\"\" width=\"300\" height=\"143\" \/>Die Initiative \u00abOne Road \u2014 One Belt\u00bb der chinesischen Regierung hat die Popularit\u00e4t dieses Transportmittels erh\u00f6ht. G\u00fcter, die fr\u00fcher auf dem Seeweg oder auf dem Luftweg geliefert wurden, k\u00f6nnen jetzt mit der Bahn g\u00fcnstig nach Europa geliefert werden.[\/vc_column_text][vc_column_text css=&#8220;.vc_custom_1671548927966{padding-left: 0px !important;}&#8220;]Der Schienenverkehr hat einen Wettbewerbsvorteil f\u00fcr eine k\u00fcrzere Lieferzeit, im Durchschnitt 10-20 Tage, bevor er per Se transportiert wird. Dies f\u00fchrt zu einem schnelleren Umsatz und einer R\u00fcckkehr der investierten Mittel in die Produkte. Dar\u00fcber hinaus minimiert der Schienenverkehr den Einfluss des menschlichen Faktors, der Wetterbedingungen und der p\u00fcnktlichen Lieferung. Dadurch k\u00f6nnen Sie die genaue Lieferzeit Ihrer Sendungen genauer planen.[\/vc_column_text][vc_column_text css=&#8220;.vc_custom_1671548942752{padding-left: 0px !important;}&#8220;]Speedixa bietet umfassende <a href=\"\/uslugi\/\">Dienstleistungen<\/a> f\u00fcr den Schienenverkehr auf der Neuen Seidenstra\u00dfe auf der direkten Strecke China \u2013 Polen (Mala\u0161evi\u0107 und Warschau) und Deutschland (Duisburg und Hamburg) an. Wir bieten Abholung und Lieferung von Waren aus den gro\u00dfen industriellen Zentren Chinas an, wie Shanghai, Peking, Guangzhou, Shenzhen, Tianjin, Dongguan, Hangzhou, Harbin, Chengdu, Chongqing, Nanjing, Suzhou, Zhengzhou, Jinan, Wuhan, Changchun, Xian, Shenyang, Hefei, Xiamen, Taiyuan und Changsha.[\/vc_column_text][vc_column_text css=&#8220;.vc_custom_1671548958188{padding-left: 0px !important;}&#8220;]Aufgrund der Tatsache, dass der Schienenverkehr fast doppelt so schnell ist wie die Lieferung <a href=\"https:\/\/one.speedixa.com\/ru\/uslugi\/sea-cargo-transportation \/\">auf dem Seeweg<\/a> k\u00f6nnen Sie Ihre Lieferungen viel einfacher planen und Zeit und Kosten sparen.[\/vc_column_text][\/vc_column][vc_column width=&#8220;1\/6&#8243;][\/vc_column][\/vc_row][vc_row full_width=&#8220;stretch_row_content_no_spaces&#8220; el_id=&#8220;cargo-kinds&#8220; el_class=&#8220;cargo-kinds_row&#8220; css=&#8220;.vc_custom_1660306264675{margin-top: 50px !important;margin-bottom: 50px !important;}&#8220;][vc_column el_class=&#8220;left-blue-col angle-arrows-col&#8220; css=&#8220;.vc_custom_1561362838122{background-color: #FF1100 !important;}&#8220; offset=&#8220;vc_col-lg-6 vc_col-md-12 vc_col-xs-12&#8243;][vc_custom_heading text=&#8220;Gutart&#8220; font_container=&#8220;tag:h4|text_align:left&#8220; use_theme_fonts=&#8220;yes&#8220; el_class=&#8220;block-title block-left-title&#8220;][vc_raw_html el_class=&#8220;cargo-kinds_list&#8220;]JTNDdWwlM0UlMEElM0NsaSUzRSUzQ2VtJTNFJTNDaW1nJTIwc3JjJTNEJTIyJTJGd3AtY29udGVudCUyRnVwbG9hZHMlMkYyMDIyJTJGMTElMkZ0ZXh0aWxlLnBuZyUyMiUyMGFsdCUzRCUyMiUyMiUyMCUyRiUzRSUzQyUyRmVtJTNFVGV4dGlsaWVuJTNDJTJGbGklM0UlMEElM0NsaSUzRSUzQ2VtJTNFJTNDaW1nJTIwc3JjJTNEJTIyJTJGd3AtY29udGVudCUyRnVwbG9hZHMlMkYyMDIyJTJGMDglMkZpY29uLTQuc3ZnJTIyJTIwYWx0JTNEJTIyJTIyJTIwJTJGJTNFJTNDJTJGZW0lM0VBdXRvdGVpbGUlM0MlMkZsaSUzRSUwQSUzQ2xpJTNFJTNDZW0lM0UlM0NpbWclMjBzcmMlM0QlMjIlMkZ3cC1jb250ZW50JTJGdXBsb2FkcyUyRjIwMjIlMkYwOCUyRmljb24tNS5zdmclMjIlMjBhbHQlM0QlMjIlMjIlMjAlMkYlM0UlM0MlMkZlbSUzRUF1c3N0ZWxsdW5nc2F1c3N0YXR0dW5nJTNDJTJGbGklM0UlMEElM0NsaSUzRSUzQ2VtJTNFJTNDaW1nJTIwc3JjJTNEJTIyJTJGd3AtY29udGVudCUyRnVwbG9hZHMlMkYyMDIyJTJGMDglMkZpY29uLTMuc3ZnJTIyJTIwYWx0JTNEJTIyJTIyJTIwJTJGJTNFJTNDJTJGZW0lM0VIYXVzaGFsdHNnZXIlQzMlQTR0ZSUzQyUyRmxpJTNFJTBBJTNDJTJGdWwlM0U=[\/vc_raw_html][\/vc_column][vc_column el_class=&#8220;right-grey-col&#8220; css=&#8220;.vc_custom_1561362849878{background-color: #f2f2f2 !important;}&#8220; offset=&#8220;vc_col-lg-6 vc_col-md-12 vc_col-xs-12&#8243;][vc_custom_heading text=&#8220;Hauptkunden&#8220; font_container=&#8220;tag:h4|text_align:left&#8220; use_theme_fonts=&#8220;yes&#8220; el_class=&#8220;block-title block-left-title&#8220;][vc_column_text el_class=&#8220;cargo-kinds_klients&#8220;]<\/p>\n<ul>\n<li><em><img decoding=\"async\" src=\"\/wp-content\/uploads\/2019\/06\/68-list-marker.png\" alt=\"\" \/><\/em>Handelsgro\u00dfhandelsunternehmen<\/li>\n<li><em><img decoding=\"async\" src=\"\/wp-content\/uploads\/2019\/06\/68-list-marker.png\" alt=\"\" \/><\/em>Hersteller<\/li>\n<li><em><img decoding=\"async\" src=\"\/wp-content\/uploads\/2019\/06\/68-list-marker.png\" alt=\"\" \/><\/em>Handelsnetzwerke<\/li>\n<li><em><img decoding=\"async\" src=\"\/wp-content\/uploads\/2019\/06\/68-list-marker.png\" alt=\"\" \/><\/em>Online-Shops<\/li>\n<\/ul>\n<p>[\/vc_column_text][\/vc_column][\/vc_row][vc_row full_width=&#8220;stretch_row&#8220; el_id=&#8220;order&#8220; el_class=&#8220;career-order_row main-order-arrow&#8220;][vc_column width=&#8220;1\/2&#8243; el_class=&#8220;content-col content-col__career&#8220;][vc_custom_heading text=&#8220;Unsere Transportl\u00f6sungen sind individuell<br \/>\nauf Ihre Bed\u00fcrfnisse zugeschnitten&#8220; use_theme_fonts=&#8220;yes&#8220; el_class=&#8220;order-title career__order-title&#8220;][\/vc_column][vc_column width=&#8220;1\/2&#8243; el_class=&#8220;call-info-col order__link-col&#8220;][vc_custom_heading text=&#8220;F\u00fcr Fragen der Eisenbahnzustellung&#8220; font_container=&#8220;tag:h6|text_align:left&#8220; use_theme_fonts=&#8220;yes&#8220;][vc_column_text el_class=&#8220;call-link&#8220;]<a class=\"call-us\" href=\"tel:+48608558009\">+48 608 558 009<\/a>[\/vc_column_text][vc_column_text el_class=&#8220;mail-link&#8220;]<a href=\"mailto:info@one.speedixa.com\">info@one.speedixa.com<\/a>[\/vc_column_text][vc_btn title=&#8220;Bewerbung einreichen&#8220; color=&#8220;default&#8220; align=&#8220;center&#8220; el_class=&#8220;main-button blue-button order-service-btn&#8220; link=&#8220;url:%23|||&#8220;][\/vc_column][\/vc_row]<\/p>\n<\/div>","protected":false},"excerpt":{"rendered":"<p>[vc_row full_width=&#8220;stretch_row_content_no_spaces&#8220; el_id=&#8220;drivers&#8220; el_class=&#8220;drivers-career-page right-image-bg&#8220; css=&#8220;.vc_custom_1659006790361{background-image: url(https:\/\/one.speedixa.com\/wp-content\/uploads\/2022\/07\/2121-scaled.jpg?id=6049) !important;}&#8220;][vc_column width=&#8220;1\/2&#8243; el_class=&#8220;to-drivers-text about-us-col right-image-bg_left-text col-pseudo-el&#8220; offset=&#8220;vc_col-lg-6 vc_col-md-12 vc_col-xs-12&#8243; css=&#8220;.vc_custom_1561969566032{background-color: #FF1100 !important;}&#8220;][vc_column_text el_class=&#8220;hr-tel call-link&#8220;]+48 608 558 009[\/vc_column_text][vc_btn title=&#8220;Bewerbung sofort einreichen&#8220; color=&#8220;default&#8220; align=&#8220;center&#8220; el_class=&#8220;main-button blue-button order-service-btn&#8220; link=&#8220;url:%23|||&#8220; el_id=&#8220;resume&#8220;][\/vc_column][vc_column width=&#8220;1\/2&#8243; el_class=&#8220;drive-img-col&#8220; offset=&#8220;vc_col-lg-6 vc_col-md-12 vc_col-xs-12&#8243; css=&#8220;.vc_custom_1658931279261{background-position: center !important;background-repeat: no-repeat !important;background-size: cover !important;}&#8220;][vc_single_image image=&#8220;6049&#8243; img_size=&#8220;full&#8220; alignment=&#8220;right&#8220; el_class=&#8220;drive-img&#8220;][\/vc_column][\/vc_row][vc_row full_width=&#8220;stretch_row&#8220; el_id=&#8220;avto-park&#8220; el_class=&#8220;car-park_tour-row bottom-arrows&#8220;][vc_column width=&#8220;5\/6&#8243;][vc_column_text [&hellip;]<\/p>\n","protected":false},"author":5,"featured_media":6049,"parent":27,"menu_order":42,"comment_status":"closed","ping_status":"closed","template":"","meta":{"footnotes":""},"class_list":["post-6047","page","type-page","status-publish","has-post-thumbnail","hentry"],"aioseo_notices":[],"_links":{"self":[{"href":"https:\/\/one.speedixa.com\/de\/wp-json\/wp\/v2\/pages\/6047","targetHints":{"allow":["GET"]}}],"collection":[{"href":"https:\/\/one.speedixa.com\/de\/wp-json\/wp\/v2\/pages"}],"about":[{"href":"https:\/\/one.speedixa.com\/de\/wp-json\/wp\/v2\/types\/page"}],"author":[{"embeddable":true,"href":"https:\/\/one.speedixa.com\/de\/wp-json\/wp\/v2\/users\/5"}],"replies":[{"embeddable":true,"href":"https:\/\/one.speedixa.com\/de\/wp-json\/wp\/v2\/comments?post=6047"}],"version-history":[{"count":1,"href":"https:\/\/one.speedixa.com\/de\/wp-json\/wp\/v2\/pages\/6047\/revisions"}],"predecessor-version":[{"id":15902,"href":"https:\/\/one.speedixa.com\/de\/wp-json\/wp\/v2\/pages\/6047\/revisions\/15902"}],"up":[{"embeddable":true,"href":"https:\/\/one.speedixa.com\/de\/wp-json\/wp\/v2\/pages\/27"}],"wp:featuredmedia":[{"embeddable":true,"href":"https:\/\/one.speedixa.com\/de\/wp-json\/wp\/v2\/media\/6049"}],"wp:attachment":[{"href":"https:\/\/one.speedixa.com\/de\/wp-json\/wp\/v2\/media?parent=6047"}],"curies":[{"name":"wp","href":"https:\/\/api.w.org\/{rel}","templated":true}]}}