{"id":5736,"date":"2022-04-13T13:59:08","date_gmt":"2022-04-13T13:59:08","guid":{"rendered":"https:\/\/one.speedixa.com\/?page_id=5736"},"modified":"2026-03-05T13:22:42","modified_gmt":"2026-03-05T13:22:42","slug":"warehousing","status":"publish","type":"page","link":"https:\/\/one.speedixa.com\/de\/services\/warehousing\/","title":{"rendered":"Lagerlogistik"},"content":{"rendered":"<div class=\"wpb-content-wrapper\"><p>[vc_row full_width=&#8220;stretch_row_content_no_spaces&#8220; el_id=&#8220;drivers&#8220; el_class=&#8220;drivers-career-page right-image-bg&#8220; css=&#8220;.vc_custom_1669803889199{background-image: url(https:\/\/one.speedixa.com\/wp-content\/uploads\/2022\/11\/Warehouse.jpg?id=6473) !important;}&#8220;][vc_column width=&#8220;1\/2&#8243; el_class=&#8220;to-drivers-text about-us-col right-image-bg_left-text col-pseudo-el&#8220; offset=&#8220;vc_col-lg-6 vc_col-md-12 vc_col-xs-12&#8243; css=&#8220;.vc_custom_1561969566032{background-color: #FF1100 !important;}&#8220;]<div class=\"porto-u-heading block-title block-left-title block-title_light-pseudo  wpb_custom_95aa9a11c17ad45cfabaf210d84ee7cc porto-u-ad87e2eaf3f9c495180fe0156ddf3eb0 \"><div class=\"porto-u-main-heading\"><h1   style=\"font-weight:400;color:#ffffff;font-size:32px;line-height:normal;\">Lagerlogistik<\/h1><\/div><style>.porto-u-ad87e2eaf3f9c495180fe0156ddf3eb0.porto-u-heading{text-align:left}<\/style><\/div>[vc_column_text el_class=&#8220;about-us-text&#8220;]<\/p>\n<p style=\"text-align: left; font-size: 17px; color: #fff;\">Eine der Richtungen von Speedixa ist neben dem G\u00fcterverkehr die Bereitstellung von Lagerlogistikdienstleistungen in den USA, China, Israel, den VAE, Lettland, Polen, der Ukraine und Wei\u00dfrussland.<\/p>\n<p>[\/vc_column_text][vc_column_text el_class=&#8220;hr-tel call-link&#8220;]<a class=\"call-us\" href=\"tel:+48608558009\">+48 608 558 009<\/a>[\/vc_column_text][vc_btn title=&#8220;Bewerben Sie sich jetzt&#8220; color=&#8220;default&#8220; align=&#8220;center&#8220; el_class=&#8220;main-button blue-button order-service-btn&#8220; link=&#8220;url:%23|||&#8220;][\/vc_column][vc_column width=&#8220;1\/2&#8243; el_class=&#8220;drive-img-col&#8220; offset=&#8220;vc_col-lg-6 vc_col-md-12 vc_col-xs-12&#8243;][vc_single_image image=&#8220;6473&#8243; img_size=&#8220;full&#8220; alignment=&#8220;right&#8220; el_class=&#8220;drive-img&#8220;][\/vc_column][\/vc_row][vc_row full_width=&#8220;stretch_row&#8220; el_id=&#8220;avto-park-galary&#8220; el_class=&#8220;park-galary_row&#8220; css=&#8220;.vc_custom_1649935923811{margin-top: -50px !important;}&#8220;][vc_column width=&#8220;1\/4&#8243; is_sticky=&#8220;yes&#8220; sticky_container_selector=&#8220;&#8220; sticky_min_width=&#8220;767&#8243; sticky_top=&#8220;150px&#8220; sticky_bottom=&#8220;&#8220; el_class=&#8220;col-lg-0&#8243;][vc_column_text el_class=&#8220;fixed-linked-block&#8220;]<\/p>\n<ul>\n<li class=\"ultitle\">Lagerh\u00e4user in Europa<\/li>\n<li><a href=\"\/uslugi\/warehousing\/chelm\/\">Polen, Helm<\/a><\/li>\n<li><a href=\"\/uslugi\/warehousing\/barcelona\/\">Spanien, Barcelona<\/a><\/li>\n<li><a href=\"\/uslugi\/warehousing\/riga\/\">Lettland, Riga<\/a><\/li>\n<li class=\"ultitle\">Lagerhallen in der GUS<\/li>\n<li><a href=\"\/uslugi\/warehousing\/kiev\/\">Ukraine, Kiew<\/a><\/li>\n<li><a href=\"\/uslugi\/warehousing\/minsk\/\">Wei\u00dfrussland, Minsk<\/a><\/li>\n<li class=\"ultitle\">Lagerhallen im Nahen Osten<\/li>\n<li><a href=\"\/uslugi\/warehousing\/dubai\/\">Vereinigte Arabische Emirate, Dubai<\/a><\/li>\n<li><a href=\"\/uslugi\/warehousing\/tel-aviv\/\">Israel, Tel Aviv<\/a><\/li>\n<li class=\"ultitle\">Lager in Asien<\/li>\n<li><a href=\"\/uslugi\/warehousing\/guangzhou\/\">China, Guangzhou<\/a><\/li>\n<li class=\"ultitle\">Lager in Amerika<\/li>\n<li><a href=\"\/uslugi\/warehousing\/new-jersey\/\">Vereinigte Staaten, New Jersey<\/a><\/li>\n<\/ul>\n<p>[\/vc_column_text][\/vc_column][vc_column width=&#8220;3\/4&#8243;][vc_row_inner][vc_column_inner][vc_column_text]<\/p>\n<p style=\"text-align: left; font-size: 18px;\">Unsere Lagerlogistikdienstleistungen in Verbindung mit unseren Transportdienstleistungen sind die ideale L\u00f6sung f\u00fcr Kunden, die unter anderem eine Umladung, Konsolidierung, kurzfristige oder langfristige Lagerung und Dekonsolidierung von Waren ben\u00f6tigen.<\/p>\n<p>[\/vc_column_text][vc_column_text]<\/p>\n<p style=\"text-align: left; font-size: 18px;\">Die Lager befinden sich an strategischen Standorten in der N\u00e4he von Luftterminals, Seeh\u00e4fen und Hauptverkehrswegen.<\/p>\n<p>[\/vc_column_text][vc_column_text]<\/p>\n<p style=\"text-align: left; font-size: 18px;\">Wir bieten kundenorientierte individuelle Logistikl\u00f6sungen an, die sich auf die Bed\u00fcrfnisse des Kunden in den Bereichen Lagerung, Transport und andere zus\u00e4tzliche Dienstleistungen f\u00fcr die automatisierte Lieferkette von Waren und G\u00fctern aus Asien und den USA in die EU und die GUS konzentrieren und umgekehrt.<\/p>\n<p>[\/vc_column_text][vc_custom_heading text=&#8220;Unsere Lager&#8220; font_container=&#8220;tag:h5|text_align:left&#8220; use_theme_fonts=&#8220;yes&#8220; el_class=&#8220;block-title block-left-title&#8220; css=&#8220;.vc_custom_1670314653890{margin-top: 50px !important;}&#8220;][vc_raw_html css=&#8220;.vc_custom_1669909067451{margin-top: 50px !important;margin-bottom: 50px !important;}&#8220;]JTVCZGlzcGxheS1tYXAlMjBpZCUzRCUyNzY1MDElMjclNUQ=[\/vc_raw_html][\/vc_column_inner][\/vc_row_inner][\/vc_column][\/vc_row][vc_row full_width=&#8220;stretch_row&#8220; el_id=&#8220;order&#8220; el_class=&#8220;order-row_vacancies main-order-arrow&#8220;][vc_column width=&#8220;1\/4&#8243; el_class=&#8220;col-lg-0&#8243;][\/vc_column][vc_column width=&#8220;3\/4&#8243; el_class=&#8220;content-col call-info-col order__link-col order-col__vacancies&#8220;][vc_custom_heading text=&#8220;IHR UNTERNEHMEN<br \/>\nEINZIGARTIG F\u00dcR UNS!<br \/>\nUNSERE LOGISTIKDIENSTLEISTUNGEN<br \/>\nKEINE GRENZEN F\u00dcR SIE!&#8220; font_container=&#8220;tag:h3|font_size:27|text_align:left|color:%23ffffff&#8220; use_theme_fonts=&#8220;yes&#8220; el_class=&#8220;order-undertitle&#8220; css=&#8220;.vc_custom_1670314695553{margin-top: -20px !important;}&#8220;][vc_custom_heading text=&#8220;KONTAKTIEREN SIE UNS&#8220; font_container=&#8220;tag:h6|text_align:left&#8220; use_theme_fonts=&#8220;yes&#8220;][vc_column_text el_class=&#8220;call-link&#8220; css=&#8220;.vc_custom_1649936856486{margin-top: -2px !important;margin-bottom: -2px !important;}&#8220;]<a class=\"call-us\" href=\"tel:+48608558009\">+48 608 558 009<\/a>[\/vc_column_text][vc_column_text el_class=&#8220;mail-link&#8220; css=&#8220;.vc_custom_1649936630455{margin-top: -5px !important;}&#8220;]<a href=\"mailto:info@one.speedixa.com\">info@one.speedixa.com <\/a>[\/vc_column_text][vc_btn title=&#8220;Bewerbung abgeben&#8220; color=&#8220;default&#8220; align=&#8220;center&#8220; el_class=&#8220;main-button blue-button order-service-btn&#8220; link=&#8220;url:%23|||&#8220;][\/vc_column][\/vc_row]<\/p>\n<\/div>","protected":false},"excerpt":{"rendered":"<p>[vc_row full_width=&#8220;stretch_row_content_no_spaces&#8220; el_id=&#8220;drivers&#8220; el_class=&#8220;drivers-career-page right-image-bg&#8220; css=&#8220;.vc_custom_1669803889199{background-image: url(https:\/\/one.speedixa.com\/wp-content\/uploads\/2022\/11\/Warehouse.jpg?id=6473) !important;}&#8220;][vc_column width=&#8220;1\/2&#8243; el_class=&#8220;to-drivers-text about-us-col right-image-bg_left-text col-pseudo-el&#8220; offset=&#8220;vc_col-lg-6 vc_col-md-12 vc_col-xs-12&#8243; css=&#8220;.vc_custom_1561969566032{background-color: #FF1100 !important;}&#8220;][vc_column_text el_class=&#8220;about-us-text&#8220;] Eine der Richtungen von Speedixa ist neben dem G\u00fcterverkehr die Bereitstellung von Lagerlogistikdienstleistungen in den USA, China, Israel, den VAE, Lettland, Polen, der Ukraine und Wei\u00dfrussland. [\/vc_column_text][vc_column_text el_class=&#8220;hr-tel call-link&#8220;]+48 608 558 009[\/vc_column_text][vc_btn title=&#8220;Bewerben Sie sich [&hellip;]<\/p>\n","protected":false},"author":5,"featured_media":6473,"parent":27,"menu_order":48,"comment_status":"closed","ping_status":"closed","template":"","meta":{"footnotes":""},"class_list":["post-5736","page","type-page","status-publish","has-post-thumbnail","hentry"],"aioseo_notices":[],"_links":{"self":[{"href":"https:\/\/one.speedixa.com\/de\/wp-json\/wp\/v2\/pages\/5736","targetHints":{"allow":["GET"]}}],"collection":[{"href":"https:\/\/one.speedixa.com\/de\/wp-json\/wp\/v2\/pages"}],"about":[{"href":"https:\/\/one.speedixa.com\/de\/wp-json\/wp\/v2\/types\/page"}],"author":[{"embeddable":true,"href":"https:\/\/one.speedixa.com\/de\/wp-json\/wp\/v2\/users\/5"}],"replies":[{"embeddable":true,"href":"https:\/\/one.speedixa.com\/de\/wp-json\/wp\/v2\/comments?post=5736"}],"version-history":[{"count":1,"href":"https:\/\/one.speedixa.com\/de\/wp-json\/wp\/v2\/pages\/5736\/revisions"}],"predecessor-version":[{"id":15904,"href":"https:\/\/one.speedixa.com\/de\/wp-json\/wp\/v2\/pages\/5736\/revisions\/15904"}],"up":[{"embeddable":true,"href":"https:\/\/one.speedixa.com\/de\/wp-json\/wp\/v2\/pages\/27"}],"wp:featuredmedia":[{"embeddable":true,"href":"https:\/\/one.speedixa.com\/de\/wp-json\/wp\/v2\/media\/6473"}],"wp:attachment":[{"href":"https:\/\/one.speedixa.com\/de\/wp-json\/wp\/v2\/media?parent=5736"}],"curies":[{"name":"wp","href":"https:\/\/api.w.org\/{rel}","templated":true}]}}