{"id":400,"date":"2019-05-16T10:55:09","date_gmt":"2019-05-16T10:55:09","guid":{"rendered":"https:\/\/one.speedixa.com\/?page_id=400"},"modified":"2026-03-05T13:22:43","modified_gmt":"2026-03-05T13:22:43","slug":"for-drivers","status":"publish","type":"page","link":"https:\/\/one.speedixa.com\/de\/career\/for-drivers\/","title":{"rendered":"Stellenanzeigen f\u00fcr Fahrer"},"content":{"rendered":"<div class=\"wpb-content-wrapper\"><p>[vc_row full_width=&#8220;stretch_row_content_no_spaces&#8220; el_id=&#8220;drivers&#8220; el_class=&#8220;drivers-career-page right-image-bg&#8220;][vc_column width=&#8220;1\/2&#8243; el_class=&#8220;to-drivers-text about-us-col right-image-bg_left-text col-pseudo-el&#8220; offset=&#8220;vc_col-lg-6 vc_col-md-12 vc_col-xs-12&#8243; css=&#8220;.vc_custom_1561969566032{background-color: #FF1100 !important;}&#8220;]<div class=\"porto-u-heading block-title block-left-title block-title_light-pseudo  wpb_custom_95aa9a11c17ad45cfabaf210d84ee7cc porto-u-ad87e2eaf3f9c495180fe0156ddf3eb0 \"><div class=\"porto-u-main-heading\"><h2  >Europa wartet auf sie<\/h2><\/div><div class=\"porto-u-sub-heading\" style=\"\">Werden sie fahrer bei<br \/>\nSpeedixa<\/div><style>.porto-u-ad87e2eaf3f9c495180fe0156ddf3eb0.porto-u-heading{text-align:left}<\/style><\/div>[vc_column_text el_class=&#8220;drivers-under-title career-under-title&#8220;]Wir sind einer der attraktivsten Arbeitgeber in der polnischen Transport- und Logistikbranche[\/vc_column_text][vc_column_text el_class=&#8220;hr-tel call-link&#8220;]<a class=\"call-us\" href=\"tel:+48608558009\">+<\/a><a class=\"call-us\" href=\"tel:+48608558009\">+48 608 558 009<\/a>[\/vc_column_text][vc_btn title=&#8220;Bewerben Sie sich jetzt&#8220; color=&#8220;default&#8220; align=&#8220;center&#8220; el_class=&#8220;transparent main-button resume-form_btn&#8220; link=&#8220;url:%23|||&#8220;][\/vc_column][vc_column width=&#8220;1\/2&#8243; el_class=&#8220;drive-img-col&#8220; offset=&#8220;vc_col-lg-6 vc_col-md-12 vc_col-xs-12&#8243; css=&#8220;.vc_custom_1572880421217{background-image: url(https:\/\/one.speedixa.com\/wp-content\/uploads\/2019\/11\/carera-voditel-mini.jpg?id=2748) !important;}&#8220;][vc_single_image image=&#8220;2748&#8243; img_size=&#8220;full&#8220; alignment=&#8220;right&#8220; el_class=&#8220;drive-img&#8220;][\/vc_column][\/vc_row][vc_row full_width=&#8220;stretch_row&#8220; el_id=&#8220;avto-park&#8220; el_class=&#8220;for-drivers-text&#8220;][vc_column el_class=&#8220;text-for-drivers__col&#8220;][vc_custom_heading text=&#8220;Wir laden fahrer mit f\u00fchrerschein klasse CE<br \/>\nein, unserem team beizutreten&#8220; font_container=&#8220;tag:h4|text_align:left&#8220; use_theme_fonts=&#8220;yes&#8220; el_class=&#8220;block-title block-left-title&#8220;][vc_column_text el_class=&#8220;about-us-text&#8220;]Wir laden sowohl erfahrene Fahrer mit F\u00fchrerschein Klasse CE als auch Fahrer mit minimaler Erfahrung auf Sattelaufliegern ein.<\/p>\n<p>Wir m\u00f6chten, dass Sie kundenorientiert sind, weil Sie das Gesicht unseres Unternehmens und die Person sind, die unsere Kunden treffen. Sie m\u00fcssen Ihnen vertrauen, um uns zu vertrauen.<\/p>\n<p>Wir erwarten von Ihnen, dass Sie Ihren LKW immer sauber halten, sicher fahren und die Stra\u00dfenverkehrsregeln befolgen. Sie m\u00fcssen die Lenk- und Ruhezeiten einhalten und d\u00fcrfen nichts tun, was unserem Ruf schaden k\u00f6nnte.<\/p>\n<p>Viele unserer Kunden haben spezielle Anforderungen, die wir und Sie erf\u00fcllen m\u00fcssen, wie z. B. das Parken nur auf sicheren Parkpl\u00e4tzen, weil die Waren, die Sie liefern, von sehr hohem Wert sein k\u00f6nnen.<\/p>\n<p>Wir erwarten von Ihnen, dass Sie professionell, freundlich und aktiv sind!<br \/>\n[\/vc_column_text][\/vc_column][\/vc_row][vc_row full_width=&#8220;stretch_row&#8220; css=&#8220;.vc_custom_1563279305759{background-color: #f2f2f2 !important;}&#8220; el_class=&#8220;bottom-arrows career-opportunities_row drivers-career-opportunities&#8220;][vc_column][vc_row_inner el_id=&#8220;career-opportunities&#8220;][vc_column_inner][vc_custom_heading text=&#8220;Was bieten wir an?&#8220; font_container=&#8220;tag:h4|text_align:left&#8220; use_theme_fonts=&#8220;yes&#8220; el_class=&#8220;block-title block-left-title&#8220;][vc_column_text el_class=&#8220;opportunities-list opportunities-list-fordrevers&#8220;]<\/p>\n<ul>\n<li>Bezahltes Praktikum<\/li>\n<li>Wettbewerbsf\u00e4hige und stabile L\u00f6hne<\/li>\n<li>Interessante und faszinierende Routen in Europa<\/li>\n<li>Offizielle Besch\u00e4ftigung mit Sozialgarantien<\/li>\n<li>Standardisierte Lenk &#8211; und Ruhezeiten<\/li>\n<li>Arbeit an einem technisch einwandfreien und gewarteten Fahrzeug<\/li>\n<li>Lohnzuschl\u00e4ge in Form einer Pr\u00e4mie f\u00fcr gro\u00dfe monatliche Kilometerleistung<\/li>\n<\/ul>\n<p>[\/vc_column_text][\/vc_column_inner][\/vc_row_inner][\/vc_column][\/vc_row][vc_row full_width=&#8220;stretch_row&#8220; el_id=&#8220;avto-park-galary&#8220; el_class=&#8220;park-galary_row&#8220;][vc_column][vc_custom_heading text=&#8220;TRANSPORTMITTEL PARK DES UNTERNEHMENS&#8220; font_container=&#8220;tag:h4|text_align:left&#8220; use_theme_fonts=&#8220;yes&#8220; el_class=&#8220;block-title block-left-title&#8220;][vc_column_text el_class=&#8220;about-us-text&#8220;]<\/p>\n<p class=\"park-text\">Besteht aus Zugfahrzeugen Mercedes-Benz und MAN mit Emission EURO5 und EURO6. Alle Zugfahrzeuge sind maximal 3 Jahre alt. Alle Fahrzeuge sind mit tablet-PC mit Internetanschluss und erweiterter navigation ausgestattet.<\/p>\n<p>[\/vc_column_text][vc_media_grid element_width=&#8220;6&#8243; gap=&#8220;20&#8243; initial_loading_animation=&#8220;none&#8220; grid_id=&#8220;vc_gid:1669216411087-46f2e31e-18fa-6&#8243; include=&#8220;2514,2516,2456,2512&#8243;][\/vc_column][\/vc_row][vc_row disable_element=&#8220;yes&#8220; el_class=&#8220;driver-reviews-row&#8220; el_id=&#8220;teem&#8220;][vc_column el_class=&#8220;drivers-vacancies-page&#8220;][vc_custom_heading text=&#8220;Feedbacks von unseren fahrern&#8220; font_container=&#8220;tag:h4|text_align:left&#8220; use_theme_fonts=&#8220;yes&#8220; el_class=&#8220;block-title block-left-title&#8220;]<div class=\"porto-carousel owl-carousel has-ccols has-ccols-spacing ccols-xl-3 ccols-lg-3 ccols-md-2 ccols-sm-1 ccols-1 teem-imgs driver-reviews_slider wpb_custom_16b29c4c97bd4b224dbf284cfd94279c nav-pos-outside nav-style-1\" data-plugin-options=\"{&quot;themeConfig&quot;:true,&quot;stagePadding&quot;:0,&quot;margin&quot;:40,&quot;autoplay&quot;:false,&quot;mouseDrag&quot;:true,&quot;touchDrag&quot;:true,&quot;autoplayTimeout&quot;:5000,&quot;autoplayHoverPause&quot;:false,&quot;items&quot;:3,&quot;xl&quot;:3,&quot;lg&quot;:3,&quot;md&quot;:2,&quot;sm&quot;:1,&quot;xs&quot;:1,&quot;nav&quot;:&quot;yes&quot;,&quot;dots&quot;:false,&quot;animateIn&quot;:&quot;&quot;,&quot;animateOut&quot;:&quot;&quot;,&quot;loop&quot;:false,&quot;center&quot;:false,&quot;video&quot;:false,&quot;lazyLoad&quot;:false,&quot;fullscreen&quot;:false}\">[vc_row_inner][vc_column_inner][vc_single_image image=&#8220;2026&#8243; img_size=&#8220;full&#8220; alignment=&#8220;center&#8220; el_class=&#8220;member&#8220;][vc_column_text el_class=&#8220;office-post&#8220;]\u0414\u0435\u043d\u0438\u0441[\/vc_column_text][vc_column_text el_class=&#8220;name&#8220;]<a class=\"driver-fb\" href=\"#\"><img decoding=\"async\" src=\"\/wp-content\/uploads\/2019\/07\/facebook.png\" alt=\"\" \/><\/a><a class=\"driver-insta\" href=\"#\"><img decoding=\"async\" src=\"\/wp-content\/uploads\/2019\/07\/instagram.png\" alt=\"\" \/><\/a>[\/vc_column_text][vc_column_text el_class=&#8220;driver-reviews-text&#8220;]Lorem ipsum dolor sit amet, consectetur adipiscing elit. Nulla varius cursus accumsan. Ut tristique lectus urna, vitae elementum nibh pulvinar sit amet. Sed nec sem tincidunt, eleifend mi eget, hendrerit erat. Vestibulum sollicitudin mauris in ante tempus, a convallis eros feugiat.[\/vc_column_text][\/vc_column_inner][\/vc_row_inner][vc_row_inner][vc_column_inner][vc_single_image image=&#8220;2027&#8243; img_size=&#8220;full&#8220; alignment=&#8220;center&#8220; el_class=&#8220;member&#8220;][vc_column_text el_class=&#8220;office-post&#8220;]\u0418\u0433\u043e\u0440\u044c[\/vc_column_text][vc_column_text el_class=&#8220;name&#8220;]<a class=\"driver-fb\" href=\"#\"><img decoding=\"async\" src=\"\/wp-content\/uploads\/2019\/07\/facebook.png\" alt=\"\" \/><\/a><a class=\"driver-insta\" href=\"#\"><img decoding=\"async\" src=\"\/wp-content\/uploads\/2019\/07\/instagram.png\" alt=\"\" \/><\/a>[\/vc_column_text][vc_column_text el_class=&#8220;driver-reviews-text&#8220;]\u0420\u0430\u0431\u043e\u0442\u0430\u044e \u0432 \u0444\u0438\u0440\u043c\u0435 2 \u0433\u043e\u0434\u0430 \u0438 \u0434\u0435\u0440\u0436\u0443\u0441\u044c \u0437\u0430 \u0441\u0432\u043e\u044e \u0440\u0430\u0431\u043e\u0442\u0443. \u041f\u0435\u0440\u0432\u044b\u0439 \u043e\u043f\u044b\u0442 \u0435\u0437\u0434\u044b \u0432 \u0415\u0432\u0440\u043e\u043f\u0435 \u043f\u043e\u043b\u0443\u0447\u0438\u043b \u0438\u043c\u0435\u043d\u043d\u043e \u0437\u0434\u0435\u0441\u044c. \u041f\u043e\u0441\u0442\u043e\u044f\u043d\u043d\u043e \u0440\u0430\u0437\u0432\u0438\u0432\u0430\u044e\u0441\u044c \u0432 \u043f\u0440\u043e\u0444\u0435\u0441\u0441\u0438\u0438 \u0432\u043e\u0434\u0438\u0442\u0435\u043b\u044f \u043c\u0435\u0436\u0434\u0443\u043d\u0430\u0440\u043e\u0434\u043d\u044b\u0445 \u043f\u0435\u0440\u0435\u0432\u043e\u0437\u043e\u043a. \u0412 \u0434\u0430\u043d\u043d\u044b\u0439 \u043c\u043e\u043c\u0435\u043d\u0442\u00a0<span class=\"hiddenSpellError\">\u0432\u043e\u0434\u0438\u0442\u0435\u043b\u044c-\u0438\u043d\u0441\u0442\u0440\u0443\u043a\u0442\u043e\u0440<\/span>\u00a0\u0438 \u0432 \u0434\u0430\u043b\u044c\u043d\u0435\u0439\u0448\u0435\u043c \u043f\u043b\u0430\u043d\u0438\u0440\u0443\u044e \u043a\u0430\u0440\u044c\u0435\u0440\u043d\u044b\u0439 \u0440\u043e\u0441\u0442 \u043d\u0430 \u044d\u0442\u043e\u0439 \u0444\u0438\u0440\u043c\u0435. \u0422\u043e\u0442 \u043a\u0442\u043e \u0433\u043e\u0432\u043e\u0440\u0438\u0442 \u0447\u0442\u043e \u0432\u0441\u0451 \u0442\u044f\u0436\u0435\u043b\u043e \u0438\u00a0\u043d\u0435\u0434\u043e\u0441\u044f\u0433\u0430\u0435\u043c\u043e, \u044d\u0442\u043e \u043d\u0435\u043f\u0440\u0430\u0432\u0434\u0430. \u0420\u0430\u0431\u043e\u0442\u0430\u044f \u0438 \u0440\u0430\u0437\u0432\u0438\u0432\u0430\u044f\u0441\u044c, \u0438\u043c\u0435\u044f \u0441\u0430\u043c\u043e\u043f\u043e\u0434\u0433\u043e\u0442\u043e\u0432\u043a\u0443 \u0438 \u0441\u0430\u043c\u043e\u0441\u0442\u043e\u044f\u0442\u0435\u043b\u044c\u043d\u043e\u0441\u0442\u044c \u043c\u043e\u0436\u043d\u043e \u0440\u0430\u0431\u043e\u0442\u0430\u0442\u044c \u0438 \u043f\u043e\u043b\u0443\u0447\u0430\u0442\u044c \u0445\u043e\u0440\u043e\u0448\u0435\u0435 \u0434\u0435\u043d\u0435\u0436\u043d\u043e\u0435\u00a0\u0432\u043e\u0437\u043d\u0430\u0433\u0440\u0430\u0436\u0434\u0435\u043d\u0438\u0435, \u043f\u043e\u043b\u0443\u0447\u0430\u0442\u044c \u043e\u043f\u044b\u0442 \u0440\u0430\u0431\u043e\u0442\u044b \u0432 \u0415\u0432\u0440\u043e\u043f\u0435,\u00a0\u043f\u0443\u0442\u0435\u0448\u0435\u0441\u0442\u0432\u043e\u0432\u0430\u0442\u044c\u00a0\u0432 \u0442\u0435\u0445 \u0441\u0442\u0440\u0430\u043d\u0430\u0445, \u043a\u043e\u0442\u043e\u0440\u044b\u0435 \u043c\u044b \u0432\u0438\u0434\u0435\u043b\u0438 \u0440\u0430\u043d\u043d\u0435\u0435 \u0442\u043e\u043b\u044c\u043a\u043e \u043f\u043e \u0442\u0435\u043b\u0435\u0432\u0438\u0437\u043e\u0440\u0443. \u041c\u0438\u043b\u043e\u0441\u0442\u0438 \u043f\u0440\u043e\u0448\u0443 \u043d\u043e\u0432\u044b\u0445 \u0432\u043e\u0434\u0438\u0442\u0435\u043b\u0435\u0439 \u043a \u0441\u0435\u0431\u0435 \u043d\u0430 \u0441\u0442\u0430\u0436\u0438\u0440\u043e\u0432\u043a\u0443. \u041d\u0430\u0443\u0447\u0438\u043c \u0438\u00a0\u043e\u0431\u044a\u044f\u0441\u043d\u0438\u043c. \u0412\u0441\u0435\u043c\u0443 \u043c\u043e\u0436\u043d\u043e \u043d\u0430\u0443\u0447\u0438\u0442\u044c\u0441\u044f \u0435\u0441\u043b\u0438 \u0438\u043c\u0435\u0442\u044c \u0436\u0435\u043b\u0430\u043d\u0438\u0435. \u0412\u0441\u0435\u043c \u0443\u0434\u0430\u0447\u0438 \u0438 \u0434\u043e \u0432\u0441\u0442\u0440\u0435\u0447\u0438 \u043d\u0430 \u0441\u0442\u0430\u0436\u0438\u0440\u043e\u0432\u043a\u0435.[\/vc_column_text][\/vc_column_inner][\/vc_row_inner][vc_row_inner][vc_column_inner][vc_single_image image=&#8220;2028&#8243; img_size=&#8220;full&#8220; alignment=&#8220;center&#8220; el_class=&#8220;member&#8220;][vc_column_text el_class=&#8220;office-post&#8220;]\u0411\u043e\u0440\u0438\u0441[\/vc_column_text][vc_column_text el_class=&#8220;name&#8220;]<a class=\"driver-fb\" href=\"#\"><img decoding=\"async\" src=\"\/wp-content\/uploads\/2019\/07\/facebook.png\" alt=\"\" \/><\/a><a class=\"driver-insta\" href=\"#\"><img decoding=\"async\" src=\"\/wp-content\/uploads\/2019\/07\/instagram.png\" alt=\"\" \/><\/a>[\/vc_column_text][vc_column_text el_class=&#8220;driver-reviews-text&#8220;]Lorem ipsum dolor sit amet, consectetur adipiscing elit. Nulla varius cursus accumsan. Ut tristique lectus urna, vitae elementum nibh pulvinar sit amet. Sed nec sem tincidunt, eleifend mi eget, hendrerit erat. Vestibulum sollicitudin mauris in ante tempus, a convallis eros feugiat.[\/vc_column_text][\/vc_column_inner][\/vc_row_inner][vc_row_inner][vc_column_inner][vc_single_image image=&#8220;417&#8243; img_size=&#8220;full&#8220; alignment=&#8220;center&#8220; el_class=&#8220;member&#8220;][vc_column_text el_class=&#8220;office-post&#8220;]\u0410\u043d\u0430\u0442\u043e\u043b\u0438\u0439[\/vc_column_text][vc_column_text el_class=&#8220;name&#8220;]<a class=\"driver-fb\" href=\"#\"><img decoding=\"async\" src=\"\/wp-content\/uploads\/2019\/07\/facebook.png\" alt=\"\" \/><\/a><a class=\"driver-insta\" href=\"#\"><img decoding=\"async\" src=\"\/wp-content\/uploads\/2019\/07\/instagram.png\" alt=\"\" \/><\/a>[\/vc_column_text][vc_column_text el_class=&#8220;driver-reviews-text&#8220;]Lorem ipsum dolor sit amet, consectetur adipiscing elit. Nulla varius cursus accumsan. Ut tristique lectus urna, vitae elementum nibh pulvinar sit amet. Sed nec sem tincidunt, eleifend mi eget, hendrerit erat. Vestibulum sollicitudin mauris in ante tempus, a convallis eros feugiat.[\/vc_column_text][\/vc_column_inner][\/vc_row_inner][vc_row_inner][vc_column_inner][vc_single_image image=&#8220;416&#8243; img_size=&#8220;full&#8220; alignment=&#8220;center&#8220; el_class=&#8220;member&#8220;][vc_column_text el_class=&#8220;office-post&#8220;]\u041c\u0430\u043a\u0441\u0438\u043c[\/vc_column_text][vc_column_text el_class=&#8220;name&#8220;]<a class=\"driver-fb\" href=\"#\"><img decoding=\"async\" src=\"\/wp-content\/uploads\/2019\/07\/facebook.png\" alt=\"\" \/><\/a><a class=\"driver-insta\" href=\"#\"><img decoding=\"async\" src=\"\/wp-content\/uploads\/2019\/07\/instagram.png\" alt=\"\" \/><\/a>[\/vc_column_text][vc_column_text el_class=&#8220;driver-reviews-text&#8220;]Lorem ipsum dolor sit amet, consectetur adipiscing elit. Nulla varius cursus accumsan. Ut tristique lectus urna, vitae elementum nibh pulvinar sit amet. Sed nec sem tincidunt, eleifend mi eget, hendrerit erat. Vestibulum sollicitudin mauris in ante tempus, a convallis eros feugiat.[\/vc_column_text][\/vc_column_inner][\/vc_row_inner][vc_row_inner][vc_column_inner][vc_single_image image=&#8220;418&#8243; img_size=&#8220;full&#8220; alignment=&#8220;center&#8220; el_class=&#8220;member&#8220;][vc_column_text el_class=&#8220;office-post&#8220;]\u041a\u043e\u043d\u0441\u0442\u0430\u043d\u0442\u0438\u043d[\/vc_column_text][vc_column_text el_class=&#8220;name&#8220;]<a class=\"driver-fb\" href=\"#\"><img decoding=\"async\" src=\"\/wp-content\/uploads\/2019\/07\/facebook.png\" alt=\"\" \/><\/a><a class=\"driver-insta\" href=\"#\"><img decoding=\"async\" src=\"\/wp-content\/uploads\/2019\/07\/instagram.png\" alt=\"\" \/><\/a>[\/vc_column_text][vc_column_text el_class=&#8220;driver-reviews-text&#8220;]Lorem ipsum dolor sit amet, consectetur adipiscing elit. Nulla varius cursus accumsan. Ut tristique lectus urna, vitae elementum nibh pulvinar sit amet. Sed nec sem tincidunt, eleifend mi eget, hendrerit erat. Vestibulum sollicitudin mauris in ante tempus, a convallis eros feugiat.[\/vc_column_text][\/vc_column_inner][\/vc_row_inner]<\/div>[\/vc_column][\/vc_row][vc_row full_width=&#8220;stretch_row&#8220; el_class=&#8220;bloksctf&#8220; css=&#8220;.vc_custom_1633435085847{margin-top: 50px !important;margin-bottom: 50px !important;background-image: url(https:\/\/one.speedixa.com\/wp-content\/uploads\/2021\/10\/bggggggctf.png?id=4218) !important;}&#8220; el_id=&#8220;bloksctf&#8220;][vc_column el_id=&#8220;ctf&#8220; el_class=&#8220;ctf&#8220;][vc_row_inner][vc_column_inner el_class=&#8220;ctfblok1&#8243; width=&#8220;1\/4&#8243; el_id=&#8220;ctfblok1&#8243;][\/vc_column_inner][vc_column_inner el_class=&#8220;ctfblok2&#8243; width=&#8220;1\/2&#8243; el_id=&#8220;ctfblok2&#8243;]<div class=\"porto-u-heading block-title block-left-title block-title_light-pseudo ctftirles  wpb_custom_95aa9a11c17ad45cfabaf210d84ee7cc porto-u-ad87e2eaf3f9c495180fe0156ddf3eb0 \"><div class=\"porto-u-main-heading\"><h2   style=\"font-size:35px;\">Zertifikat Kapitalna Firma<\/h2><\/div><style>.porto-u-ad87e2eaf3f9c495180fe0156ddf3eb0.porto-u-heading{text-align:left}<\/style><\/div>[vc_column_text el_class=&#8220;career-text text-witharrows&#8220;]<\/p>\n<p style=\"text-align: left;\">Zertifikat Kapitalna Firma &#8211; best\u00e4tigt, dass wir in die prestigetr\u00e4chtige Gruppe der besten polnischen Arbeitgeber aufgenommen werden!<br \/>\nDie Auszeichnung wird an Unternehmen verliehen, die vertrauensw\u00fcrdig sind und sich \u00fcberdurchschnittlich um ihre Mitarbeiter k\u00fcmmern.<\/p>\n<p>[\/vc_column_text][\/vc_column_inner][vc_column_inner el_class=&#8220;ctfblok3&#8243; width=&#8220;1\/4&#8243; el_id=&#8220;ctfblok3&#8243;][vc_single_image image=&#8220;6280&#8243; img_size=&#8220;large&#8220; alignment=&#8220;center&#8220; el_id=&#8220;imgctf&#8220; el_class=&#8220;imgctf&#8220;][\/vc_column_inner][\/vc_row_inner][\/vc_column][\/vc_row][vc_row full_width=&#8220;stretch_row&#8220; el_id=&#8220;order&#8220; el_class=&#8220;career-order_row main-order-arrow&#8220;][vc_column width=&#8220;1\/2&#8243; el_class=&#8220;content-col content-col__career&#8220;][vc_custom_heading text=&#8220;Wir warten auf sie!&#8220; use_theme_fonts=&#8220;yes&#8220; el_class=&#8220;order-title career__order-title career__order-title_drivers&#8220;][vc_custom_heading text=&#8220;K\u00fcmmern sie sich darum, ihre karriere<br \/>\nin die richtige richtung zu lenken!&#8220; font_container=&#8220;tag:h3|text_align:left&#8220; use_theme_fonts=&#8220;yes&#8220; el_class=&#8220;order-undertitle&#8220;][\/vc_column][vc_column width=&#8220;1\/2&#8243; el_class=&#8220;call-info-col order__link-col&#8220;][vc_custom_heading text=&#8220;Personalabteilung&#8220; font_container=&#8220;tag:h6|text_align:left&#8220; use_theme_fonts=&#8220;yes&#8220;][vc_column_text el_class=&#8220;call-link&#8220;]<a class=\"call-us\" href=\"tel:+48608558009\">+48 608 558 009<\/a>[\/vc_column_text][vc_column_text el_class=&#8220;mail-link&#8220;]<a href=\"mailto:HR@one.speedixa.com\">HR@one.speedixa.com<\/a>[\/vc_column_text][vc_btn title=&#8220;Lebenslauf senden&#8220; color=&#8220;default&#8220; align=&#8220;center&#8220; el_class=&#8220;main-button blue-button resume-form_btn&#8220; link=&#8220;url:%23|||&#8220;][\/vc_column][\/vc_row][vc_row el_id=&#8220;faq-row&#8220;][vc_column el_class=&#8220;col-lg-0&#8243;][vc_custom_heading text=&#8220;FAQ \/ H\u00e4ufig gestellte Fragen&#8220; font_container=&#8220;tag:h4|text_align:left&#8220; use_theme_fonts=&#8220;yes&#8220; el_class=&#8220;block-title block-left-title&#8220;][vc_tta_accordion style=&#8220;flat&#8220; shape=&#8220;square&#8220; c_icon=&#8220;chevron&#8220; c_position=&#8220;right&#8220; active_section=&#8220;1&#8243; el_class=&#8220;faq-section&#8220;][vc_tta_section title=&#8220;Wie lange dauert das Besch\u00e4ftigungsverh\u00e4ltnis?&#8220; tab_id=&#8220;1557841898160-96ac22da-b4feba3d-3c466d04-ec42&#8243; el_class=&#8220;faq-section__item&#8220;][vc_column_text el_class=&#8220;faq-item-text&#8220;]Das Besch\u00e4ftigungsverh\u00e4ltnis dauert mindestens zwei Monate.[\/vc_column_text][\/vc_tta_section][vc_tta_section title=&#8220;Werde ich alleine oder mit einem Beifahrer arbeiten?&#8220; tab_id=&#8220;1557842101457-7e6cfe2d-3410ba3d-3c466d04-ec42&#8243; el_class=&#8220;faq-section__item&#8220;][vc_column_text el_class=&#8220;faq-item-text&#8220;]Sie werden mit einem Beifahrer nur f\u00fcr die Dauer des Praktikums arbeiten. Grunds\u00e4tzlich arbeitet jeder alleine.[\/vc_column_text][\/vc_tta_section][vc_tta_section title=&#8220;Ben\u00f6tige ich ADR?&#8220; tab_id=&#8220;1557842101221-773c65e3-ecfbba3d-3c466d04-ec42&#8243; el_class=&#8220;faq-section__item&#8220;][vc_column_text el_class=&#8220;faq-item-text&#8220;]Wir stellen Fahrer nur mit einem ADR-Zertifikat ein, falls Sie nicht wissen, wie Sie es bekommen, werden unsere Mitarbeiter Ihnen alle notwendigen Informationen zur Verf\u00fcgung stellen.[\/vc_column_text][\/vc_tta_section][vc_tta_section title=&#8220;Kann ich meine pers\u00f6nlichen Gegenst\u00e4nde f\u00fcr die Dauer des Urlaubs verlassen?&#8220; tab_id=&#8220;1557842100944-312a27bd-d219ba3d-3c466d04-ec42&#8243; el_class=&#8220;faq-section__item&#8220;][vc_column_text el_class=&#8220;faq-item-text&#8220;]Ja, am Ende des Besch\u00e4ftigungsverh\u00e4ltnisses k\u00f6nnen Sie Ihre pers\u00f6nlichen Gegenst\u00e4nde an der Zentrale in Polen lassen und nach der R\u00fcckkehr aus dem Urlaub wieder in das Besch\u00e4ftigungsverh\u00e4ltnis mitnehmen.[\/vc_column_text][\/vc_tta_section][vc_tta_section title=&#8220;Kann ich mein Auto f\u00fcr die Dauer des Besch\u00e4ftigungsverh\u00e4ltnisses abstellen?&#8220; tab_id=&#8220;1557842100449-58e22164-c3aeba3d-3c466d04-ec42&#8243; el_class=&#8220;faq-section__item&#8220;][vc_column_text el_class=&#8220;faq-item-text&#8220;]Ja, es gibt eine solche Gelegenheit. Wenn Sie sich entscheiden, mit Ihrem eigenen Auto zu kommen, k\u00f6nnen Sie es auf dem Parkplatz an der Zentrale abstellen.[\/vc_column_text][\/vc_tta_section][vc_tta_section title=&#8220;Wie lange dauert eine Anstellung?&#8220; tab_id=&#8220;1566485616293-83579b5c-635c6d04-ec42&#8243; el_class=&#8220;faq-section__item&#8220;][vc_column_text el_class=&#8220;faq-item-text&#8220;]Wenn Sie \u00fcber alle erforderlichen Dokumente verf\u00fcgen, dauert der Anstellungsprozess bei uns von Ihrem Anruf an bis zur Ankunft insgesamt 3 bis 5 Wochen.[\/vc_column_text][\/vc_tta_section][\/vc_tta_accordion][\/vc_column][\/vc_row]<\/p>\n<\/div>","protected":false},"excerpt":{"rendered":"<p>[vc_row full_width=&#8220;stretch_row_content_no_spaces&#8220; el_id=&#8220;drivers&#8220; el_class=&#8220;drivers-career-page right-image-bg&#8220;][vc_column width=&#8220;1\/2&#8243; el_class=&#8220;to-drivers-text about-us-col right-image-bg_left-text col-pseudo-el&#8220; offset=&#8220;vc_col-lg-6 vc_col-md-12 vc_col-xs-12&#8243; css=&#8220;.vc_custom_1561969566032{background-color: #FF1100 !important;}&#8220;][vc_column_text el_class=&#8220;drivers-under-title career-under-title&#8220;]Wir sind einer der attraktivsten Arbeitgeber in der polnischen Transport- und Logistikbranche[\/vc_column_text][vc_column_text el_class=&#8220;hr-tel call-link&#8220;]++48 608 558 009[\/vc_column_text][vc_btn title=&#8220;Bewerben Sie sich jetzt&#8220; color=&#8220;default&#8220; align=&#8220;center&#8220; el_class=&#8220;transparent main-button resume-form_btn&#8220; link=&#8220;url:%23|||&#8220;][\/vc_column][vc_column width=&#8220;1\/2&#8243; el_class=&#8220;drive-img-col&#8220; offset=&#8220;vc_col-lg-6 vc_col-md-12 vc_col-xs-12&#8243; css=&#8220;.vc_custom_1572880421217{background-image: url(https:\/\/one.speedixa.com\/wp-content\/uploads\/2019\/11\/carera-voditel-mini.jpg?id=2748) !important;}&#8220;][vc_single_image image=&#8220;2748&#8243; img_size=&#8220;full&#8220; alignment=&#8220;right&#8220; [&hellip;]<\/p>\n","protected":false},"author":5,"featured_media":5589,"parent":15807,"menu_order":58,"comment_status":"closed","ping_status":"closed","template":"","meta":{"footnotes":""},"class_list":["post-400","page","type-page","status-publish","has-post-thumbnail","hentry"],"aioseo_notices":[],"_links":{"self":[{"href":"https:\/\/one.speedixa.com\/de\/wp-json\/wp\/v2\/pages\/400","targetHints":{"allow":["GET"]}}],"collection":[{"href":"https:\/\/one.speedixa.com\/de\/wp-json\/wp\/v2\/pages"}],"about":[{"href":"https:\/\/one.speedixa.com\/de\/wp-json\/wp\/v2\/types\/page"}],"author":[{"embeddable":true,"href":"https:\/\/one.speedixa.com\/de\/wp-json\/wp\/v2\/users\/5"}],"replies":[{"embeddable":true,"href":"https:\/\/one.speedixa.com\/de\/wp-json\/wp\/v2\/comments?post=400"}],"version-history":[{"count":1,"href":"https:\/\/one.speedixa.com\/de\/wp-json\/wp\/v2\/pages\/400\/revisions"}],"predecessor-version":[{"id":15925,"href":"https:\/\/one.speedixa.com\/de\/wp-json\/wp\/v2\/pages\/400\/revisions\/15925"}],"up":[{"embeddable":true,"href":"https:\/\/one.speedixa.com\/de\/wp-json\/wp\/v2\/pages\/15807"}],"wp:featuredmedia":[{"embeddable":true,"href":"https:\/\/one.speedixa.com\/de\/wp-json\/wp\/v2\/media\/5589"}],"wp:attachment":[{"href":"https:\/\/one.speedixa.com\/de\/wp-json\/wp\/v2\/media?parent=400"}],"curies":[{"name":"wp","href":"https:\/\/api.w.org\/{rel}","templated":true}]}}