{"id":3845,"date":"2021-09-16T14:52:08","date_gmt":"2021-09-16T14:52:08","guid":{"rendered":"https:\/\/one.speedixa.com\/?page_id=3845"},"modified":"2026-03-05T13:22:43","modified_gmt":"2026-03-05T13:22:43","slug":"academy","status":"publish","type":"page","link":"https:\/\/one.speedixa.com\/de\/career\/academy\/","title":{"rendered":"Akademie Vertrieb Magistral"},"content":{"rendered":"<div class=\"wpb-content-wrapper\"><p><\/p>\n<p>[vc_row full_width=&#8220;stretch_row_content_no_spaces&#8220; el_id=&#8220;drivers&#8220; el_class=&#8220;drivers-career-page right-image-bg&#8220;][vc_column width=&#8220;1\/2&#8243; el_class=&#8220;to-drivers-text about-us-col right-image-bg_left-text col-pseudo-el&#8220; offset=&#8220;vc_col-lg-6 vc_col-md-12 vc_col-xs-12&#8243; css=&#8220;.vc_custom_1561969566032{background-color: #FF1100 !important;}&#8220;]<div class=\"porto-u-heading block-title block-left-title block-title_light-pseudo  wpb_custom_95aa9a11c17ad45cfabaf210d84ee7cc porto-u-ad87e2eaf3f9c495180fe0156ddf3eb0 \"><div class=\"porto-u-main-heading\"><h2  >Akademieverkauf<\/h2><\/div><div class=\"porto-u-sub-heading\" style=\"\">Speedixa<\/div><style>.porto-u-ad87e2eaf3f9c495180fe0156ddf3eb0.porto-u-heading{text-align:left}<\/style><\/div>[vc_column_text el_class=&#8220;drivers-under-title career-under-title&#8220;]Die Speedixa Academy wurde f\u00fcr Kandidaten geschaffen, die ihre berufliche Laufbahn beginnen.[\/vc_column_text][vc_column_text el_class=&#8220;hr-tel call-link&#8220;]<a class=\"call-us\" href=\"tel:+48660517489\">+48 660 517 489<\/a>[\/vc_column_text][vc_btn title=&#8220;Bewerben Sie sich jetzt&#8220; color=&#8220;default&#8220; align=&#8220;center&#8220; el_class=&#8220;transparent main-button resume-form_btn&#8220; link=&#8220;url:%23|||&#8220; el_id=&#8220;resume&#8220;][\/vc_column][vc_column width=&#8220;1\/2&#8243; el_class=&#8220;drive-img-col&#8220; offset=&#8220;vc_col-lg-6 vc_col-md-12 vc_col-xs-12&#8243; css=&#8220;.vc_custom_1634030132977{background-image: url(https:\/\/one.speedixa.com\/wp-content\/uploads\/2021\/10\/akadem.jpg?id=4398) !important;background-position: center !important;background-repeat: no-repeat !important;background-size: cover !important;}&#8220;][vc_single_image image=&#8220;4398&#8243; img_size=&#8220;full&#8220; alignment=&#8220;right&#8220; el_class=&#8220;drive-img&#8220;][\/vc_column][\/vc_row][vc_row][vc_column][vc_column_text el_class=&#8220;career-text&#8220;]<\/p>\n<p style=\"text-align: left;\">Unser Ausbildungsprogramm richtet sich an junge Menschen, die ihre Zukunft mit der TSL-Branche (Transport, Spedition, Logistik) verbinden. Wir \u00f6ffnen unsere T\u00fcren f\u00fcr alle, die lernen wollen, sich auf die st\u00e4ndige Weiterentwicklung ihrer F\u00e4higkeiten konzentrieren, offen f\u00fcr neue Herausforderungen sind und bereit sind, zu arbeiten und Ergebnisse zu erzielen.<\/p>\n<p style=\"text-align: left;\">Wir geben Ihnen die M\u00f6glichkeit, echte Erfahrungen zu sammeln und unter Anleitung eines erfahrenen Mentors Kontakte zu echten Kunden zu kn\u00fcpfen. Die MAGISTRAL Academy ist eine Chance, auf das offene Meer der Logistik hinauszugehen, ohne etwas zu riskieren!<\/p>\n<p style=\"text-align: left;\"><strong><span style=\"font-size: 11.5pt; font-family: Helvetica; color: #2c3137; letter-spacing: -.25pt;\">Vorkenntnisse in TSL sind keine Voraussetzung. Das Programm ist dauerhaft &#8211; wir laden Kandidaten ein, sich das ganze Jahr \u00fcber zu bewerben!<\/span><\/strong><\/p>\n<p>[\/vc_column_text][\/vc_column][\/vc_row][vc_row full_width=&#8220;stretch_row&#8220; el_id=&#8220;order&#8220; el_class=&#8220;career-order_row main-order-arrow&#8220;][vc_column width=&#8220;1\/2&#8243; el_class=&#8220;content-col content-col__career&#8220;][vc_custom_heading text=&#8220;Wollen Sie erreichen<br \/>\nberuflicher Erfolg?&#8220; use_theme_fonts=&#8220;yes&#8220; el_class=&#8220;order-title career__order-title&#8220;][vc_custom_heading text=&#8220;Achten Sie darauf, zu lenken<br \/>\nihre Karriere in die richtige Richtung!&#8220; font_container=&#8220;tag:h3|text_align:left&#8220; use_theme_fonts=&#8220;yes&#8220; el_class=&#8220;order-undertitle&#8220;][\/vc_column][vc_column width=&#8220;1\/2&#8243; el_class=&#8220;call-info-col order__link-col&#8220;][vc_custom_heading text=&#8220;Personalabteilung&#8220; font_container=&#8220;tag:h6|text_align:left&#8220; use_theme_fonts=&#8220;yes&#8220;][vc_column_text el_class=&#8220;call-link&#8220;]<a class=\"call-us\" href=\"tel:+48660517489\">+48 660 517 489<\/a>[\/vc_column_text][vc_column_text el_class=&#8220;mail-link&#8220;]<a href=\"mailto:HR@one.speedixa.com\">HR@one.speedixa.com<\/a>[\/vc_column_text][vc_btn title=&#8220;Lebenslauf senden&#8220; color=&#8220;default&#8220; align=&#8220;center&#8220; el_class=&#8220;main-button blue-button resume-form_btn&#8220; link=&#8220;url:%23|||&#8220;][\/vc_column][\/vc_row][vc_row el_id=&#8220;faq-row&#8220;][vc_column][vc_custom_heading text=&#8220;FAQ&#8220; font_container=&#8220;tag:h4|text_align:left&#8220; use_theme_fonts=&#8220;yes&#8220; el_class=&#8220;block-title block-left-title&#8220;][vc_tta_accordion style=&#8220;flat&#8220; shape=&#8220;square&#8220; c_icon=&#8220;chevron&#8220; c_position=&#8220;right&#8220; active_section=&#8220;1&#8243; el_class=&#8220;faq-section&#8220;][vc_tta_section title=&#8220;Welche Sprachen sollte ich beherrschen?&#8220; tab_id=&#8220;1557841898160-96ac22da-b4fe93e4-e1fe5b0c-8ba60d46-68b6&#8243; el_class=&#8220;faq-section__item&#8220;][vc_column_text el_class=&#8220;faq-item-text&#8220;]Russisch + jede andere Fremdsprache auf kommunikativer Ebene[\/vc_column_text][\/vc_tta_section][vc_tta_section title=&#8220;Was ist der Studienzeitraum?&#8220; tab_id=&#8220;1557842101457-7e6cfe2d-341093e4-e1fe5b0c-8ba60d46-68b6&#8243; el_class=&#8220;faq-section__item&#8220;][vc_column_text el_class=&#8220;faq-item-text&#8220;]Die Dauer des Kurses ist individuell. Manche Menschen brauchen eine Woche, andere einen Monat. Es h\u00e4ngt alles von dir ab![\/vc_column_text][\/vc_tta_section][vc_tta_section title=&#8220;H\u00e4ufig gestellte Fragen&#8220; tab_id=&#8220;1640087168603-7025031a-d1cf5b0c-8ba60d46-68b6&#8243; el_class=&#8220;faq-section__item&#8220;][vc_column_text el_class=&#8220;faq-item-text&#8220;]Die Dauer des Kurses ist individuell. Manche Menschen brauchen eine Woche, andere einen Monat. Es h\u00e4ngt alles von dir ab![\/vc_column_text][\/vc_tta_section][vc_tta_section title=&#8220;Was ist, wenn ich nicht \u00fcber die entsprechende Ausbildung und Erfahrung verf\u00fcge?&#8220; tab_id=&#8220;1557842101221-773c65e3-ecfb93e4-e1fe5b0c-8ba60d46-68b6&#8243; el_class=&#8220;faq-section__item&#8220;][vc_column_text el_class=&#8220;faq-item-text&#8220;]Erfahrung und Ausbildung im Bereich Logistik sind keine Voraussetzung[\/vc_column_text][\/vc_tta_section][\/vc_tta_accordion][\/vc_column][\/vc_row]<\/p>\n<p><\/p>\n<\/div>","protected":false},"excerpt":{"rendered":"<p>[vc_row full_width=&#8220;stretch_row_content_no_spaces&#8220; el_id=&#8220;drivers&#8220; el_class=&#8220;drivers-career-page right-image-bg&#8220;][vc_column width=&#8220;1\/2&#8243; el_class=&#8220;to-drivers-text about-us-col right-image-bg_left-text col-pseudo-el&#8220; offset=&#8220;vc_col-lg-6 vc_col-md-12 vc_col-xs-12&#8243; css=&#8220;.vc_custom_1561969566032{background-color: #FF1100 !important;}&#8220;][vc_column_text el_class=&#8220;drivers-under-title career-under-title&#8220;]Die Speedixa Academy wurde f\u00fcr Kandidaten geschaffen, die ihre berufliche Laufbahn beginnen.[\/vc_column_text][vc_column_text el_class=&#8220;hr-tel call-link&#8220;]+48 660 517 489[\/vc_column_text][vc_btn title=&#8220;Bewerben Sie sich jetzt&#8220; color=&#8220;default&#8220; align=&#8220;center&#8220; el_class=&#8220;transparent main-button resume-form_btn&#8220; link=&#8220;url:%23|||&#8220; el_id=&#8220;resume&#8220;][\/vc_column][vc_column width=&#8220;1\/2&#8243; el_class=&#8220;drive-img-col&#8220; offset=&#8220;vc_col-lg-6 vc_col-md-12 vc_col-xs-12&#8243; css=&#8220;.vc_custom_1634030132977{background-image: url(https:\/\/one.speedixa.com\/wp-content\/uploads\/2021\/10\/akadem.jpg?id=4398) !important;background-position: center !important;background-repeat: [&hellip;]<\/p>\n","protected":false},"author":5,"featured_media":4398,"parent":15807,"menu_order":53,"comment_status":"closed","ping_status":"closed","template":"","meta":{"footnotes":""},"class_list":["post-3845","page","type-page","status-publish","has-post-thumbnail","hentry"],"aioseo_notices":[],"_links":{"self":[{"href":"https:\/\/one.speedixa.com\/de\/wp-json\/wp\/v2\/pages\/3845","targetHints":{"allow":["GET"]}}],"collection":[{"href":"https:\/\/one.speedixa.com\/de\/wp-json\/wp\/v2\/pages"}],"about":[{"href":"https:\/\/one.speedixa.com\/de\/wp-json\/wp\/v2\/types\/page"}],"author":[{"embeddable":true,"href":"https:\/\/one.speedixa.com\/de\/wp-json\/wp\/v2\/users\/5"}],"replies":[{"embeddable":true,"href":"https:\/\/one.speedixa.com\/de\/wp-json\/wp\/v2\/comments?post=3845"}],"version-history":[{"count":1,"href":"https:\/\/one.speedixa.com\/de\/wp-json\/wp\/v2\/pages\/3845\/revisions"}],"predecessor-version":[{"id":15924,"href":"https:\/\/one.speedixa.com\/de\/wp-json\/wp\/v2\/pages\/3845\/revisions\/15924"}],"up":[{"embeddable":true,"href":"https:\/\/one.speedixa.com\/de\/wp-json\/wp\/v2\/pages\/15807"}],"wp:featuredmedia":[{"embeddable":true,"href":"https:\/\/one.speedixa.com\/de\/wp-json\/wp\/v2\/media\/4398"}],"wp:attachment":[{"href":"https:\/\/one.speedixa.com\/de\/wp-json\/wp\/v2\/media?parent=3845"}],"curies":[{"name":"wp","href":"https:\/\/api.w.org\/{rel}","templated":true}]}}