{"id":3373,"date":"2020-08-27T14:58:45","date_gmt":"2020-08-27T14:58:45","guid":{"rendered":"https:\/\/one.speedixa.com\/?page_id=3373"},"modified":"2026-03-05T13:22:42","modified_gmt":"2026-03-05T13:22:42","slug":"express-delivery-up-to-3-5t","status":"publish","type":"page","link":"https:\/\/one.speedixa.com\/de\/services\/express-delivery-up-to-3-5t\/","title":{"rendered":"Express Versand mit Lieferwagen"},"content":{"rendered":"<div class=\"wpb-content-wrapper\"><p>[vc_row full_width=&#8220;stretch_row_content_no_spaces&#8220; el_id=&#8220;intro&#8220; el_class=&#8220;row-with-image-col right-image-bg standart-cargo cargo-services-intro&#8220;][vc_column el_class=&#8220;about-us-col about-us-col-float&#8220; offset=&#8220;vc_col-lg-6 vc_col-md-12 vc_col-xs-12&#8243;][vc_custom_heading text=&#8220;Expresslieferung mit<br \/>\nTransportern bis 3,5 Tonnen&#8220; font_container=&#8220;tag:h4|text_align:left&#8220; use_theme_fonts=&#8220;yes&#8220; el_class=&#8220;block-title block-left-title&#8220;][vc_column_text el_class=&#8220;about-us-text&#8220;]<\/p>\n<p style=\"text-align: left;\">Eine der Richtungen unseres Unternehmens ist der internationale Expressverkehr mit Transportern mit einer Tragf\u00e4higkeit von bis zu 3,5 Tonnen. Dieser Service wurde entwickelt, um unseren Kunden zu helfen, ihre Waren noch schneller zu liefern, da Transporter in 8 Stunden eine Strecke von 1000 km zur\u00fccklegen k\u00f6nnen und an Wochenenden und Feiertagen keine Transportbeschr\u00e4nkungen bestehen.<\/p>\n<p style=\"text-align: left;\">Wir bieten eine breite Palette von Dienstleistungen an, wie: Kabotage, Direktlieferung, Teilladungstransport, temperaturgesteuerter Transport, Gefahrguttransport (ADR).<\/p>\n<p style=\"text-align: left;\">Der gesamte Lieferprozess wird von Managern gesteuert, die alle Fahrzeuge und die darin transportierten Waren in Echtzeit sehen.<\/p>\n<p>[\/vc_column_text][vc_btn title=&#8220;TRANSPORT BESTELLEN&#8220; color=&#8220;default&#8220; align=&#8220;center&#8220; el_class=&#8220;main-button blue-button order-service-btn&#8220; link=&#8220;url:%23|||&#8220;][\/vc_column][vc_column el_class=&#8220;col-with-background col-with-background-cover&#8220; offset=&#8220;vc_col-lg-6 vc_col-md-12 vc_col-xs-12&#8243; css=&#8220;.vc_custom_1598807525745{background-image: url(https:\/\/one.speedixa.com\/wp-content\/uploads\/2020\/08\/Magistral-transport-logo-sprinter.jpg?id=3437) !important;}&#8220;][vc_single_image image=&#8220;3437&#8243; img_size=&#8220;full&#8220; el_class=&#8220;intro-photo&#8220;][\/vc_column][\/vc_row][vc_row full_width=&#8220;stretch_row_content_no_spaces&#8220; el_id=&#8220;cargo-kinds&#8220; el_class=&#8220;cargo-kinds_row&#8220;][vc_column el_class=&#8220;left-blue-col angle-arrows-col&#8220; css=&#8220;.vc_custom_1561362838122{background-color: #FF1100 !important;}&#8220; offset=&#8220;vc_col-lg-6 vc_col-md-12 vc_col-xs-12&#8243;][vc_custom_heading text=&#8220;ARTEN VON FRACHT&#8220; font_container=&#8220;tag:h4|text_align:left&#8220; use_theme_fonts=&#8220;yes&#8220; el_class=&#8220;block-title block-left-title&#8220;][vc_column_text el_class=&#8220;cargo-kinds_list&#8220;]<\/p>\n<ul>\n<li><em><img decoding=\"async\" src=\"\/wp-content\/uploads\/2019\/04\/06-icon-builds.png\" alt=\"\" \/><\/em>Hochwertige Waren<\/li>\n<li><em><img decoding=\"async\" src=\"\/wp-content\/uploads\/2019\/04\/06-icon-builds.png\" alt=\"\" \/><\/em>Pharmazeutika<\/li>\n<li><em><img decoding=\"async\" src=\"\/wp-content\/uploads\/2019\/04\/06-icon-builds.png\" alt=\"\" \/><\/em>Gef\u00e4hrliches Gut (ADR)<\/li>\n<li><em><img decoding=\"async\" src=\"\/wp-content\/uploads\/2019\/04\/06-icon-builds.png\" alt=\"\" \/><\/em>Pakete (Post)<\/li>\n<li><em><img decoding=\"async\" src=\"\/wp-content\/uploads\/2019\/04\/06-icon-builds.png\" alt=\"\" \/><\/em>Flugzeugteile<\/li>\n<li><em><img decoding=\"async\" src=\"\/wp-content\/uploads\/2019\/04\/06-icon-builds.png\" alt=\"\" \/><\/em>Automobilunternehmen<\/li>\n<\/ul>\n<p>[\/vc_column_text][\/vc_column][vc_column el_class=&#8220;right-grey-col&#8220; css=&#8220;.vc_custom_1561362849878{background-color: #f2f2f2 !important;}&#8220; offset=&#8220;vc_col-lg-6 vc_col-md-12 vc_col-xs-12&#8243;][vc_custom_heading text=&#8220;HAUPTKUNDEN&#8220; font_container=&#8220;tag:h4|text_align:left&#8220; use_theme_fonts=&#8220;yes&#8220; el_class=&#8220;block-title block-left-title&#8220;][vc_column_text el_class=&#8220;cargo-kinds_klients&#8220;]<\/p>\n<ul>\n<li><em><img decoding=\"async\" src=\"\/wp-content\/uploads\/2019\/06\/68-list-marker.png\" alt=\"\" \/><\/em>Handelsunternehmen<\/li>\n<li><em><img decoding=\"async\" src=\"\/wp-content\/uploads\/2019\/06\/68-list-marker.png\" alt=\"\" \/><\/em>Lebensmittelhersteller<\/li>\n<li><em><img decoding=\"async\" src=\"\/wp-content\/uploads\/2019\/06\/68-list-marker.png\" alt=\"\" \/><\/em>Pharmaunternehmen<\/li>\n<li><em><img decoding=\"async\" src=\"\/wp-content\/uploads\/2019\/06\/68-list-marker.png\" alt=\"\" \/><\/em>E-Commerce<\/li>\n<\/ul>\n<p>[\/vc_column_text][\/vc_column][\/vc_row][vc_row full_width=&#8220;stretch_row&#8220; el_id=&#8220;avto-park&#8220; el_class=&#8220;cargo-services_avtopark&#8220;][vc_column][vc_row_inner content_placement=&#8220;middle&#8220; el_id=&#8220;idlistinfo&#8220; el_class=&#8220;clasinfolist&#8220; css=&#8220;.vc_custom_1657025382737{margin-bottom: 20px !important;}&#8220;][vc_column_inner width=&#8220;1\/2&#8243;][vc_custom_heading text=&#8220;Wir bieten an:&#8220; font_container=&#8220;tag:h4|text_align:left&#8220; use_theme_fonts=&#8220;yes&#8220; el_class=&#8220;block-title block-left-title&#8220;][vc_raw_html el_id=&#8220;listifno&#8220; el_class=&#8220;listtable&#8220;]JTNDdWwlMjBjbGFzcyUzRCUyMmxpc3RpbmZvc3MlMjIlM0UlMEElMjAlMjAlMjAlM0NsaSUzRVNvbmRlcmZhaHJ6ZXVnJTNDJTJGbGklM0UlMEElMjAlMjAlMjAlM0NsaSUzRUVyZmFocmVuZXIlMjBGYWhyZXIlM0MlMkZsaSUzRSUwQSUyMCUyMCUyMCUzQ2xpJTNFMTUwMCUyMGttJTIwaW4lMjAyNCUyMFN0dW5kZW4lMjAlRTIlODAlOTMlMjBnYXJhbnRpZXJ0JTNDJTJGbGklM0UlMEElMjAlMjAlMjAlM0NsaSUzRUxhZGVuJTIwaW5uZXJoYWxiJTIwdm9uJTIwMiUyMFN0dW5kZW4lMjBhbiUyMGZhc3QlMjBqZWRlbiUyME9ydCUyMGluJTIwRXVyb3BhJTNDJTJGbGklM0UlMEElMjAlMjAlMjAlM0NsaSUzRTI0LVN0dW5kZW4tS29tbXVuaWthdGlvbiUyMG1pdCUyMGRlbSUyMFNwZWRpdGV1ciUzQyUyRmxpJTNFJTBBJTIwJTIwJTIwJTNDbGklM0VHUFMtVHJhY2tpbmctU3lzdGVtJTIwdW5kJTIwa29udGludWllcmxpY2hlJTIwJUMzJTlDYmVyd2FjaHVuZyUzQyUyRmxpJTNFJTBBJTNDJTJGdWwlM0U=[\/vc_raw_html][\/vc_column_inner][vc_column_inner width=&#8220;1\/2&#8243;][vc_single_image image=&#8220;5972&#8243; img_size=&#8220;full&#8220;][\/vc_column_inner][\/vc_row_inner][vc_custom_heading text=&#8220;Fuhrpark&#8220; font_container=&#8220;tag:h4|text_align:left&#8220; use_theme_fonts=&#8220;yes&#8220; el_class=&#8220;block-title block-left-title&#8220;][vc_column_text el_class=&#8220;about-us-text&#8220;]<\/p>\n<p class=\"park-text\">Jedes Fahrzeug verf\u00fcgt \u00fcber::<\/p>\n<p class=\"park-text\"><em><img decoding=\"async\" src=\"\/wp-content\/uploads\/2019\/06\/68-list-marker.png\" alt=\"\" \/>\u00a0<\/em>ADR-Kit,\u00a0\u00a0<em><img decoding=\"async\" src=\"\/wp-content\/uploads\/2019\/06\/68-list-marker.png\" alt=\"\" \/>\u00a0<\/em>8 Befestigungsgurte f\u00fcr Ware,\u00a0\u00a0<em><img decoding=\"async\" src=\"\/wp-content\/uploads\/2019\/06\/68-list-marker.png\" alt=\"\" \/>\u00a0<\/em>Antirutschmatten,\u00a0\u00a0<em><img decoding=\"async\" src=\"\/wp-content\/uploads\/2019\/06\/68-list-marker.png\" alt=\"\" \/>\u00a0<\/em>Winkelst\u00fccke \/ Eckst\u00fccke,\u00a0\u00a0<em><img decoding=\"async\" src=\"\/wp-content\/uploads\/2019\/06\/68-list-marker.png\" alt=\"\" \/>\u00a0<\/em>Schneeketten,\u00a0\u00a0<em><img decoding=\"async\" src=\"\/wp-content\/uploads\/2019\/06\/68-list-marker.png\" alt=\"\" \/>\u00a0<\/em>GPS-Monitoring-System<\/p>\n<p>Dadurch zeichnen sich die von uns erbrachten Transportleistungen durch Sicherheit, h\u00f6chste Qualit\u00e4t und Anpassung an den Bedarf des Kunden aus und die Ware wird von uns ohne Schaden ans Ziel gebracht.[\/vc_column_text][vc_tour][vc_tab show_icon=&#8220;yes&#8220; icon_type=&#8220;image&#8220; tab_id=&#8220;f0b14716-2778-389c7-2a02028d-5e120f6f-02c9&#8243; icon_image=&#8220;55&#8243; title=&#8220;1&#8243;][vc_row_inner][vc_column_inner][vc_single_image image=&#8220;3383&#8243; img_size=&#8220;full&#8220; el_class=&#8220;categories&#8220;]<div class=\"porto-u-heading category-title  wpb_custom_95aa9a11c17ad45cfabaf210d84ee7cc porto-u-ad87e2eaf3f9c495180fe0156ddf3eb0 \"><div class=\"porto-u-main-heading\"><h6  >MERCEDES-BENZ SPRINTER<\/h6><\/div><div class=\"porto-u-sub-heading\" style=\"\">5 Paletten<\/div><style>.porto-u-ad87e2eaf3f9c495180fe0156ddf3eb0.porto-u-heading{text-align:left}<\/style><\/div>[vc_column_text el_class=&#8220;park-info-box&#8220;]<\/p>\n<ul>\n<li><span class=\"property\">Innenl\u00e4nge:<\/span>4,3 m<\/li>\n<li><span class=\"property\">Innenbreite:<\/span>1,75 m<\/li>\n<li><span class=\"property\">Innenh\u00f6he:<\/span>2 m<\/li>\n<li><span class=\"property\">Tragf\u00e4higkeit:<\/span>1250 kg<\/li>\n<li><span class=\"property\">Grundfl\u00e4che:<\/span>6,9 m2<\/li>\n<li><span class=\"property\">Volumen:<\/span>14 m3<\/li>\n<li><span class=\"property\">Ladetyp:<\/span>hinten, seitlich<\/li>\n<\/ul>\n<p>[\/vc_column_text][\/vc_column_inner][\/vc_row_inner][vc_row_inner][vc_column_inner][vc_single_image image=&#8220;3384&#8243; img_size=&#8220;full&#8220; el_class=&#8220;categories&#8220;]<div class=\"porto-u-heading category-title  wpb_custom_95aa9a11c17ad45cfabaf210d84ee7cc porto-u-ad87e2eaf3f9c495180fe0156ddf3eb0 \"><div class=\"porto-u-main-heading\"><h6  >MERCEDES-BENZ SPRINTER<\/h6><\/div><div class=\"porto-u-sub-heading\" style=\"\">8 Paletten<\/div><style>.porto-u-ad87e2eaf3f9c495180fe0156ddf3eb0.porto-u-heading{text-align:left}<\/style><\/div>[vc_column_text el_class=&#8220;park-info-box&#8220;]<\/p>\n<ul>\n<li><span class=\"property\">Innenl\u00e4nge:<\/span>4,8 m<\/li>\n<li><span class=\"property\">Innenbreite:<\/span>2,15 m<\/li>\n<li><span class=\"property\">Innenh\u00f6he:<\/span>2,3 m<\/li>\n<li><span class=\"property\">Tragf\u00e4higkeit:<\/span>1000 kg<\/li>\n<li><span class=\"property\">Grundfl\u00e4che:<\/span>10 m2<\/li>\n<li><span class=\"property\">Volumen:<\/span>20 m3<\/li>\n<li><span class=\"property\">Ladetyp:<\/span>hinten<\/li>\n<\/ul>\n<p>[\/vc_column_text][\/vc_column_inner][\/vc_row_inner][\/vc_tab][vc_tab show_icon=&#8220;yes&#8220; icon_type=&#8220;image&#8220; tab_id=&#8220;1598543470205-2-20f6f-02c9&#8243; title=&#8220;2&#8243;][\/vc_tab][\/vc_tour][\/vc_column][\/vc_row][vc_row full_width=&#8220;stretch_row&#8220; el_id=&#8220;order&#8220; el_class=&#8220;services-order-row cargo-services-order main-order-arrow&#8220;][vc_column width=&#8220;1\/2&#8243; el_class=&#8220;content-col&#8220;][vc_custom_heading text=&#8220;HABEN SIE FRAGEN<br \/>\nODER M\u00d6CHTEN SIE EINE<br \/>\nDIENSTLEISTUNG BESTELLEN?&#8220; use_theme_fonts=&#8220;yes&#8220; el_class=&#8220;order-title&#8220;][\/vc_column][vc_column width=&#8220;1\/2&#8243; el_class=&#8220;call-info-col&#8220;][vc_custom_heading text=&#8220;RUFEN SIE UNS JETZT AN&#8220; font_container=&#8220;tag:h6|text_align:center&#8220; use_theme_fonts=&#8220;yes&#8220;][vc_column_text el_class=&#8220;call-link&#8220;]<a href=\"tel:+48538555560\" target=\"_blank\" rel=\"noopener\">+48 538 555 560<\/a>[\/vc_column_text][vc_btn title=&#8220;ANFRAGE SENDEN&#8220; color=&#8220;default&#8220; align=&#8220;center&#8220; el_class=&#8220;main-button blue-button order-service-btn&#8220; link=&#8220;url:%23|||&#8220;][\/vc_column][\/vc_row][vc_row full_width=&#8220;stretch_row_content_no_spaces&#8220; disable_element=&#8220;yes&#8220; css=&#8220;.vc_custom_1598636601122{background-color: #FF1100 !important;}&#8220; el_id=&#8220;sales-text-cargo&#8220; el_class=&#8220;sales-text_row left-image-bg&#8220;][vc_column el_class=&#8220;drive-img-col drive-img-col__right-arrows&#8220; offset=&#8220;vc_col-lg-6 vc_col-md-12 vc_col-xs-12&#8243; css=&#8220;.vc_custom_1561365860386{background-image: url(https:\/\/one.speedixa.com\/wp-content\/uploads\/2019\/05\/46-avtopark-sidephoto.jpg?id=434) !important;background-position: center !important;background-repeat: no-repeat !important;background-size: cover !important;}&#8220;][vc_single_image image=&#8220;434&#8243; img_size=&#8220;full&#8220; alignment=&#8220;right&#8220; el_class=&#8220;drive-img&#8220;][\/vc_column][vc_column el_class=&#8220;to-drivers-text left-image-bg_col&#8220; offset=&#8220;vc_col-lg-6 vc_col-md-12 vc_col-xs-12&#8243;]<div class=\"porto-u-heading block-title block-left-title block-title_light-pseudo  wpb_custom_95aa9a11c17ad45cfabaf210d84ee7cc porto-u-ad87e2eaf3f9c495180fe0156ddf3eb0 \"><div class=\"porto-u-main-heading\"><h2  >\u041f\u0440\u043e\u0434\u0430\u0436\u0430 \u0442\u044f\u0433\u0430\u0447\u0435\u0439 \u0438 \u043f\u043e\u043b\u0443\u043f\u0440\u0438\u0446\u0435\u043f\u043e\u0432<\/h2><\/div><style>.porto-u-ad87e2eaf3f9c495180fe0156ddf3eb0.porto-u-heading{text-align:left}<\/style><\/div>[vc_column_text el_class=&#8220;drivers-under-title&#8220;]\u0412\u0441\u044f \u043d\u0430\u0448\u0430 \u0442\u0435\u0445\u043d\u0438\u043a\u0430 \u043f\u0440\u0438\u043e\u0431\u0440\u0435\u0442\u0430\u0435\u0442\u0441\u044f \u043d\u0430 \u0437\u0430\u0432\u043e\u0434\u0430\u0445 \u043f\u0440\u043e\u0438\u0437\u0432\u043e\u0434\u0438\u0442\u0435\u043b\u044f \u0438 \u043d\u0430 \u043f\u0440\u043e\u0442\u044f\u0436\u0435\u043d\u0438\u0438 \u0432\u0441\u0435\u0433\u043e \u0441\u0440\u043e\u043a\u0430 \u0441\u043b\u0443\u0436\u0431\u044b \u0440\u0435\u0433\u0443\u043b\u044f\u0440\u043d\u043e \u043f\u0440\u043e\u0432\u043e\u0434\u0438\u0442\u0441\u044f \u0442\u0435\u0445\u043d\u0438\u0447\u0435\u0441\u043a\u043e\u0435 \u043e\u0431\u0441\u043b\u0443\u0436\u0438\u0432\u0430\u043d\u0438\u0435 \u0441 \u0438\u0441\u043f\u043e\u043b\u044c\u0437\u043e\u0432\u0430\u043d\u0438\u0435\u043c \u0442\u043e\u043b\u044c\u043a\u043e \u043e\u0440\u0438\u0433\u0438\u043d\u0430\u043b\u044c\u043d\u044b\u0445 \u0437\u0430\u043f\u0447\u0430\u0441\u0442\u0435\u0439 \u0438 \u0440\u0430\u0441\u0445\u043e\u0434\u043d\u044b\u0445 \u043c\u0430\u0442\u0435\u0440\u0438\u0430\u043b\u043e\u0432.[\/vc_column_text][vc_btn title=&#8220;\u041f\u0440\u043e\u0434\u0430\u0436\u0430 \u0442\u044f\u0433\u0430\u0447\u0435\u0439&#8220; color=&#8220;default&#8220; align=&#8220;center&#8220; el_class=&#8220;transparent main-button sale-of-tractors&#8220; link=&#8220;url:%2Fproduct-category%2Fprodazha-tyagachej%2F|||&#8220; el_id=&#8220;resume&#8220;][vc_btn title=&#8220;\u041f\u0440\u043e\u0434\u0430\u0436\u0430 \u043f\u0440\u0438\u0446\u0435\u043f\u043e\u0432&#8220; color=&#8220;default&#8220; align=&#8220;center&#8220; el_class=&#8220;transparent main-button trailers-for-sale&#8220; link=&#8220;url:%2Fproduct-category%2Fprodazha-polupritsepov%2F|||&#8220; el_id=&#8220;vacancy&#8220;][\/vc_column][\/vc_row]<\/p>\n<\/div>","protected":false},"excerpt":{"rendered":"<p>[vc_row full_width=&#8220;stretch_row_content_no_spaces&#8220; el_id=&#8220;intro&#8220; el_class=&#8220;row-with-image-col right-image-bg standart-cargo cargo-services-intro&#8220;][vc_column el_class=&#8220;about-us-col about-us-col-float&#8220; offset=&#8220;vc_col-lg-6 vc_col-md-12 vc_col-xs-12&#8243;][vc_custom_heading text=&#8220;Expresslieferung mit Transportern bis 3,5 Tonnen&#8220; font_container=&#8220;tag:h4|text_align:left&#8220; use_theme_fonts=&#8220;yes&#8220; el_class=&#8220;block-title block-left-title&#8220;][vc_column_text el_class=&#8220;about-us-text&#8220;] Eine der Richtungen unseres Unternehmens ist der internationale Expressverkehr mit Transportern mit einer Tragf\u00e4higkeit von bis zu 3,5 Tonnen. Dieser Service wurde entwickelt, um unseren Kunden zu helfen, ihre Waren noch schneller [&hellip;]<\/p>\n","protected":false},"author":5,"featured_media":3437,"parent":27,"menu_order":32,"comment_status":"closed","ping_status":"closed","template":"","meta":{"footnotes":""},"class_list":["post-3373","page","type-page","status-publish","has-post-thumbnail","hentry"],"aioseo_notices":[],"_links":{"self":[{"href":"https:\/\/one.speedixa.com\/de\/wp-json\/wp\/v2\/pages\/3373","targetHints":{"allow":["GET"]}}],"collection":[{"href":"https:\/\/one.speedixa.com\/de\/wp-json\/wp\/v2\/pages"}],"about":[{"href":"https:\/\/one.speedixa.com\/de\/wp-json\/wp\/v2\/types\/page"}],"author":[{"embeddable":true,"href":"https:\/\/one.speedixa.com\/de\/wp-json\/wp\/v2\/users\/5"}],"replies":[{"embeddable":true,"href":"https:\/\/one.speedixa.com\/de\/wp-json\/wp\/v2\/comments?post=3373"}],"version-history":[{"count":1,"href":"https:\/\/one.speedixa.com\/de\/wp-json\/wp\/v2\/pages\/3373\/revisions"}],"predecessor-version":[{"id":15900,"href":"https:\/\/one.speedixa.com\/de\/wp-json\/wp\/v2\/pages\/3373\/revisions\/15900"}],"up":[{"embeddable":true,"href":"https:\/\/one.speedixa.com\/de\/wp-json\/wp\/v2\/pages\/27"}],"wp:featuredmedia":[{"embeddable":true,"href":"https:\/\/one.speedixa.com\/de\/wp-json\/wp\/v2\/media\/3437"}],"wp:attachment":[{"href":"https:\/\/one.speedixa.com\/de\/wp-json\/wp\/v2\/media?parent=3373"}],"curies":[{"name":"wp","href":"https:\/\/api.w.org\/{rel}","templated":true}]}}