{"id":27,"date":"2019-04-11T08:36:33","date_gmt":"2019-04-11T08:36:33","guid":{"rendered":"https:\/\/one.speedixa.com\/?page_id=27"},"modified":"2026-03-05T13:22:42","modified_gmt":"2026-03-05T13:22:42","slug":"services","status":"publish","type":"page","link":"https:\/\/one.speedixa.com\/de\/services\/","title":{"rendered":"Leistungen"},"content":{"rendered":"<div class=\"wpb-content-wrapper\"><p>[vc_row el_class=&#8220;services-title&#8220;][vc_column][vc_custom_heading text=&#8220;Unser Service&#8220; font_container=&#8220;tag:h4|text_align:center&#8220; use_theme_fonts=&#8220;yes&#8220; el_class=&#8220;block-title&#8220;][\/vc_column][\/vc_row][vc_row el_class=&#8220;service-previews&#8220;][vc_column el_class=&#8220;service-previews_block&#8220; offset=&#8220;vc_col-lg-6 vc_col-md-12 vc_col-xs-12&#8243;][vc_empty_space height=&#8220;290px&#8220; el_class=&#8220;service-previews_block-img&#8220; css=&#8220;.vc_custom_1560258791342{background-image: url(https:\/\/one.speedixa.com\/wp-content\/uploads\/2019\/05\/52-blog-image.jpg?id=529) !important;background-position: center !important;background-repeat: no-repeat !important;background-size: cover !important;}&#8220;][vc_custom_heading text=&#8220;Standardladungsbef\u00f6rderungen&#8220; font_container=&#8220;tag:h6|text_align:left&#8220; use_theme_fonts=&#8220;yes&#8220; el_class=&#8220;service-previews_block-title&#8220; link=&#8220;url:%2Fuslugi%2Fdostavka-standartnyh-gruzov%2F|||&#8220;]<div class=\"porto-just-icon-wrapper porto-sicon-img porto-icon-pos-left service-previews_block-icon porto-icon-739599a1f586473197e4d01c03c680cb\" style=\"font-size: 42px;\"><img decoding=\"async\" class=\"img-icon\" alt=\"\" src=\"https:\/\/one.speedixa.com\/wp-content\/uploads\/2019\/04\/06-icon-builds.png\" width=\"50\" height=\"50\" \/><\/div>[vc_column_text el_class=&#8220;service-previews_block-list&#8220;]<strong>Arten von fracht<\/strong><\/p>\n<ul>\n<li>Lebensmittel<\/li>\n<li>Kfz-ersatzteile<\/li>\n<li>Ausstellungsausstattung<\/li>\n<li>Haushaltsger\u00e4te<\/li>\n<\/ul>\n<p>[\/vc_column_text][\/vc_column][vc_column el_class=&#8220;service-previews_block&#8220; offset=&#8220;vc_col-lg-6 vc_col-md-12 vc_col-xs-12&#8243;][vc_empty_space height=&#8220;290px&#8220; el_class=&#8220;service-previews_block-img&#8220; css=&#8220;.vc_custom_1566395215601{background-image: url(https:\/\/one.speedixa.com\/wp-content\/uploads\/2019\/08\/ref-mig.jpg?id=1983) !important;background-position: center !important;background-repeat: no-repeat !important;background-size: cover !important;}&#8220;][vc_custom_heading text=&#8220;Bef\u00f6rderung gek\u00fchlter g\u00fcter&#8220; font_container=&#8220;tag:h6|text_align:left&#8220; use_theme_fonts=&#8220;yes&#8220; el_class=&#8220;service-previews_block-title&#8220; link=&#8220;url:%2Fuslugi%2Frefrizheratornye-perevozki%2F|||&#8220;]<div class=\"porto-just-icon-wrapper porto-sicon-img porto-icon-pos-left service-previews_block-icon porto-icon-739599a1f586473197e4d01c03c680cb\" style=\"font-size: 35px;\"><img decoding=\"async\" class=\"img-icon\" alt=\"\" src=\"https:\/\/one.speedixa.com\/wp-content\/uploads\/2019\/04\/07-icon-temperature.png\" width=\"44\" height=\"50\" \/><\/div>[vc_column_text el_class=&#8220;service-previews_block-list&#8220;]<strong>Arten von fracht<\/strong><\/p>\n<ul>\n<li>Blumen und lebende pflanzen<\/li>\n<li>Kosmetika<\/li>\n<li>Medizinische und veterin\u00e4rmedizinische arzneimittel<\/li>\n<li>Einige arten von chemikalien<\/li>\n<\/ul>\n<p>[\/vc_column_text][\/vc_column][\/vc_row][vc_row el_class=&#8220;service-previews&#8220;][vc_column el_class=&#8220;service-previews_block&#8220; offset=&#8220;vc_col-lg-6 vc_col-md-12 vc_col-xs-12&#8243;][vc_empty_space height=&#8220;290px&#8220; el_class=&#8220;service-previews_block-img&#8220; css=&#8220;.vc_custom_1576602822762{background-image: url(https:\/\/one.speedixa.com\/wp-content\/uploads\/2019\/12\/79092139_771750099968550_4517697153144979456_n-e1576602341667.jpg?id=3131) !important;background-position: center !important;background-repeat: no-repeat !important;background-size: cover !important;}&#8220;][vc_custom_heading text=&#8220;Bef\u00f6rderung gef\u00e4hrlicher g\u00fcter&#8220; font_container=&#8220;tag:h6|text_align:left&#8220; use_theme_fonts=&#8220;yes&#8220; el_class=&#8220;service-previews_block-title&#8220; link=&#8220;url:%2Fuslugi%2Fperevozka-opasnyh-gruzov-adr%2F|||&#8220;]<div class=\"porto-just-icon-wrapper porto-sicon-img porto-icon-pos-left service-previews_block-icon porto-icon-739599a1f586473197e4d01c03c680cb\" style=\"font-size: 42px;\"><img decoding=\"async\" class=\"img-icon\" alt=\"\" src=\"https:\/\/one.speedixa.com\/wp-content\/uploads\/2019\/04\/08-icon-wheel.png\" width=\"50\" height=\"49\" \/><\/div>[vc_column_text el_class=&#8220;service-previews_block-list&#8220;]<strong>Arten von fracht<\/strong><\/p>\n<ul>\n<li>Haushaltschemie<\/li>\n<li>Batterien und akkus<\/li>\n<li>Parf\u00fcmeriewaren<\/li>\n<li>D\u00fcngemittel<\/li>\n<\/ul>\n<p>[\/vc_column_text][\/vc_column][vc_column el_class=&#8220;service-previews_block&#8220; offset=&#8220;vc_col-lg-6 vc_col-md-12 vc_col-xs-12&#8243;][vc_empty_space height=&#8220;290px&#8220; el_class=&#8220;service-previews_block-img&#8220; css=&#8220;.vc_custom_1560258826130{background-image: url(https:\/\/one.speedixa.com\/wp-content\/uploads\/2019\/05\/45-avtopark-photo-2.jpg?id=422) !important;background-position: center !important;background-repeat: no-repeat !important;background-size: cover !important;}&#8220;][vc_custom_heading text=&#8220;Containerbef\u00f6rderungen&#8220; font_container=&#8220;tag:h6|text_align:left&#8220; use_theme_fonts=&#8220;yes&#8220; el_class=&#8220;service-previews_block-title&#8220; link=&#8220;url:%2Fuslugi%2Fperevozka-kontejnerov%2F|||&#8220;]<div class=\"porto-just-icon-wrapper porto-sicon-img porto-icon-pos-left service-previews_block-icon porto-icon-739599a1f586473197e4d01c03c680cb\" style=\"font-size: 42px;\"><img decoding=\"async\" class=\"img-icon\" alt=\"\" src=\"https:\/\/one.speedixa.com\/wp-content\/uploads\/2019\/04\/09-icon-container.png\" width=\"50\" height=\"50\" \/><\/div>[vc_column_text el_class=&#8220;service-previews_block-list&#8220;]<strong>Arten von fracht<\/strong><\/p>\n<ul>\n<li>Sch\u00fcttg\u00fcter ohne verpackung<\/li>\n<li>Baustoffe<\/li>\n<li>Industrieanlagen<\/li>\n<li>M\u00f6bel und ger\u00e4te<\/li>\n<\/ul>\n<p>[\/vc_column_text][\/vc_column][\/vc_row][vc_row el_class=&#8220;service-previews&#8220;][vc_column el_class=&#8220;service-previews_block&#8220; offset=&#8220;vc_col-lg-6 vc_col-md-12 vc_col-xs-12&#8243;][vc_empty_space height=&#8220;290px&#8220; el_class=&#8220;service-previews_block-img&#8220; css=&#8220;.vc_custom_1644575298137{background-image: url(https:\/\/one.speedixa.com\/wp-content\/uploads\/2020\/08\/Magistral-transport-logo-sprinter.jpg?id=3437) !important;background-position: center !important;background-repeat: no-repeat !important;background-size: cover !important;}&#8220;][vc_custom_heading text=&#8220;EXPRESS VERSAND DMC BIS ZU 3,5 T&#8220; font_container=&#8220;tag:h6|text_align:left&#8220; use_theme_fonts=&#8220;yes&#8220; el_class=&#8220;service-previews_block-title&#8220; link=&#8220;url:%2Fuslugi%2Fexspress-transport-dmc-3-5-t%2F&#8220;]<div class=\"porto-just-icon-wrapper porto-sicon-img porto-icon-pos-left service-previews_block-icon porto-icon-739599a1f586473197e4d01c03c680cb\" style=\"font-size: 42px;\"><img decoding=\"async\" class=\"img-icon\" alt=\"\" src=\"https:\/\/one.speedixa.com\/wp-content\/uploads\/2022\/02\/delivery-truck.png\" width=\"50\" height=\"50\" \/><\/div>[vc_column_text el_class=&#8220;service-previews_block-list&#8220;]<strong>Arten von fracht<\/strong><\/p>\n<ul>\n<li>Autoteile<\/li>\n<li>Elektronik<\/li>\n<li>Essen<\/li>\n<li>Ausstellungsausr\u00fcstung<\/li>\n<li>M\u00f6bel<\/li>\n<li>Haushaltsger\u00e4te<\/li>\n<li>E-Commerce<\/li>\n<\/ul>\n<p>[\/vc_column_text][\/vc_column][vc_column el_class=&#8220;service-previews_block&#8220; offset=&#8220;vc_col-lg-6 vc_col-md-12 vc_col-xs-12&#8243;][\/vc_column][\/vc_row][vc_row full_width=&#8220;stretch_row&#8220; el_id=&#8220;order&#8220; el_class=&#8220;services-order-row main-order-arrow&#8220;][vc_column width=&#8220;1\/2&#8243; el_class=&#8220;content-col&#8220;][vc_custom_heading text=&#8220;Haben sie fragen<br \/>\noder m\u00f6chten sie eine<br \/>\ndienstleistung bestellen?&#8220; use_theme_fonts=&#8220;yes&#8220; el_class=&#8220;order-title&#8220;][\/vc_column][vc_column width=&#8220;1\/2&#8243; el_class=&#8220;call-info-col&#8220;][vc_custom_heading text=&#8220;Rufen sie uns jetzt an&#8220; font_container=&#8220;tag:h6|text_align:center&#8220; use_theme_fonts=&#8220;yes&#8220;][vc_column_text el_class=&#8220;call-link&#8220;]<a href=\"tel:+48+34+311+12+50\" target=\"_blank\" rel=\"noopener\">+48 34 311 12 50<\/a><\/p>\n<p>[\/vc_column_text][vc_btn title=&#8220;Anfrage senden&#8220; color=&#8220;default&#8220; align=&#8220;center&#8220; el_class=&#8220;main-button blue-button order-service-btn&#8220; link=&#8220;url:%23|||&#8220;][\/vc_column][\/vc_row]<\/p>\n<\/div>","protected":false},"excerpt":{"rendered":"<p>[vc_row el_class=&#8220;services-title&#8220;][vc_column][vc_custom_heading text=&#8220;Unser Service&#8220; font_container=&#8220;tag:h4|text_align:center&#8220; use_theme_fonts=&#8220;yes&#8220; el_class=&#8220;block-title&#8220;][\/vc_column][\/vc_row][vc_row el_class=&#8220;service-previews&#8220;][vc_column el_class=&#8220;service-previews_block&#8220; offset=&#8220;vc_col-lg-6 vc_col-md-12 vc_col-xs-12&#8243;][vc_empty_space height=&#8220;290px&#8220; el_class=&#8220;service-previews_block-img&#8220; css=&#8220;.vc_custom_1560258791342{background-image: url(https:\/\/one.speedixa.com\/wp-content\/uploads\/2019\/05\/52-blog-image.jpg?id=529) !important;background-position: center !important;background-repeat: no-repeat !important;background-size: cover !important;}&#8220;][vc_custom_heading text=&#8220;Standardladungsbef\u00f6rderungen&#8220; font_container=&#8220;tag:h6|text_align:left&#8220; use_theme_fonts=&#8220;yes&#8220; el_class=&#8220;service-previews_block-title&#8220; link=&#8220;url:%2Fuslugi%2Fdostavka-standartnyh-gruzov%2F|||&#8220;][vc_column_text el_class=&#8220;service-previews_block-list&#8220;]Arten von fracht Lebensmittel Kfz-ersatzteile Ausstellungsausstattung Haushaltsger\u00e4te [\/vc_column_text][\/vc_column][vc_column el_class=&#8220;service-previews_block&#8220; offset=&#8220;vc_col-lg-6 vc_col-md-12 vc_col-xs-12&#8243;][vc_empty_space height=&#8220;290px&#8220; el_class=&#8220;service-previews_block-img&#8220; css=&#8220;.vc_custom_1566395215601{background-image: url(https:\/\/one.speedixa.com\/wp-content\/uploads\/2019\/08\/ref-mig.jpg?id=1983) !important;background-position: center !important;background-repeat: no-repeat !important;background-size: cover !important;}&#8220;][vc_custom_heading text=&#8220;Bef\u00f6rderung gek\u00fchlter g\u00fcter&#8220; font_container=&#8220;tag:h6|text_align:left&#8220; [&hellip;]<\/p>\n","protected":false},"author":5,"featured_media":5400,"parent":0,"menu_order":2,"comment_status":"closed","ping_status":"closed","template":"","meta":{"footnotes":""},"class_list":["post-27","page","type-page","status-publish","has-post-thumbnail","hentry"],"aioseo_notices":[],"_links":{"self":[{"href":"https:\/\/one.speedixa.com\/de\/wp-json\/wp\/v2\/pages\/27","targetHints":{"allow":["GET"]}}],"collection":[{"href":"https:\/\/one.speedixa.com\/de\/wp-json\/wp\/v2\/pages"}],"about":[{"href":"https:\/\/one.speedixa.com\/de\/wp-json\/wp\/v2\/types\/page"}],"author":[{"embeddable":true,"href":"https:\/\/one.speedixa.com\/de\/wp-json\/wp\/v2\/users\/5"}],"replies":[{"embeddable":true,"href":"https:\/\/one.speedixa.com\/de\/wp-json\/wp\/v2\/comments?post=27"}],"version-history":[{"count":1,"href":"https:\/\/one.speedixa.com\/de\/wp-json\/wp\/v2\/pages\/27\/revisions"}],"predecessor-version":[{"id":15861,"href":"https:\/\/one.speedixa.com\/de\/wp-json\/wp\/v2\/pages\/27\/revisions\/15861"}],"wp:featuredmedia":[{"embeddable":true,"href":"https:\/\/one.speedixa.com\/de\/wp-json\/wp\/v2\/media\/5400"}],"wp:attachment":[{"href":"https:\/\/one.speedixa.com\/de\/wp-json\/wp\/v2\/media?parent=27"}],"curies":[{"name":"wp","href":"https:\/\/api.w.org\/{rel}","templated":true}]}}