{"id":16,"date":"2019-04-11T08:32:09","date_gmt":"2019-04-11T08:32:09","guid":{"rendered":"https:\/\/one.speedixa.com\/?page_id=16"},"modified":"2026-03-05T13:22:43","modified_gmt":"2026-03-05T13:22:43","slug":"fleet","status":"publish","type":"page","link":"https:\/\/one.speedixa.com\/de\/fleet\/","title":{"rendered":"Fahrzeugflotte"},"content":{"rendered":"<div class=\"wpb-content-wrapper\"><p>[vc_row full_width=&#8220;stretch_row&#8220; el_id=&#8220;photo-with-arrow&#8220; css=&#8220;.vc_custom_1572972934657{background-image: url(https:\/\/one.speedixa.com\/wp-content\/uploads\/2019\/11\/avtopark.jpg?id=2805) !important;background-position: center !important;background-repeat: no-repeat !important;background-size: cover !important;}&#8220; el_class=&#8220;car-park-intro-row&#8220;][vc_column][vc_single_image image=&#8220;2805&#8243; img_size=&#8220;full&#8220; el_class=&#8220;avtopark-row-img&#8220;][vc_custom_heading text=&#8220;Fahrzeugflotte&#8220; use_theme_fonts=&#8220;yes&#8220; el_class=&#8220;order-title&#8220;][vc_custom_heading text=&#8220;Speedixa&#8220; font_container=&#8220;tag:h3|text_align:left&#8220; use_theme_fonts=&#8220;yes&#8220; el_class=&#8220;order-undertitle&#8220;][\/vc_column][\/vc_row][vc_row full_width=&#8220;stretch_row&#8220; el_id=&#8220;avto-park&#8220; el_class=&#8220;car-park_tour-row bottom-arrows&#8220;][vc_column][vc_custom_heading text=&#8220;Unsere fahrzeugflotte&#8220; font_container=&#8220;tag:h4|text_align:left&#8220; use_theme_fonts=&#8220;yes&#8220; el_class=&#8220;block-title block-left-title&#8220;][vc_column_text el_class=&#8220;about-us-text&#8220;]Derzeit verf\u00fcgt das Unternehmen \u00fcber seine eigene Fahrzeugflotte mit mehr als 150 Lastz\u00fcgen. Dabei handelt es sich um die Stra\u00dfenzugmaschinen von Mercedes-Benz, DAF und MAN, die die Umweltnormen Euro-6 erf\u00fcllen. Alle Fahrzeuge sind mit einem Satellitensteuerungs &#8211; und -\u00fcberwachungssystem f\u00fcr die Bef\u00f6rderung gef\u00e4hrlicher G\u00fcter ausgestattet.<\/p>\n<p>Wir legen gro\u00dfen Wert auf den technischen Zustand unserer Fahrzeuge. Dank unserer eigenen LKW-Werkstatt <a href=\"https:\/\/magistral-truck.com\/\">Magistral Truck Service<\/a> halten wir die Ausr\u00fcstung st\u00e4ndig in ausgezeichnetem technischen Zustand. Wir aktualisieren und erweitern unseren Fuhrpark regelm\u00e4\u00dfig, wodurch das Durchschnittsalter unserer Fahrzeuge 3 Jahre betr\u00e4gt. ntcn<\/p>\n<p>Den Schwerpunkt unserer Sattelaufliegerflotte bilden Standardplanensattel mit einem Volumen von 92 m3 und Sattelauflieger vom Typ MEGA mit einem Volumen von 102 m3, die alle Arten von Konsum- und Spezialg\u00fctern transportieren k\u00f6nnen. Die Sattelauflieger sind mit allen notwendigen Einrichtungen zur Ladungssicherung ausgestattet, und Standardsattelauflieger sind zus\u00e4tzlich mit 33 Paletten (EU-PAL) ausgestattet.<\/p>\n<p>Um G\u00fcter, die bestimmte Temperaturbedingungen erfordern, zu transportieren, verf\u00fcgt das Unternehmen \u00fcber isotherme und K\u00fchlsattelauflieger, die auf der gesamten Strecke unabh\u00e4ngig von der Au\u00dfentemperatur eine bestimmte Innentemperatur von -20 \u00b0 C bis + 25 \u00b0 C aufrechterhalten k\u00f6nnen.<\/p>\n<p>Au\u00dferdem verf\u00fcgen wir \u00fcber Containertransporter, mit denen wir 20-Fu\u00df- und 40-Fu\u00df-Container transportieren k\u00f6nnen.[\/vc_column_text][vc_tour][vc_tab show_icon=&#8220;yes&#8220; icon_type=&#8220;image&#8220; tab_id=&#8220;f0b14716-2778-3677e-1c9e&#8220; icon_image=&#8220;6003&#8243; title=&#8220;1&#8243;][vc_row_inner][vc_column_inner][vc_single_image image=&#8220;5999&#8243; img_size=&#8220;full&#8220; el_class=&#8220;categories&#8220;]<div class=\"porto-u-heading category-title  wpb_custom_95aa9a11c17ad45cfabaf210d84ee7cc porto-u-ad87e2eaf3f9c495180fe0156ddf3eb0 \"><div class=\"porto-u-main-heading\"><h6  >Planenauflieger<\/h6><\/div><div class=\"porto-u-sub-heading\" style=\"\">90 m\u00b3<\/p>\n<div id=\"gtx-trans\" style=\"position: absolute; left: -5px; top: -10px;\">\n<div class=\"gtx-trans-icon\"><\/div>\n<\/div>\n<p><\/div><style>.porto-u-ad87e2eaf3f9c495180fe0156ddf3eb0.porto-u-heading{text-align:left}<\/style><\/div>[vc_column_text el_class=&#8220;park-info-box&#8220;]<\/p>\n<ul>\n<li><span class=\"property\">Innenl\u00e4nge: <\/span>13,6 m<\/li>\n<li><span class=\"property\">Innenbreite: <\/span>2,45 m<\/li>\n<li><span class=\"property\">Innenh\u00f6he: <\/span>2,70 m<\/li>\n<li><span class=\"property\">Innenh\u00f6he: <\/span>24 tonnen<\/li>\n<li><span class=\"property\">Alle verladungsarten m\u00f6glich: <\/span>hinten, seitlich, oben<\/li>\n<\/ul>\n<p>[\/vc_column_text][\/vc_column_inner][\/vc_row_inner][\/vc_tab][vc_tab show_icon=&#8220;yes&#8220; icon_type=&#8220;image&#8220; tab_id=&#8220;1555942189849-1-2677e-1c9e&#8220; icon_image=&#8220;6004&#8243; title=&#8220;2&#8243;][vc_row_inner][vc_column_inner][vc_single_image image=&#8220;6000&#8243; img_size=&#8220;full&#8220; el_class=&#8220;categories&#8220;]<div class=\"porto-u-heading category-title  wpb_custom_95aa9a11c17ad45cfabaf210d84ee7cc porto-u-ad87e2eaf3f9c495180fe0156ddf3eb0 \"><div class=\"porto-u-main-heading\"><h6  >K\u00fchlsattelauflieger<\/h6><\/div><div class=\"porto-u-sub-heading\" style=\"\">86 m<sup>3<\/sup><\/p>\n<div id=\"gtx-trans\" style=\"position: absolute; left: -9px; top: 38px;\">\n<div class=\"gtx-trans-icon\"><\/div>\n<\/div>\n<p><\/div><style>.porto-u-ad87e2eaf3f9c495180fe0156ddf3eb0.porto-u-heading{text-align:left}<\/style><\/div>[vc_column_text el_class=&#8220;park-info-box&#8220;]<\/p>\n<ul>\n<li><span class=\"property\">Innenl\u00e4nge: <\/span>13,6 m<\/li>\n<li><span class=\"property\">Innenbreite: <\/span>2,45 m<\/li>\n<li><span class=\"property\">Innenh\u00f6he: <\/span>2,60 m<\/li>\n<li><span class=\"property\">Nutzlast: <\/span>20 bis 22 tonnen<\/li>\n<li><span class=\"property\">Verladung: <\/span>nur von hinten<\/li>\n<\/ul>\n<p>[\/vc_column_text][\/vc_column_inner][\/vc_row_inner][\/vc_tab][vc_tab show_icon=&#8220;yes&#8220; icon_type=&#8220;image&#8220; tab_id=&#8220;1555942191825-2-4677e-1c9e&#8220; icon_image=&#8220;6005&#8243; title=&#8220;3&#8243;][vc_row_inner][vc_column_inner][vc_single_image image=&#8220;6001&#8243; img_size=&#8220;full&#8220; el_class=&#8220;categories&#8220;]<div class=\"porto-u-heading category-title  wpb_custom_95aa9a11c17ad45cfabaf210d84ee7cc porto-u-ad87e2eaf3f9c495180fe0156ddf3eb0 \"><div class=\"porto-u-main-heading\"><h6  >Offener wagen<\/h6><\/div><div class=\"porto-u-sub-heading\" style=\"\">(containertransporter)<\/div><style>.porto-u-ad87e2eaf3f9c495180fe0156ddf3eb0.porto-u-heading{text-align:left}<\/style><\/div>[vc_column_text el_class=&#8220;park-info-box&#8220;]<\/p>\n<ul>\n<li><span class=\"property\">Innenl\u00e4nge: <\/span>12,6 m<\/li>\n<li><span class=\"property\">Innenbreite: <\/span>2,5 m<\/li>\n<li><span class=\"property\">Nutzlast: <\/span>25 tonnen<\/li>\n<\/ul>\n<p>[\/vc_column_text][\/vc_column_inner][\/vc_row_inner][\/vc_tab][\/vc_tour][vc_media_grid gap=&#8220;35&#8243; initial_loading_animation=&#8220;none&#8220; grid_id=&#8220;vc_gid:1708078303465-0dc6d6cb-7a77-7&#8243; include=&#8220;2456,2457,1861,2514,2489,2519&#8243; el_class=&#8220;car-park_galary&#8220;][\/vc_column][\/vc_row][vc_row full_width=&#8220;stretch_row_content_no_spaces&#8220; css=&#8220;.vc_custom_1561367408504{background-color: #FF1100 !important;}&#8220; el_id=&#8220;sales-text-cargo&#8220; el_class=&#8220;sales-text_row left-image-bg&#8220;][vc_column el_class=&#8220;drive-img-col drive-img-col__right-arrows&#8220; offset=&#8220;vc_col-lg-6 vc_col-md-12 vc_col-xs-12&#8243; css=&#8220;.vc_custom_1572946424108{background-image: url(https:\/\/one.speedixa.com\/wp-content\/uploads\/2019\/11\/avtopark-content-mini.jpg?id=2772) !important;background-position: center !important;background-repeat: no-repeat !important;background-size: cover !important;}&#8220;][vc_single_image image=&#8220;7191&#8243; img_size=&#8220;full&#8220; alignment=&#8220;right&#8220; el_class=&#8220;drive-img&#8220;][\/vc_column][vc_column el_class=&#8220;to-drivers-text left-image-bg_col&#8220; offset=&#8220;vc_col-lg-6 vc_col-md-12 vc_col-xs-12&#8243;]<div class=\"porto-u-heading block-title block-left-title block-title_light-pseudo  wpb_custom_95aa9a11c17ad45cfabaf210d84ee7cc porto-u-ad87e2eaf3f9c495180fe0156ddf3eb0 \"><div class=\"porto-u-main-heading\"><h2  >Verkauf und Miete von Zugfahrzeugen<\/h2><\/div><style>.porto-u-ad87e2eaf3f9c495180fe0156ddf3eb0.porto-u-heading{text-align:left}<\/style><\/div>[vc_column_text el_class=&#8220;drivers-under-title&#8220;]Alle unsere Fahrzeuge werden bei den Produktionswerken gekauft und w\u00e4hrend der gesamten Lebensdauer den regelm\u00e4\u00dfigen Wartungsarbeiten nur mit Originalersatzteilen und Verbrauchsmaterialien unterzogen.<\/p>\n<p>&nbsp;<\/p>\n<div id=\"gtx-trans\" style=\"position: absolute; left: -7px; top: -10px;\">\n<div class=\"gtx-trans-icon\"><\/div>\n<\/div>\n<p>[\/vc_column_text][vc_btn title=&#8220;Verkauf von Zugfahrzeugen&#8220; color=&#8220;default&#8220; align=&#8220;center&#8220; el_class=&#8220;transparent main-button sale-of-tractors&#8220; link=&#8220;url:%2Fproduct-category%2Fprodazha-tyagachej%2F|||&#8220; el_id=&#8220;resume&#8220;][vc_btn title=&#8220;Miete von Zugfahrzeugen&#8220; color=&#8220;default&#8220; align=&#8220;center&#8220; el_class=&#8220;transparent main-button trailers-for-sale&#8220; link=&#8220;url:%2Fproduct-category%2Farenda-tyagachej%2F|||&#8220; el_id=&#8220;vacancy&#8220;][\/vc_column][\/vc_row][vc_row full_width=&#8220;stretch_row&#8220; disable_element=&#8220;yes&#8220; el_id=&#8220;advantages-row&#8220; el_class=&#8220;sales-advantages-row&#8220;][vc_column][vc_custom_heading text=&#8220;Warum sollten sie bei uns kaufen?&#8220; font_container=&#8220;tag:h4|text_align:center&#8220; use_theme_fonts=&#8220;yes&#8220; el_class=&#8220;block-title&#8220;][vc_row_inner][vc_column_inner width=&#8220;1\/3&#8243;][vc_single_image image=&#8220;594&#8243; img_size=&#8220;full&#8220; alignment=&#8220;center&#8220; animation_type=&#8220;shake&#8220; el_class=&#8220;advantage-icon&#8220;][vc_column_text el_class=&#8220;advantage-text&#8220;]<\/p>\n<p class=\"advantages\" style=\"text-align: center;\">Wir bereiten alle zum Verkauf angebotenen Fahrzeuge vor dem Verkauf vor<\/p>\n<p>[\/vc_column_text][\/vc_column_inner][vc_column_inner width=&#8220;1\/3&#8243;][vc_single_image image=&#8220;595&#8243; img_size=&#8220;full&#8220; alignment=&#8220;center&#8220; animation_type=&#8220;shake&#8220; el_class=&#8220;advantage-icon&#8220;][vc_column_text el_class=&#8220;advantage-text&#8220;]<\/p>\n<p class=\"advantages\" style=\"text-align: center;\">Wir f\u00fchren komplette Diagnose von Fahrgestell und Elektronik durch<\/p>\n<p>[\/vc_column_text][\/vc_column_inner][vc_column_inner width=&#8220;1\/3&#8243;][vc_single_image image=&#8220;51&#8243; img_size=&#8220;full&#8220; alignment=&#8220;center&#8220; animation_type=&#8220;shake&#8220; el_class=&#8220;advantage-icon relation-icon&#8220;][vc_column_text el_class=&#8220;advantage-text&#8220;]<\/p>\n<p class=\"advantages\" style=\"text-align: center;\">Sie bekommen von uns die Kraftfahrzeugtechnik in einwandfreiem Zustand<\/p>\n<p>[\/vc_column_text][\/vc_column_inner][\/vc_row_inner][\/vc_column][\/vc_row]<\/p>\n<\/div>","protected":false},"excerpt":{"rendered":"<p>[vc_row full_width=&#8220;stretch_row&#8220; el_id=&#8220;photo-with-arrow&#8220; css=&#8220;.vc_custom_1572972934657{background-image: url(https:\/\/one.speedixa.com\/wp-content\/uploads\/2019\/11\/avtopark.jpg?id=2805) !important;background-position: center !important;background-repeat: no-repeat !important;background-size: cover !important;}&#8220; el_class=&#8220;car-park-intro-row&#8220;][vc_column][vc_single_image image=&#8220;2805&#8243; img_size=&#8220;full&#8220; el_class=&#8220;avtopark-row-img&#8220;][vc_custom_heading text=&#8220;Fahrzeugflotte&#8220; use_theme_fonts=&#8220;yes&#8220; el_class=&#8220;order-title&#8220;][vc_custom_heading text=&#8220;Speedixa&#8220; font_container=&#8220;tag:h3|text_align:left&#8220; use_theme_fonts=&#8220;yes&#8220; el_class=&#8220;order-undertitle&#8220;][\/vc_column][\/vc_row][vc_row full_width=&#8220;stretch_row&#8220; el_id=&#8220;avto-park&#8220; el_class=&#8220;car-park_tour-row bottom-arrows&#8220;][vc_column][vc_custom_heading text=&#8220;Unsere fahrzeugflotte&#8220; font_container=&#8220;tag:h4|text_align:left&#8220; use_theme_fonts=&#8220;yes&#8220; el_class=&#8220;block-title block-left-title&#8220;][vc_column_text el_class=&#8220;about-us-text&#8220;]Derzeit verf\u00fcgt das Unternehmen \u00fcber seine eigene Fahrzeugflotte mit mehr als 150 Lastz\u00fcgen. Dabei handelt es sich um die Stra\u00dfenzugmaschinen von Mercedes-Benz, [&hellip;]<\/p>\n","protected":false},"author":5,"featured_media":4418,"parent":0,"menu_order":5,"comment_status":"closed","ping_status":"closed","template":"","meta":{"footnotes":""},"class_list":["post-16","page","type-page","status-publish","has-post-thumbnail","hentry"],"aioseo_notices":[],"_links":{"self":[{"href":"https:\/\/one.speedixa.com\/de\/wp-json\/wp\/v2\/pages\/16","targetHints":{"allow":["GET"]}}],"collection":[{"href":"https:\/\/one.speedixa.com\/de\/wp-json\/wp\/v2\/pages"}],"about":[{"href":"https:\/\/one.speedixa.com\/de\/wp-json\/wp\/v2\/types\/page"}],"author":[{"embeddable":true,"href":"https:\/\/one.speedixa.com\/de\/wp-json\/wp\/v2\/users\/5"}],"replies":[{"embeddable":true,"href":"https:\/\/one.speedixa.com\/de\/wp-json\/wp\/v2\/comments?post=16"}],"version-history":[{"count":1,"href":"https:\/\/one.speedixa.com\/de\/wp-json\/wp\/v2\/pages\/16\/revisions"}],"predecessor-version":[{"id":15869,"href":"https:\/\/one.speedixa.com\/de\/wp-json\/wp\/v2\/pages\/16\/revisions\/15869"}],"wp:featuredmedia":[{"embeddable":true,"href":"https:\/\/one.speedixa.com\/de\/wp-json\/wp\/v2\/media\/4418"}],"wp:attachment":[{"href":"https:\/\/one.speedixa.com\/de\/wp-json\/wp\/v2\/media?parent=16"}],"curies":[{"name":"wp","href":"https:\/\/api.w.org\/{rel}","templated":true}]}}